{"id":45033,"date":"2024-10-07T08:53:04","date_gmt":"2024-10-07T06:53:04","guid":{"rendered":"https:\/\/www.bbmpackaging.com\/prodotto\/clusteratrice-smi-mtb-123\/"},"modified":"2026-02-02T16:20:20","modified_gmt":"2026-02-02T15:20:20","slug":"cluster-machine-smi-mtb-123","status":"publish","type":"product","link":"https:\/\/www.bbmpackaging.com\/fr\/machines\/cluster-machines-occasion\/cluster-machine-mtb-123-2\/","title":{"rendered":"Cluster machine SMI MTB 123"},"content":{"rendered":"<p>Cluster machine SMI MTB 123, r\u00e9vis\u00e9e et garantie d&rsquo;occasion, vitesse maximale jusqu&rsquo;\u00e0 150ppm.<\/p>\n","protected":false},"excerpt":{"rendered":"<p>Machine d&#8217;emballage en grappe SMI MTB 123, r\u00e9vis\u00e9e et garantie d&rsquo;occasion, vitesse maximale jusqu&rsquo;\u00e0 150ppm.<\/p>\n","protected":false},"featured_media":27918,"comment_status":"open","ping_status":"closed","template":"","meta":{"_acf_changed":false},"brand":[7438],"product_brand":[],"product_cat":[1102,1106,1122],"product_tag":[2725,2911,2912,2913,2914],"class_list":{"0":"post-45033","1":"product","2":"type-product","3":"status-publish","4":"has-post-thumbnail","6":"brand-smi","7":"product_cat-machines","8":"product_cat-occasion","9":"product_cat-cluster-machines-occasion","10":"product_tag-bottling-fr","11":"product_tag-clusteratrice-fr","12":"product_tag-cluster-fr","13":"product_tag-case-packer-fr","14":"product_tag-packaging-fr","16":"first","17":"instock","18":"shipping-taxable","19":"product-type-simple"},"acf":[],"yoast_head":"<!-- This site is optimized with the Yoast SEO plugin v27.2 - https:\/\/yoast.com\/product\/yoast-seo-wordpress\/ -->\n<title>Cluster Machine SMI MTB 123\/VR 2 d&#039;occasion - BBM Packaging<\/title>\n<meta name=\"description\" content=\"D\u00e9couvrez la cluster machine SMI MTB VR 2 123 d&#039;occasion. R\u00e9vis\u00e9e et garantie. Vitesse maximale jusqu&#039;\u00e0 200 ppm. D\u00e9couvrez-en plus sur le site.\" \/>\n<meta name=\"robots\" content=\"index, follow, max-snippet:-1, max-image-preview:large, max-video-preview:-1\" \/>\n<link rel=\"canonical\" href=\"https:\/\/www.bbmpackaging.com\/fr\/machines\/cluster-machines-occasion\/cluster-machine-mtb-123-2\/\" \/>\n<meta property=\"og:locale\" content=\"fr_FR\" \/>\n<meta property=\"og:type\" content=\"article\" \/>\n<meta property=\"og:title\" content=\"Cluster Machine SMI MTB 123\/VR 2 d&#039;occasion - BBM Packaging\" \/>\n<meta property=\"og:description\" content=\"D\u00e9couvrez la cluster machine SMI MTB VR 2 123 d&#039;occasion. R\u00e9vis\u00e9e et garantie. Vitesse maximale jusqu&#039;\u00e0 200 ppm. D\u00e9couvrez-en plus sur le site.\" \/>\n<meta property=\"og:url\" content=\"https:\/\/www.bbmpackaging.com\/fr\/machines\/cluster-machines-occasion\/cluster-machine-mtb-123-2\/\" \/>\n<meta property=\"og:site_name\" content=\"BBM Packaging\" \/>\n<meta property=\"article:modified_time\" content=\"2026-02-02T15:20:20+00:00\" \/>\n<meta property=\"og:image\" content=\"https:\/\/cdn.bbmpackaging.com\/wp-content\/uploads\/2022\/03\/immagine-prodotto-1.jpg\" \/>\n\t<meta property=\"og:image:width\" content=\"560\" \/>\n\t<meta property=\"og:image:height\" content=\"420\" \/>\n\t<meta property=\"og:image:type\" content=\"image\/jpeg\" \/>\n<meta name=\"twitter:card\" content=\"summary_large_image\" \/>\n<meta name=\"twitter:label1\" content=\"Dur\u00e9e de lecture estim\u00e9e\" \/>\n\t<meta name=\"twitter:data1\" content=\"1 minute\" \/>\n<script type=\"application\/ld+json\" class=\"yoast-schema-graph\">{\"@context\":\"https:\/\/schema.org\",\"@graph\":[{\"@type\":\"WebPage\",\"@id\":\"https:\/\/www.bbmpackaging.com\/fr\/machines\/cluster-machines-occasion\/cluster-machine-mtb-123-2\/\",\"url\":\"https:\/\/www.bbmpackaging.com\/fr\/machines\/cluster-machines-occasion\/cluster-machine-mtb-123-2\/\",\"name\":\"Cluster Machine SMI MTB 123\/VR 2 d'occasion - BBM Packaging\",\"isPartOf\":{\"@id\":\"https:\/\/www.bbmpackaging.com\/fr\/#website\"},\"primaryImageOfPage\":{\"@id\":\"https:\/\/www.bbmpackaging.com\/fr\/machines\/cluster-machines-occasion\/cluster-machine-mtb-123-2\/#primaryimage\"},\"image\":{\"@id\":\"https:\/\/www.bbmpackaging.com\/fr\/machines\/cluster-machines-occasion\/cluster-machine-mtb-123-2\/#primaryimage\"},\"thumbnailUrl\":\"https:\/\/cdn.bbmpackaging.com\/wp-content\/uploads\/2022\/03\/immagine-prodotto-1.jpg\",\"datePublished\":\"2024-10-07T06:53:04+00:00\",\"dateModified\":\"2026-02-02T15:20:20+00:00\",\"description\":\"D\u00e9couvrez la cluster machine SMI MTB VR 2 123 d'occasion. R\u00e9vis\u00e9e et garantie. Vitesse maximale jusqu'\u00e0 200 ppm. D\u00e9couvrez-en plus sur le site.\",\"breadcrumb\":{\"@id\":\"https:\/\/www.bbmpackaging.com\/fr\/machines\/cluster-machines-occasion\/cluster-machine-mtb-123-2\/#breadcrumb\"},\"inLanguage\":\"fr-FR\",\"potentialAction\":[{\"@type\":\"ReadAction\",\"target\":[\"https:\/\/www.bbmpackaging.com\/fr\/machines\/cluster-machines-occasion\/cluster-machine-mtb-123-2\/\"]}]},{\"@type\":\"ImageObject\",\"inLanguage\":\"fr-FR\",\"@id\":\"https:\/\/www.bbmpackaging.com\/fr\/machines\/cluster-machines-occasion\/cluster-machine-mtb-123-2\/#primaryimage\",\"url\":\"https:\/\/cdn.bbmpackaging.com\/wp-content\/uploads\/2022\/03\/immagine-prodotto-1.jpg\",\"contentUrl\":\"https:\/\/cdn.bbmpackaging.com\/wp-content\/uploads\/2022\/03\/immagine-prodotto-1.jpg\",\"width\":560,\"height\":420,\"caption\":\"Clusteratrice MTB 123 BBM Service (4)\"},{\"@type\":\"BreadcrumbList\",\"@id\":\"https:\/\/www.bbmpackaging.com\/fr\/machines\/cluster-machines-occasion\/cluster-machine-mtb-123-2\/#breadcrumb\",\"itemListElement\":[{\"@type\":\"ListItem\",\"position\":1,\"name\":\"Home\",\"item\":\"https:\/\/www.bbmpackaging.com\/fr\/\"},{\"@type\":\"ListItem\",\"position\":2,\"name\":\"Produits\",\"item\":\"https:\/\/www.bbmpackaging.com\/fr\/produits\/\"},{\"@type\":\"ListItem\",\"position\":3,\"name\":\"Machines d\u2019occasion\",\"item\":\"https:\/\/www.bbmpackaging.com\/fr\/machines\/occasion\/\"},{\"@type\":\"ListItem\",\"position\":4,\"name\":\"Suremballeuses sous d\u00e9coupes entourantes\",\"item\":\"https:\/\/www.bbmpackaging.com\/fr\/machines\/cluster-machines-occasion\/\"},{\"@type\":\"ListItem\",\"position\":5,\"name\":\"Cluster machine SMI MTB 123\"}]},{\"@type\":\"WebSite\",\"@id\":\"https:\/\/www.bbmpackaging.com\/fr\/#website\",\"url\":\"https:\/\/www.bbmpackaging.com\/fr\/\",\"name\":\"BBM Packaging\",\"description\":\"Imbottigliamento: macchinari manutenzione e much more\",\"potentialAction\":[{\"@type\":\"SearchAction\",\"target\":{\"@type\":\"EntryPoint\",\"urlTemplate\":\"https:\/\/www.bbmpackaging.com\/fr\/?s={search_term_string}\"},\"query-input\":{\"@type\":\"PropertyValueSpecification\",\"valueRequired\":true,\"valueName\":\"search_term_string\"}}],\"inLanguage\":\"fr-FR\"}]}<\/script>\n<!-- \/ Yoast SEO plugin. -->","yoast_head_json":{"title":"Cluster Machine SMI MTB 123\/VR 2 d'occasion - BBM Packaging","description":"D\u00e9couvrez la cluster machine SMI MTB VR 2 123 d'occasion. R\u00e9vis\u00e9e et garantie. Vitesse maximale jusqu'\u00e0 200 ppm. D\u00e9couvrez-en plus sur le site.","robots":{"index":"index","follow":"follow","max-snippet":"max-snippet:-1","max-image-preview":"max-image-preview:large","max-video-preview":"max-video-preview:-1"},"canonical":"https:\/\/www.bbmpackaging.com\/fr\/machines\/cluster-machines-occasion\/cluster-machine-mtb-123-2\/","og_locale":"fr_FR","og_type":"article","og_title":"Cluster Machine SMI MTB 123\/VR 2 d'occasion - BBM Packaging","og_description":"D\u00e9couvrez la cluster machine SMI MTB VR 2 123 d'occasion. R\u00e9vis\u00e9e et garantie. Vitesse maximale jusqu'\u00e0 200 ppm. D\u00e9couvrez-en plus sur le site.","og_url":"https:\/\/www.bbmpackaging.com\/fr\/machines\/cluster-machines-occasion\/cluster-machine-mtb-123-2\/","og_site_name":"BBM Packaging","article_modified_time":"2026-02-02T15:20:20+00:00","og_image":[{"width":560,"height":420,"url":"https:\/\/cdn.bbmpackaging.com\/wp-content\/uploads\/2022\/03\/immagine-prodotto-1.jpg","type":"image\/jpeg"}],"twitter_card":"summary_large_image","twitter_misc":{"Dur\u00e9e de lecture estim\u00e9e":"1 minute"},"schema":{"@context":"https:\/\/schema.org","@graph":[{"@type":"WebPage","@id":"https:\/\/www.bbmpackaging.com\/fr\/machines\/cluster-machines-occasion\/cluster-machine-mtb-123-2\/","url":"https:\/\/www.bbmpackaging.com\/fr\/machines\/cluster-machines-occasion\/cluster-machine-mtb-123-2\/","name":"Cluster Machine SMI MTB 123\/VR 2 d'occasion - BBM Packaging","isPartOf":{"@id":"https:\/\/www.bbmpackaging.com\/fr\/#website"},"primaryImageOfPage":{"@id":"https:\/\/www.bbmpackaging.com\/fr\/machines\/cluster-machines-occasion\/cluster-machine-mtb-123-2\/#primaryimage"},"image":{"@id":"https:\/\/www.bbmpackaging.com\/fr\/machines\/cluster-machines-occasion\/cluster-machine-mtb-123-2\/#primaryimage"},"thumbnailUrl":"https:\/\/cdn.bbmpackaging.com\/wp-content\/uploads\/2022\/03\/immagine-prodotto-1.jpg","datePublished":"2024-10-07T06:53:04+00:00","dateModified":"2026-02-02T15:20:20+00:00","description":"D\u00e9couvrez la cluster machine SMI MTB VR 2 123 d'occasion. R\u00e9vis\u00e9e et garantie. Vitesse maximale jusqu'\u00e0 200 ppm. D\u00e9couvrez-en plus sur le site.","breadcrumb":{"@id":"https:\/\/www.bbmpackaging.com\/fr\/machines\/cluster-machines-occasion\/cluster-machine-mtb-123-2\/#breadcrumb"},"inLanguage":"fr-FR","potentialAction":[{"@type":"ReadAction","target":["https:\/\/www.bbmpackaging.com\/fr\/machines\/cluster-machines-occasion\/cluster-machine-mtb-123-2\/"]}]},{"@type":"ImageObject","inLanguage":"fr-FR","@id":"https:\/\/www.bbmpackaging.com\/fr\/machines\/cluster-machines-occasion\/cluster-machine-mtb-123-2\/#primaryimage","url":"https:\/\/cdn.bbmpackaging.com\/wp-content\/uploads\/2022\/03\/immagine-prodotto-1.jpg","contentUrl":"https:\/\/cdn.bbmpackaging.com\/wp-content\/uploads\/2022\/03\/immagine-prodotto-1.jpg","width":560,"height":420,"caption":"Clusteratrice MTB 123 BBM Service (4)"},{"@type":"BreadcrumbList","@id":"https:\/\/www.bbmpackaging.com\/fr\/machines\/cluster-machines-occasion\/cluster-machine-mtb-123-2\/#breadcrumb","itemListElement":[{"@type":"ListItem","position":1,"name":"Home","item":"https:\/\/www.bbmpackaging.com\/fr\/"},{"@type":"ListItem","position":2,"name":"Produits","item":"https:\/\/www.bbmpackaging.com\/fr\/produits\/"},{"@type":"ListItem","position":3,"name":"Machines d\u2019occasion","item":"https:\/\/www.bbmpackaging.com\/fr\/machines\/occasion\/"},{"@type":"ListItem","position":4,"name":"Suremballeuses sous d\u00e9coupes entourantes","item":"https:\/\/www.bbmpackaging.com\/fr\/machines\/cluster-machines-occasion\/"},{"@type":"ListItem","position":5,"name":"Cluster machine SMI MTB 123"}]},{"@type":"WebSite","@id":"https:\/\/www.bbmpackaging.com\/fr\/#website","url":"https:\/\/www.bbmpackaging.com\/fr\/","name":"BBM Packaging","description":"Imbottigliamento: macchinari manutenzione e much more","potentialAction":[{"@type":"SearchAction","target":{"@type":"EntryPoint","urlTemplate":"https:\/\/www.bbmpackaging.com\/fr\/?s={search_term_string}"},"query-input":{"@type":"PropertyValueSpecification","valueRequired":true,"valueName":"search_term_string"}}],"inLanguage":"fr-FR"}]}},"_links":{"self":[{"href":"https:\/\/www.bbmpackaging.com\/fr\/wp-json\/wp\/v2\/product\/45033","targetHints":{"allow":["GET"]}}],"collection":[{"href":"https:\/\/www.bbmpackaging.com\/fr\/wp-json\/wp\/v2\/product"}],"about":[{"href":"https:\/\/www.bbmpackaging.com\/fr\/wp-json\/wp\/v2\/types\/product"}],"replies":[{"embeddable":true,"href":"https:\/\/www.bbmpackaging.com\/fr\/wp-json\/wp\/v2\/comments?post=45033"}],"wp:featuredmedia":[{"embeddable":true,"href":"https:\/\/www.bbmpackaging.com\/fr\/wp-json\/wp\/v2\/media\/27918"}],"wp:attachment":[{"href":"https:\/\/www.bbmpackaging.com\/fr\/wp-json\/wp\/v2\/media?parent=45033"}],"wp:term":[{"taxonomy":"brand","embeddable":true,"href":"https:\/\/www.bbmpackaging.com\/fr\/wp-json\/wp\/v2\/brand?post=45033"},{"taxonomy":"product_brand","embeddable":true,"href":"https:\/\/www.bbmpackaging.com\/fr\/wp-json\/wp\/v2\/product_brand?post=45033"},{"taxonomy":"product_cat","embeddable":true,"href":"https:\/\/www.bbmpackaging.com\/fr\/wp-json\/wp\/v2\/product_cat?post=45033"},{"taxonomy":"product_tag","embeddable":true,"href":"https:\/\/www.bbmpackaging.com\/fr\/wp-json\/wp\/v2\/product_tag?post=45033"}],"curies":[{"name":"wp","href":"https:\/\/api.w.org\/{rel}","templated":true}]}}