{"id":47535,"date":"2024-12-05T11:55:48","date_gmt":"2024-12-06T09:12:22","guid":{"rendered":"https:\/\/www.bbmpackaging.com\/?post_type=product&#038;p=47535"},"modified":"2026-02-02T16:20:30","modified_gmt":"2026-02-02T15:20:30","slug":"ligne-verre-7000-bph","status":"publish","type":"product","link":"https:\/\/www.bbmpackaging.com\/fr\/machines\/occasion\/lignes-embouteillage-occasion\/ligne-verre-7000-bph\/","title":{"rendered":"Ligne Verre 7000 bph"},"content":{"rendered":"<p>Ligne de remplissage pour bouteilles en verre.<\/p>\n<p>La ligne est disponible en deux versions:<\/p>\n<p><strong>1. Compacte<\/strong>,&nbsp; compos\u00e9e de:<\/p>\n<ul>\n<li>Remplisseuse KOSME Barfill<\/li>\n<li>Contr\u00f4le de niveau CL600 HF<\/li>\n<li>Tunnel de s\u00e9chage des bouteilles TF-02<\/li>\n<li>Capsuleuse Fenix 2<\/li>\n<li>\u00c9tiqueteuse KOSME Flexa Sensicol<\/li>\n<li>Dateur laser SMARTLASE<\/li>\n<li>Scotcheuse mono-format GEM<\/li>\n<li>Convoyeurs de bouteilles<\/li>\n<\/ul>\n<p>2. <strong>Full-automatic<\/strong>; la version Compacte est extensible avec les solutions de conditionnement suivantes:<\/p>\n<p>&nbsp;<\/p>\n<ul>\n<li><a href=\"https:\/\/www.bbmpackaging.com\/fr\/machines\/depalettiseurs-occasion\/depalettiseur-ocme\/\" target=\"_blank\" rel=\"noopener\"><strong>D\u00e9palettiseur&nbsp; OCME<\/strong><\/a><\/li>\n<li><a href=\"https:\/\/www.bbmpackaging.com\/fr\/?post_type=product&#038;p=45227\" target=\"_blank\" rel=\"noopener\"><strong>Cartonneuse&nbsp; OCME ALTAIR X30<\/strong><\/a><\/li>\n<li><a href=\"https:\/\/www.bbmpackaging.com\/fr\/machines\/palettiseurs-occasion\/palettiseur-berchi-modulo-rpt-f-l\/\" target=\"_blank\" rel=\"noopener\"><strong>Pallettiseur BERCHI<\/strong><\/a><\/li>\n<li><a href=\"https:\/\/www.bbmpackaging.com\/fr\/machines\/bandelereuses-occasion\/bandelereuse-atlanta-mytho-a-avec-systeme-metteur-top\/\" target=\"_blank\" rel=\"noopener\"><strong>Bandelereuse ATLANTA Mytho-A<\/strong><\/a><\/li>\n<\/ul>\n<p>Cette ligne d\u2019embouteillage offre une solution compl\u00e8te, flexible et automatis\u00e9e, id\u00e9ale pour les entreprises cherchant \u00e0 optimiser leur processus de production pour les \u00e9v\u00e9nements sp\u00e9ciaux et les march\u00e9s sp\u00e9cifiques.<br \/>\nLes deux versions de la ligne sont disponibles dans les formats suivants :<\/p>\n<ul>\n<li>1000 ml (5000 bph)<\/li>\n<li>750 ml (7000 bph)<\/li>\n<li>500 ml (9000 bph)<\/li>\n<li>250 ml (12 000 bph)<\/li>\n<\/ul>\n<p>La ligne est disponible dans les conditions de vente suivantes :<\/p>\n<ul>\n<li>En l&rsquo;\u00e9tat<\/li>\n<li>R\u00e9vis\u00e9e et garantie<\/li>\n<li>Pr\u00eate \u00e0 l&#8217;emploi avec pi\u00e8ces de rechange compatibles<\/li>\n<\/ul>\n","protected":false},"excerpt":{"rendered":"<p>Ligne d&#8217;embouteillage en verre, disponible en deux versions. D&rsquo;occasion, r\u00e9vis\u00e9e et garantie par BBM Packaging.<\/p>\n","protected":false},"featured_media":47544,"comment_status":"closed","ping_status":"closed","template":"","meta":{"_acf_changed":false},"brand":[7500],"product_brand":[],"product_cat":[1102,1106,1108],"product_tag":[],"class_list":{"0":"post-47535","1":"product","2":"type-product","3":"status-publish","4":"has-post-thumbnail","6":"brand-muiltimarques","7":"product_cat-machines","8":"product_cat-occasion","9":"product_cat-lignes-embouteillage-occasion","11":"first","12":"instock","13":"shipping-taxable","14":"product-type-simple"},"acf":[],"yoast_head":"<!-- This site is optimized with the Yoast SEO plugin v27.2 - https:\/\/yoast.com\/product\/yoast-seo-wordpress\/ -->\n<title>Ligne verre 7000 bph - BBM Packaging<\/title>\n<meta name=\"description\" content=\"Ligne d&#039;embouteillage en verre d&#039;occasion et r\u00e9vis\u00e9e pour eau plate et eau gazeuse, avec une vitesse allant jusqu&#039;\u00e0 12000 bph. D\u00e9couvrez tous les d\u00e9tails\" \/>\n<meta name=\"robots\" content=\"index, follow, max-snippet:-1, max-image-preview:large, max-video-preview:-1\" \/>\n<link rel=\"canonical\" href=\"https:\/\/www.bbmpackaging.com\/fr\/machines\/occasion\/lignes-embouteillage-occasion\/ligne-verre-7000-bph\/\" \/>\n<meta property=\"og:locale\" content=\"fr_FR\" \/>\n<meta property=\"og:type\" content=\"article\" \/>\n<meta property=\"og:title\" content=\"Ligne verre 7000 bph - BBM Packaging\" \/>\n<meta property=\"og:description\" content=\"Ligne d&#039;embouteillage en verre d&#039;occasion et r\u00e9vis\u00e9e pour eau plate et eau gazeuse, avec une vitesse allant jusqu&#039;\u00e0 12000 bph. D\u00e9couvrez tous les d\u00e9tails\" \/>\n<meta property=\"og:url\" content=\"https:\/\/www.bbmpackaging.com\/fr\/machines\/occasion\/lignes-embouteillage-occasion\/ligne-verre-7000-bph\/\" \/>\n<meta property=\"og:site_name\" content=\"BBM Packaging\" \/>\n<meta property=\"article:modified_time\" content=\"2026-02-02T15:20:30+00:00\" \/>\n<meta property=\"og:image\" content=\"https:\/\/www.bbmpackaging.com\/wp-content\/uploads\/2024\/12\/Linea-magnum-9000-bph-BBM-Packaging-prodotto-2-2.jpg\" \/>\n\t<meta property=\"og:image:width\" content=\"2120\" \/>\n\t<meta property=\"og:image:height\" content=\"1601\" \/>\n\t<meta property=\"og:image:type\" content=\"image\/jpeg\" \/>\n<meta name=\"twitter:card\" content=\"summary_large_image\" \/>\n<meta name=\"twitter:label1\" content=\"Dur\u00e9e de lecture estim\u00e9e\" \/>\n\t<meta name=\"twitter:data1\" content=\"2 minutes\" \/>\n<script type=\"application\/ld+json\" class=\"yoast-schema-graph\">{\"@context\":\"https:\/\/schema.org\",\"@graph\":[{\"@type\":\"WebPage\",\"@id\":\"https:\/\/www.bbmpackaging.com\/fr\/machines\/occasion\/lignes-embouteillage-occasion\/ligne-verre-7000-bph\/\",\"url\":\"https:\/\/www.bbmpackaging.com\/fr\/machines\/occasion\/lignes-embouteillage-occasion\/ligne-verre-7000-bph\/\",\"name\":\"Ligne verre 7000 bph - BBM Packaging\",\"isPartOf\":{\"@id\":\"https:\/\/www.bbmpackaging.com\/fr\/#website\"},\"primaryImageOfPage\":{\"@id\":\"https:\/\/www.bbmpackaging.com\/fr\/machines\/occasion\/lignes-embouteillage-occasion\/ligne-verre-7000-bph\/#primaryimage\"},\"image\":{\"@id\":\"https:\/\/www.bbmpackaging.com\/fr\/machines\/occasion\/lignes-embouteillage-occasion\/ligne-verre-7000-bph\/#primaryimage\"},\"thumbnailUrl\":\"https:\/\/cdn.bbmpackaging.com\/wp-content\/uploads\/2024\/12\/Linea-magnum-9000-bph-BBM-Packaging-prodotto-2-2.jpg\",\"datePublished\":\"2024-12-06T09:12:22+00:00\",\"dateModified\":\"2026-02-02T15:20:30+00:00\",\"description\":\"Ligne d'embouteillage en verre d'occasion et r\u00e9vis\u00e9e pour eau plate et eau gazeuse, avec une vitesse allant jusqu'\u00e0 12000 bph. D\u00e9couvrez tous les d\u00e9tails\",\"breadcrumb\":{\"@id\":\"https:\/\/www.bbmpackaging.com\/fr\/machines\/occasion\/lignes-embouteillage-occasion\/ligne-verre-7000-bph\/#breadcrumb\"},\"inLanguage\":\"fr-FR\",\"potentialAction\":[{\"@type\":\"ReadAction\",\"target\":[\"https:\/\/www.bbmpackaging.com\/fr\/machines\/occasion\/lignes-embouteillage-occasion\/ligne-verre-7000-bph\/\"]}]},{\"@type\":\"ImageObject\",\"inLanguage\":\"fr-FR\",\"@id\":\"https:\/\/www.bbmpackaging.com\/fr\/machines\/occasion\/lignes-embouteillage-occasion\/ligne-verre-7000-bph\/#primaryimage\",\"url\":\"https:\/\/cdn.bbmpackaging.com\/wp-content\/uploads\/2024\/12\/Linea-magnum-9000-bph-BBM-Packaging-prodotto-2-2.jpg\",\"contentUrl\":\"https:\/\/cdn.bbmpackaging.com\/wp-content\/uploads\/2024\/12\/Linea-magnum-9000-bph-BBM-Packaging-prodotto-2-2.jpg\",\"width\":2120,\"height\":1601,\"caption\":\"MAGNUM d'occasion et r\u00e9vis\u00e9e pour eau plate et eau gazeuse, avec une vitesse allant jusqu'\u00e0 9000 bph. D\u00e9couvrez tous les d\u00e9tails de la ligne sur notre site web.\"},{\"@type\":\"BreadcrumbList\",\"@id\":\"https:\/\/www.bbmpackaging.com\/fr\/machines\/occasion\/lignes-embouteillage-occasion\/ligne-verre-7000-bph\/#breadcrumb\",\"itemListElement\":[{\"@type\":\"ListItem\",\"position\":1,\"name\":\"Home\",\"item\":\"https:\/\/www.bbmpackaging.com\/fr\/\"},{\"@type\":\"ListItem\",\"position\":2,\"name\":\"Produits\",\"item\":\"https:\/\/www.bbmpackaging.com\/fr\/produits\/\"},{\"@type\":\"ListItem\",\"position\":3,\"name\":\"Machines d\u2019occasion\",\"item\":\"https:\/\/www.bbmpackaging.com\/fr\/machines\/occasion\/\"},{\"@type\":\"ListItem\",\"position\":4,\"name\":\"Ligne d\u2019embouteillage et d\u2019emballage\",\"item\":\"https:\/\/www.bbmpackaging.com\/fr\/machines\/lignes-embouteillage-occasion\/\"},{\"@type\":\"ListItem\",\"position\":5,\"name\":\"Ligne Verre 7000 bph\"}]},{\"@type\":\"WebSite\",\"@id\":\"https:\/\/www.bbmpackaging.com\/fr\/#website\",\"url\":\"https:\/\/www.bbmpackaging.com\/fr\/\",\"name\":\"BBM Packaging\",\"description\":\"Imbottigliamento: macchinari manutenzione e much more\",\"potentialAction\":[{\"@type\":\"SearchAction\",\"target\":{\"@type\":\"EntryPoint\",\"urlTemplate\":\"https:\/\/www.bbmpackaging.com\/fr\/?s={search_term_string}\"},\"query-input\":{\"@type\":\"PropertyValueSpecification\",\"valueRequired\":true,\"valueName\":\"search_term_string\"}}],\"inLanguage\":\"fr-FR\"}]}<\/script>\n<!-- \/ Yoast SEO plugin. -->","yoast_head_json":{"title":"Ligne verre 7000 bph - BBM Packaging","description":"Ligne d'embouteillage en verre d'occasion et r\u00e9vis\u00e9e pour eau plate et eau gazeuse, avec une vitesse allant jusqu'\u00e0 12000 bph. D\u00e9couvrez tous les d\u00e9tails","robots":{"index":"index","follow":"follow","max-snippet":"max-snippet:-1","max-image-preview":"max-image-preview:large","max-video-preview":"max-video-preview:-1"},"canonical":"https:\/\/www.bbmpackaging.com\/fr\/machines\/occasion\/lignes-embouteillage-occasion\/ligne-verre-7000-bph\/","og_locale":"fr_FR","og_type":"article","og_title":"Ligne verre 7000 bph - BBM Packaging","og_description":"Ligne d'embouteillage en verre d'occasion et r\u00e9vis\u00e9e pour eau plate et eau gazeuse, avec une vitesse allant jusqu'\u00e0 12000 bph. D\u00e9couvrez tous les d\u00e9tails","og_url":"https:\/\/www.bbmpackaging.com\/fr\/machines\/occasion\/lignes-embouteillage-occasion\/ligne-verre-7000-bph\/","og_site_name":"BBM Packaging","article_modified_time":"2026-02-02T15:20:30+00:00","og_image":[{"width":2120,"height":1601,"url":"https:\/\/www.bbmpackaging.com\/wp-content\/uploads\/2024\/12\/Linea-magnum-9000-bph-BBM-Packaging-prodotto-2-2.jpg","type":"image\/jpeg"}],"twitter_card":"summary_large_image","twitter_misc":{"Dur\u00e9e de lecture estim\u00e9e":"2 minutes"},"schema":{"@context":"https:\/\/schema.org","@graph":[{"@type":"WebPage","@id":"https:\/\/www.bbmpackaging.com\/fr\/machines\/occasion\/lignes-embouteillage-occasion\/ligne-verre-7000-bph\/","url":"https:\/\/www.bbmpackaging.com\/fr\/machines\/occasion\/lignes-embouteillage-occasion\/ligne-verre-7000-bph\/","name":"Ligne verre 7000 bph - BBM Packaging","isPartOf":{"@id":"https:\/\/www.bbmpackaging.com\/fr\/#website"},"primaryImageOfPage":{"@id":"https:\/\/www.bbmpackaging.com\/fr\/machines\/occasion\/lignes-embouteillage-occasion\/ligne-verre-7000-bph\/#primaryimage"},"image":{"@id":"https:\/\/www.bbmpackaging.com\/fr\/machines\/occasion\/lignes-embouteillage-occasion\/ligne-verre-7000-bph\/#primaryimage"},"thumbnailUrl":"https:\/\/cdn.bbmpackaging.com\/wp-content\/uploads\/2024\/12\/Linea-magnum-9000-bph-BBM-Packaging-prodotto-2-2.jpg","datePublished":"2024-12-06T09:12:22+00:00","dateModified":"2026-02-02T15:20:30+00:00","description":"Ligne d'embouteillage en verre d'occasion et r\u00e9vis\u00e9e pour eau plate et eau gazeuse, avec une vitesse allant jusqu'\u00e0 12000 bph. D\u00e9couvrez tous les d\u00e9tails","breadcrumb":{"@id":"https:\/\/www.bbmpackaging.com\/fr\/machines\/occasion\/lignes-embouteillage-occasion\/ligne-verre-7000-bph\/#breadcrumb"},"inLanguage":"fr-FR","potentialAction":[{"@type":"ReadAction","target":["https:\/\/www.bbmpackaging.com\/fr\/machines\/occasion\/lignes-embouteillage-occasion\/ligne-verre-7000-bph\/"]}]},{"@type":"ImageObject","inLanguage":"fr-FR","@id":"https:\/\/www.bbmpackaging.com\/fr\/machines\/occasion\/lignes-embouteillage-occasion\/ligne-verre-7000-bph\/#primaryimage","url":"https:\/\/cdn.bbmpackaging.com\/wp-content\/uploads\/2024\/12\/Linea-magnum-9000-bph-BBM-Packaging-prodotto-2-2.jpg","contentUrl":"https:\/\/cdn.bbmpackaging.com\/wp-content\/uploads\/2024\/12\/Linea-magnum-9000-bph-BBM-Packaging-prodotto-2-2.jpg","width":2120,"height":1601,"caption":"MAGNUM d'occasion et r\u00e9vis\u00e9e pour eau plate et eau gazeuse, avec une vitesse allant jusqu'\u00e0 9000 bph. D\u00e9couvrez tous les d\u00e9tails de la ligne sur notre site web."},{"@type":"BreadcrumbList","@id":"https:\/\/www.bbmpackaging.com\/fr\/machines\/occasion\/lignes-embouteillage-occasion\/ligne-verre-7000-bph\/#breadcrumb","itemListElement":[{"@type":"ListItem","position":1,"name":"Home","item":"https:\/\/www.bbmpackaging.com\/fr\/"},{"@type":"ListItem","position":2,"name":"Produits","item":"https:\/\/www.bbmpackaging.com\/fr\/produits\/"},{"@type":"ListItem","position":3,"name":"Machines d\u2019occasion","item":"https:\/\/www.bbmpackaging.com\/fr\/machines\/occasion\/"},{"@type":"ListItem","position":4,"name":"Ligne d\u2019embouteillage et d\u2019emballage","item":"https:\/\/www.bbmpackaging.com\/fr\/machines\/lignes-embouteillage-occasion\/"},{"@type":"ListItem","position":5,"name":"Ligne Verre 7000 bph"}]},{"@type":"WebSite","@id":"https:\/\/www.bbmpackaging.com\/fr\/#website","url":"https:\/\/www.bbmpackaging.com\/fr\/","name":"BBM Packaging","description":"Imbottigliamento: macchinari manutenzione e much more","potentialAction":[{"@type":"SearchAction","target":{"@type":"EntryPoint","urlTemplate":"https:\/\/www.bbmpackaging.com\/fr\/?s={search_term_string}"},"query-input":{"@type":"PropertyValueSpecification","valueRequired":true,"valueName":"search_term_string"}}],"inLanguage":"fr-FR"}]}},"_links":{"self":[{"href":"https:\/\/www.bbmpackaging.com\/fr\/wp-json\/wp\/v2\/product\/47535","targetHints":{"allow":["GET"]}}],"collection":[{"href":"https:\/\/www.bbmpackaging.com\/fr\/wp-json\/wp\/v2\/product"}],"about":[{"href":"https:\/\/www.bbmpackaging.com\/fr\/wp-json\/wp\/v2\/types\/product"}],"replies":[{"embeddable":true,"href":"https:\/\/www.bbmpackaging.com\/fr\/wp-json\/wp\/v2\/comments?post=47535"}],"wp:featuredmedia":[{"embeddable":true,"href":"https:\/\/www.bbmpackaging.com\/fr\/wp-json\/wp\/v2\/media\/47544"}],"wp:attachment":[{"href":"https:\/\/www.bbmpackaging.com\/fr\/wp-json\/wp\/v2\/media?parent=47535"}],"wp:term":[{"taxonomy":"brand","embeddable":true,"href":"https:\/\/www.bbmpackaging.com\/fr\/wp-json\/wp\/v2\/brand?post=47535"},{"taxonomy":"product_brand","embeddable":true,"href":"https:\/\/www.bbmpackaging.com\/fr\/wp-json\/wp\/v2\/product_brand?post=47535"},{"taxonomy":"product_cat","embeddable":true,"href":"https:\/\/www.bbmpackaging.com\/fr\/wp-json\/wp\/v2\/product_cat?post=47535"},{"taxonomy":"product_tag","embeddable":true,"href":"https:\/\/www.bbmpackaging.com\/fr\/wp-json\/wp\/v2\/product_tag?post=47535"}],"curies":[{"name":"wp","href":"https:\/\/api.w.org\/{rel}","templated":true}]}}