{"id":47881,"date":"2024-12-23T10:45:34","date_gmt":"2024-12-23T09:45:34","guid":{"rendered":"https:\/\/www.bbmpackaging.com\/?post_type=product&#038;p=47881"},"modified":"2026-02-02T16:20:30","modified_gmt":"2026-02-02T15:20:30","slug":"ligne-demballage-de-boites-9600-bph","status":"publish","type":"product","link":"https:\/\/www.bbmpackaging.com\/fr\/machines\/ligne-demballage-de-boites-9600-bph\/","title":{"rendered":"Ligne d&#8217;emballage de bo\u00eetes 9600 bph"},"content":{"rendered":"<p>Ligne de conditionnement de bo\u00eetes de conserve d&rsquo;occasion, entretenue et garantie par BBM Packaging.<\/p>\n","protected":false},"excerpt":{"rendered":"<p>Ligne de conditionnement de canettes d&rsquo;occasion et r\u00e9vis\u00e9e<\/p>\n","protected":false},"featured_media":48021,"comment_status":"closed","ping_status":"closed","template":"","meta":{"_acf_changed":false},"brand":[7500],"product_brand":[],"product_cat":[1102,1106,1108],"product_tag":[],"class_list":{"0":"post-47881","1":"product","2":"type-product","3":"status-publish","4":"has-post-thumbnail","6":"brand-muiltimarques","7":"product_cat-machines","8":"product_cat-occasion","9":"product_cat-lignes-embouteillage-occasion","11":"first","12":"instock","13":"shipping-taxable","14":"product-type-simple"},"acf":[],"yoast_head":"<!-- This site is optimized with the Yoast SEO plugin v27.2 - https:\/\/yoast.com\/product\/yoast-seo-wordpress\/ -->\n<title>Ligne d&#039;emballage de bo\u00eetes 9600 bph - BBM Packaging<\/title>\n<meta name=\"description\" content=\"Ligne de conditionnement de bo\u00eetes wrap-around d&#039;occasion, r\u00e9vis\u00e9e et garantie, jusqu&#039;\u00e0 9600 bph. D\u00e9couvrez la liste des machines en ligne\" \/>\n<meta name=\"robots\" content=\"index, follow, max-snippet:-1, max-image-preview:large, max-video-preview:-1\" \/>\n<link rel=\"canonical\" href=\"https:\/\/www.bbmpackaging.com\/fr\/machines\/ligne-demballage-de-boites-9600-bph\/\" \/>\n<meta property=\"og:locale\" content=\"fr_FR\" \/>\n<meta property=\"og:type\" content=\"article\" \/>\n<meta property=\"og:title\" content=\"Ligne d&#039;emballage de bo\u00eetes 9600 bph - BBM Packaging\" \/>\n<meta property=\"og:description\" content=\"Ligne de conditionnement de bo\u00eetes wrap-around d&#039;occasion, r\u00e9vis\u00e9e et garantie, jusqu&#039;\u00e0 9600 bph. D\u00e9couvrez la liste des machines en ligne\" \/>\n<meta property=\"og:url\" content=\"https:\/\/www.bbmpackaging.com\/fr\/machines\/ligne-demballage-de-boites-9600-bph\/\" \/>\n<meta property=\"og:site_name\" content=\"BBM Packaging\" \/>\n<meta property=\"article:modified_time\" content=\"2026-02-02T15:20:30+00:00\" \/>\n<meta property=\"og:image\" content=\"https:\/\/www.bbmpackaging.com\/wp-content\/uploads\/2024\/12\/Ligne-de-mise-en-canette-9600-bph-1.jpg\" \/>\n\t<meta property=\"og:image:width\" content=\"481\" \/>\n\t<meta property=\"og:image:height\" content=\"361\" \/>\n\t<meta property=\"og:image:type\" content=\"image\/jpeg\" \/>\n<meta name=\"twitter:card\" content=\"summary_large_image\" \/>\n<meta name=\"twitter:label1\" content=\"Dur\u00e9e de lecture estim\u00e9e\" \/>\n\t<meta name=\"twitter:data1\" content=\"1 minute\" \/>\n<script type=\"application\/ld+json\" class=\"yoast-schema-graph\">{\"@context\":\"https:\/\/schema.org\",\"@graph\":[{\"@type\":\"WebPage\",\"@id\":\"https:\/\/www.bbmpackaging.com\/fr\/machines\/ligne-demballage-de-boites-9600-bph\/\",\"url\":\"https:\/\/www.bbmpackaging.com\/fr\/machines\/ligne-demballage-de-boites-9600-bph\/\",\"name\":\"Ligne d'emballage de bo\u00eetes 9600 bph - BBM Packaging\",\"isPartOf\":{\"@id\":\"https:\/\/www.bbmpackaging.com\/fr\/#website\"},\"primaryImageOfPage\":{\"@id\":\"https:\/\/www.bbmpackaging.com\/fr\/machines\/ligne-demballage-de-boites-9600-bph\/#primaryimage\"},\"image\":{\"@id\":\"https:\/\/www.bbmpackaging.com\/fr\/machines\/ligne-demballage-de-boites-9600-bph\/#primaryimage\"},\"thumbnailUrl\":\"https:\/\/cdn.bbmpackaging.com\/wp-content\/uploads\/2024\/12\/Ligne-de-mise-en-canette-9600-bph-1.jpg\",\"datePublished\":\"2024-12-23T09:45:34+00:00\",\"dateModified\":\"2026-02-02T15:20:30+00:00\",\"description\":\"Ligne de conditionnement de bo\u00eetes wrap-around d'occasion, r\u00e9vis\u00e9e et garantie, jusqu'\u00e0 9600 bph. D\u00e9couvrez la liste des machines en ligne\",\"breadcrumb\":{\"@id\":\"https:\/\/www.bbmpackaging.com\/fr\/machines\/ligne-demballage-de-boites-9600-bph\/#breadcrumb\"},\"inLanguage\":\"fr-FR\",\"potentialAction\":[{\"@type\":\"ReadAction\",\"target\":[\"https:\/\/www.bbmpackaging.com\/fr\/machines\/ligne-demballage-de-boites-9600-bph\/\"]}]},{\"@type\":\"ImageObject\",\"inLanguage\":\"fr-FR\",\"@id\":\"https:\/\/www.bbmpackaging.com\/fr\/machines\/ligne-demballage-de-boites-9600-bph\/#primaryimage\",\"url\":\"https:\/\/cdn.bbmpackaging.com\/wp-content\/uploads\/2024\/12\/Ligne-de-mise-en-canette-9600-bph-1.jpg\",\"contentUrl\":\"https:\/\/cdn.bbmpackaging.com\/wp-content\/uploads\/2024\/12\/Ligne-de-mise-en-canette-9600-bph-1.jpg\",\"width\":481,\"height\":361,\"caption\":\"Ligne de conditionnement de canettes en carton wrap-around, jusqu'\u00e0 9600 bph\"},{\"@type\":\"BreadcrumbList\",\"@id\":\"https:\/\/www.bbmpackaging.com\/fr\/machines\/ligne-demballage-de-boites-9600-bph\/#breadcrumb\",\"itemListElement\":[{\"@type\":\"ListItem\",\"position\":1,\"name\":\"Home\",\"item\":\"https:\/\/www.bbmpackaging.com\/fr\/\"},{\"@type\":\"ListItem\",\"position\":2,\"name\":\"Produits\",\"item\":\"https:\/\/www.bbmpackaging.com\/fr\/produits\/\"},{\"@type\":\"ListItem\",\"position\":3,\"name\":\"Ligne d&#8217;emballage de bo\u00eetes 9600 bph\"}]},{\"@type\":\"WebSite\",\"@id\":\"https:\/\/www.bbmpackaging.com\/fr\/#website\",\"url\":\"https:\/\/www.bbmpackaging.com\/fr\/\",\"name\":\"BBM Packaging\",\"description\":\"Imbottigliamento: macchinari manutenzione e much more\",\"potentialAction\":[{\"@type\":\"SearchAction\",\"target\":{\"@type\":\"EntryPoint\",\"urlTemplate\":\"https:\/\/www.bbmpackaging.com\/fr\/?s={search_term_string}\"},\"query-input\":{\"@type\":\"PropertyValueSpecification\",\"valueRequired\":true,\"valueName\":\"search_term_string\"}}],\"inLanguage\":\"fr-FR\"}]}<\/script>\n<!-- \/ Yoast SEO plugin. -->","yoast_head_json":{"title":"Ligne d'emballage de bo\u00eetes 9600 bph - BBM Packaging","description":"Ligne de conditionnement de bo\u00eetes wrap-around d'occasion, r\u00e9vis\u00e9e et garantie, jusqu'\u00e0 9600 bph. D\u00e9couvrez la liste des machines en ligne","robots":{"index":"index","follow":"follow","max-snippet":"max-snippet:-1","max-image-preview":"max-image-preview:large","max-video-preview":"max-video-preview:-1"},"canonical":"https:\/\/www.bbmpackaging.com\/fr\/machines\/ligne-demballage-de-boites-9600-bph\/","og_locale":"fr_FR","og_type":"article","og_title":"Ligne d'emballage de bo\u00eetes 9600 bph - BBM Packaging","og_description":"Ligne de conditionnement de bo\u00eetes wrap-around d'occasion, r\u00e9vis\u00e9e et garantie, jusqu'\u00e0 9600 bph. D\u00e9couvrez la liste des machines en ligne","og_url":"https:\/\/www.bbmpackaging.com\/fr\/machines\/ligne-demballage-de-boites-9600-bph\/","og_site_name":"BBM Packaging","article_modified_time":"2026-02-02T15:20:30+00:00","og_image":[{"width":481,"height":361,"url":"https:\/\/www.bbmpackaging.com\/wp-content\/uploads\/2024\/12\/Ligne-de-mise-en-canette-9600-bph-1.jpg","type":"image\/jpeg"}],"twitter_card":"summary_large_image","twitter_misc":{"Dur\u00e9e de lecture estim\u00e9e":"1 minute"},"schema":{"@context":"https:\/\/schema.org","@graph":[{"@type":"WebPage","@id":"https:\/\/www.bbmpackaging.com\/fr\/machines\/ligne-demballage-de-boites-9600-bph\/","url":"https:\/\/www.bbmpackaging.com\/fr\/machines\/ligne-demballage-de-boites-9600-bph\/","name":"Ligne d'emballage de bo\u00eetes 9600 bph - BBM Packaging","isPartOf":{"@id":"https:\/\/www.bbmpackaging.com\/fr\/#website"},"primaryImageOfPage":{"@id":"https:\/\/www.bbmpackaging.com\/fr\/machines\/ligne-demballage-de-boites-9600-bph\/#primaryimage"},"image":{"@id":"https:\/\/www.bbmpackaging.com\/fr\/machines\/ligne-demballage-de-boites-9600-bph\/#primaryimage"},"thumbnailUrl":"https:\/\/cdn.bbmpackaging.com\/wp-content\/uploads\/2024\/12\/Ligne-de-mise-en-canette-9600-bph-1.jpg","datePublished":"2024-12-23T09:45:34+00:00","dateModified":"2026-02-02T15:20:30+00:00","description":"Ligne de conditionnement de bo\u00eetes wrap-around d'occasion, r\u00e9vis\u00e9e et garantie, jusqu'\u00e0 9600 bph. D\u00e9couvrez la liste des machines en ligne","breadcrumb":{"@id":"https:\/\/www.bbmpackaging.com\/fr\/machines\/ligne-demballage-de-boites-9600-bph\/#breadcrumb"},"inLanguage":"fr-FR","potentialAction":[{"@type":"ReadAction","target":["https:\/\/www.bbmpackaging.com\/fr\/machines\/ligne-demballage-de-boites-9600-bph\/"]}]},{"@type":"ImageObject","inLanguage":"fr-FR","@id":"https:\/\/www.bbmpackaging.com\/fr\/machines\/ligne-demballage-de-boites-9600-bph\/#primaryimage","url":"https:\/\/cdn.bbmpackaging.com\/wp-content\/uploads\/2024\/12\/Ligne-de-mise-en-canette-9600-bph-1.jpg","contentUrl":"https:\/\/cdn.bbmpackaging.com\/wp-content\/uploads\/2024\/12\/Ligne-de-mise-en-canette-9600-bph-1.jpg","width":481,"height":361,"caption":"Ligne de conditionnement de canettes en carton wrap-around, jusqu'\u00e0 9600 bph"},{"@type":"BreadcrumbList","@id":"https:\/\/www.bbmpackaging.com\/fr\/machines\/ligne-demballage-de-boites-9600-bph\/#breadcrumb","itemListElement":[{"@type":"ListItem","position":1,"name":"Home","item":"https:\/\/www.bbmpackaging.com\/fr\/"},{"@type":"ListItem","position":2,"name":"Produits","item":"https:\/\/www.bbmpackaging.com\/fr\/produits\/"},{"@type":"ListItem","position":3,"name":"Ligne d&#8217;emballage de bo\u00eetes 9600 bph"}]},{"@type":"WebSite","@id":"https:\/\/www.bbmpackaging.com\/fr\/#website","url":"https:\/\/www.bbmpackaging.com\/fr\/","name":"BBM Packaging","description":"Imbottigliamento: macchinari manutenzione e much more","potentialAction":[{"@type":"SearchAction","target":{"@type":"EntryPoint","urlTemplate":"https:\/\/www.bbmpackaging.com\/fr\/?s={search_term_string}"},"query-input":{"@type":"PropertyValueSpecification","valueRequired":true,"valueName":"search_term_string"}}],"inLanguage":"fr-FR"}]}},"_links":{"self":[{"href":"https:\/\/www.bbmpackaging.com\/fr\/wp-json\/wp\/v2\/product\/47881","targetHints":{"allow":["GET"]}}],"collection":[{"href":"https:\/\/www.bbmpackaging.com\/fr\/wp-json\/wp\/v2\/product"}],"about":[{"href":"https:\/\/www.bbmpackaging.com\/fr\/wp-json\/wp\/v2\/types\/product"}],"replies":[{"embeddable":true,"href":"https:\/\/www.bbmpackaging.com\/fr\/wp-json\/wp\/v2\/comments?post=47881"}],"wp:featuredmedia":[{"embeddable":true,"href":"https:\/\/www.bbmpackaging.com\/fr\/wp-json\/wp\/v2\/media\/48021"}],"wp:attachment":[{"href":"https:\/\/www.bbmpackaging.com\/fr\/wp-json\/wp\/v2\/media?parent=47881"}],"wp:term":[{"taxonomy":"brand","embeddable":true,"href":"https:\/\/www.bbmpackaging.com\/fr\/wp-json\/wp\/v2\/brand?post=47881"},{"taxonomy":"product_brand","embeddable":true,"href":"https:\/\/www.bbmpackaging.com\/fr\/wp-json\/wp\/v2\/product_brand?post=47881"},{"taxonomy":"product_cat","embeddable":true,"href":"https:\/\/www.bbmpackaging.com\/fr\/wp-json\/wp\/v2\/product_cat?post=47881"},{"taxonomy":"product_tag","embeddable":true,"href":"https:\/\/www.bbmpackaging.com\/fr\/wp-json\/wp\/v2\/product_tag?post=47881"}],"curies":[{"name":"wp","href":"https:\/\/api.w.org\/{rel}","templated":true}]}}