{"id":49829,"date":"2025-03-21T11:06:41","date_gmt":"2025-03-21T10:06:41","guid":{"rendered":"https:\/\/www.bbmpackaging.com\/?post_type=product&#038;p=49829"},"modified":"2026-03-04T08:18:50","modified_gmt":"2026-03-04T07:18:50","slug":"fardeleuse-smi-sk-600f","status":"publish","type":"product","link":"https:\/\/www.bbmpackaging.com\/fr\/machines\/occasion\/fardeleuses-formeuses-de-barquettes-occasion\/fardeleuse-smi-sk-600f\/","title":{"rendered":"Fardeleuse SMI SK 600F"},"content":{"rendered":"<p>Machine d&#8217;emballage SMI SK 600F, d&rsquo;occasion, r\u00e9vis\u00e9e et garantie. Une machine id\u00e9ale pour emballer des bouteilles en PET ou en verre sur trois pistes. Disponible \u00e9galement en &lsquo;vu et approuv\u00e9&rsquo; et\/ou avec des pi\u00e8ces de rechange compatibles<\/p>\n","protected":false},"excerpt":{"rendered":"<p>Fardelleuse SMI SK 600F d&rsquo;occasion, r\u00e9vis\u00e9e et garantie. La vitesse indiqu\u00e9e en bouteilles par heure fait r\u00e9f\u00e9rence au format standard de 1500 ml en conditionnement 3&#215;2.<\/p>\n","protected":false},"featured_media":49750,"comment_status":"closed","ping_status":"closed","template":"","meta":{"_acf_changed":false},"brand":[7438],"product_brand":[],"product_cat":[1102,1106,1118],"product_tag":[],"class_list":{"0":"post-49829","1":"product","2":"type-product","3":"status-publish","4":"has-post-thumbnail","6":"brand-smi","7":"product_cat-machines","8":"product_cat-occasion","9":"product_cat-fardeleuses-formeuses-de-barquettes-occasion","11":"first","12":"instock","13":"shipping-taxable","14":"product-type-simple"},"acf":[],"yoast_head":"<!-- This site is optimized with the Yoast SEO plugin v27.2 - https:\/\/yoast.com\/product\/yoast-seo-wordpress\/ -->\n<title>Fardeleuse SMI SK 600F - BBM Packaging<\/title>\n<meta name=\"description\" content=\"Achetez la fardelleuse SMI SK 600F d&#039;occasion, r\u00e9vis\u00e9e et garantie. Pour des bouteilles en PET ou en verre sur trois pistes. Regardez la vid\u00e9o\" \/>\n<meta name=\"robots\" content=\"index, follow, max-snippet:-1, max-image-preview:large, max-video-preview:-1\" \/>\n<link rel=\"canonical\" href=\"https:\/\/www.bbmpackaging.com\/fr\/machines\/occasion\/fardeleuses-formeuses-de-barquettes-occasion\/fardeleuse-smi-sk-600f\/\" \/>\n<meta property=\"og:locale\" content=\"fr_FR\" \/>\n<meta property=\"og:type\" content=\"article\" \/>\n<meta property=\"og:title\" content=\"Fardeleuse SMI SK 600F - BBM Packaging\" \/>\n<meta property=\"og:description\" content=\"Achetez la fardelleuse SMI SK 600F d&#039;occasion, r\u00e9vis\u00e9e et garantie. Pour des bouteilles en PET ou en verre sur trois pistes. Regardez la vid\u00e9o\" \/>\n<meta property=\"og:url\" content=\"https:\/\/www.bbmpackaging.com\/fr\/machines\/occasion\/fardeleuses-formeuses-de-barquettes-occasion\/fardeleuse-smi-sk-600f\/\" \/>\n<meta property=\"og:site_name\" content=\"BBM Packaging\" \/>\n<meta property=\"article:modified_time\" content=\"2026-03-04T07:18:50+00:00\" \/>\n<meta property=\"og:image\" content=\"https:\/\/www.bbmpackaging.com\/wp-content\/uploads\/2025\/03\/fardeleuse-smi-sk-600-f-bbm-packaging.jpg\" \/>\n\t<meta property=\"og:image:width\" content=\"1440\" \/>\n\t<meta property=\"og:image:height\" content=\"1080\" \/>\n\t<meta property=\"og:image:type\" content=\"image\/jpeg\" \/>\n<meta name=\"twitter:card\" content=\"summary_large_image\" \/>\n<meta name=\"twitter:label1\" content=\"Dur\u00e9e de lecture estim\u00e9e\" \/>\n\t<meta name=\"twitter:data1\" content=\"1 minute\" \/>\n<script type=\"application\/ld+json\" class=\"yoast-schema-graph\">{\"@context\":\"https:\/\/schema.org\",\"@graph\":[{\"@type\":\"WebPage\",\"@id\":\"https:\/\/www.bbmpackaging.com\/fr\/machines\/occasion\/fardeleuses-formeuses-de-barquettes-occasion\/fardeleuse-smi-sk-600f\/\",\"url\":\"https:\/\/www.bbmpackaging.com\/fr\/machines\/occasion\/fardeleuses-formeuses-de-barquettes-occasion\/fardeleuse-smi-sk-600f\/\",\"name\":\"Fardeleuse SMI SK 600F - BBM Packaging\",\"isPartOf\":{\"@id\":\"https:\/\/www.bbmpackaging.com\/fr\/#website\"},\"primaryImageOfPage\":{\"@id\":\"https:\/\/www.bbmpackaging.com\/fr\/machines\/occasion\/fardeleuses-formeuses-de-barquettes-occasion\/fardeleuse-smi-sk-600f\/#primaryimage\"},\"image\":{\"@id\":\"https:\/\/www.bbmpackaging.com\/fr\/machines\/occasion\/fardeleuses-formeuses-de-barquettes-occasion\/fardeleuse-smi-sk-600f\/#primaryimage\"},\"thumbnailUrl\":\"https:\/\/cdn.bbmpackaging.com\/wp-content\/uploads\/2025\/03\/fardellatrice-smi-sk-600-f-bbm-packaging.png\",\"datePublished\":\"2025-03-21T10:06:41+00:00\",\"dateModified\":\"2026-03-04T07:18:50+00:00\",\"description\":\"Achetez la fardelleuse SMI SK 600F d'occasion, r\u00e9vis\u00e9e et garantie. Pour des bouteilles en PET ou en verre sur trois pistes. Regardez la vid\u00e9o\",\"breadcrumb\":{\"@id\":\"https:\/\/www.bbmpackaging.com\/fr\/machines\/occasion\/fardeleuses-formeuses-de-barquettes-occasion\/fardeleuse-smi-sk-600f\/#breadcrumb\"},\"inLanguage\":\"fr-FR\",\"potentialAction\":[{\"@type\":\"ReadAction\",\"target\":[\"https:\/\/www.bbmpackaging.com\/fr\/machines\/occasion\/fardeleuses-formeuses-de-barquettes-occasion\/fardeleuse-smi-sk-600f\/\"]}]},{\"@type\":\"ImageObject\",\"inLanguage\":\"fr-FR\",\"@id\":\"https:\/\/www.bbmpackaging.com\/fr\/machines\/occasion\/fardeleuses-formeuses-de-barquettes-occasion\/fardeleuse-smi-sk-600f\/#primaryimage\",\"url\":\"https:\/\/cdn.bbmpackaging.com\/wp-content\/uploads\/2025\/03\/fardellatrice-smi-sk-600-f-bbm-packaging.png\",\"contentUrl\":\"https:\/\/cdn.bbmpackaging.com\/wp-content\/uploads\/2025\/03\/fardellatrice-smi-sk-600-f-bbm-packaging.png\",\"width\":1440,\"height\":1080,\"caption\":\"Acquista la fardellatrice SMI SK 600F usata, revisionata e garantita. Per bottiglie in PET o vetro su tre piste. Guarda il video\"},{\"@type\":\"BreadcrumbList\",\"@id\":\"https:\/\/www.bbmpackaging.com\/fr\/machines\/occasion\/fardeleuses-formeuses-de-barquettes-occasion\/fardeleuse-smi-sk-600f\/#breadcrumb\",\"itemListElement\":[{\"@type\":\"ListItem\",\"position\":1,\"name\":\"Home\",\"item\":\"https:\/\/www.bbmpackaging.com\/fr\/\"},{\"@type\":\"ListItem\",\"position\":2,\"name\":\"Produits\",\"item\":\"https:\/\/www.bbmpackaging.com\/fr\/produits\/\"},{\"@type\":\"ListItem\",\"position\":3,\"name\":\"Machines d\u2019occasion\",\"item\":\"https:\/\/www.bbmpackaging.com\/fr\/machines\/occasion\/\"},{\"@type\":\"ListItem\",\"position\":4,\"name\":\"Fardeleuse et formeuses de barquettes\",\"item\":\"https:\/\/www.bbmpackaging.com\/fr\/machines\/fardeleuses-formeuses-de-barquettes-occasion\/\"},{\"@type\":\"ListItem\",\"position\":5,\"name\":\"Fardeleuse SMI SK 600F\"}]},{\"@type\":\"WebSite\",\"@id\":\"https:\/\/www.bbmpackaging.com\/fr\/#website\",\"url\":\"https:\/\/www.bbmpackaging.com\/fr\/\",\"name\":\"BBM Packaging\",\"description\":\"Imbottigliamento: macchinari manutenzione e much more\",\"potentialAction\":[{\"@type\":\"SearchAction\",\"target\":{\"@type\":\"EntryPoint\",\"urlTemplate\":\"https:\/\/www.bbmpackaging.com\/fr\/?s={search_term_string}\"},\"query-input\":{\"@type\":\"PropertyValueSpecification\",\"valueRequired\":true,\"valueName\":\"search_term_string\"}}],\"inLanguage\":\"fr-FR\"}]}<\/script>\n<!-- \/ Yoast SEO plugin. -->","yoast_head_json":{"title":"Fardeleuse SMI SK 600F - BBM Packaging","description":"Achetez la fardelleuse SMI SK 600F d'occasion, r\u00e9vis\u00e9e et garantie. Pour des bouteilles en PET ou en verre sur trois pistes. Regardez la vid\u00e9o","robots":{"index":"index","follow":"follow","max-snippet":"max-snippet:-1","max-image-preview":"max-image-preview:large","max-video-preview":"max-video-preview:-1"},"canonical":"https:\/\/www.bbmpackaging.com\/fr\/machines\/occasion\/fardeleuses-formeuses-de-barquettes-occasion\/fardeleuse-smi-sk-600f\/","og_locale":"fr_FR","og_type":"article","og_title":"Fardeleuse SMI SK 600F - BBM Packaging","og_description":"Achetez la fardelleuse SMI SK 600F d'occasion, r\u00e9vis\u00e9e et garantie. Pour des bouteilles en PET ou en verre sur trois pistes. Regardez la vid\u00e9o","og_url":"https:\/\/www.bbmpackaging.com\/fr\/machines\/occasion\/fardeleuses-formeuses-de-barquettes-occasion\/fardeleuse-smi-sk-600f\/","og_site_name":"BBM Packaging","article_modified_time":"2026-03-04T07:18:50+00:00","og_image":[{"width":1440,"height":1080,"url":"https:\/\/www.bbmpackaging.com\/wp-content\/uploads\/2025\/03\/fardeleuse-smi-sk-600-f-bbm-packaging.jpg","type":"image\/jpeg"}],"twitter_card":"summary_large_image","twitter_misc":{"Dur\u00e9e de lecture estim\u00e9e":"1 minute"},"schema":{"@context":"https:\/\/schema.org","@graph":[{"@type":"WebPage","@id":"https:\/\/www.bbmpackaging.com\/fr\/machines\/occasion\/fardeleuses-formeuses-de-barquettes-occasion\/fardeleuse-smi-sk-600f\/","url":"https:\/\/www.bbmpackaging.com\/fr\/machines\/occasion\/fardeleuses-formeuses-de-barquettes-occasion\/fardeleuse-smi-sk-600f\/","name":"Fardeleuse SMI SK 600F - BBM Packaging","isPartOf":{"@id":"https:\/\/www.bbmpackaging.com\/fr\/#website"},"primaryImageOfPage":{"@id":"https:\/\/www.bbmpackaging.com\/fr\/machines\/occasion\/fardeleuses-formeuses-de-barquettes-occasion\/fardeleuse-smi-sk-600f\/#primaryimage"},"image":{"@id":"https:\/\/www.bbmpackaging.com\/fr\/machines\/occasion\/fardeleuses-formeuses-de-barquettes-occasion\/fardeleuse-smi-sk-600f\/#primaryimage"},"thumbnailUrl":"https:\/\/cdn.bbmpackaging.com\/wp-content\/uploads\/2025\/03\/fardellatrice-smi-sk-600-f-bbm-packaging.png","datePublished":"2025-03-21T10:06:41+00:00","dateModified":"2026-03-04T07:18:50+00:00","description":"Achetez la fardelleuse SMI SK 600F d'occasion, r\u00e9vis\u00e9e et garantie. Pour des bouteilles en PET ou en verre sur trois pistes. Regardez la vid\u00e9o","breadcrumb":{"@id":"https:\/\/www.bbmpackaging.com\/fr\/machines\/occasion\/fardeleuses-formeuses-de-barquettes-occasion\/fardeleuse-smi-sk-600f\/#breadcrumb"},"inLanguage":"fr-FR","potentialAction":[{"@type":"ReadAction","target":["https:\/\/www.bbmpackaging.com\/fr\/machines\/occasion\/fardeleuses-formeuses-de-barquettes-occasion\/fardeleuse-smi-sk-600f\/"]}]},{"@type":"ImageObject","inLanguage":"fr-FR","@id":"https:\/\/www.bbmpackaging.com\/fr\/machines\/occasion\/fardeleuses-formeuses-de-barquettes-occasion\/fardeleuse-smi-sk-600f\/#primaryimage","url":"https:\/\/cdn.bbmpackaging.com\/wp-content\/uploads\/2025\/03\/fardellatrice-smi-sk-600-f-bbm-packaging.png","contentUrl":"https:\/\/cdn.bbmpackaging.com\/wp-content\/uploads\/2025\/03\/fardellatrice-smi-sk-600-f-bbm-packaging.png","width":1440,"height":1080,"caption":"Acquista la fardellatrice SMI SK 600F usata, revisionata e garantita. Per bottiglie in PET o vetro su tre piste. Guarda il video"},{"@type":"BreadcrumbList","@id":"https:\/\/www.bbmpackaging.com\/fr\/machines\/occasion\/fardeleuses-formeuses-de-barquettes-occasion\/fardeleuse-smi-sk-600f\/#breadcrumb","itemListElement":[{"@type":"ListItem","position":1,"name":"Home","item":"https:\/\/www.bbmpackaging.com\/fr\/"},{"@type":"ListItem","position":2,"name":"Produits","item":"https:\/\/www.bbmpackaging.com\/fr\/produits\/"},{"@type":"ListItem","position":3,"name":"Machines d\u2019occasion","item":"https:\/\/www.bbmpackaging.com\/fr\/machines\/occasion\/"},{"@type":"ListItem","position":4,"name":"Fardeleuse et formeuses de barquettes","item":"https:\/\/www.bbmpackaging.com\/fr\/machines\/fardeleuses-formeuses-de-barquettes-occasion\/"},{"@type":"ListItem","position":5,"name":"Fardeleuse SMI SK 600F"}]},{"@type":"WebSite","@id":"https:\/\/www.bbmpackaging.com\/fr\/#website","url":"https:\/\/www.bbmpackaging.com\/fr\/","name":"BBM Packaging","description":"Imbottigliamento: macchinari manutenzione e much more","potentialAction":[{"@type":"SearchAction","target":{"@type":"EntryPoint","urlTemplate":"https:\/\/www.bbmpackaging.com\/fr\/?s={search_term_string}"},"query-input":{"@type":"PropertyValueSpecification","valueRequired":true,"valueName":"search_term_string"}}],"inLanguage":"fr-FR"}]}},"_links":{"self":[{"href":"https:\/\/www.bbmpackaging.com\/fr\/wp-json\/wp\/v2\/product\/49829","targetHints":{"allow":["GET"]}}],"collection":[{"href":"https:\/\/www.bbmpackaging.com\/fr\/wp-json\/wp\/v2\/product"}],"about":[{"href":"https:\/\/www.bbmpackaging.com\/fr\/wp-json\/wp\/v2\/types\/product"}],"replies":[{"embeddable":true,"href":"https:\/\/www.bbmpackaging.com\/fr\/wp-json\/wp\/v2\/comments?post=49829"}],"wp:featuredmedia":[{"embeddable":true,"href":"https:\/\/www.bbmpackaging.com\/fr\/wp-json\/wp\/v2\/media\/49750"}],"wp:attachment":[{"href":"https:\/\/www.bbmpackaging.com\/fr\/wp-json\/wp\/v2\/media?parent=49829"}],"wp:term":[{"taxonomy":"brand","embeddable":true,"href":"https:\/\/www.bbmpackaging.com\/fr\/wp-json\/wp\/v2\/brand?post=49829"},{"taxonomy":"product_brand","embeddable":true,"href":"https:\/\/www.bbmpackaging.com\/fr\/wp-json\/wp\/v2\/product_brand?post=49829"},{"taxonomy":"product_cat","embeddable":true,"href":"https:\/\/www.bbmpackaging.com\/fr\/wp-json\/wp\/v2\/product_cat?post=49829"},{"taxonomy":"product_tag","embeddable":true,"href":"https:\/\/www.bbmpackaging.com\/fr\/wp-json\/wp\/v2\/product_tag?post=49829"}],"curies":[{"name":"wp","href":"https:\/\/api.w.org\/{rel}","templated":true}]}}