{"id":50391,"date":"2025-04-09T10:09:07","date_gmt":"2025-04-09T08:09:07","guid":{"rendered":"https:\/\/www.bbmpackaging.com\/?post_type=product&#038;p=50391"},"modified":"2026-02-02T16:20:41","modified_gmt":"2026-02-02T15:20:41","slug":"capsuleuse-arol-8-tetes","status":"publish","type":"product","link":"https:\/\/www.bbmpackaging.com\/fr\/machines\/occasion\/capsuleuses-occasion\/capsuleuse-arol-8-tetes\/","title":{"rendered":"Capsuleuse AROL 8 t\u00eates"},"content":{"rendered":"<p>Capsuleuse AROL d\u2019occasion et r\u00e9vis\u00e9e. Capsule jusqu\u2019\u00e0 16 000 bph. Id\u00e9ale pour les bouteilles en PET, la capsuleuse AROL est \u00e9quip\u00e9e d\u2019un \u00e9l\u00e9vateur de capsules. D\u00e9couvrez-la d\u00e8s maintenant dans notre showroom \u00e0 Lenna.<\/p>\n","protected":false},"excerpt":{"rendered":"<p>Capsuleuse AROL 8 t\u00eates d&rsquo;occasion, r\u00e9vis\u00e9e et garantie<\/p>\n","protected":false},"featured_media":50310,"comment_status":"closed","ping_status":"closed","template":"","meta":{"_acf_changed":false},"brand":[7452],"product_brand":[],"product_cat":[1102,1106,4448],"product_tag":[],"class_list":{"0":"post-50391","1":"product","2":"type-product","3":"status-publish","4":"has-post-thumbnail","6":"brand-arol","7":"product_cat-machines","8":"product_cat-occasion","9":"product_cat-capsuleuses-occasion","11":"first","12":"instock","13":"shipping-taxable","14":"product-type-simple"},"acf":[],"yoast_head":"<!-- This site is optimized with the Yoast SEO plugin v27.2 - https:\/\/yoast.com\/product\/yoast-seo-wordpress\/ -->\n<title>Capsuleuse AROL 8 t\u00eates - BBM Packaging<\/title>\n<meta name=\"description\" content=\"D\u00e9couvrez notre capsuleuse AROL 8 t\u00eates d\u2019occasion, r\u00e9vis\u00e9e et garantie. \u00c9galement disponible en version \u00ab\u00a0vue et approuv\u00e9e\u00a0\u00bb . Consultez la galerie.\" \/>\n<meta name=\"robots\" content=\"index, follow, max-snippet:-1, max-image-preview:large, max-video-preview:-1\" \/>\n<link rel=\"canonical\" href=\"https:\/\/www.bbmpackaging.com\/fr\/machines\/occasion\/capsuleuses-occasion\/capsuleuse-arol-8-tetes\/\" \/>\n<meta property=\"og:locale\" content=\"fr_FR\" \/>\n<meta property=\"og:type\" content=\"article\" \/>\n<meta property=\"og:title\" content=\"Capsuleuse AROL 8 t\u00eates - BBM Packaging\" \/>\n<meta property=\"og:description\" content=\"D\u00e9couvrez notre capsuleuse AROL 8 t\u00eates d\u2019occasion, r\u00e9vis\u00e9e et garantie. \u00c9galement disponible en version \u00ab\u00a0vue et approuv\u00e9e\u00a0\u00bb . Consultez la galerie.\" \/>\n<meta property=\"og:url\" content=\"https:\/\/www.bbmpackaging.com\/fr\/machines\/occasion\/capsuleuses-occasion\/capsuleuse-arol-8-tetes\/\" \/>\n<meta property=\"og:site_name\" content=\"BBM Packaging\" \/>\n<meta property=\"article:modified_time\" content=\"2026-02-02T15:20:41+00:00\" \/>\n<meta property=\"og:image\" content=\"https:\/\/cdn.bbmpackaging.com\/wp-content\/uploads\/2025\/04\/capping-machine-arol-8-heads-bbm-packaging.jpg\" \/>\n\t<meta property=\"og:image:width\" content=\"1024\" \/>\n\t<meta property=\"og:image:height\" content=\"768\" \/>\n\t<meta property=\"og:image:type\" content=\"image\/jpeg\" \/>\n<meta name=\"twitter:card\" content=\"summary_large_image\" \/>\n<meta name=\"twitter:label1\" content=\"Dur\u00e9e de lecture estim\u00e9e\" \/>\n\t<meta name=\"twitter:data1\" content=\"1 minute\" \/>\n<script type=\"application\/ld+json\" class=\"yoast-schema-graph\">{\"@context\":\"https:\/\/schema.org\",\"@graph\":[{\"@type\":\"WebPage\",\"@id\":\"https:\/\/www.bbmpackaging.com\/fr\/machines\/occasion\/capsuleuses-occasion\/capsuleuse-arol-8-tetes\/\",\"url\":\"https:\/\/www.bbmpackaging.com\/fr\/machines\/occasion\/capsuleuses-occasion\/capsuleuse-arol-8-tetes\/\",\"name\":\"Capsuleuse AROL 8 t\u00eates - BBM Packaging\",\"isPartOf\":{\"@id\":\"https:\/\/www.bbmpackaging.com\/fr\/#website\"},\"primaryImageOfPage\":{\"@id\":\"https:\/\/www.bbmpackaging.com\/fr\/machines\/occasion\/capsuleuses-occasion\/capsuleuse-arol-8-tetes\/#primaryimage\"},\"image\":{\"@id\":\"https:\/\/www.bbmpackaging.com\/fr\/machines\/occasion\/capsuleuses-occasion\/capsuleuse-arol-8-tetes\/#primaryimage\"},\"thumbnailUrl\":\"https:\/\/cdn.bbmpackaging.com\/wp-content\/uploads\/2025\/04\/capping-machine-arol-8-heads-bbm-packaging.jpg\",\"datePublished\":\"2025-04-09T08:09:07+00:00\",\"dateModified\":\"2026-02-02T15:20:41+00:00\",\"description\":\"D\u00e9couvrez notre capsuleuse AROL 8 t\u00eates d\u2019occasion, r\u00e9vis\u00e9e et garantie. \u00c9galement disponible en version \u00ab\u00a0vue et approuv\u00e9e\u00a0\u00bb . Consultez la galerie.\",\"breadcrumb\":{\"@id\":\"https:\/\/www.bbmpackaging.com\/fr\/machines\/occasion\/capsuleuses-occasion\/capsuleuse-arol-8-tetes\/#breadcrumb\"},\"inLanguage\":\"fr-FR\",\"potentialAction\":[{\"@type\":\"ReadAction\",\"target\":[\"https:\/\/www.bbmpackaging.com\/fr\/machines\/occasion\/capsuleuses-occasion\/capsuleuse-arol-8-tetes\/\"]}]},{\"@type\":\"ImageObject\",\"inLanguage\":\"fr-FR\",\"@id\":\"https:\/\/www.bbmpackaging.com\/fr\/machines\/occasion\/capsuleuses-occasion\/capsuleuse-arol-8-tetes\/#primaryimage\",\"url\":\"https:\/\/cdn.bbmpackaging.com\/wp-content\/uploads\/2025\/04\/capping-machine-arol-8-heads-bbm-packaging.jpg\",\"contentUrl\":\"https:\/\/cdn.bbmpackaging.com\/wp-content\/uploads\/2025\/04\/capping-machine-arol-8-heads-bbm-packaging.jpg\",\"width\":1024,\"height\":768,\"caption\":\"Discover our 8-head AROL capping machine \u2013 used, overhauled, and guaranteed. Also available \u201cas is\u201d and with spare parts. Check out the gallery.\"},{\"@type\":\"BreadcrumbList\",\"@id\":\"https:\/\/www.bbmpackaging.com\/fr\/machines\/occasion\/capsuleuses-occasion\/capsuleuse-arol-8-tetes\/#breadcrumb\",\"itemListElement\":[{\"@type\":\"ListItem\",\"position\":1,\"name\":\"Home\",\"item\":\"https:\/\/www.bbmpackaging.com\/fr\/\"},{\"@type\":\"ListItem\",\"position\":2,\"name\":\"Produits\",\"item\":\"https:\/\/www.bbmpackaging.com\/fr\/produits\/\"},{\"@type\":\"ListItem\",\"position\":3,\"name\":\"Machines d\u2019occasion\",\"item\":\"https:\/\/www.bbmpackaging.com\/fr\/machines\/occasion\/\"},{\"@type\":\"ListItem\",\"position\":4,\"name\":\"Capsuleuses\",\"item\":\"https:\/\/www.bbmpackaging.com\/fr\/machines\/capsuleuses-occasion\/\"},{\"@type\":\"ListItem\",\"position\":5,\"name\":\"Capsuleuse AROL 8 t\u00eates\"}]},{\"@type\":\"WebSite\",\"@id\":\"https:\/\/www.bbmpackaging.com\/fr\/#website\",\"url\":\"https:\/\/www.bbmpackaging.com\/fr\/\",\"name\":\"BBM Packaging\",\"description\":\"Imbottigliamento: macchinari manutenzione e much more\",\"potentialAction\":[{\"@type\":\"SearchAction\",\"target\":{\"@type\":\"EntryPoint\",\"urlTemplate\":\"https:\/\/www.bbmpackaging.com\/fr\/?s={search_term_string}\"},\"query-input\":{\"@type\":\"PropertyValueSpecification\",\"valueRequired\":true,\"valueName\":\"search_term_string\"}}],\"inLanguage\":\"fr-FR\"}]}<\/script>\n<!-- \/ Yoast SEO plugin. -->","yoast_head_json":{"title":"Capsuleuse AROL 8 t\u00eates - BBM Packaging","description":"D\u00e9couvrez notre capsuleuse AROL 8 t\u00eates d\u2019occasion, r\u00e9vis\u00e9e et garantie. \u00c9galement disponible en version \u00ab\u00a0vue et approuv\u00e9e\u00a0\u00bb . Consultez la galerie.","robots":{"index":"index","follow":"follow","max-snippet":"max-snippet:-1","max-image-preview":"max-image-preview:large","max-video-preview":"max-video-preview:-1"},"canonical":"https:\/\/www.bbmpackaging.com\/fr\/machines\/occasion\/capsuleuses-occasion\/capsuleuse-arol-8-tetes\/","og_locale":"fr_FR","og_type":"article","og_title":"Capsuleuse AROL 8 t\u00eates - BBM Packaging","og_description":"D\u00e9couvrez notre capsuleuse AROL 8 t\u00eates d\u2019occasion, r\u00e9vis\u00e9e et garantie. \u00c9galement disponible en version \u00ab\u00a0vue et approuv\u00e9e\u00a0\u00bb . Consultez la galerie.","og_url":"https:\/\/www.bbmpackaging.com\/fr\/machines\/occasion\/capsuleuses-occasion\/capsuleuse-arol-8-tetes\/","og_site_name":"BBM Packaging","article_modified_time":"2026-02-02T15:20:41+00:00","og_image":[{"width":1024,"height":768,"url":"https:\/\/cdn.bbmpackaging.com\/wp-content\/uploads\/2025\/04\/capping-machine-arol-8-heads-bbm-packaging.jpg","type":"image\/jpeg"}],"twitter_card":"summary_large_image","twitter_misc":{"Dur\u00e9e de lecture estim\u00e9e":"1 minute"},"schema":{"@context":"https:\/\/schema.org","@graph":[{"@type":"WebPage","@id":"https:\/\/www.bbmpackaging.com\/fr\/machines\/occasion\/capsuleuses-occasion\/capsuleuse-arol-8-tetes\/","url":"https:\/\/www.bbmpackaging.com\/fr\/machines\/occasion\/capsuleuses-occasion\/capsuleuse-arol-8-tetes\/","name":"Capsuleuse AROL 8 t\u00eates - BBM Packaging","isPartOf":{"@id":"https:\/\/www.bbmpackaging.com\/fr\/#website"},"primaryImageOfPage":{"@id":"https:\/\/www.bbmpackaging.com\/fr\/machines\/occasion\/capsuleuses-occasion\/capsuleuse-arol-8-tetes\/#primaryimage"},"image":{"@id":"https:\/\/www.bbmpackaging.com\/fr\/machines\/occasion\/capsuleuses-occasion\/capsuleuse-arol-8-tetes\/#primaryimage"},"thumbnailUrl":"https:\/\/cdn.bbmpackaging.com\/wp-content\/uploads\/2025\/04\/capping-machine-arol-8-heads-bbm-packaging.jpg","datePublished":"2025-04-09T08:09:07+00:00","dateModified":"2026-02-02T15:20:41+00:00","description":"D\u00e9couvrez notre capsuleuse AROL 8 t\u00eates d\u2019occasion, r\u00e9vis\u00e9e et garantie. \u00c9galement disponible en version \u00ab\u00a0vue et approuv\u00e9e\u00a0\u00bb . Consultez la galerie.","breadcrumb":{"@id":"https:\/\/www.bbmpackaging.com\/fr\/machines\/occasion\/capsuleuses-occasion\/capsuleuse-arol-8-tetes\/#breadcrumb"},"inLanguage":"fr-FR","potentialAction":[{"@type":"ReadAction","target":["https:\/\/www.bbmpackaging.com\/fr\/machines\/occasion\/capsuleuses-occasion\/capsuleuse-arol-8-tetes\/"]}]},{"@type":"ImageObject","inLanguage":"fr-FR","@id":"https:\/\/www.bbmpackaging.com\/fr\/machines\/occasion\/capsuleuses-occasion\/capsuleuse-arol-8-tetes\/#primaryimage","url":"https:\/\/cdn.bbmpackaging.com\/wp-content\/uploads\/2025\/04\/capping-machine-arol-8-heads-bbm-packaging.jpg","contentUrl":"https:\/\/cdn.bbmpackaging.com\/wp-content\/uploads\/2025\/04\/capping-machine-arol-8-heads-bbm-packaging.jpg","width":1024,"height":768,"caption":"Discover our 8-head AROL capping machine \u2013 used, overhauled, and guaranteed. Also available \u201cas is\u201d and with spare parts. Check out the gallery."},{"@type":"BreadcrumbList","@id":"https:\/\/www.bbmpackaging.com\/fr\/machines\/occasion\/capsuleuses-occasion\/capsuleuse-arol-8-tetes\/#breadcrumb","itemListElement":[{"@type":"ListItem","position":1,"name":"Home","item":"https:\/\/www.bbmpackaging.com\/fr\/"},{"@type":"ListItem","position":2,"name":"Produits","item":"https:\/\/www.bbmpackaging.com\/fr\/produits\/"},{"@type":"ListItem","position":3,"name":"Machines d\u2019occasion","item":"https:\/\/www.bbmpackaging.com\/fr\/machines\/occasion\/"},{"@type":"ListItem","position":4,"name":"Capsuleuses","item":"https:\/\/www.bbmpackaging.com\/fr\/machines\/capsuleuses-occasion\/"},{"@type":"ListItem","position":5,"name":"Capsuleuse AROL 8 t\u00eates"}]},{"@type":"WebSite","@id":"https:\/\/www.bbmpackaging.com\/fr\/#website","url":"https:\/\/www.bbmpackaging.com\/fr\/","name":"BBM Packaging","description":"Imbottigliamento: macchinari manutenzione e much more","potentialAction":[{"@type":"SearchAction","target":{"@type":"EntryPoint","urlTemplate":"https:\/\/www.bbmpackaging.com\/fr\/?s={search_term_string}"},"query-input":{"@type":"PropertyValueSpecification","valueRequired":true,"valueName":"search_term_string"}}],"inLanguage":"fr-FR"}]}},"_links":{"self":[{"href":"https:\/\/www.bbmpackaging.com\/fr\/wp-json\/wp\/v2\/product\/50391","targetHints":{"allow":["GET"]}}],"collection":[{"href":"https:\/\/www.bbmpackaging.com\/fr\/wp-json\/wp\/v2\/product"}],"about":[{"href":"https:\/\/www.bbmpackaging.com\/fr\/wp-json\/wp\/v2\/types\/product"}],"replies":[{"embeddable":true,"href":"https:\/\/www.bbmpackaging.com\/fr\/wp-json\/wp\/v2\/comments?post=50391"}],"wp:featuredmedia":[{"embeddable":true,"href":"https:\/\/www.bbmpackaging.com\/fr\/wp-json\/wp\/v2\/media\/50310"}],"wp:attachment":[{"href":"https:\/\/www.bbmpackaging.com\/fr\/wp-json\/wp\/v2\/media?parent=50391"}],"wp:term":[{"taxonomy":"brand","embeddable":true,"href":"https:\/\/www.bbmpackaging.com\/fr\/wp-json\/wp\/v2\/brand?post=50391"},{"taxonomy":"product_brand","embeddable":true,"href":"https:\/\/www.bbmpackaging.com\/fr\/wp-json\/wp\/v2\/product_brand?post=50391"},{"taxonomy":"product_cat","embeddable":true,"href":"https:\/\/www.bbmpackaging.com\/fr\/wp-json\/wp\/v2\/product_cat?post=50391"},{"taxonomy":"product_tag","embeddable":true,"href":"https:\/\/www.bbmpackaging.com\/fr\/wp-json\/wp\/v2\/product_tag?post=50391"}],"curies":[{"name":"wp","href":"https:\/\/api.w.org\/{rel}","templated":true}]}}