{"id":50721,"date":"2025-04-09T09:57:35","date_gmt":"2025-04-09T07:57:35","guid":{"rendered":"https:\/\/www.bbmpackaging.com\/?post_type=product&#038;p=50721"},"modified":"2026-02-05T12:33:19","modified_gmt":"2026-02-05T11:33:19","slug":"etiqueteuse-krones-contiroll","status":"publish","type":"product","link":"https:\/\/www.bbmpackaging.com\/fr\/machines\/occasion\/etiqueteuses-occasion\/etiqueteuse-krones-contiroll\/","title":{"rendered":"\u00c9tiqueteuse KRONES Contiroll"},"content":{"rendered":"<p>\u00c9tiqueteuse KRONES Contiroll de 1998, d\u2019occasion et r\u00e9vis\u00e9e. Capacit\u00e9 de production : 12 000 bph. Parfaite pour l\u2019\u00e9tiquetage de bouteilles en PET avec des \u00e9tiquettes OPP \u2013 application \u00e0 chaud. Disponible en version d\u2019occasion, r\u00e9vis\u00e9e et garantie, ou vendue en l\u2019\u00e9tat. \u00c9quip\u00e9e d\u2019un automate Siemens.<\/p>\n","protected":false},"excerpt":{"rendered":"<p>\u00c9tiqueteuse KRONES Contiroll d&rsquo;occasion, r\u00e9vis\u00e9e et garantie<\/p>\n","protected":false},"featured_media":50722,"comment_status":"closed","ping_status":"closed","template":"","meta":{"_acf_changed":false},"brand":[7449],"product_brand":[],"product_cat":[1102,1106,1116],"product_tag":[],"class_list":{"0":"post-50721","1":"product","2":"type-product","3":"status-publish","4":"has-post-thumbnail","6":"brand-krones","7":"product_cat-machines","8":"product_cat-occasion","9":"product_cat-etiqueteuses-occasion","11":"first","12":"instock","13":"shipping-taxable","14":"product-type-simple"},"acf":[],"yoast_head":"<!-- This site is optimized with the Yoast SEO plugin v27.2 - https:\/\/yoast.com\/product\/yoast-seo-wordpress\/ -->\n<title>\u00c9tiqueteuse KRONES Contiroll - BBM Packaging<\/title>\n<meta name=\"description\" content=\"\u00c9tiqueteuse KRONES Contiroll avec une capacit\u00e9 de production de 12 000 bph. Id\u00e9ale pour l\u2019\u00e9tiquetage de bouteilles en PET avec OPP. D\u00e9couvrez la galerie.\" \/>\n<meta name=\"robots\" content=\"index, follow, max-snippet:-1, max-image-preview:large, max-video-preview:-1\" \/>\n<link rel=\"canonical\" href=\"https:\/\/www.bbmpackaging.com\/fr\/machines\/occasion\/etiqueteuses-occasion\/etiqueteuse-krones-contiroll\/\" \/>\n<meta property=\"og:locale\" content=\"fr_FR\" \/>\n<meta property=\"og:type\" content=\"article\" \/>\n<meta property=\"og:title\" content=\"\u00c9tiqueteuse KRONES Contiroll - BBM Packaging\" \/>\n<meta property=\"og:description\" content=\"\u00c9tiqueteuse KRONES Contiroll avec une capacit\u00e9 de production de 12 000 bph. Id\u00e9ale pour l\u2019\u00e9tiquetage de bouteilles en PET avec OPP. D\u00e9couvrez la galerie.\" \/>\n<meta property=\"og:url\" content=\"https:\/\/www.bbmpackaging.com\/fr\/machines\/occasion\/etiqueteuses-occasion\/etiqueteuse-krones-contiroll\/\" \/>\n<meta property=\"og:site_name\" content=\"BBM Packaging\" \/>\n<meta property=\"article:modified_time\" content=\"2026-02-05T11:33:19+00:00\" \/>\n<meta property=\"og:image\" content=\"https:\/\/cdn.bbmpackaging.com\/wp-content\/uploads\/2025\/04\/etiqueteuse-krones-Contiroll-BBM-Packaging-1.jpg\" \/>\n\t<meta property=\"og:image:width\" content=\"1024\" \/>\n\t<meta property=\"og:image:height\" content=\"768\" \/>\n\t<meta property=\"og:image:type\" content=\"image\/jpeg\" \/>\n<meta name=\"twitter:card\" content=\"summary_large_image\" \/>\n<meta name=\"twitter:label1\" content=\"Dur\u00e9e de lecture estim\u00e9e\" \/>\n\t<meta name=\"twitter:data1\" content=\"1 minute\" \/>\n<script type=\"application\/ld+json\" class=\"yoast-schema-graph\">{\"@context\":\"https:\/\/schema.org\",\"@graph\":[{\"@type\":\"WebPage\",\"@id\":\"https:\/\/www.bbmpackaging.com\/fr\/machines\/occasion\/etiqueteuses-occasion\/etiqueteuse-krones-contiroll\/\",\"url\":\"https:\/\/www.bbmpackaging.com\/fr\/machines\/occasion\/etiqueteuses-occasion\/etiqueteuse-krones-contiroll\/\",\"name\":\"\u00c9tiqueteuse KRONES Contiroll - BBM Packaging\",\"isPartOf\":{\"@id\":\"https:\/\/www.bbmpackaging.com\/fr\/#website\"},\"primaryImageOfPage\":{\"@id\":\"https:\/\/www.bbmpackaging.com\/fr\/machines\/occasion\/etiqueteuses-occasion\/etiqueteuse-krones-contiroll\/#primaryimage\"},\"image\":{\"@id\":\"https:\/\/www.bbmpackaging.com\/fr\/machines\/occasion\/etiqueteuses-occasion\/etiqueteuse-krones-contiroll\/#primaryimage\"},\"thumbnailUrl\":\"https:\/\/cdn.bbmpackaging.com\/wp-content\/uploads\/2025\/04\/etiqueteuse-krones-Contiroll-BBM-Packaging-1.jpg\",\"datePublished\":\"2025-04-09T07:57:35+00:00\",\"dateModified\":\"2026-02-05T11:33:19+00:00\",\"description\":\"\u00c9tiqueteuse KRONES Contiroll avec une capacit\u00e9 de production de 12 000 bph. Id\u00e9ale pour l\u2019\u00e9tiquetage de bouteilles en PET avec OPP. D\u00e9couvrez la galerie.\",\"breadcrumb\":{\"@id\":\"https:\/\/www.bbmpackaging.com\/fr\/machines\/occasion\/etiqueteuses-occasion\/etiqueteuse-krones-contiroll\/#breadcrumb\"},\"inLanguage\":\"fr-FR\",\"potentialAction\":[{\"@type\":\"ReadAction\",\"target\":[\"https:\/\/www.bbmpackaging.com\/fr\/machines\/occasion\/etiqueteuses-occasion\/etiqueteuse-krones-contiroll\/\"]}]},{\"@type\":\"ImageObject\",\"inLanguage\":\"fr-FR\",\"@id\":\"https:\/\/www.bbmpackaging.com\/fr\/machines\/occasion\/etiqueteuses-occasion\/etiqueteuse-krones-contiroll\/#primaryimage\",\"url\":\"https:\/\/cdn.bbmpackaging.com\/wp-content\/uploads\/2025\/04\/etiqueteuse-krones-Contiroll-BBM-Packaging-1.jpg\",\"contentUrl\":\"https:\/\/cdn.bbmpackaging.com\/wp-content\/uploads\/2025\/04\/etiqueteuse-krones-Contiroll-BBM-Packaging-1.jpg\",\"width\":1024,\"height\":768,\"caption\":\"\u00c9tiqueteuse KRONES Contiroll avec une capacit\u00e9 de production de 12 000 bph. Id\u00e9ale pour l\u2019\u00e9tiquetage de bouteilles en PET avec OPP. D\u00e9couvrez la galerie.\"},{\"@type\":\"BreadcrumbList\",\"@id\":\"https:\/\/www.bbmpackaging.com\/fr\/machines\/occasion\/etiqueteuses-occasion\/etiqueteuse-krones-contiroll\/#breadcrumb\",\"itemListElement\":[{\"@type\":\"ListItem\",\"position\":1,\"name\":\"Home\",\"item\":\"https:\/\/www.bbmpackaging.com\/fr\/\"},{\"@type\":\"ListItem\",\"position\":2,\"name\":\"Produits\",\"item\":\"https:\/\/www.bbmpackaging.com\/fr\/produits\/\"},{\"@type\":\"ListItem\",\"position\":3,\"name\":\"Machines d\u2019occasion\",\"item\":\"https:\/\/www.bbmpackaging.com\/fr\/machines\/occasion\/\"},{\"@type\":\"ListItem\",\"position\":4,\"name\":\"\u00c9tiqueteuse\",\"item\":\"https:\/\/www.bbmpackaging.com\/fr\/machines\/etiqueteuses-occasion\/\"},{\"@type\":\"ListItem\",\"position\":5,\"name\":\"\u00c9tiqueteuse KRONES Contiroll\"}]},{\"@type\":\"WebSite\",\"@id\":\"https:\/\/www.bbmpackaging.com\/fr\/#website\",\"url\":\"https:\/\/www.bbmpackaging.com\/fr\/\",\"name\":\"BBM Packaging\",\"description\":\"Imbottigliamento: macchinari manutenzione e much more\",\"potentialAction\":[{\"@type\":\"SearchAction\",\"target\":{\"@type\":\"EntryPoint\",\"urlTemplate\":\"https:\/\/www.bbmpackaging.com\/fr\/?s={search_term_string}\"},\"query-input\":{\"@type\":\"PropertyValueSpecification\",\"valueRequired\":true,\"valueName\":\"search_term_string\"}}],\"inLanguage\":\"fr-FR\"}]}<\/script>\n<!-- \/ Yoast SEO plugin. -->","yoast_head_json":{"title":"\u00c9tiqueteuse KRONES Contiroll - BBM Packaging","description":"\u00c9tiqueteuse KRONES Contiroll avec une capacit\u00e9 de production de 12 000 bph. Id\u00e9ale pour l\u2019\u00e9tiquetage de bouteilles en PET avec OPP. D\u00e9couvrez la galerie.","robots":{"index":"index","follow":"follow","max-snippet":"max-snippet:-1","max-image-preview":"max-image-preview:large","max-video-preview":"max-video-preview:-1"},"canonical":"https:\/\/www.bbmpackaging.com\/fr\/machines\/occasion\/etiqueteuses-occasion\/etiqueteuse-krones-contiroll\/","og_locale":"fr_FR","og_type":"article","og_title":"\u00c9tiqueteuse KRONES Contiroll - BBM Packaging","og_description":"\u00c9tiqueteuse KRONES Contiroll avec une capacit\u00e9 de production de 12 000 bph. Id\u00e9ale pour l\u2019\u00e9tiquetage de bouteilles en PET avec OPP. D\u00e9couvrez la galerie.","og_url":"https:\/\/www.bbmpackaging.com\/fr\/machines\/occasion\/etiqueteuses-occasion\/etiqueteuse-krones-contiroll\/","og_site_name":"BBM Packaging","article_modified_time":"2026-02-05T11:33:19+00:00","og_image":[{"width":1024,"height":768,"url":"https:\/\/cdn.bbmpackaging.com\/wp-content\/uploads\/2025\/04\/etiqueteuse-krones-Contiroll-BBM-Packaging-1.jpg","type":"image\/jpeg"}],"twitter_card":"summary_large_image","twitter_misc":{"Dur\u00e9e de lecture estim\u00e9e":"1 minute"},"schema":{"@context":"https:\/\/schema.org","@graph":[{"@type":"WebPage","@id":"https:\/\/www.bbmpackaging.com\/fr\/machines\/occasion\/etiqueteuses-occasion\/etiqueteuse-krones-contiroll\/","url":"https:\/\/www.bbmpackaging.com\/fr\/machines\/occasion\/etiqueteuses-occasion\/etiqueteuse-krones-contiroll\/","name":"\u00c9tiqueteuse KRONES Contiroll - BBM Packaging","isPartOf":{"@id":"https:\/\/www.bbmpackaging.com\/fr\/#website"},"primaryImageOfPage":{"@id":"https:\/\/www.bbmpackaging.com\/fr\/machines\/occasion\/etiqueteuses-occasion\/etiqueteuse-krones-contiroll\/#primaryimage"},"image":{"@id":"https:\/\/www.bbmpackaging.com\/fr\/machines\/occasion\/etiqueteuses-occasion\/etiqueteuse-krones-contiroll\/#primaryimage"},"thumbnailUrl":"https:\/\/cdn.bbmpackaging.com\/wp-content\/uploads\/2025\/04\/etiqueteuse-krones-Contiroll-BBM-Packaging-1.jpg","datePublished":"2025-04-09T07:57:35+00:00","dateModified":"2026-02-05T11:33:19+00:00","description":"\u00c9tiqueteuse KRONES Contiroll avec une capacit\u00e9 de production de 12 000 bph. Id\u00e9ale pour l\u2019\u00e9tiquetage de bouteilles en PET avec OPP. D\u00e9couvrez la galerie.","breadcrumb":{"@id":"https:\/\/www.bbmpackaging.com\/fr\/machines\/occasion\/etiqueteuses-occasion\/etiqueteuse-krones-contiroll\/#breadcrumb"},"inLanguage":"fr-FR","potentialAction":[{"@type":"ReadAction","target":["https:\/\/www.bbmpackaging.com\/fr\/machines\/occasion\/etiqueteuses-occasion\/etiqueteuse-krones-contiroll\/"]}]},{"@type":"ImageObject","inLanguage":"fr-FR","@id":"https:\/\/www.bbmpackaging.com\/fr\/machines\/occasion\/etiqueteuses-occasion\/etiqueteuse-krones-contiroll\/#primaryimage","url":"https:\/\/cdn.bbmpackaging.com\/wp-content\/uploads\/2025\/04\/etiqueteuse-krones-Contiroll-BBM-Packaging-1.jpg","contentUrl":"https:\/\/cdn.bbmpackaging.com\/wp-content\/uploads\/2025\/04\/etiqueteuse-krones-Contiroll-BBM-Packaging-1.jpg","width":1024,"height":768,"caption":"\u00c9tiqueteuse KRONES Contiroll avec une capacit\u00e9 de production de 12 000 bph. Id\u00e9ale pour l\u2019\u00e9tiquetage de bouteilles en PET avec OPP. D\u00e9couvrez la galerie."},{"@type":"BreadcrumbList","@id":"https:\/\/www.bbmpackaging.com\/fr\/machines\/occasion\/etiqueteuses-occasion\/etiqueteuse-krones-contiroll\/#breadcrumb","itemListElement":[{"@type":"ListItem","position":1,"name":"Home","item":"https:\/\/www.bbmpackaging.com\/fr\/"},{"@type":"ListItem","position":2,"name":"Produits","item":"https:\/\/www.bbmpackaging.com\/fr\/produits\/"},{"@type":"ListItem","position":3,"name":"Machines d\u2019occasion","item":"https:\/\/www.bbmpackaging.com\/fr\/machines\/occasion\/"},{"@type":"ListItem","position":4,"name":"\u00c9tiqueteuse","item":"https:\/\/www.bbmpackaging.com\/fr\/machines\/etiqueteuses-occasion\/"},{"@type":"ListItem","position":5,"name":"\u00c9tiqueteuse KRONES Contiroll"}]},{"@type":"WebSite","@id":"https:\/\/www.bbmpackaging.com\/fr\/#website","url":"https:\/\/www.bbmpackaging.com\/fr\/","name":"BBM Packaging","description":"Imbottigliamento: macchinari manutenzione e much more","potentialAction":[{"@type":"SearchAction","target":{"@type":"EntryPoint","urlTemplate":"https:\/\/www.bbmpackaging.com\/fr\/?s={search_term_string}"},"query-input":{"@type":"PropertyValueSpecification","valueRequired":true,"valueName":"search_term_string"}}],"inLanguage":"fr-FR"}]}},"_links":{"self":[{"href":"https:\/\/www.bbmpackaging.com\/fr\/wp-json\/wp\/v2\/product\/50721","targetHints":{"allow":["GET"]}}],"collection":[{"href":"https:\/\/www.bbmpackaging.com\/fr\/wp-json\/wp\/v2\/product"}],"about":[{"href":"https:\/\/www.bbmpackaging.com\/fr\/wp-json\/wp\/v2\/types\/product"}],"replies":[{"embeddable":true,"href":"https:\/\/www.bbmpackaging.com\/fr\/wp-json\/wp\/v2\/comments?post=50721"}],"wp:featuredmedia":[{"embeddable":true,"href":"https:\/\/www.bbmpackaging.com\/fr\/wp-json\/wp\/v2\/media\/50722"}],"wp:attachment":[{"href":"https:\/\/www.bbmpackaging.com\/fr\/wp-json\/wp\/v2\/media?parent=50721"}],"wp:term":[{"taxonomy":"brand","embeddable":true,"href":"https:\/\/www.bbmpackaging.com\/fr\/wp-json\/wp\/v2\/brand?post=50721"},{"taxonomy":"product_brand","embeddable":true,"href":"https:\/\/www.bbmpackaging.com\/fr\/wp-json\/wp\/v2\/product_brand?post=50721"},{"taxonomy":"product_cat","embeddable":true,"href":"https:\/\/www.bbmpackaging.com\/fr\/wp-json\/wp\/v2\/product_cat?post=50721"},{"taxonomy":"product_tag","embeddable":true,"href":"https:\/\/www.bbmpackaging.com\/fr\/wp-json\/wp\/v2\/product_tag?post=50721"}],"curies":[{"name":"wp","href":"https:\/\/api.w.org\/{rel}","templated":true}]}}