{"id":51581,"date":"2025-04-28T14:49:41","date_gmt":"2025-04-28T12:49:41","guid":{"rendered":"https:\/\/www.bbmpackaging.com\/?post_type=product&#038;p=51581"},"modified":"2026-02-02T16:20:50","modified_gmt":"2026-02-02T15:20:50","slug":"etichettatrice-krones-contiroll-2","status":"publish","type":"product","link":"https:\/\/www.bbmpackaging.com\/fr\/machines\/occasion\/etiqueteuses-occasion\/etichettatrice-krones-contiroll-2\/","title":{"rendered":"\u00c9tiqueteuse KRONES Contiroll"},"content":{"rendered":"<p>\u00c9tiqueteuse KRONES Contiroll d&rsquo;occasion, une solution hautement efficace pour l&rsquo;\u00e9tiquetage des bouteilles PET, avec une capacit\u00e9 de production allant jusqu&rsquo;\u00e0 13 000 bouteilles par heure (bph) en format 500 ml. Changement de format disponible.<\/p>\n<p>Le type d&rsquo;\u00e9tiquette support\u00e9 est OPP (polypropyl\u00e8ne orient\u00e9), avec application de colle chaude pour une adh\u00e9sion s\u00fbre et durable. L&rsquo;ensemble est g\u00e9r\u00e9 via un PLC Siemens avanc\u00e9, garantissant une gestion pr\u00e9cise et un contr\u00f4le optimal du processus d&rsquo;\u00e9tiquetage.<\/p>\n","protected":false},"excerpt":{"rendered":"<p>\u00c9tiqueteuse KRONES Contiroll d&rsquo;occasion avec \u00e9tiquette OPP<\/p>\n","protected":false},"featured_media":74263,"comment_status":"closed","ping_status":"closed","template":"","meta":{"_acf_changed":false},"brand":[7449],"product_brand":[],"product_cat":[1102,1106,1116],"product_tag":[],"class_list":{"0":"post-51581","1":"product","2":"type-product","3":"status-publish","4":"has-post-thumbnail","6":"brand-krones","7":"product_cat-machines","8":"product_cat-occasion","9":"product_cat-etiqueteuses-occasion","11":"first","12":"instock","13":"shipping-taxable","14":"product-type-simple"},"acf":[],"yoast_head":"<!-- This site is optimized with the Yoast SEO plugin v27.2 - https:\/\/yoast.com\/product\/yoast-seo-wordpress\/ -->\n<title>\u00c9tiqueteuse KRONES Contiroll - BBM Packaging<\/title>\n<meta name=\"description\" content=\"D\u00e9couvrez l&#039;\u00e9tiqueteuse KRONES Contiroll d&#039;occasion pour 13 000 bph, avec application d&#039;\u00e9tiquette OPP. Regardez la vid\u00e9o et les photos.\" \/>\n<meta name=\"robots\" content=\"index, follow, max-snippet:-1, max-image-preview:large, max-video-preview:-1\" \/>\n<link rel=\"canonical\" href=\"https:\/\/www.bbmpackaging.com\/fr\/machines\/occasion\/etiqueteuses-occasion\/etichettatrice-krones-contiroll-2\/\" \/>\n<meta property=\"og:locale\" content=\"fr_FR\" \/>\n<meta property=\"og:type\" content=\"article\" \/>\n<meta property=\"og:title\" content=\"\u00c9tiqueteuse KRONES Contiroll - BBM Packaging\" \/>\n<meta property=\"og:description\" content=\"D\u00e9couvrez l&#039;\u00e9tiqueteuse KRONES Contiroll d&#039;occasion pour 13 000 bph, avec application d&#039;\u00e9tiquette OPP. Regardez la vid\u00e9o et les photos.\" \/>\n<meta property=\"og:url\" content=\"https:\/\/www.bbmpackaging.com\/fr\/machines\/occasion\/etiqueteuses-occasion\/etichettatrice-krones-contiroll-2\/\" \/>\n<meta property=\"og:site_name\" content=\"BBM Packaging\" \/>\n<meta property=\"article:modified_time\" content=\"2026-02-02T15:20:50+00:00\" \/>\n<meta property=\"og:image\" content=\"https:\/\/www.bbmpackaging.com\/wp-content\/uploads\/2025\/04\/etiqueteuse-krones-contiroll-bbm-packaging.jpg\" \/>\n\t<meta property=\"og:image:width\" content=\"1024\" \/>\n\t<meta property=\"og:image:height\" content=\"768\" \/>\n\t<meta property=\"og:image:type\" content=\"image\/jpeg\" \/>\n<meta name=\"twitter:card\" content=\"summary_large_image\" \/>\n<meta name=\"twitter:label1\" content=\"Dur\u00e9e de lecture estim\u00e9e\" \/>\n\t<meta name=\"twitter:data1\" content=\"1 minute\" \/>\n<script type=\"application\/ld+json\" class=\"yoast-schema-graph\">{\"@context\":\"https:\/\/schema.org\",\"@graph\":[{\"@type\":\"WebPage\",\"@id\":\"https:\/\/www.bbmpackaging.com\/fr\/machines\/occasion\/etiqueteuses-occasion\/etichettatrice-krones-contiroll-2\/\",\"url\":\"https:\/\/www.bbmpackaging.com\/fr\/machines\/occasion\/etiqueteuses-occasion\/etichettatrice-krones-contiroll-2\/\",\"name\":\"\u00c9tiqueteuse KRONES Contiroll - BBM Packaging\",\"isPartOf\":{\"@id\":\"https:\/\/www.bbmpackaging.com\/fr\/#website\"},\"primaryImageOfPage\":{\"@id\":\"https:\/\/www.bbmpackaging.com\/fr\/machines\/occasion\/etiqueteuses-occasion\/etichettatrice-krones-contiroll-2\/#primaryimage\"},\"image\":{\"@id\":\"https:\/\/www.bbmpackaging.com\/fr\/machines\/occasion\/etiqueteuses-occasion\/etichettatrice-krones-contiroll-2\/#primaryimage\"},\"thumbnailUrl\":\"https:\/\/www.bbmpackaging.com\/wp-content\/uploads\/2025\/04\/etiqueteuse-krones-contiroll-bbm-packaging.jpg\",\"datePublished\":\"2025-04-28T12:49:41+00:00\",\"dateModified\":\"2026-02-02T15:20:50+00:00\",\"description\":\"D\u00e9couvrez l'\u00e9tiqueteuse KRONES Contiroll d'occasion pour 13 000 bph, avec application d'\u00e9tiquette OPP. Regardez la vid\u00e9o et les photos.\",\"breadcrumb\":{\"@id\":\"https:\/\/www.bbmpackaging.com\/fr\/machines\/occasion\/etiqueteuses-occasion\/etichettatrice-krones-contiroll-2\/#breadcrumb\"},\"inLanguage\":\"fr-FR\",\"potentialAction\":[{\"@type\":\"ReadAction\",\"target\":[\"https:\/\/www.bbmpackaging.com\/fr\/machines\/occasion\/etiqueteuses-occasion\/etichettatrice-krones-contiroll-2\/\"]}]},{\"@type\":\"ImageObject\",\"inLanguage\":\"fr-FR\",\"@id\":\"https:\/\/www.bbmpackaging.com\/fr\/machines\/occasion\/etiqueteuses-occasion\/etichettatrice-krones-contiroll-2\/#primaryimage\",\"url\":\"https:\/\/www.bbmpackaging.com\/wp-content\/uploads\/2025\/04\/etiqueteuse-krones-contiroll-bbm-packaging.jpg\",\"contentUrl\":\"https:\/\/www.bbmpackaging.com\/wp-content\/uploads\/2025\/04\/etiqueteuse-krones-contiroll-bbm-packaging.jpg\",\"width\":1024,\"height\":768,\"caption\":\"\u00c9tiqueteuse KRONES Contiroll d'occasion pour 13 000 bph, format 500 ml. \u00c9tiquette OPP avec colle \u00e0 chaud, changement de format et PLC Siemens pour un contr\u00f4le pr\u00e9cis.\"},{\"@type\":\"BreadcrumbList\",\"@id\":\"https:\/\/www.bbmpackaging.com\/fr\/machines\/occasion\/etiqueteuses-occasion\/etichettatrice-krones-contiroll-2\/#breadcrumb\",\"itemListElement\":[{\"@type\":\"ListItem\",\"position\":1,\"name\":\"Home\",\"item\":\"https:\/\/www.bbmpackaging.com\/fr\/\"},{\"@type\":\"ListItem\",\"position\":2,\"name\":\"Produits\",\"item\":\"https:\/\/www.bbmpackaging.com\/fr\/produits\/\"},{\"@type\":\"ListItem\",\"position\":3,\"name\":\"Machines d\u2019occasion\",\"item\":\"https:\/\/www.bbmpackaging.com\/fr\/machines\/occasion\/\"},{\"@type\":\"ListItem\",\"position\":4,\"name\":\"\u00c9tiqueteuse\",\"item\":\"https:\/\/www.bbmpackaging.com\/fr\/machines\/etiqueteuses-occasion\/\"},{\"@type\":\"ListItem\",\"position\":5,\"name\":\"\u00c9tiqueteuse KRONES Contiroll\"}]},{\"@type\":\"WebSite\",\"@id\":\"https:\/\/www.bbmpackaging.com\/fr\/#website\",\"url\":\"https:\/\/www.bbmpackaging.com\/fr\/\",\"name\":\"BBM Packaging\",\"description\":\"Imbottigliamento: macchinari manutenzione e much more\",\"potentialAction\":[{\"@type\":\"SearchAction\",\"target\":{\"@type\":\"EntryPoint\",\"urlTemplate\":\"https:\/\/www.bbmpackaging.com\/fr\/?s={search_term_string}\"},\"query-input\":{\"@type\":\"PropertyValueSpecification\",\"valueRequired\":true,\"valueName\":\"search_term_string\"}}],\"inLanguage\":\"fr-FR\"}]}<\/script>\n<!-- \/ Yoast SEO plugin. -->","yoast_head_json":{"title":"\u00c9tiqueteuse KRONES Contiroll - BBM Packaging","description":"D\u00e9couvrez l'\u00e9tiqueteuse KRONES Contiroll d'occasion pour 13 000 bph, avec application d'\u00e9tiquette OPP. Regardez la vid\u00e9o et les photos.","robots":{"index":"index","follow":"follow","max-snippet":"max-snippet:-1","max-image-preview":"max-image-preview:large","max-video-preview":"max-video-preview:-1"},"canonical":"https:\/\/www.bbmpackaging.com\/fr\/machines\/occasion\/etiqueteuses-occasion\/etichettatrice-krones-contiroll-2\/","og_locale":"fr_FR","og_type":"article","og_title":"\u00c9tiqueteuse KRONES Contiroll - BBM Packaging","og_description":"D\u00e9couvrez l'\u00e9tiqueteuse KRONES Contiroll d'occasion pour 13 000 bph, avec application d'\u00e9tiquette OPP. Regardez la vid\u00e9o et les photos.","og_url":"https:\/\/www.bbmpackaging.com\/fr\/machines\/occasion\/etiqueteuses-occasion\/etichettatrice-krones-contiroll-2\/","og_site_name":"BBM Packaging","article_modified_time":"2026-02-02T15:20:50+00:00","og_image":[{"width":1024,"height":768,"url":"https:\/\/www.bbmpackaging.com\/wp-content\/uploads\/2025\/04\/etiqueteuse-krones-contiroll-bbm-packaging.jpg","type":"image\/jpeg"}],"twitter_card":"summary_large_image","twitter_misc":{"Dur\u00e9e de lecture estim\u00e9e":"1 minute"},"schema":{"@context":"https:\/\/schema.org","@graph":[{"@type":"WebPage","@id":"https:\/\/www.bbmpackaging.com\/fr\/machines\/occasion\/etiqueteuses-occasion\/etichettatrice-krones-contiroll-2\/","url":"https:\/\/www.bbmpackaging.com\/fr\/machines\/occasion\/etiqueteuses-occasion\/etichettatrice-krones-contiroll-2\/","name":"\u00c9tiqueteuse KRONES Contiroll - BBM Packaging","isPartOf":{"@id":"https:\/\/www.bbmpackaging.com\/fr\/#website"},"primaryImageOfPage":{"@id":"https:\/\/www.bbmpackaging.com\/fr\/machines\/occasion\/etiqueteuses-occasion\/etichettatrice-krones-contiroll-2\/#primaryimage"},"image":{"@id":"https:\/\/www.bbmpackaging.com\/fr\/machines\/occasion\/etiqueteuses-occasion\/etichettatrice-krones-contiroll-2\/#primaryimage"},"thumbnailUrl":"https:\/\/www.bbmpackaging.com\/wp-content\/uploads\/2025\/04\/etiqueteuse-krones-contiroll-bbm-packaging.jpg","datePublished":"2025-04-28T12:49:41+00:00","dateModified":"2026-02-02T15:20:50+00:00","description":"D\u00e9couvrez l'\u00e9tiqueteuse KRONES Contiroll d'occasion pour 13 000 bph, avec application d'\u00e9tiquette OPP. Regardez la vid\u00e9o et les photos.","breadcrumb":{"@id":"https:\/\/www.bbmpackaging.com\/fr\/machines\/occasion\/etiqueteuses-occasion\/etichettatrice-krones-contiroll-2\/#breadcrumb"},"inLanguage":"fr-FR","potentialAction":[{"@type":"ReadAction","target":["https:\/\/www.bbmpackaging.com\/fr\/machines\/occasion\/etiqueteuses-occasion\/etichettatrice-krones-contiroll-2\/"]}]},{"@type":"ImageObject","inLanguage":"fr-FR","@id":"https:\/\/www.bbmpackaging.com\/fr\/machines\/occasion\/etiqueteuses-occasion\/etichettatrice-krones-contiroll-2\/#primaryimage","url":"https:\/\/www.bbmpackaging.com\/wp-content\/uploads\/2025\/04\/etiqueteuse-krones-contiroll-bbm-packaging.jpg","contentUrl":"https:\/\/www.bbmpackaging.com\/wp-content\/uploads\/2025\/04\/etiqueteuse-krones-contiroll-bbm-packaging.jpg","width":1024,"height":768,"caption":"\u00c9tiqueteuse KRONES Contiroll d'occasion pour 13 000 bph, format 500 ml. \u00c9tiquette OPP avec colle \u00e0 chaud, changement de format et PLC Siemens pour un contr\u00f4le pr\u00e9cis."},{"@type":"BreadcrumbList","@id":"https:\/\/www.bbmpackaging.com\/fr\/machines\/occasion\/etiqueteuses-occasion\/etichettatrice-krones-contiroll-2\/#breadcrumb","itemListElement":[{"@type":"ListItem","position":1,"name":"Home","item":"https:\/\/www.bbmpackaging.com\/fr\/"},{"@type":"ListItem","position":2,"name":"Produits","item":"https:\/\/www.bbmpackaging.com\/fr\/produits\/"},{"@type":"ListItem","position":3,"name":"Machines d\u2019occasion","item":"https:\/\/www.bbmpackaging.com\/fr\/machines\/occasion\/"},{"@type":"ListItem","position":4,"name":"\u00c9tiqueteuse","item":"https:\/\/www.bbmpackaging.com\/fr\/machines\/etiqueteuses-occasion\/"},{"@type":"ListItem","position":5,"name":"\u00c9tiqueteuse KRONES Contiroll"}]},{"@type":"WebSite","@id":"https:\/\/www.bbmpackaging.com\/fr\/#website","url":"https:\/\/www.bbmpackaging.com\/fr\/","name":"BBM Packaging","description":"Imbottigliamento: macchinari manutenzione e much more","potentialAction":[{"@type":"SearchAction","target":{"@type":"EntryPoint","urlTemplate":"https:\/\/www.bbmpackaging.com\/fr\/?s={search_term_string}"},"query-input":{"@type":"PropertyValueSpecification","valueRequired":true,"valueName":"search_term_string"}}],"inLanguage":"fr-FR"}]}},"_links":{"self":[{"href":"https:\/\/www.bbmpackaging.com\/fr\/wp-json\/wp\/v2\/product\/51581","targetHints":{"allow":["GET"]}}],"collection":[{"href":"https:\/\/www.bbmpackaging.com\/fr\/wp-json\/wp\/v2\/product"}],"about":[{"href":"https:\/\/www.bbmpackaging.com\/fr\/wp-json\/wp\/v2\/types\/product"}],"replies":[{"embeddable":true,"href":"https:\/\/www.bbmpackaging.com\/fr\/wp-json\/wp\/v2\/comments?post=51581"}],"wp:featuredmedia":[{"embeddable":true,"href":"https:\/\/www.bbmpackaging.com\/fr\/wp-json\/wp\/v2\/media\/74263"}],"wp:attachment":[{"href":"https:\/\/www.bbmpackaging.com\/fr\/wp-json\/wp\/v2\/media?parent=51581"}],"wp:term":[{"taxonomy":"brand","embeddable":true,"href":"https:\/\/www.bbmpackaging.com\/fr\/wp-json\/wp\/v2\/brand?post=51581"},{"taxonomy":"product_brand","embeddable":true,"href":"https:\/\/www.bbmpackaging.com\/fr\/wp-json\/wp\/v2\/product_brand?post=51581"},{"taxonomy":"product_cat","embeddable":true,"href":"https:\/\/www.bbmpackaging.com\/fr\/wp-json\/wp\/v2\/product_cat?post=51581"},{"taxonomy":"product_tag","embeddable":true,"href":"https:\/\/www.bbmpackaging.com\/fr\/wp-json\/wp\/v2\/product_tag?post=51581"}],"curies":[{"name":"wp","href":"https:\/\/api.w.org\/{rel}","templated":true}]}}