{"id":52171,"date":"2025-04-30T15:40:12","date_gmt":"2025-04-30T13:40:12","guid":{"rendered":"https:\/\/www.bbmpackaging.com\/?post_type=product&#038;p=52171"},"modified":"2026-02-02T16:20:50","modified_gmt":"2026-02-02T15:20:50","slug":"ligne-pet-eau-naturelle-et-petillante-12-000-bph","status":"publish","type":"product","link":"https:\/\/www.bbmpackaging.com\/fr\/machines\/occasion\/lignes-embouteillage-occasion\/ligne-pet-eau-naturelle-petillante-boissons-gazeuses-12-000-bph\/","title":{"rendered":"LIGNE PET EAU NATURELLE, P\u00c9TILLANTE ET BOISSONS GAZEUSES 12.000 bph"},"content":{"rendered":"<p>Ligne compl\u00e8te pour l\u2019embouteillage d\u2019eau naturelle, p\u00e9tillante et boissons gazeuses en bouteilles PET, avec une capacit\u00e9 de production allant jusqu\u2019\u00e0 12 000 bouteilles\/heure en format de 0,5 L. La ligne est compos\u00e9e de machines de haute qualit\u00e9, s\u00e9lectionn\u00e9es pour garantir l&rsquo;efficacit\u00e9, la fiabilit\u00e9 et la flexibilit\u00e9 de production. La ligne est disponible vue et accept\u00e9e.<\/p>\n<p class=\"\" data-start=\"483\" data-end=\"512\"><strong data-start=\"483\" data-end=\"512\">Composition de la ligne :<\/strong><\/p>\n<ul>\n<li style=\"list-style-type: none;\">\n<ul>\n<li data-start=\"516\" data-end=\"818\">Souffleuse Krones Contiform S8 (2004)<\/li>\n<li>Remplisseuse Simonazzi Eurostar 40-60-15-10 (1988)<\/li>\n<li>\u00c9tiqueteuse Krones Contiroll (2009)<\/li>\n<\/ul>\n<\/li>\n<\/ul>\n<p><strong data-start=\"1972\" data-end=\"1990\">Disponibilit\u00e9 :<\/strong> <em data-start=\"1991\" data-end=\"2054\">En production jusqu\u2019\u00e0 septembre-octobre 2025, \u2013 inspectable sur rendez-vous<\/em><\/p>\n","protected":false},"excerpt":{"rendered":"<p><strong>Ligne de mise en bouteille PET pour eau naturelle, p\u00e9tillante et boissons gazeuses 12 000 bph. De la souffleuse \u00e0 l&rsquo;\u00e9tiqueteuse.<\/strong><\/p>\n","protected":false},"featured_media":51590,"comment_status":"closed","ping_status":"closed","template":"","meta":{"_acf_changed":false},"brand":[7449],"product_brand":[],"product_cat":[1102,1106,1108],"product_tag":[],"class_list":{"0":"post-52171","1":"product","2":"type-product","3":"status-publish","4":"has-post-thumbnail","6":"brand-krones","7":"product_cat-machines","8":"product_cat-occasion","9":"product_cat-lignes-embouteillage-occasion","11":"first","12":"instock","13":"shipping-taxable","14":"product-type-simple"},"acf":[],"yoast_head":"<!-- This site is optimized with the Yoast SEO plugin v27.2 - https:\/\/yoast.com\/product\/yoast-seo-wordpress\/ -->\n<title>LIGNE PET EAU NATURELLE, P\u00c9TILLANTE ET BOISSONS GAZEUSES 12.000 bph - BBM Packaging<\/title>\n<meta name=\"description\" content=\"Ligne de mise en bouteille PET 12.000 bph pour eau et boissons gazeuses, avec souffleuse Krones, remplisseuse Simonazzi et \u00e9tiqueteuse Contiroll.\" \/>\n<meta name=\"robots\" content=\"index, follow, max-snippet:-1, max-image-preview:large, max-video-preview:-1\" \/>\n<link rel=\"canonical\" href=\"https:\/\/www.bbmpackaging.com\/fr\/machines\/occasion\/lignes-embouteillage-occasion\/ligne-pet-eau-naturelle-petillante-boissons-gazeuses-12-000-bph\/\" \/>\n<meta property=\"og:locale\" content=\"fr_FR\" \/>\n<meta property=\"og:type\" content=\"article\" \/>\n<meta property=\"og:title\" content=\"LIGNE PET EAU NATURELLE, P\u00c9TILLANTE ET BOISSONS GAZEUSES 12.000 bph - BBM Packaging\" \/>\n<meta property=\"og:description\" content=\"Ligne de mise en bouteille PET 12.000 bph pour eau et boissons gazeuses, avec souffleuse Krones, remplisseuse Simonazzi et \u00e9tiqueteuse Contiroll.\" \/>\n<meta property=\"og:url\" content=\"https:\/\/www.bbmpackaging.com\/fr\/machines\/occasion\/lignes-embouteillage-occasion\/ligne-pet-eau-naturelle-petillante-boissons-gazeuses-12-000-bph\/\" \/>\n<meta property=\"og:site_name\" content=\"BBM Packaging\" \/>\n<meta property=\"article:modified_time\" content=\"2026-02-02T15:20:50+00:00\" \/>\n<meta property=\"og:image\" content=\"https:\/\/cdn.bbmpackaging.com\/wp-content\/uploads\/2025\/04\/etiqueteuse-krones-contiroll-bbm-packaging-1-3.jpg\" \/>\n\t<meta property=\"og:image:width\" content=\"1024\" \/>\n\t<meta property=\"og:image:height\" content=\"768\" \/>\n\t<meta property=\"og:image:type\" content=\"image\/jpeg\" \/>\n<meta name=\"twitter:card\" content=\"summary_large_image\" \/>\n<meta name=\"twitter:label1\" content=\"Dur\u00e9e de lecture estim\u00e9e\" \/>\n\t<meta name=\"twitter:data1\" content=\"1 minute\" \/>\n<script type=\"application\/ld+json\" class=\"yoast-schema-graph\">{\"@context\":\"https:\/\/schema.org\",\"@graph\":[{\"@type\":\"WebPage\",\"@id\":\"https:\/\/www.bbmpackaging.com\/fr\/machines\/occasion\/lignes-embouteillage-occasion\/ligne-pet-eau-naturelle-petillante-boissons-gazeuses-12-000-bph\/\",\"url\":\"https:\/\/www.bbmpackaging.com\/fr\/machines\/occasion\/lignes-embouteillage-occasion\/ligne-pet-eau-naturelle-petillante-boissons-gazeuses-12-000-bph\/\",\"name\":\"LIGNE PET EAU NATURELLE, P\u00c9TILLANTE ET BOISSONS GAZEUSES 12.000 bph - BBM Packaging\",\"isPartOf\":{\"@id\":\"https:\/\/www.bbmpackaging.com\/fr\/#website\"},\"primaryImageOfPage\":{\"@id\":\"https:\/\/www.bbmpackaging.com\/fr\/machines\/occasion\/lignes-embouteillage-occasion\/ligne-pet-eau-naturelle-petillante-boissons-gazeuses-12-000-bph\/#primaryimage\"},\"image\":{\"@id\":\"https:\/\/www.bbmpackaging.com\/fr\/machines\/occasion\/lignes-embouteillage-occasion\/ligne-pet-eau-naturelle-petillante-boissons-gazeuses-12-000-bph\/#primaryimage\"},\"thumbnailUrl\":\"https:\/\/cdn.bbmpackaging.com\/wp-content\/uploads\/2025\/04\/etiqueteuse-krones-contiroll-bbm-packaging-1-3.jpg\",\"datePublished\":\"2025-04-30T13:40:12+00:00\",\"dateModified\":\"2026-02-02T15:20:50+00:00\",\"description\":\"Ligne de mise en bouteille PET 12.000 bph pour eau et boissons gazeuses, avec souffleuse Krones, remplisseuse Simonazzi et \u00e9tiqueteuse Contiroll.\",\"breadcrumb\":{\"@id\":\"https:\/\/www.bbmpackaging.com\/fr\/machines\/occasion\/lignes-embouteillage-occasion\/ligne-pet-eau-naturelle-petillante-boissons-gazeuses-12-000-bph\/#breadcrumb\"},\"inLanguage\":\"fr-FR\",\"potentialAction\":[{\"@type\":\"ReadAction\",\"target\":[\"https:\/\/www.bbmpackaging.com\/fr\/machines\/occasion\/lignes-embouteillage-occasion\/ligne-pet-eau-naturelle-petillante-boissons-gazeuses-12-000-bph\/\"]}]},{\"@type\":\"ImageObject\",\"inLanguage\":\"fr-FR\",\"@id\":\"https:\/\/www.bbmpackaging.com\/fr\/machines\/occasion\/lignes-embouteillage-occasion\/ligne-pet-eau-naturelle-petillante-boissons-gazeuses-12-000-bph\/#primaryimage\",\"url\":\"https:\/\/cdn.bbmpackaging.com\/wp-content\/uploads\/2025\/04\/etiqueteuse-krones-contiroll-bbm-packaging-1-3.jpg\",\"contentUrl\":\"https:\/\/cdn.bbmpackaging.com\/wp-content\/uploads\/2025\/04\/etiqueteuse-krones-contiroll-bbm-packaging-1-3.jpg\",\"width\":1024,\"height\":768,\"caption\":\"D\u00e9couvrez l'\u00e9tiqueteuse KRONES Contiroll d'occasion pour 13 000 bph, avec application d'\u00e9tiquette OPP.\"},{\"@type\":\"BreadcrumbList\",\"@id\":\"https:\/\/www.bbmpackaging.com\/fr\/machines\/occasion\/lignes-embouteillage-occasion\/ligne-pet-eau-naturelle-petillante-boissons-gazeuses-12-000-bph\/#breadcrumb\",\"itemListElement\":[{\"@type\":\"ListItem\",\"position\":1,\"name\":\"Home\",\"item\":\"https:\/\/www.bbmpackaging.com\/fr\/\"},{\"@type\":\"ListItem\",\"position\":2,\"name\":\"Produits\",\"item\":\"https:\/\/www.bbmpackaging.com\/fr\/produits\/\"},{\"@type\":\"ListItem\",\"position\":3,\"name\":\"Machines d\u2019occasion\",\"item\":\"https:\/\/www.bbmpackaging.com\/fr\/machines\/occasion\/\"},{\"@type\":\"ListItem\",\"position\":4,\"name\":\"Ligne d\u2019embouteillage et d\u2019emballage\",\"item\":\"https:\/\/www.bbmpackaging.com\/fr\/machines\/lignes-embouteillage-occasion\/\"},{\"@type\":\"ListItem\",\"position\":5,\"name\":\"LIGNE PET EAU NATURELLE, P\u00c9TILLANTE ET BOISSONS GAZEUSES 12.000 bph\"}]},{\"@type\":\"WebSite\",\"@id\":\"https:\/\/www.bbmpackaging.com\/fr\/#website\",\"url\":\"https:\/\/www.bbmpackaging.com\/fr\/\",\"name\":\"BBM Packaging\",\"description\":\"Imbottigliamento: macchinari manutenzione e much more\",\"potentialAction\":[{\"@type\":\"SearchAction\",\"target\":{\"@type\":\"EntryPoint\",\"urlTemplate\":\"https:\/\/www.bbmpackaging.com\/fr\/?s={search_term_string}\"},\"query-input\":{\"@type\":\"PropertyValueSpecification\",\"valueRequired\":true,\"valueName\":\"search_term_string\"}}],\"inLanguage\":\"fr-FR\"}]}<\/script>\n<!-- \/ Yoast SEO plugin. -->","yoast_head_json":{"title":"LIGNE PET EAU NATURELLE, P\u00c9TILLANTE ET BOISSONS GAZEUSES 12.000 bph - BBM Packaging","description":"Ligne de mise en bouteille PET 12.000 bph pour eau et boissons gazeuses, avec souffleuse Krones, remplisseuse Simonazzi et \u00e9tiqueteuse Contiroll.","robots":{"index":"index","follow":"follow","max-snippet":"max-snippet:-1","max-image-preview":"max-image-preview:large","max-video-preview":"max-video-preview:-1"},"canonical":"https:\/\/www.bbmpackaging.com\/fr\/machines\/occasion\/lignes-embouteillage-occasion\/ligne-pet-eau-naturelle-petillante-boissons-gazeuses-12-000-bph\/","og_locale":"fr_FR","og_type":"article","og_title":"LIGNE PET EAU NATURELLE, P\u00c9TILLANTE ET BOISSONS GAZEUSES 12.000 bph - BBM Packaging","og_description":"Ligne de mise en bouteille PET 12.000 bph pour eau et boissons gazeuses, avec souffleuse Krones, remplisseuse Simonazzi et \u00e9tiqueteuse Contiroll.","og_url":"https:\/\/www.bbmpackaging.com\/fr\/machines\/occasion\/lignes-embouteillage-occasion\/ligne-pet-eau-naturelle-petillante-boissons-gazeuses-12-000-bph\/","og_site_name":"BBM Packaging","article_modified_time":"2026-02-02T15:20:50+00:00","og_image":[{"width":1024,"height":768,"url":"https:\/\/cdn.bbmpackaging.com\/wp-content\/uploads\/2025\/04\/etiqueteuse-krones-contiroll-bbm-packaging-1-3.jpg","type":"image\/jpeg"}],"twitter_card":"summary_large_image","twitter_misc":{"Dur\u00e9e de lecture estim\u00e9e":"1 minute"},"schema":{"@context":"https:\/\/schema.org","@graph":[{"@type":"WebPage","@id":"https:\/\/www.bbmpackaging.com\/fr\/machines\/occasion\/lignes-embouteillage-occasion\/ligne-pet-eau-naturelle-petillante-boissons-gazeuses-12-000-bph\/","url":"https:\/\/www.bbmpackaging.com\/fr\/machines\/occasion\/lignes-embouteillage-occasion\/ligne-pet-eau-naturelle-petillante-boissons-gazeuses-12-000-bph\/","name":"LIGNE PET EAU NATURELLE, P\u00c9TILLANTE ET BOISSONS GAZEUSES 12.000 bph - BBM Packaging","isPartOf":{"@id":"https:\/\/www.bbmpackaging.com\/fr\/#website"},"primaryImageOfPage":{"@id":"https:\/\/www.bbmpackaging.com\/fr\/machines\/occasion\/lignes-embouteillage-occasion\/ligne-pet-eau-naturelle-petillante-boissons-gazeuses-12-000-bph\/#primaryimage"},"image":{"@id":"https:\/\/www.bbmpackaging.com\/fr\/machines\/occasion\/lignes-embouteillage-occasion\/ligne-pet-eau-naturelle-petillante-boissons-gazeuses-12-000-bph\/#primaryimage"},"thumbnailUrl":"https:\/\/cdn.bbmpackaging.com\/wp-content\/uploads\/2025\/04\/etiqueteuse-krones-contiroll-bbm-packaging-1-3.jpg","datePublished":"2025-04-30T13:40:12+00:00","dateModified":"2026-02-02T15:20:50+00:00","description":"Ligne de mise en bouteille PET 12.000 bph pour eau et boissons gazeuses, avec souffleuse Krones, remplisseuse Simonazzi et \u00e9tiqueteuse Contiroll.","breadcrumb":{"@id":"https:\/\/www.bbmpackaging.com\/fr\/machines\/occasion\/lignes-embouteillage-occasion\/ligne-pet-eau-naturelle-petillante-boissons-gazeuses-12-000-bph\/#breadcrumb"},"inLanguage":"fr-FR","potentialAction":[{"@type":"ReadAction","target":["https:\/\/www.bbmpackaging.com\/fr\/machines\/occasion\/lignes-embouteillage-occasion\/ligne-pet-eau-naturelle-petillante-boissons-gazeuses-12-000-bph\/"]}]},{"@type":"ImageObject","inLanguage":"fr-FR","@id":"https:\/\/www.bbmpackaging.com\/fr\/machines\/occasion\/lignes-embouteillage-occasion\/ligne-pet-eau-naturelle-petillante-boissons-gazeuses-12-000-bph\/#primaryimage","url":"https:\/\/cdn.bbmpackaging.com\/wp-content\/uploads\/2025\/04\/etiqueteuse-krones-contiroll-bbm-packaging-1-3.jpg","contentUrl":"https:\/\/cdn.bbmpackaging.com\/wp-content\/uploads\/2025\/04\/etiqueteuse-krones-contiroll-bbm-packaging-1-3.jpg","width":1024,"height":768,"caption":"D\u00e9couvrez l'\u00e9tiqueteuse KRONES Contiroll d'occasion pour 13 000 bph, avec application d'\u00e9tiquette OPP."},{"@type":"BreadcrumbList","@id":"https:\/\/www.bbmpackaging.com\/fr\/machines\/occasion\/lignes-embouteillage-occasion\/ligne-pet-eau-naturelle-petillante-boissons-gazeuses-12-000-bph\/#breadcrumb","itemListElement":[{"@type":"ListItem","position":1,"name":"Home","item":"https:\/\/www.bbmpackaging.com\/fr\/"},{"@type":"ListItem","position":2,"name":"Produits","item":"https:\/\/www.bbmpackaging.com\/fr\/produits\/"},{"@type":"ListItem","position":3,"name":"Machines d\u2019occasion","item":"https:\/\/www.bbmpackaging.com\/fr\/machines\/occasion\/"},{"@type":"ListItem","position":4,"name":"Ligne d\u2019embouteillage et d\u2019emballage","item":"https:\/\/www.bbmpackaging.com\/fr\/machines\/lignes-embouteillage-occasion\/"},{"@type":"ListItem","position":5,"name":"LIGNE PET EAU NATURELLE, P\u00c9TILLANTE ET BOISSONS GAZEUSES 12.000 bph"}]},{"@type":"WebSite","@id":"https:\/\/www.bbmpackaging.com\/fr\/#website","url":"https:\/\/www.bbmpackaging.com\/fr\/","name":"BBM Packaging","description":"Imbottigliamento: macchinari manutenzione e much more","potentialAction":[{"@type":"SearchAction","target":{"@type":"EntryPoint","urlTemplate":"https:\/\/www.bbmpackaging.com\/fr\/?s={search_term_string}"},"query-input":{"@type":"PropertyValueSpecification","valueRequired":true,"valueName":"search_term_string"}}],"inLanguage":"fr-FR"}]}},"_links":{"self":[{"href":"https:\/\/www.bbmpackaging.com\/fr\/wp-json\/wp\/v2\/product\/52171","targetHints":{"allow":["GET"]}}],"collection":[{"href":"https:\/\/www.bbmpackaging.com\/fr\/wp-json\/wp\/v2\/product"}],"about":[{"href":"https:\/\/www.bbmpackaging.com\/fr\/wp-json\/wp\/v2\/types\/product"}],"replies":[{"embeddable":true,"href":"https:\/\/www.bbmpackaging.com\/fr\/wp-json\/wp\/v2\/comments?post=52171"}],"wp:featuredmedia":[{"embeddable":true,"href":"https:\/\/www.bbmpackaging.com\/fr\/wp-json\/wp\/v2\/media\/51590"}],"wp:attachment":[{"href":"https:\/\/www.bbmpackaging.com\/fr\/wp-json\/wp\/v2\/media?parent=52171"}],"wp:term":[{"taxonomy":"brand","embeddable":true,"href":"https:\/\/www.bbmpackaging.com\/fr\/wp-json\/wp\/v2\/brand?post=52171"},{"taxonomy":"product_brand","embeddable":true,"href":"https:\/\/www.bbmpackaging.com\/fr\/wp-json\/wp\/v2\/product_brand?post=52171"},{"taxonomy":"product_cat","embeddable":true,"href":"https:\/\/www.bbmpackaging.com\/fr\/wp-json\/wp\/v2\/product_cat?post=52171"},{"taxonomy":"product_tag","embeddable":true,"href":"https:\/\/www.bbmpackaging.com\/fr\/wp-json\/wp\/v2\/product_tag?post=52171"}],"curies":[{"name":"wp","href":"https:\/\/api.w.org\/{rel}","templated":true}]}}