{"id":54593,"date":"2025-07-22T16:30:38","date_gmt":"2025-07-22T14:30:38","guid":{"rendered":"https:\/\/www.bbmpackaging.com\/prodotto\/linea-pet-acqua-e-bibite-18-000-bph\/"},"modified":"2026-02-05T12:33:19","modified_gmt":"2026-02-05T11:33:19","slug":"linea-pet-acqua-e-bibite-18-000-bph","status":"publish","type":"product","link":"https:\/\/www.bbmpackaging.com\/fr\/ligne-pet-eau-et-boissons-gazeuses-18-000-bph\/","title":{"rendered":"LIGNE PET EAU ET BOISSONS 18.000 bph"},"content":{"rendered":"<p>Ligne compl\u00e8te d&#8217;embouteillage pour eau plate, eau gazeuse et boissons CSD, avec une capacit\u00e9 allant jusqu&rsquo;\u00e0 <strong data-start=\"144\" data-end=\"168\">18.000 bouteilles\/heure<\/strong> au format actuel de <strong data-start=\"183\" data-end=\"203\">1,5 litre en PET<\/strong>. Construite en <strong data-start=\"219\" data-end=\"227\">2000<\/strong>, la ligne comprend l\u2019\u00e9tiquetage <strong data-start=\"371\" data-end=\"396\">OPP avec colle \u00e0 chaud<\/strong>, le conditionnement sous <strong data-start=\"417\" data-end=\"441\">film r\u00e9tractable<\/strong> (6 pistes), l\u2019application de poign\u00e9es pr\u00e9d\u00e9coup\u00e9es et la palettisation sur <strong data-start=\"500\" data-end=\"517\">Epal 1200&#215;800<\/strong> avec <strong data-start=\"522\" data-end=\"547\">pose automatique d\u2019intercalaires<\/strong>. Disponible en l\u2019\u00e9tat ou enti\u00e8rement r\u00e9vis\u00e9e et garantie par BBM.<\/p>\n<p>Liste des machines :<\/p>\n<ul>\n<li>Basculeur de pr\u00e9formes VE.CO mod. 30L917 \u2013 ann\u00e9e 1999<\/li>\n<li>Alimenteur de pr\u00e9formes SIDEL mod. XMMC94 \u2013 ann\u00e9e 1999<\/li>\n<li>Souffleuse SIDEL SBO14 \u2013 ann\u00e9e 1999<\/li>\n<li>Convoyeurs \u00e0 air LANFRANCHI mod. C170031-B \u2013 ann\u00e9e 2007<\/li>\n<li>Monobloc remplisseuse-rin\u00e7euse SIDEL-SIMONAZZI EUROSTAR RAA282 \u2013 ann\u00e9e 1985<\/li>\n<li>Doseur d\u2019azote TERBOVEN ISTE-CON 5 \u2013 ann\u00e9e 2008<\/li>\n<li>\u00c9l\u00e9vateur de bouchons PQL MECCANICA mod. 09B3 \u2013 ann\u00e9e 2011<\/li>\n<li>Boucheuse AROL (matricule 4935) \u2013 ann\u00e9e 1998<\/li>\n<li>Contr\u00f4le de niveau avec pousseur HEUFT (s\u00e9rie MHB1540, art. HBB800012) \u2013 ann\u00e9e 2013<\/li>\n<li>Contr\u00f4le de niveau HEUFT SPECTRUM (type HBBVXTXXX n\u00b0 2DG050602) \u2013 ann\u00e9e 2013<\/li>\n<li>Contr\u00f4le de niveau HEUFT REFLEX (type HBGFIVIEW n\u00b0 MHE1737) \u2013 ann\u00e9e 2013<\/li>\n<li>\u00c9tiqueteuse KRONES mod. K745-628 \u2013 ann\u00e9e 1998<\/li>\n<li>Codeur laser LUMONICS SL301 \u2013 ann\u00e9e 2009<\/li>\n<li>Convoyeurs de bouteilles PROCOMAC mod. P3233\/1A \u2013 ann\u00e9e 2000<\/li>\n<li>S\u00e9parateur de bouteilles PROCOMAC mod. P3227 \u2013 ann\u00e9e 2000<\/li>\n<li>Fardeleuse SMI GROUP SK600F \u2013 ann\u00e9e 1998<\/li>\n<li>Convoyeurs de packs PROCOMAC mod. P3233\/1A \u2013 ann\u00e9e 2000<\/li>\n<li>Imprimante jet d\u2019encre pour packs MARKEM 9040_FR10140128 \u2013 ann\u00e9e 2010<\/li>\n<li>Poseuse de poign\u00e9es COMAG mod. H65\/1 \u2013 ann\u00e9e 1999<\/li>\n<li>S\u00e9parateur de packs L.M. mod. 28809 \u2013 ann\u00e9e 2000<\/li>\n<li>Palettiseur ACMI mod. C\/1350 \u2013 ann\u00e9e 1999<\/li>\n<li>Banderoleuse TOSA-ACMI mod. 120+475 \u2013 ann\u00e9e 2012<\/li>\n<\/ul>\n","protected":false},"excerpt":{"rendered":"<p>Ligne d\u2019embouteillage PET pour eau naturelle, gazeuse et boissons, 18 000 bph. De la souffleuse \u00e0 la banderoleuses.<\/p>\n","protected":false},"featured_media":57148,"comment_status":"closed","ping_status":"closed","template":"","meta":{"_acf_changed":false},"brand":[7500],"product_brand":[],"product_cat":[1102,1106,1108],"product_tag":[],"class_list":{"0":"post-54593","1":"product","2":"type-product","3":"status-publish","4":"has-post-thumbnail","6":"brand-muiltimarques","7":"product_cat-machines","8":"product_cat-occasion","9":"product_cat-lignes-embouteillage-occasion","11":"first","12":"instock","13":"shipping-taxable","14":"product-type-simple"},"acf":[],"yoast_head":"<!-- This site is optimized with the Yoast SEO plugin v27.2 - https:\/\/yoast.com\/product\/yoast-seo-wordpress\/ -->\n<title>LIGNE PET EAU ET BOISSONS 18.000 bph - BBM Packaging<\/title>\n<meta name=\"description\" content=\"\u00c0 vendre : ligne d\u2019embouteillage et d\u2019emballage PET pour eau et boissons gazeuses jusqu\u2019\u00e0 18 000 bph. Ligne compl\u00e8te du soufflage \u00e0 l\u2019enveloppement des palettes. D\u00e9couvrez-la\" \/>\n<meta name=\"robots\" content=\"index, follow, max-snippet:-1, max-image-preview:large, max-video-preview:-1\" \/>\n<link rel=\"canonical\" href=\"https:\/\/www.bbmpackaging.com\/fr\/ligne-pet-eau-et-boissons-gazeuses-18-000-bph\/\" \/>\n<meta property=\"og:locale\" content=\"fr_FR\" \/>\n<meta property=\"og:type\" content=\"article\" \/>\n<meta property=\"og:title\" content=\"LIGNE PET EAU ET BOISSONS 18.000 bph - BBM Packaging\" \/>\n<meta property=\"og:description\" content=\"\u00c0 vendre : ligne d\u2019embouteillage et d\u2019emballage PET pour eau et boissons gazeuses jusqu\u2019\u00e0 18 000 bph. Ligne compl\u00e8te du soufflage \u00e0 l\u2019enveloppement des palettes. D\u00e9couvrez-la\" \/>\n<meta property=\"og:url\" content=\"https:\/\/www.bbmpackaging.com\/fr\/ligne-pet-eau-et-boissons-gazeuses-18-000-bph\/\" \/>\n<meta property=\"og:site_name\" content=\"BBM Packaging\" \/>\n<meta property=\"article:modified_time\" content=\"2026-02-05T11:33:19+00:00\" \/>\n<meta property=\"og:image\" content=\"https:\/\/www.bbmpackaging.com\/wp-content\/uploads\/2025\/07\/soft-drinks-bottling-line-bbm-packaging-2.jpg\" \/>\n\t<meta property=\"og:image:width\" content=\"633\" \/>\n\t<meta property=\"og:image:height\" content=\"475\" \/>\n\t<meta property=\"og:image:type\" content=\"image\/jpeg\" \/>\n<meta name=\"twitter:card\" content=\"summary_large_image\" \/>\n<meta name=\"twitter:label1\" content=\"Dur\u00e9e de lecture estim\u00e9e\" \/>\n\t<meta name=\"twitter:data1\" content=\"2 minutes\" \/>\n<script type=\"application\/ld+json\" class=\"yoast-schema-graph\">{\"@context\":\"https:\/\/schema.org\",\"@graph\":[{\"@type\":\"WebPage\",\"@id\":\"https:\/\/www.bbmpackaging.com\/fr\/ligne-pet-eau-et-boissons-gazeuses-18-000-bph\/\",\"url\":\"https:\/\/www.bbmpackaging.com\/fr\/ligne-pet-eau-et-boissons-gazeuses-18-000-bph\/\",\"name\":\"LIGNE PET EAU ET BOISSONS 18.000 bph - BBM Packaging\",\"isPartOf\":{\"@id\":\"https:\/\/www.bbmpackaging.com\/fr\/#website\"},\"primaryImageOfPage\":{\"@id\":\"https:\/\/www.bbmpackaging.com\/fr\/ligne-pet-eau-et-boissons-gazeuses-18-000-bph\/#primaryimage\"},\"image\":{\"@id\":\"https:\/\/www.bbmpackaging.com\/fr\/ligne-pet-eau-et-boissons-gazeuses-18-000-bph\/#primaryimage\"},\"thumbnailUrl\":\"https:\/\/www.bbmpackaging.com\/wp-content\/uploads\/2025\/07\/soft-drinks-bottling-line-bbm-packaging-2.jpg\",\"datePublished\":\"2025-07-22T14:30:38+00:00\",\"dateModified\":\"2026-02-05T11:33:19+00:00\",\"description\":\"\u00c0 vendre : ligne d\u2019embouteillage et d\u2019emballage PET pour eau et boissons gazeuses jusqu\u2019\u00e0 18 000 bph. Ligne compl\u00e8te du soufflage \u00e0 l\u2019enveloppement des palettes. D\u00e9couvrez-la\",\"breadcrumb\":{\"@id\":\"https:\/\/www.bbmpackaging.com\/fr\/ligne-pet-eau-et-boissons-gazeuses-18-000-bph\/#breadcrumb\"},\"inLanguage\":\"fr-FR\",\"potentialAction\":[{\"@type\":\"ReadAction\",\"target\":[\"https:\/\/www.bbmpackaging.com\/fr\/ligne-pet-eau-et-boissons-gazeuses-18-000-bph\/\"]}]},{\"@type\":\"ImageObject\",\"inLanguage\":\"fr-FR\",\"@id\":\"https:\/\/www.bbmpackaging.com\/fr\/ligne-pet-eau-et-boissons-gazeuses-18-000-bph\/#primaryimage\",\"url\":\"https:\/\/www.bbmpackaging.com\/wp-content\/uploads\/2025\/07\/soft-drinks-bottling-line-bbm-packaging-2.jpg\",\"contentUrl\":\"https:\/\/www.bbmpackaging.com\/wp-content\/uploads\/2025\/07\/soft-drinks-bottling-line-bbm-packaging-2.jpg\",\"width\":633,\"height\":475,\"caption\":\"\u00c0 vendre : ligne d'embouteillage et de conditionnement PET pour eau et CSD jusqu'\u00e0 18 000 bph. Ligne compl\u00e8te, du soufflage \u00e0 l'emballage des palettes. D\u00e9couvrez-la\"},{\"@type\":\"BreadcrumbList\",\"@id\":\"https:\/\/www.bbmpackaging.com\/fr\/ligne-pet-eau-et-boissons-gazeuses-18-000-bph\/#breadcrumb\",\"itemListElement\":[{\"@type\":\"ListItem\",\"position\":1,\"name\":\"Home\",\"item\":\"https:\/\/www.bbmpackaging.com\/fr\/\"},{\"@type\":\"ListItem\",\"position\":2,\"name\":\"Produits\",\"item\":\"https:\/\/www.bbmpackaging.com\/fr\/produits\/\"},{\"@type\":\"ListItem\",\"position\":3,\"name\":\"Machines d\u2019occasion\",\"item\":\"https:\/\/www.bbmpackaging.com\/fr\/machines\/occasion\/\"},{\"@type\":\"ListItem\",\"position\":4,\"name\":\"Ligne d\u2019embouteillage et d\u2019emballage\",\"item\":\"https:\/\/www.bbmpackaging.com\/fr\/machines\/lignes-embouteillage-occasion\/\"},{\"@type\":\"ListItem\",\"position\":5,\"name\":\"LIGNE PET EAU ET BOISSONS 18.000 bph\"}]},{\"@type\":\"WebSite\",\"@id\":\"https:\/\/www.bbmpackaging.com\/fr\/#website\",\"url\":\"https:\/\/www.bbmpackaging.com\/fr\/\",\"name\":\"BBM Packaging\",\"description\":\"Imbottigliamento: macchinari manutenzione e much more\",\"potentialAction\":[{\"@type\":\"SearchAction\",\"target\":{\"@type\":\"EntryPoint\",\"urlTemplate\":\"https:\/\/www.bbmpackaging.com\/fr\/?s={search_term_string}\"},\"query-input\":{\"@type\":\"PropertyValueSpecification\",\"valueRequired\":true,\"valueName\":\"search_term_string\"}}],\"inLanguage\":\"fr-FR\"}]}<\/script>\n<!-- \/ Yoast SEO plugin. -->","yoast_head_json":{"title":"LIGNE PET EAU ET BOISSONS 18.000 bph - BBM Packaging","description":"\u00c0 vendre : ligne d\u2019embouteillage et d\u2019emballage PET pour eau et boissons gazeuses jusqu\u2019\u00e0 18 000 bph. Ligne compl\u00e8te du soufflage \u00e0 l\u2019enveloppement des palettes. D\u00e9couvrez-la","robots":{"index":"index","follow":"follow","max-snippet":"max-snippet:-1","max-image-preview":"max-image-preview:large","max-video-preview":"max-video-preview:-1"},"canonical":"https:\/\/www.bbmpackaging.com\/fr\/ligne-pet-eau-et-boissons-gazeuses-18-000-bph\/","og_locale":"fr_FR","og_type":"article","og_title":"LIGNE PET EAU ET BOISSONS 18.000 bph - BBM Packaging","og_description":"\u00c0 vendre : ligne d\u2019embouteillage et d\u2019emballage PET pour eau et boissons gazeuses jusqu\u2019\u00e0 18 000 bph. Ligne compl\u00e8te du soufflage \u00e0 l\u2019enveloppement des palettes. D\u00e9couvrez-la","og_url":"https:\/\/www.bbmpackaging.com\/fr\/ligne-pet-eau-et-boissons-gazeuses-18-000-bph\/","og_site_name":"BBM Packaging","article_modified_time":"2026-02-05T11:33:19+00:00","og_image":[{"width":633,"height":475,"url":"https:\/\/www.bbmpackaging.com\/wp-content\/uploads\/2025\/07\/soft-drinks-bottling-line-bbm-packaging-2.jpg","type":"image\/jpeg"}],"twitter_card":"summary_large_image","twitter_misc":{"Dur\u00e9e de lecture estim\u00e9e":"2 minutes"},"schema":{"@context":"https:\/\/schema.org","@graph":[{"@type":"WebPage","@id":"https:\/\/www.bbmpackaging.com\/fr\/ligne-pet-eau-et-boissons-gazeuses-18-000-bph\/","url":"https:\/\/www.bbmpackaging.com\/fr\/ligne-pet-eau-et-boissons-gazeuses-18-000-bph\/","name":"LIGNE PET EAU ET BOISSONS 18.000 bph - BBM Packaging","isPartOf":{"@id":"https:\/\/www.bbmpackaging.com\/fr\/#website"},"primaryImageOfPage":{"@id":"https:\/\/www.bbmpackaging.com\/fr\/ligne-pet-eau-et-boissons-gazeuses-18-000-bph\/#primaryimage"},"image":{"@id":"https:\/\/www.bbmpackaging.com\/fr\/ligne-pet-eau-et-boissons-gazeuses-18-000-bph\/#primaryimage"},"thumbnailUrl":"https:\/\/www.bbmpackaging.com\/wp-content\/uploads\/2025\/07\/soft-drinks-bottling-line-bbm-packaging-2.jpg","datePublished":"2025-07-22T14:30:38+00:00","dateModified":"2026-02-05T11:33:19+00:00","description":"\u00c0 vendre : ligne d\u2019embouteillage et d\u2019emballage PET pour eau et boissons gazeuses jusqu\u2019\u00e0 18 000 bph. Ligne compl\u00e8te du soufflage \u00e0 l\u2019enveloppement des palettes. D\u00e9couvrez-la","breadcrumb":{"@id":"https:\/\/www.bbmpackaging.com\/fr\/ligne-pet-eau-et-boissons-gazeuses-18-000-bph\/#breadcrumb"},"inLanguage":"fr-FR","potentialAction":[{"@type":"ReadAction","target":["https:\/\/www.bbmpackaging.com\/fr\/ligne-pet-eau-et-boissons-gazeuses-18-000-bph\/"]}]},{"@type":"ImageObject","inLanguage":"fr-FR","@id":"https:\/\/www.bbmpackaging.com\/fr\/ligne-pet-eau-et-boissons-gazeuses-18-000-bph\/#primaryimage","url":"https:\/\/www.bbmpackaging.com\/wp-content\/uploads\/2025\/07\/soft-drinks-bottling-line-bbm-packaging-2.jpg","contentUrl":"https:\/\/www.bbmpackaging.com\/wp-content\/uploads\/2025\/07\/soft-drinks-bottling-line-bbm-packaging-2.jpg","width":633,"height":475,"caption":"\u00c0 vendre : ligne d'embouteillage et de conditionnement PET pour eau et CSD jusqu'\u00e0 18 000 bph. Ligne compl\u00e8te, du soufflage \u00e0 l'emballage des palettes. D\u00e9couvrez-la"},{"@type":"BreadcrumbList","@id":"https:\/\/www.bbmpackaging.com\/fr\/ligne-pet-eau-et-boissons-gazeuses-18-000-bph\/#breadcrumb","itemListElement":[{"@type":"ListItem","position":1,"name":"Home","item":"https:\/\/www.bbmpackaging.com\/fr\/"},{"@type":"ListItem","position":2,"name":"Produits","item":"https:\/\/www.bbmpackaging.com\/fr\/produits\/"},{"@type":"ListItem","position":3,"name":"Machines d\u2019occasion","item":"https:\/\/www.bbmpackaging.com\/fr\/machines\/occasion\/"},{"@type":"ListItem","position":4,"name":"Ligne d\u2019embouteillage et d\u2019emballage","item":"https:\/\/www.bbmpackaging.com\/fr\/machines\/lignes-embouteillage-occasion\/"},{"@type":"ListItem","position":5,"name":"LIGNE PET EAU ET BOISSONS 18.000 bph"}]},{"@type":"WebSite","@id":"https:\/\/www.bbmpackaging.com\/fr\/#website","url":"https:\/\/www.bbmpackaging.com\/fr\/","name":"BBM Packaging","description":"Imbottigliamento: macchinari manutenzione e much more","potentialAction":[{"@type":"SearchAction","target":{"@type":"EntryPoint","urlTemplate":"https:\/\/www.bbmpackaging.com\/fr\/?s={search_term_string}"},"query-input":{"@type":"PropertyValueSpecification","valueRequired":true,"valueName":"search_term_string"}}],"inLanguage":"fr-FR"}]}},"_links":{"self":[{"href":"https:\/\/www.bbmpackaging.com\/fr\/wp-json\/wp\/v2\/product\/54593","targetHints":{"allow":["GET"]}}],"collection":[{"href":"https:\/\/www.bbmpackaging.com\/fr\/wp-json\/wp\/v2\/product"}],"about":[{"href":"https:\/\/www.bbmpackaging.com\/fr\/wp-json\/wp\/v2\/types\/product"}],"replies":[{"embeddable":true,"href":"https:\/\/www.bbmpackaging.com\/fr\/wp-json\/wp\/v2\/comments?post=54593"}],"wp:featuredmedia":[{"embeddable":true,"href":"https:\/\/www.bbmpackaging.com\/fr\/wp-json\/wp\/v2\/media\/57148"}],"wp:attachment":[{"href":"https:\/\/www.bbmpackaging.com\/fr\/wp-json\/wp\/v2\/media?parent=54593"}],"wp:term":[{"taxonomy":"brand","embeddable":true,"href":"https:\/\/www.bbmpackaging.com\/fr\/wp-json\/wp\/v2\/brand?post=54593"},{"taxonomy":"product_brand","embeddable":true,"href":"https:\/\/www.bbmpackaging.com\/fr\/wp-json\/wp\/v2\/product_brand?post=54593"},{"taxonomy":"product_cat","embeddable":true,"href":"https:\/\/www.bbmpackaging.com\/fr\/wp-json\/wp\/v2\/product_cat?post=54593"},{"taxonomy":"product_tag","embeddable":true,"href":"https:\/\/www.bbmpackaging.com\/fr\/wp-json\/wp\/v2\/product_tag?post=54593"}],"curies":[{"name":"wp","href":"https:\/\/api.w.org\/{rel}","templated":true}]}}