{"id":55078,"date":"2025-07-24T09:42:23","date_gmt":"2025-07-24T07:42:23","guid":{"rendered":"https:\/\/www.bbmpackaging.com\/?post_type=product&#038;p=55078"},"modified":"2026-03-04T11:53:18","modified_gmt":"2026-03-04T10:53:18","slug":"palettiseur-comaco-pa4b","status":"publish","type":"product","link":"https:\/\/www.bbmpackaging.com\/fr\/machines\/occasion\/palettiseurs-occasion\/palettiseur-comaco-pa4b\/","title":{"rendered":"Palettiseur COMACO PA4B"},"content":{"rendered":"<p>Palettiseur COMACO PA4B d&rsquo;occasion et r\u00e9vis\u00e9 (2007), capable de palettiser jusqu&rsquo;\u00e0 10 800 bph. \u00c9quip\u00e9 d&rsquo;un dispositif automatique de mise en place des couches et disponible pour une visite au showroom BBM de Lenna (Bergame). Vendu tel quel ou r\u00e9vis\u00e9 et garanti. Le palettiseur comprend un PLC Siemens S7 et un HMI Siemens Simatic.<\/p>\n","protected":false},"excerpt":{"rendered":"<p>Palettiseur COMACO d&rsquo;occasion, r\u00e9vis\u00e9 et garanti. La vitesse indiqu\u00e9e en bouteilles par heure fait r\u00e9f\u00e9rence au format standard de 1500 ml en conditionnement 3&#215;2.<\/p>\n","protected":false},"featured_media":55079,"comment_status":"closed","ping_status":"closed","template":"","meta":{"_acf_changed":false},"brand":[7479],"product_brand":[],"product_cat":[1102,1106,1126],"product_tag":[],"class_list":{"0":"post-55078","1":"product","2":"type-product","3":"status-publish","4":"has-post-thumbnail","6":"brand-comac","7":"product_cat-machines","8":"product_cat-occasion","9":"product_cat-palettiseurs-occasion","11":"first","12":"instock","13":"shipping-taxable","14":"product-type-simple"},"acf":[],"yoast_head":"<!-- This site is optimized with the Yoast SEO plugin v27.2 - https:\/\/yoast.com\/product\/yoast-seo-wordpress\/ -->\n<title>Palettiseur COMACO PA4B - BBM Packaging<\/title>\n<meta name=\"description\" content=\"Palettiseur COMACO PA4B d&#039;occasion et r\u00e9vis\u00e9 (2007), capable de palettiser jusqu&#039;\u00e0 10 800 bph. \u00c9quip\u00e9 d&#039;un dispositif de mise en place des couches. Voir la galerie\" \/>\n<meta name=\"robots\" content=\"index, follow, max-snippet:-1, max-image-preview:large, max-video-preview:-1\" \/>\n<link rel=\"canonical\" href=\"https:\/\/www.bbmpackaging.com\/fr\/machines\/occasion\/palettiseurs-occasion\/palettiseur-comaco-pa4b\/\" \/>\n<meta property=\"og:locale\" content=\"fr_FR\" \/>\n<meta property=\"og:type\" content=\"article\" \/>\n<meta property=\"og:title\" content=\"Palettiseur COMACO PA4B - BBM Packaging\" \/>\n<meta property=\"og:description\" content=\"Palettiseur COMACO PA4B d&#039;occasion et r\u00e9vis\u00e9 (2007), capable de palettiser jusqu&#039;\u00e0 10 800 bph. \u00c9quip\u00e9 d&#039;un dispositif de mise en place des couches. Voir la galerie\" \/>\n<meta property=\"og:url\" content=\"https:\/\/www.bbmpackaging.com\/fr\/machines\/occasion\/palettiseurs-occasion\/palettiseur-comaco-pa4b\/\" \/>\n<meta property=\"og:site_name\" content=\"BBM Packaging\" \/>\n<meta property=\"article:modified_time\" content=\"2026-03-04T10:53:18+00:00\" \/>\n<meta property=\"og:image\" content=\"https:\/\/www.bbmpackaging.com\/wp-content\/uploads\/2025\/07\/Palettiseur-COMACO-CFT-BBM-Packaging-1.jpg\" \/>\n\t<meta property=\"og:image:width\" content=\"1200\" \/>\n\t<meta property=\"og:image:height\" content=\"900\" \/>\n\t<meta property=\"og:image:type\" content=\"image\/jpeg\" \/>\n<meta name=\"twitter:card\" content=\"summary_large_image\" \/>\n<meta name=\"twitter:label1\" content=\"Dur\u00e9e de lecture estim\u00e9e\" \/>\n\t<meta name=\"twitter:data1\" content=\"1 minute\" \/>\n<script type=\"application\/ld+json\" class=\"yoast-schema-graph\">{\"@context\":\"https:\/\/schema.org\",\"@graph\":[{\"@type\":\"WebPage\",\"@id\":\"https:\/\/www.bbmpackaging.com\/fr\/machines\/occasion\/palettiseurs-occasion\/palettiseur-comaco-pa4b\/\",\"url\":\"https:\/\/www.bbmpackaging.com\/fr\/machines\/occasion\/palettiseurs-occasion\/palettiseur-comaco-pa4b\/\",\"name\":\"Palettiseur COMACO PA4B - BBM Packaging\",\"isPartOf\":{\"@id\":\"https:\/\/www.bbmpackaging.com\/fr\/#website\"},\"primaryImageOfPage\":{\"@id\":\"https:\/\/www.bbmpackaging.com\/fr\/machines\/occasion\/palettiseurs-occasion\/palettiseur-comaco-pa4b\/#primaryimage\"},\"image\":{\"@id\":\"https:\/\/www.bbmpackaging.com\/fr\/machines\/occasion\/palettiseurs-occasion\/palettiseur-comaco-pa4b\/#primaryimage\"},\"thumbnailUrl\":\"https:\/\/www.bbmpackaging.com\/wp-content\/uploads\/2025\/07\/Palettiseur-COMACO-CFT-BBM-Packaging-1.jpg\",\"datePublished\":\"2025-07-24T07:42:23+00:00\",\"dateModified\":\"2026-03-04T10:53:18+00:00\",\"description\":\"Palettiseur COMACO PA4B d'occasion et r\u00e9vis\u00e9 (2007), capable de palettiser jusqu'\u00e0 10 800 bph. \u00c9quip\u00e9 d'un dispositif de mise en place des couches. Voir la galerie\",\"breadcrumb\":{\"@id\":\"https:\/\/www.bbmpackaging.com\/fr\/machines\/occasion\/palettiseurs-occasion\/palettiseur-comaco-pa4b\/#breadcrumb\"},\"inLanguage\":\"fr-FR\",\"potentialAction\":[{\"@type\":\"ReadAction\",\"target\":[\"https:\/\/www.bbmpackaging.com\/fr\/machines\/occasion\/palettiseurs-occasion\/palettiseur-comaco-pa4b\/\"]}]},{\"@type\":\"ImageObject\",\"inLanguage\":\"fr-FR\",\"@id\":\"https:\/\/www.bbmpackaging.com\/fr\/machines\/occasion\/palettiseurs-occasion\/palettiseur-comaco-pa4b\/#primaryimage\",\"url\":\"https:\/\/www.bbmpackaging.com\/wp-content\/uploads\/2025\/07\/Palettiseur-COMACO-CFT-BBM-Packaging-1.jpg\",\"contentUrl\":\"https:\/\/www.bbmpackaging.com\/wp-content\/uploads\/2025\/07\/Palettiseur-COMACO-CFT-BBM-Packaging-1.jpg\",\"width\":1200,\"height\":900,\"caption\":\"Palettiseur COMACO PA4B d'occasion et r\u00e9vis\u00e9 (2007), capable de palettiser jusqu'\u00e0 10 800 bph. \u00c9quip\u00e9 d'un dispositif de mise en place des couches. Voir la galerie\"},{\"@type\":\"BreadcrumbList\",\"@id\":\"https:\/\/www.bbmpackaging.com\/fr\/machines\/occasion\/palettiseurs-occasion\/palettiseur-comaco-pa4b\/#breadcrumb\",\"itemListElement\":[{\"@type\":\"ListItem\",\"position\":1,\"name\":\"Home\",\"item\":\"https:\/\/www.bbmpackaging.com\/fr\/\"},{\"@type\":\"ListItem\",\"position\":2,\"name\":\"Produits\",\"item\":\"https:\/\/www.bbmpackaging.com\/fr\/produits\/\"},{\"@type\":\"ListItem\",\"position\":3,\"name\":\"Machines d\u2019occasion\",\"item\":\"https:\/\/www.bbmpackaging.com\/fr\/machines\/occasion\/\"},{\"@type\":\"ListItem\",\"position\":4,\"name\":\"Palettiseurs\",\"item\":\"https:\/\/www.bbmpackaging.com\/fr\/machines\/palettiseurs-occasion\/\"},{\"@type\":\"ListItem\",\"position\":5,\"name\":\"Palettiseur COMACO PA4B\"}]},{\"@type\":\"WebSite\",\"@id\":\"https:\/\/www.bbmpackaging.com\/fr\/#website\",\"url\":\"https:\/\/www.bbmpackaging.com\/fr\/\",\"name\":\"BBM Packaging\",\"description\":\"Imbottigliamento: macchinari manutenzione e much more\",\"potentialAction\":[{\"@type\":\"SearchAction\",\"target\":{\"@type\":\"EntryPoint\",\"urlTemplate\":\"https:\/\/www.bbmpackaging.com\/fr\/?s={search_term_string}\"},\"query-input\":{\"@type\":\"PropertyValueSpecification\",\"valueRequired\":true,\"valueName\":\"search_term_string\"}}],\"inLanguage\":\"fr-FR\"}]}<\/script>\n<!-- \/ Yoast SEO plugin. -->","yoast_head_json":{"title":"Palettiseur COMACO PA4B - BBM Packaging","description":"Palettiseur COMACO PA4B d'occasion et r\u00e9vis\u00e9 (2007), capable de palettiser jusqu'\u00e0 10 800 bph. \u00c9quip\u00e9 d'un dispositif de mise en place des couches. Voir la galerie","robots":{"index":"index","follow":"follow","max-snippet":"max-snippet:-1","max-image-preview":"max-image-preview:large","max-video-preview":"max-video-preview:-1"},"canonical":"https:\/\/www.bbmpackaging.com\/fr\/machines\/occasion\/palettiseurs-occasion\/palettiseur-comaco-pa4b\/","og_locale":"fr_FR","og_type":"article","og_title":"Palettiseur COMACO PA4B - BBM Packaging","og_description":"Palettiseur COMACO PA4B d'occasion et r\u00e9vis\u00e9 (2007), capable de palettiser jusqu'\u00e0 10 800 bph. \u00c9quip\u00e9 d'un dispositif de mise en place des couches. Voir la galerie","og_url":"https:\/\/www.bbmpackaging.com\/fr\/machines\/occasion\/palettiseurs-occasion\/palettiseur-comaco-pa4b\/","og_site_name":"BBM Packaging","article_modified_time":"2026-03-04T10:53:18+00:00","og_image":[{"width":1200,"height":900,"url":"https:\/\/www.bbmpackaging.com\/wp-content\/uploads\/2025\/07\/Palettiseur-COMACO-CFT-BBM-Packaging-1.jpg","type":"image\/jpeg"}],"twitter_card":"summary_large_image","twitter_misc":{"Dur\u00e9e de lecture estim\u00e9e":"1 minute"},"schema":{"@context":"https:\/\/schema.org","@graph":[{"@type":"WebPage","@id":"https:\/\/www.bbmpackaging.com\/fr\/machines\/occasion\/palettiseurs-occasion\/palettiseur-comaco-pa4b\/","url":"https:\/\/www.bbmpackaging.com\/fr\/machines\/occasion\/palettiseurs-occasion\/palettiseur-comaco-pa4b\/","name":"Palettiseur COMACO PA4B - BBM Packaging","isPartOf":{"@id":"https:\/\/www.bbmpackaging.com\/fr\/#website"},"primaryImageOfPage":{"@id":"https:\/\/www.bbmpackaging.com\/fr\/machines\/occasion\/palettiseurs-occasion\/palettiseur-comaco-pa4b\/#primaryimage"},"image":{"@id":"https:\/\/www.bbmpackaging.com\/fr\/machines\/occasion\/palettiseurs-occasion\/palettiseur-comaco-pa4b\/#primaryimage"},"thumbnailUrl":"https:\/\/www.bbmpackaging.com\/wp-content\/uploads\/2025\/07\/Palettiseur-COMACO-CFT-BBM-Packaging-1.jpg","datePublished":"2025-07-24T07:42:23+00:00","dateModified":"2026-03-04T10:53:18+00:00","description":"Palettiseur COMACO PA4B d'occasion et r\u00e9vis\u00e9 (2007), capable de palettiser jusqu'\u00e0 10 800 bph. \u00c9quip\u00e9 d'un dispositif de mise en place des couches. Voir la galerie","breadcrumb":{"@id":"https:\/\/www.bbmpackaging.com\/fr\/machines\/occasion\/palettiseurs-occasion\/palettiseur-comaco-pa4b\/#breadcrumb"},"inLanguage":"fr-FR","potentialAction":[{"@type":"ReadAction","target":["https:\/\/www.bbmpackaging.com\/fr\/machines\/occasion\/palettiseurs-occasion\/palettiseur-comaco-pa4b\/"]}]},{"@type":"ImageObject","inLanguage":"fr-FR","@id":"https:\/\/www.bbmpackaging.com\/fr\/machines\/occasion\/palettiseurs-occasion\/palettiseur-comaco-pa4b\/#primaryimage","url":"https:\/\/www.bbmpackaging.com\/wp-content\/uploads\/2025\/07\/Palettiseur-COMACO-CFT-BBM-Packaging-1.jpg","contentUrl":"https:\/\/www.bbmpackaging.com\/wp-content\/uploads\/2025\/07\/Palettiseur-COMACO-CFT-BBM-Packaging-1.jpg","width":1200,"height":900,"caption":"Palettiseur COMACO PA4B d'occasion et r\u00e9vis\u00e9 (2007), capable de palettiser jusqu'\u00e0 10 800 bph. \u00c9quip\u00e9 d'un dispositif de mise en place des couches. Voir la galerie"},{"@type":"BreadcrumbList","@id":"https:\/\/www.bbmpackaging.com\/fr\/machines\/occasion\/palettiseurs-occasion\/palettiseur-comaco-pa4b\/#breadcrumb","itemListElement":[{"@type":"ListItem","position":1,"name":"Home","item":"https:\/\/www.bbmpackaging.com\/fr\/"},{"@type":"ListItem","position":2,"name":"Produits","item":"https:\/\/www.bbmpackaging.com\/fr\/produits\/"},{"@type":"ListItem","position":3,"name":"Machines d\u2019occasion","item":"https:\/\/www.bbmpackaging.com\/fr\/machines\/occasion\/"},{"@type":"ListItem","position":4,"name":"Palettiseurs","item":"https:\/\/www.bbmpackaging.com\/fr\/machines\/palettiseurs-occasion\/"},{"@type":"ListItem","position":5,"name":"Palettiseur COMACO PA4B"}]},{"@type":"WebSite","@id":"https:\/\/www.bbmpackaging.com\/fr\/#website","url":"https:\/\/www.bbmpackaging.com\/fr\/","name":"BBM Packaging","description":"Imbottigliamento: macchinari manutenzione e much more","potentialAction":[{"@type":"SearchAction","target":{"@type":"EntryPoint","urlTemplate":"https:\/\/www.bbmpackaging.com\/fr\/?s={search_term_string}"},"query-input":{"@type":"PropertyValueSpecification","valueRequired":true,"valueName":"search_term_string"}}],"inLanguage":"fr-FR"}]}},"_links":{"self":[{"href":"https:\/\/www.bbmpackaging.com\/fr\/wp-json\/wp\/v2\/product\/55078","targetHints":{"allow":["GET"]}}],"collection":[{"href":"https:\/\/www.bbmpackaging.com\/fr\/wp-json\/wp\/v2\/product"}],"about":[{"href":"https:\/\/www.bbmpackaging.com\/fr\/wp-json\/wp\/v2\/types\/product"}],"replies":[{"embeddable":true,"href":"https:\/\/www.bbmpackaging.com\/fr\/wp-json\/wp\/v2\/comments?post=55078"}],"wp:featuredmedia":[{"embeddable":true,"href":"https:\/\/www.bbmpackaging.com\/fr\/wp-json\/wp\/v2\/media\/55079"}],"wp:attachment":[{"href":"https:\/\/www.bbmpackaging.com\/fr\/wp-json\/wp\/v2\/media?parent=55078"}],"wp:term":[{"taxonomy":"brand","embeddable":true,"href":"https:\/\/www.bbmpackaging.com\/fr\/wp-json\/wp\/v2\/brand?post=55078"},{"taxonomy":"product_brand","embeddable":true,"href":"https:\/\/www.bbmpackaging.com\/fr\/wp-json\/wp\/v2\/product_brand?post=55078"},{"taxonomy":"product_cat","embeddable":true,"href":"https:\/\/www.bbmpackaging.com\/fr\/wp-json\/wp\/v2\/product_cat?post=55078"},{"taxonomy":"product_tag","embeddable":true,"href":"https:\/\/www.bbmpackaging.com\/fr\/wp-json\/wp\/v2\/product_tag?post=55078"}],"curies":[{"name":"wp","href":"https:\/\/api.w.org\/{rel}","templated":true}]}}