{"id":55629,"date":"2025-07-25T08:33:48","date_gmt":"2025-07-25T06:33:48","guid":{"rendered":"https:\/\/www.bbmpackaging.com\/?post_type=product&#038;p=55629"},"modified":"2026-03-04T12:25:32","modified_gmt":"2026-03-04T11:25:32","slug":"banderoleuse-robopac-helix-hs40","status":"publish","type":"product","link":"https:\/\/www.bbmpackaging.com\/fr\/machines\/occasion\/bandelereuses-occasion\/banderoleuse-robopac-helix-hs40\/","title":{"rendered":"Banderoleuse Robopac Helix HS40"},"content":{"rendered":"<p>Banderoleuse Robopac Helix HS40 d&rsquo;occasion et remise \u00e0 neuf, avec zone de pr\u00e9l\u00e8vement de palettes.<\/p>\n","protected":false},"excerpt":{"rendered":"<p>Banderoleuse ROBOPAC HS40 d&rsquo;occasion. La vitesse indiqu\u00e9e en bouteilles par heure fait r\u00e9f\u00e9rence au format standard de 1500 ml en conditionnement 3&#215;2.<\/p>\n","protected":false},"featured_media":55630,"comment_status":"closed","ping_status":"closed","template":"","meta":{"_acf_changed":false},"brand":[7461],"product_brand":[],"product_cat":[1102,1106,4456],"product_tag":[],"class_list":{"0":"post-55629","1":"product","2":"type-product","3":"status-publish","4":"has-post-thumbnail","6":"brand-robopac","7":"product_cat-machines","8":"product_cat-occasion","9":"product_cat-bandelereuses-occasion","11":"first","12":"instock","13":"shipping-taxable","14":"product-type-simple"},"acf":[],"yoast_head":"<!-- This site is optimized with the Yoast SEO plugin v27.2 - https:\/\/yoast.com\/product\/yoast-seo-wordpress\/ -->\n<title>Banderoleuse Robopac Helix HS40 - BBM Packaging<\/title>\n<meta name=\"description\" content=\"Banderoleuse Robopac Helix HS40 d&#039;occasion et remise \u00e0 neuf, avec zone de pr\u00e9l\u00e8vement de palettes. D\u00e9couvrez les d\u00e9tails et les images.\" \/>\n<meta name=\"robots\" content=\"index, follow, max-snippet:-1, max-image-preview:large, max-video-preview:-1\" \/>\n<link rel=\"canonical\" href=\"https:\/\/www.bbmpackaging.com\/fr\/machines\/occasion\/bandelereuses-occasion\/banderoleuse-robopac-helix-hs40\/\" \/>\n<meta property=\"og:locale\" content=\"fr_FR\" \/>\n<meta property=\"og:type\" content=\"article\" \/>\n<meta property=\"og:title\" content=\"Banderoleuse Robopac Helix HS40 - BBM Packaging\" \/>\n<meta property=\"og:description\" content=\"Banderoleuse Robopac Helix HS40 d&#039;occasion et remise \u00e0 neuf, avec zone de pr\u00e9l\u00e8vement de palettes. D\u00e9couvrez les d\u00e9tails et les images.\" \/>\n<meta property=\"og:url\" content=\"https:\/\/www.bbmpackaging.com\/fr\/machines\/occasion\/bandelereuses-occasion\/banderoleuse-robopac-helix-hs40\/\" \/>\n<meta property=\"og:site_name\" content=\"BBM Packaging\" \/>\n<meta property=\"article:modified_time\" content=\"2026-03-04T11:25:32+00:00\" \/>\n<meta property=\"og:image\" content=\"https:\/\/www.bbmpackaging.com\/wp-content\/uploads\/2025\/07\/Bandelereuse-Robopac-Helix-HS40-BBM-Packaging-2.jpg\" \/>\n\t<meta property=\"og:image:width\" content=\"1440\" \/>\n\t<meta property=\"og:image:height\" content=\"1080\" \/>\n\t<meta property=\"og:image:type\" content=\"image\/jpeg\" \/>\n<meta name=\"twitter:card\" content=\"summary_large_image\" \/>\n<meta name=\"twitter:label1\" content=\"Dur\u00e9e de lecture estim\u00e9e\" \/>\n\t<meta name=\"twitter:data1\" content=\"1 minute\" \/>\n<script type=\"application\/ld+json\" class=\"yoast-schema-graph\">{\"@context\":\"https:\/\/schema.org\",\"@graph\":[{\"@type\":\"WebPage\",\"@id\":\"https:\/\/www.bbmpackaging.com\/fr\/machines\/occasion\/bandelereuses-occasion\/banderoleuse-robopac-helix-hs40\/\",\"url\":\"https:\/\/www.bbmpackaging.com\/fr\/machines\/occasion\/bandelereuses-occasion\/banderoleuse-robopac-helix-hs40\/\",\"name\":\"Banderoleuse Robopac Helix HS40 - BBM Packaging\",\"isPartOf\":{\"@id\":\"https:\/\/www.bbmpackaging.com\/fr\/#website\"},\"primaryImageOfPage\":{\"@id\":\"https:\/\/www.bbmpackaging.com\/fr\/machines\/occasion\/bandelereuses-occasion\/banderoleuse-robopac-helix-hs40\/#primaryimage\"},\"image\":{\"@id\":\"https:\/\/www.bbmpackaging.com\/fr\/machines\/occasion\/bandelereuses-occasion\/banderoleuse-robopac-helix-hs40\/#primaryimage\"},\"thumbnailUrl\":\"https:\/\/www.bbmpackaging.com\/wp-content\/uploads\/2025\/07\/Bandelereuse-Robopac-Helix-HS40-BBM-Packaging-2.jpg\",\"datePublished\":\"2025-07-25T06:33:48+00:00\",\"dateModified\":\"2026-03-04T11:25:32+00:00\",\"description\":\"Banderoleuse Robopac Helix HS40 d'occasion et remise \u00e0 neuf, avec zone de pr\u00e9l\u00e8vement de palettes. D\u00e9couvrez les d\u00e9tails et les images.\",\"breadcrumb\":{\"@id\":\"https:\/\/www.bbmpackaging.com\/fr\/machines\/occasion\/bandelereuses-occasion\/banderoleuse-robopac-helix-hs40\/#breadcrumb\"},\"inLanguage\":\"fr-FR\",\"potentialAction\":[{\"@type\":\"ReadAction\",\"target\":[\"https:\/\/www.bbmpackaging.com\/fr\/machines\/occasion\/bandelereuses-occasion\/banderoleuse-robopac-helix-hs40\/\"]}]},{\"@type\":\"ImageObject\",\"inLanguage\":\"fr-FR\",\"@id\":\"https:\/\/www.bbmpackaging.com\/fr\/machines\/occasion\/bandelereuses-occasion\/banderoleuse-robopac-helix-hs40\/#primaryimage\",\"url\":\"https:\/\/www.bbmpackaging.com\/wp-content\/uploads\/2025\/07\/Bandelereuse-Robopac-Helix-HS40-BBM-Packaging-2.jpg\",\"contentUrl\":\"https:\/\/www.bbmpackaging.com\/wp-content\/uploads\/2025\/07\/Bandelereuse-Robopac-Helix-HS40-BBM-Packaging-2.jpg\",\"width\":1440,\"height\":1080,\"caption\":\"Banderoleuse Robopac Helix HS40 d'occasion et remise \u00e0 neuf, avec zone de pr\u00e9l\u00e8vement de palettes. D\u00e9couvrez les d\u00e9tails et les images.\"},{\"@type\":\"BreadcrumbList\",\"@id\":\"https:\/\/www.bbmpackaging.com\/fr\/machines\/occasion\/bandelereuses-occasion\/banderoleuse-robopac-helix-hs40\/#breadcrumb\",\"itemListElement\":[{\"@type\":\"ListItem\",\"position\":1,\"name\":\"Home\",\"item\":\"https:\/\/www.bbmpackaging.com\/fr\/\"},{\"@type\":\"ListItem\",\"position\":2,\"name\":\"Produits\",\"item\":\"https:\/\/www.bbmpackaging.com\/fr\/produits\/\"},{\"@type\":\"ListItem\",\"position\":3,\"name\":\"Machines d\u2019occasion\",\"item\":\"https:\/\/www.bbmpackaging.com\/fr\/machines\/occasion\/\"},{\"@type\":\"ListItem\",\"position\":4,\"name\":\"Banderoleuses\",\"item\":\"https:\/\/www.bbmpackaging.com\/fr\/machines\/bandelereuses-occasion\/\"},{\"@type\":\"ListItem\",\"position\":5,\"name\":\"Banderoleuse Robopac Helix HS40\"}]},{\"@type\":\"WebSite\",\"@id\":\"https:\/\/www.bbmpackaging.com\/fr\/#website\",\"url\":\"https:\/\/www.bbmpackaging.com\/fr\/\",\"name\":\"BBM Packaging\",\"description\":\"Imbottigliamento: macchinari manutenzione e much more\",\"potentialAction\":[{\"@type\":\"SearchAction\",\"target\":{\"@type\":\"EntryPoint\",\"urlTemplate\":\"https:\/\/www.bbmpackaging.com\/fr\/?s={search_term_string}\"},\"query-input\":{\"@type\":\"PropertyValueSpecification\",\"valueRequired\":true,\"valueName\":\"search_term_string\"}}],\"inLanguage\":\"fr-FR\"}]}<\/script>\n<!-- \/ Yoast SEO plugin. -->","yoast_head_json":{"title":"Banderoleuse Robopac Helix HS40 - BBM Packaging","description":"Banderoleuse Robopac Helix HS40 d'occasion et remise \u00e0 neuf, avec zone de pr\u00e9l\u00e8vement de palettes. D\u00e9couvrez les d\u00e9tails et les images.","robots":{"index":"index","follow":"follow","max-snippet":"max-snippet:-1","max-image-preview":"max-image-preview:large","max-video-preview":"max-video-preview:-1"},"canonical":"https:\/\/www.bbmpackaging.com\/fr\/machines\/occasion\/bandelereuses-occasion\/banderoleuse-robopac-helix-hs40\/","og_locale":"fr_FR","og_type":"article","og_title":"Banderoleuse Robopac Helix HS40 - BBM Packaging","og_description":"Banderoleuse Robopac Helix HS40 d'occasion et remise \u00e0 neuf, avec zone de pr\u00e9l\u00e8vement de palettes. D\u00e9couvrez les d\u00e9tails et les images.","og_url":"https:\/\/www.bbmpackaging.com\/fr\/machines\/occasion\/bandelereuses-occasion\/banderoleuse-robopac-helix-hs40\/","og_site_name":"BBM Packaging","article_modified_time":"2026-03-04T11:25:32+00:00","og_image":[{"width":1440,"height":1080,"url":"https:\/\/www.bbmpackaging.com\/wp-content\/uploads\/2025\/07\/Bandelereuse-Robopac-Helix-HS40-BBM-Packaging-2.jpg","type":"image\/jpeg"}],"twitter_card":"summary_large_image","twitter_misc":{"Dur\u00e9e de lecture estim\u00e9e":"1 minute"},"schema":{"@context":"https:\/\/schema.org","@graph":[{"@type":"WebPage","@id":"https:\/\/www.bbmpackaging.com\/fr\/machines\/occasion\/bandelereuses-occasion\/banderoleuse-robopac-helix-hs40\/","url":"https:\/\/www.bbmpackaging.com\/fr\/machines\/occasion\/bandelereuses-occasion\/banderoleuse-robopac-helix-hs40\/","name":"Banderoleuse Robopac Helix HS40 - BBM Packaging","isPartOf":{"@id":"https:\/\/www.bbmpackaging.com\/fr\/#website"},"primaryImageOfPage":{"@id":"https:\/\/www.bbmpackaging.com\/fr\/machines\/occasion\/bandelereuses-occasion\/banderoleuse-robopac-helix-hs40\/#primaryimage"},"image":{"@id":"https:\/\/www.bbmpackaging.com\/fr\/machines\/occasion\/bandelereuses-occasion\/banderoleuse-robopac-helix-hs40\/#primaryimage"},"thumbnailUrl":"https:\/\/www.bbmpackaging.com\/wp-content\/uploads\/2025\/07\/Bandelereuse-Robopac-Helix-HS40-BBM-Packaging-2.jpg","datePublished":"2025-07-25T06:33:48+00:00","dateModified":"2026-03-04T11:25:32+00:00","description":"Banderoleuse Robopac Helix HS40 d'occasion et remise \u00e0 neuf, avec zone de pr\u00e9l\u00e8vement de palettes. D\u00e9couvrez les d\u00e9tails et les images.","breadcrumb":{"@id":"https:\/\/www.bbmpackaging.com\/fr\/machines\/occasion\/bandelereuses-occasion\/banderoleuse-robopac-helix-hs40\/#breadcrumb"},"inLanguage":"fr-FR","potentialAction":[{"@type":"ReadAction","target":["https:\/\/www.bbmpackaging.com\/fr\/machines\/occasion\/bandelereuses-occasion\/banderoleuse-robopac-helix-hs40\/"]}]},{"@type":"ImageObject","inLanguage":"fr-FR","@id":"https:\/\/www.bbmpackaging.com\/fr\/machines\/occasion\/bandelereuses-occasion\/banderoleuse-robopac-helix-hs40\/#primaryimage","url":"https:\/\/www.bbmpackaging.com\/wp-content\/uploads\/2025\/07\/Bandelereuse-Robopac-Helix-HS40-BBM-Packaging-2.jpg","contentUrl":"https:\/\/www.bbmpackaging.com\/wp-content\/uploads\/2025\/07\/Bandelereuse-Robopac-Helix-HS40-BBM-Packaging-2.jpg","width":1440,"height":1080,"caption":"Banderoleuse Robopac Helix HS40 d'occasion et remise \u00e0 neuf, avec zone de pr\u00e9l\u00e8vement de palettes. D\u00e9couvrez les d\u00e9tails et les images."},{"@type":"BreadcrumbList","@id":"https:\/\/www.bbmpackaging.com\/fr\/machines\/occasion\/bandelereuses-occasion\/banderoleuse-robopac-helix-hs40\/#breadcrumb","itemListElement":[{"@type":"ListItem","position":1,"name":"Home","item":"https:\/\/www.bbmpackaging.com\/fr\/"},{"@type":"ListItem","position":2,"name":"Produits","item":"https:\/\/www.bbmpackaging.com\/fr\/produits\/"},{"@type":"ListItem","position":3,"name":"Machines d\u2019occasion","item":"https:\/\/www.bbmpackaging.com\/fr\/machines\/occasion\/"},{"@type":"ListItem","position":4,"name":"Banderoleuses","item":"https:\/\/www.bbmpackaging.com\/fr\/machines\/bandelereuses-occasion\/"},{"@type":"ListItem","position":5,"name":"Banderoleuse Robopac Helix HS40"}]},{"@type":"WebSite","@id":"https:\/\/www.bbmpackaging.com\/fr\/#website","url":"https:\/\/www.bbmpackaging.com\/fr\/","name":"BBM Packaging","description":"Imbottigliamento: macchinari manutenzione e much more","potentialAction":[{"@type":"SearchAction","target":{"@type":"EntryPoint","urlTemplate":"https:\/\/www.bbmpackaging.com\/fr\/?s={search_term_string}"},"query-input":{"@type":"PropertyValueSpecification","valueRequired":true,"valueName":"search_term_string"}}],"inLanguage":"fr-FR"}]}},"_links":{"self":[{"href":"https:\/\/www.bbmpackaging.com\/fr\/wp-json\/wp\/v2\/product\/55629","targetHints":{"allow":["GET"]}}],"collection":[{"href":"https:\/\/www.bbmpackaging.com\/fr\/wp-json\/wp\/v2\/product"}],"about":[{"href":"https:\/\/www.bbmpackaging.com\/fr\/wp-json\/wp\/v2\/types\/product"}],"replies":[{"embeddable":true,"href":"https:\/\/www.bbmpackaging.com\/fr\/wp-json\/wp\/v2\/comments?post=55629"}],"wp:featuredmedia":[{"embeddable":true,"href":"https:\/\/www.bbmpackaging.com\/fr\/wp-json\/wp\/v2\/media\/55630"}],"wp:attachment":[{"href":"https:\/\/www.bbmpackaging.com\/fr\/wp-json\/wp\/v2\/media?parent=55629"}],"wp:term":[{"taxonomy":"brand","embeddable":true,"href":"https:\/\/www.bbmpackaging.com\/fr\/wp-json\/wp\/v2\/brand?post=55629"},{"taxonomy":"product_brand","embeddable":true,"href":"https:\/\/www.bbmpackaging.com\/fr\/wp-json\/wp\/v2\/product_brand?post=55629"},{"taxonomy":"product_cat","embeddable":true,"href":"https:\/\/www.bbmpackaging.com\/fr\/wp-json\/wp\/v2\/product_cat?post=55629"},{"taxonomy":"product_tag","embeddable":true,"href":"https:\/\/www.bbmpackaging.com\/fr\/wp-json\/wp\/v2\/product_tag?post=55629"}],"curies":[{"name":"wp","href":"https:\/\/api.w.org\/{rel}","templated":true}]}}