{"id":56359,"date":"2025-08-20T16:37:40","date_gmt":"2025-08-20T14:37:40","guid":{"rendered":"https:\/\/www.bbmpackaging.com\/?post_type=product&#038;p=56359"},"modified":"2026-02-02T16:21:00","modified_gmt":"2026-02-02T15:21:00","slug":"souffleuse-krones-contiform-s14","status":"publish","type":"product","link":"https:\/\/www.bbmpackaging.com\/fr\/machines\/occasion\/souffleuses-occasion\/souffleuse-krones-contiform-s14\/","title":{"rendered":"Souffleuse Krones Contiform S14"},"content":{"rendered":"<p>Souffleuse Krones Contiform S14 de 2009. Capable de produire jusqu&rsquo;\u00e0 25 000 bouteilles par heure. Disponible telle quelle, r\u00e9vis\u00e9e et garantie ou pr\u00eate \u00e0 l&#8217;emploi avec des pi\u00e8ces de rechange compatibles. \u00c9quip\u00e9e d&rsquo;un PLC Siemens et d&rsquo;une IHM Krones.<\/p>\n","protected":false},"excerpt":{"rendered":"<p class=\"big\">Souffleuse Krones Contiform S14<\/p>\n","protected":false},"featured_media":56368,"comment_status":"closed","ping_status":"closed","template":"","meta":{"_acf_changed":false},"brand":[7449],"product_brand":[],"product_cat":[1102,1106,1110],"product_tag":[],"class_list":{"0":"post-56359","1":"product","2":"type-product","3":"status-publish","4":"has-post-thumbnail","6":"brand-krones","7":"product_cat-machines","8":"product_cat-occasion","9":"product_cat-souffleuses-occasion","11":"first","12":"instock","13":"shipping-taxable","14":"product-type-simple"},"acf":[],"yoast_head":"<!-- This site is optimized with the Yoast SEO plugin v27.2 - https:\/\/yoast.com\/product\/yoast-seo-wordpress\/ -->\n<title>Souffleuse Krones Contiform S14 - BBM Packaging<\/title>\n<meta name=\"description\" content=\"Souffleuse Krones Contiform S14 de 2009, jusqu&#039;\u00e0 25 000 bph. Disponible telle quelle ou r\u00e9vis\u00e9e avec garantie. Demandez un devis.\" \/>\n<meta name=\"robots\" content=\"index, follow, max-snippet:-1, max-image-preview:large, max-video-preview:-1\" \/>\n<link rel=\"canonical\" href=\"https:\/\/www.bbmpackaging.com\/fr\/machines\/occasion\/souffleuses-occasion\/souffleuse-krones-contiform-s14\/\" \/>\n<meta property=\"og:locale\" content=\"fr_FR\" \/>\n<meta property=\"og:type\" content=\"article\" \/>\n<meta property=\"og:title\" content=\"Souffleuse Krones Contiform S14 - BBM Packaging\" \/>\n<meta property=\"og:description\" content=\"Souffleuse Krones Contiform S14 de 2009, jusqu&#039;\u00e0 25 000 bph. Disponible telle quelle ou r\u00e9vis\u00e9e avec garantie. Demandez un devis.\" \/>\n<meta property=\"og:url\" content=\"https:\/\/www.bbmpackaging.com\/fr\/machines\/occasion\/souffleuses-occasion\/souffleuse-krones-contiform-s14\/\" \/>\n<meta property=\"og:site_name\" content=\"BBM Packaging\" \/>\n<meta property=\"article:modified_time\" content=\"2026-02-02T15:21:00+00:00\" \/>\n<meta property=\"og:image\" content=\"https:\/\/www.bbmpackaging.com\/wp-content\/uploads\/2025\/08\/bbm-packaging-souffleuse-krones-contiform.jpeg\" \/>\n\t<meta property=\"og:image:width\" content=\"1440\" \/>\n\t<meta property=\"og:image:height\" content=\"1080\" \/>\n\t<meta property=\"og:image:type\" content=\"image\/jpeg\" \/>\n<meta name=\"twitter:card\" content=\"summary_large_image\" \/>\n<meta name=\"twitter:label1\" content=\"Dur\u00e9e de lecture estim\u00e9e\" \/>\n\t<meta name=\"twitter:data1\" content=\"1 minute\" \/>\n<script type=\"application\/ld+json\" class=\"yoast-schema-graph\">{\"@context\":\"https:\/\/schema.org\",\"@graph\":[{\"@type\":\"WebPage\",\"@id\":\"https:\/\/www.bbmpackaging.com\/fr\/machines\/occasion\/souffleuses-occasion\/souffleuse-krones-contiform-s14\/\",\"url\":\"https:\/\/www.bbmpackaging.com\/fr\/machines\/occasion\/souffleuses-occasion\/souffleuse-krones-contiform-s14\/\",\"name\":\"Souffleuse Krones Contiform S14 - BBM Packaging\",\"isPartOf\":{\"@id\":\"https:\/\/www.bbmpackaging.com\/fr\/#website\"},\"primaryImageOfPage\":{\"@id\":\"https:\/\/www.bbmpackaging.com\/fr\/machines\/occasion\/souffleuses-occasion\/souffleuse-krones-contiform-s14\/#primaryimage\"},\"image\":{\"@id\":\"https:\/\/www.bbmpackaging.com\/fr\/machines\/occasion\/souffleuses-occasion\/souffleuse-krones-contiform-s14\/#primaryimage\"},\"thumbnailUrl\":\"https:\/\/www.bbmpackaging.com\/wp-content\/uploads\/2025\/08\/bbm-packaging-souffleuse-krones-contiform.jpeg\",\"datePublished\":\"2025-08-20T14:37:40+00:00\",\"dateModified\":\"2026-02-02T15:21:00+00:00\",\"description\":\"Souffleuse Krones Contiform S14 de 2009, jusqu'\u00e0 25 000 bph. Disponible telle quelle ou r\u00e9vis\u00e9e avec garantie. Demandez un devis.\",\"breadcrumb\":{\"@id\":\"https:\/\/www.bbmpackaging.com\/fr\/machines\/occasion\/souffleuses-occasion\/souffleuse-krones-contiform-s14\/#breadcrumb\"},\"inLanguage\":\"fr-FR\",\"potentialAction\":[{\"@type\":\"ReadAction\",\"target\":[\"https:\/\/www.bbmpackaging.com\/fr\/machines\/occasion\/souffleuses-occasion\/souffleuse-krones-contiform-s14\/\"]}]},{\"@type\":\"ImageObject\",\"inLanguage\":\"fr-FR\",\"@id\":\"https:\/\/www.bbmpackaging.com\/fr\/machines\/occasion\/souffleuses-occasion\/souffleuse-krones-contiform-s14\/#primaryimage\",\"url\":\"https:\/\/www.bbmpackaging.com\/wp-content\/uploads\/2025\/08\/bbm-packaging-souffleuse-krones-contiform.jpeg\",\"contentUrl\":\"https:\/\/www.bbmpackaging.com\/wp-content\/uploads\/2025\/08\/bbm-packaging-souffleuse-krones-contiform.jpeg\",\"width\":1440,\"height\":1080,\"caption\":\"Souffleuse Krones Contiform S14 de 2009, jusqu'\u00e0 25 000 bph. Disponible telle quelle ou r\u00e9vis\u00e9e avec garantie. Demandez un devis.\"},{\"@type\":\"BreadcrumbList\",\"@id\":\"https:\/\/www.bbmpackaging.com\/fr\/machines\/occasion\/souffleuses-occasion\/souffleuse-krones-contiform-s14\/#breadcrumb\",\"itemListElement\":[{\"@type\":\"ListItem\",\"position\":1,\"name\":\"Home\",\"item\":\"https:\/\/www.bbmpackaging.com\/fr\/\"},{\"@type\":\"ListItem\",\"position\":2,\"name\":\"Produits\",\"item\":\"https:\/\/www.bbmpackaging.com\/fr\/produits\/\"},{\"@type\":\"ListItem\",\"position\":3,\"name\":\"Machines d\u2019occasion\",\"item\":\"https:\/\/www.bbmpackaging.com\/fr\/machines\/occasion\/\"},{\"@type\":\"ListItem\",\"position\":4,\"name\":\"Souffleuses\",\"item\":\"https:\/\/www.bbmpackaging.com\/fr\/machines\/souffleuses-occasion\/\"},{\"@type\":\"ListItem\",\"position\":5,\"name\":\"Souffleuse Krones Contiform S14\"}]},{\"@type\":\"WebSite\",\"@id\":\"https:\/\/www.bbmpackaging.com\/fr\/#website\",\"url\":\"https:\/\/www.bbmpackaging.com\/fr\/\",\"name\":\"BBM Packaging\",\"description\":\"Imbottigliamento: macchinari manutenzione e much more\",\"potentialAction\":[{\"@type\":\"SearchAction\",\"target\":{\"@type\":\"EntryPoint\",\"urlTemplate\":\"https:\/\/www.bbmpackaging.com\/fr\/?s={search_term_string}\"},\"query-input\":{\"@type\":\"PropertyValueSpecification\",\"valueRequired\":true,\"valueName\":\"search_term_string\"}}],\"inLanguage\":\"fr-FR\"}]}<\/script>\n<!-- \/ Yoast SEO plugin. -->","yoast_head_json":{"title":"Souffleuse Krones Contiform S14 - BBM Packaging","description":"Souffleuse Krones Contiform S14 de 2009, jusqu'\u00e0 25 000 bph. Disponible telle quelle ou r\u00e9vis\u00e9e avec garantie. Demandez un devis.","robots":{"index":"index","follow":"follow","max-snippet":"max-snippet:-1","max-image-preview":"max-image-preview:large","max-video-preview":"max-video-preview:-1"},"canonical":"https:\/\/www.bbmpackaging.com\/fr\/machines\/occasion\/souffleuses-occasion\/souffleuse-krones-contiform-s14\/","og_locale":"fr_FR","og_type":"article","og_title":"Souffleuse Krones Contiform S14 - BBM Packaging","og_description":"Souffleuse Krones Contiform S14 de 2009, jusqu'\u00e0 25 000 bph. Disponible telle quelle ou r\u00e9vis\u00e9e avec garantie. Demandez un devis.","og_url":"https:\/\/www.bbmpackaging.com\/fr\/machines\/occasion\/souffleuses-occasion\/souffleuse-krones-contiform-s14\/","og_site_name":"BBM Packaging","article_modified_time":"2026-02-02T15:21:00+00:00","og_image":[{"width":1440,"height":1080,"url":"https:\/\/www.bbmpackaging.com\/wp-content\/uploads\/2025\/08\/bbm-packaging-souffleuse-krones-contiform.jpeg","type":"image\/jpeg"}],"twitter_card":"summary_large_image","twitter_misc":{"Dur\u00e9e de lecture estim\u00e9e":"1 minute"},"schema":{"@context":"https:\/\/schema.org","@graph":[{"@type":"WebPage","@id":"https:\/\/www.bbmpackaging.com\/fr\/machines\/occasion\/souffleuses-occasion\/souffleuse-krones-contiform-s14\/","url":"https:\/\/www.bbmpackaging.com\/fr\/machines\/occasion\/souffleuses-occasion\/souffleuse-krones-contiform-s14\/","name":"Souffleuse Krones Contiform S14 - BBM Packaging","isPartOf":{"@id":"https:\/\/www.bbmpackaging.com\/fr\/#website"},"primaryImageOfPage":{"@id":"https:\/\/www.bbmpackaging.com\/fr\/machines\/occasion\/souffleuses-occasion\/souffleuse-krones-contiform-s14\/#primaryimage"},"image":{"@id":"https:\/\/www.bbmpackaging.com\/fr\/machines\/occasion\/souffleuses-occasion\/souffleuse-krones-contiform-s14\/#primaryimage"},"thumbnailUrl":"https:\/\/www.bbmpackaging.com\/wp-content\/uploads\/2025\/08\/bbm-packaging-souffleuse-krones-contiform.jpeg","datePublished":"2025-08-20T14:37:40+00:00","dateModified":"2026-02-02T15:21:00+00:00","description":"Souffleuse Krones Contiform S14 de 2009, jusqu'\u00e0 25 000 bph. Disponible telle quelle ou r\u00e9vis\u00e9e avec garantie. Demandez un devis.","breadcrumb":{"@id":"https:\/\/www.bbmpackaging.com\/fr\/machines\/occasion\/souffleuses-occasion\/souffleuse-krones-contiform-s14\/#breadcrumb"},"inLanguage":"fr-FR","potentialAction":[{"@type":"ReadAction","target":["https:\/\/www.bbmpackaging.com\/fr\/machines\/occasion\/souffleuses-occasion\/souffleuse-krones-contiform-s14\/"]}]},{"@type":"ImageObject","inLanguage":"fr-FR","@id":"https:\/\/www.bbmpackaging.com\/fr\/machines\/occasion\/souffleuses-occasion\/souffleuse-krones-contiform-s14\/#primaryimage","url":"https:\/\/www.bbmpackaging.com\/wp-content\/uploads\/2025\/08\/bbm-packaging-souffleuse-krones-contiform.jpeg","contentUrl":"https:\/\/www.bbmpackaging.com\/wp-content\/uploads\/2025\/08\/bbm-packaging-souffleuse-krones-contiform.jpeg","width":1440,"height":1080,"caption":"Souffleuse Krones Contiform S14 de 2009, jusqu'\u00e0 25 000 bph. Disponible telle quelle ou r\u00e9vis\u00e9e avec garantie. Demandez un devis."},{"@type":"BreadcrumbList","@id":"https:\/\/www.bbmpackaging.com\/fr\/machines\/occasion\/souffleuses-occasion\/souffleuse-krones-contiform-s14\/#breadcrumb","itemListElement":[{"@type":"ListItem","position":1,"name":"Home","item":"https:\/\/www.bbmpackaging.com\/fr\/"},{"@type":"ListItem","position":2,"name":"Produits","item":"https:\/\/www.bbmpackaging.com\/fr\/produits\/"},{"@type":"ListItem","position":3,"name":"Machines d\u2019occasion","item":"https:\/\/www.bbmpackaging.com\/fr\/machines\/occasion\/"},{"@type":"ListItem","position":4,"name":"Souffleuses","item":"https:\/\/www.bbmpackaging.com\/fr\/machines\/souffleuses-occasion\/"},{"@type":"ListItem","position":5,"name":"Souffleuse Krones Contiform S14"}]},{"@type":"WebSite","@id":"https:\/\/www.bbmpackaging.com\/fr\/#website","url":"https:\/\/www.bbmpackaging.com\/fr\/","name":"BBM Packaging","description":"Imbottigliamento: macchinari manutenzione e much more","potentialAction":[{"@type":"SearchAction","target":{"@type":"EntryPoint","urlTemplate":"https:\/\/www.bbmpackaging.com\/fr\/?s={search_term_string}"},"query-input":{"@type":"PropertyValueSpecification","valueRequired":true,"valueName":"search_term_string"}}],"inLanguage":"fr-FR"}]}},"_links":{"self":[{"href":"https:\/\/www.bbmpackaging.com\/fr\/wp-json\/wp\/v2\/product\/56359","targetHints":{"allow":["GET"]}}],"collection":[{"href":"https:\/\/www.bbmpackaging.com\/fr\/wp-json\/wp\/v2\/product"}],"about":[{"href":"https:\/\/www.bbmpackaging.com\/fr\/wp-json\/wp\/v2\/types\/product"}],"replies":[{"embeddable":true,"href":"https:\/\/www.bbmpackaging.com\/fr\/wp-json\/wp\/v2\/comments?post=56359"}],"wp:featuredmedia":[{"embeddable":true,"href":"https:\/\/www.bbmpackaging.com\/fr\/wp-json\/wp\/v2\/media\/56368"}],"wp:attachment":[{"href":"https:\/\/www.bbmpackaging.com\/fr\/wp-json\/wp\/v2\/media?parent=56359"}],"wp:term":[{"taxonomy":"brand","embeddable":true,"href":"https:\/\/www.bbmpackaging.com\/fr\/wp-json\/wp\/v2\/brand?post=56359"},{"taxonomy":"product_brand","embeddable":true,"href":"https:\/\/www.bbmpackaging.com\/fr\/wp-json\/wp\/v2\/product_brand?post=56359"},{"taxonomy":"product_cat","embeddable":true,"href":"https:\/\/www.bbmpackaging.com\/fr\/wp-json\/wp\/v2\/product_cat?post=56359"},{"taxonomy":"product_tag","embeddable":true,"href":"https:\/\/www.bbmpackaging.com\/fr\/wp-json\/wp\/v2\/product_tag?post=56359"}],"curies":[{"name":"wp","href":"https:\/\/api.w.org\/{rel}","templated":true}]}}