{"id":56573,"date":"2025-08-21T10:32:53","date_gmt":"2025-08-21T08:32:53","guid":{"rendered":"https:\/\/www.bbmpackaging.com\/?post_type=product&#038;p=56573"},"modified":"2026-02-05T12:33:19","modified_gmt":"2026-02-05T11:33:19","slug":"remplisseuse-krones-variojet","status":"publish","type":"product","link":"https:\/\/www.bbmpackaging.com\/fr\/machines\/occasion\/remplisseuses-occasion\/remplisseuse-krones-variojet\/","title":{"rendered":"Remplisseuse Krones Variojet"},"content":{"rendered":"<p>Remplisseuse KRONES Variojet pour bouteilles en PET, avec une vitesse allant jusqu\u2019\u00e0 25.000 bph. \u00c9quip\u00e9e d\u2019un filetage Alaska. Disponible en l\u2019\u00e9tat, r\u00e9vis\u00e9e et garantie ou pr\u00eate \u00e0 l\u2019emploi avec pi\u00e8ces de rechange compatibles. Compl\u00e8te avec boucheuse Zalkin, PLC Siemens et HMI Krones.<\/p>\n","protected":false},"excerpt":{"rendered":"<p>Remplisseuse Krones de bouteilles en PET<\/p>\n","protected":false},"featured_media":56582,"comment_status":"closed","ping_status":"closed","template":"","meta":{"_acf_changed":false},"brand":[7449],"product_brand":[],"product_cat":[1102,1106,1112],"product_tag":[],"class_list":{"0":"post-56573","1":"product","2":"type-product","3":"status-publish","4":"has-post-thumbnail","6":"brand-krones","7":"product_cat-machines","8":"product_cat-occasion","9":"product_cat-remplisseuses-occasion","11":"first","12":"instock","13":"shipping-taxable","14":"product-type-simple"},"acf":[],"yoast_head":"<!-- This site is optimized with the Yoast SEO plugin v27.2 - https:\/\/yoast.com\/product\/yoast-seo-wordpress\/ -->\n<title>Remplisseuse Krones Variojet - BBM Packaging<\/title>\n<meta name=\"description\" content=\"Remplisseuse Krones Variojet pour bouteilles PET jusqu\u2019\u00e0 25.000 bph, avec boucheuse Zalkin, PLC Siemens et HMI Krones. Disponible r\u00e9vis\u00e9e ou en l\u2019\u00e9tat.\" \/>\n<meta name=\"robots\" content=\"index, follow, max-snippet:-1, max-image-preview:large, max-video-preview:-1\" \/>\n<link rel=\"canonical\" href=\"https:\/\/www.bbmpackaging.com\/fr\/machines\/occasion\/remplisseuses-occasion\/remplisseuse-krones-variojet\/\" \/>\n<meta property=\"og:locale\" content=\"fr_FR\" \/>\n<meta property=\"og:type\" content=\"article\" \/>\n<meta property=\"og:title\" content=\"Remplisseuse Krones Variojet - BBM Packaging\" \/>\n<meta property=\"og:description\" content=\"Remplisseuse Krones Variojet pour bouteilles PET jusqu\u2019\u00e0 25.000 bph, avec boucheuse Zalkin, PLC Siemens et HMI Krones. Disponible r\u00e9vis\u00e9e ou en l\u2019\u00e9tat.\" \/>\n<meta property=\"og:url\" content=\"https:\/\/www.bbmpackaging.com\/fr\/machines\/occasion\/remplisseuses-occasion\/remplisseuse-krones-variojet\/\" \/>\n<meta property=\"og:site_name\" content=\"BBM Packaging\" \/>\n<meta property=\"article:modified_time\" content=\"2026-02-05T11:33:19+00:00\" \/>\n<meta property=\"og:image\" content=\"https:\/\/www.bbmpackaging.com\/wp-content\/uploads\/2025\/08\/remplisseuse-krones-variojet-bbm-packaging-1.jpg\" \/>\n\t<meta property=\"og:image:width\" content=\"1440\" \/>\n\t<meta property=\"og:image:height\" content=\"1080\" \/>\n\t<meta property=\"og:image:type\" content=\"image\/jpeg\" \/>\n<meta name=\"twitter:card\" content=\"summary_large_image\" \/>\n<meta name=\"twitter:label1\" content=\"Dur\u00e9e de lecture estim\u00e9e\" \/>\n\t<meta name=\"twitter:data1\" content=\"1 minute\" \/>\n<script type=\"application\/ld+json\" class=\"yoast-schema-graph\">{\"@context\":\"https:\/\/schema.org\",\"@graph\":[{\"@type\":\"WebPage\",\"@id\":\"https:\/\/www.bbmpackaging.com\/fr\/machines\/occasion\/remplisseuses-occasion\/remplisseuse-krones-variojet\/\",\"url\":\"https:\/\/www.bbmpackaging.com\/fr\/machines\/occasion\/remplisseuses-occasion\/remplisseuse-krones-variojet\/\",\"name\":\"Remplisseuse Krones Variojet - BBM Packaging\",\"isPartOf\":{\"@id\":\"https:\/\/www.bbmpackaging.com\/fr\/#website\"},\"primaryImageOfPage\":{\"@id\":\"https:\/\/www.bbmpackaging.com\/fr\/machines\/occasion\/remplisseuses-occasion\/remplisseuse-krones-variojet\/#primaryimage\"},\"image\":{\"@id\":\"https:\/\/www.bbmpackaging.com\/fr\/machines\/occasion\/remplisseuses-occasion\/remplisseuse-krones-variojet\/#primaryimage\"},\"thumbnailUrl\":\"https:\/\/www.bbmpackaging.com\/wp-content\/uploads\/2025\/08\/remplisseuse-krones-variojet-bbm-packaging-1.jpg\",\"datePublished\":\"2025-08-21T08:32:53+00:00\",\"dateModified\":\"2026-02-05T11:33:19+00:00\",\"description\":\"Remplisseuse Krones Variojet pour bouteilles PET jusqu\u2019\u00e0 25.000 bph, avec boucheuse Zalkin, PLC Siemens et HMI Krones. Disponible r\u00e9vis\u00e9e ou en l\u2019\u00e9tat.\",\"breadcrumb\":{\"@id\":\"https:\/\/www.bbmpackaging.com\/fr\/machines\/occasion\/remplisseuses-occasion\/remplisseuse-krones-variojet\/#breadcrumb\"},\"inLanguage\":\"fr-FR\",\"potentialAction\":[{\"@type\":\"ReadAction\",\"target\":[\"https:\/\/www.bbmpackaging.com\/fr\/machines\/occasion\/remplisseuses-occasion\/remplisseuse-krones-variojet\/\"]}]},{\"@type\":\"ImageObject\",\"inLanguage\":\"fr-FR\",\"@id\":\"https:\/\/www.bbmpackaging.com\/fr\/machines\/occasion\/remplisseuses-occasion\/remplisseuse-krones-variojet\/#primaryimage\",\"url\":\"https:\/\/www.bbmpackaging.com\/wp-content\/uploads\/2025\/08\/remplisseuse-krones-variojet-bbm-packaging-1.jpg\",\"contentUrl\":\"https:\/\/www.bbmpackaging.com\/wp-content\/uploads\/2025\/08\/remplisseuse-krones-variojet-bbm-packaging-1.jpg\",\"width\":1440,\"height\":1080,\"caption\":\"Remplisseuse Krones Variojet pour bouteilles PET jusqu\u2019\u00e0 25.000 bph, avec boucheuse Zalkin, PLC Siemens et HMI Krones. Disponible r\u00e9vis\u00e9e ou en l\u2019\u00e9tat.\"},{\"@type\":\"BreadcrumbList\",\"@id\":\"https:\/\/www.bbmpackaging.com\/fr\/machines\/occasion\/remplisseuses-occasion\/remplisseuse-krones-variojet\/#breadcrumb\",\"itemListElement\":[{\"@type\":\"ListItem\",\"position\":1,\"name\":\"Home\",\"item\":\"https:\/\/www.bbmpackaging.com\/fr\/\"},{\"@type\":\"ListItem\",\"position\":2,\"name\":\"Produits\",\"item\":\"https:\/\/www.bbmpackaging.com\/fr\/produits\/\"},{\"@type\":\"ListItem\",\"position\":3,\"name\":\"Machines d\u2019occasion\",\"item\":\"https:\/\/www.bbmpackaging.com\/fr\/machines\/occasion\/\"},{\"@type\":\"ListItem\",\"position\":4,\"name\":\"Remplisseuses\",\"item\":\"https:\/\/www.bbmpackaging.com\/fr\/machines\/remplisseuses-occasion\/\"},{\"@type\":\"ListItem\",\"position\":5,\"name\":\"Remplisseuse Krones Variojet\"}]},{\"@type\":\"WebSite\",\"@id\":\"https:\/\/www.bbmpackaging.com\/fr\/#website\",\"url\":\"https:\/\/www.bbmpackaging.com\/fr\/\",\"name\":\"BBM Packaging\",\"description\":\"Imbottigliamento: macchinari manutenzione e much more\",\"potentialAction\":[{\"@type\":\"SearchAction\",\"target\":{\"@type\":\"EntryPoint\",\"urlTemplate\":\"https:\/\/www.bbmpackaging.com\/fr\/?s={search_term_string}\"},\"query-input\":{\"@type\":\"PropertyValueSpecification\",\"valueRequired\":true,\"valueName\":\"search_term_string\"}}],\"inLanguage\":\"fr-FR\"}]}<\/script>\n<!-- \/ Yoast SEO plugin. -->","yoast_head_json":{"title":"Remplisseuse Krones Variojet - BBM Packaging","description":"Remplisseuse Krones Variojet pour bouteilles PET jusqu\u2019\u00e0 25.000 bph, avec boucheuse Zalkin, PLC Siemens et HMI Krones. Disponible r\u00e9vis\u00e9e ou en l\u2019\u00e9tat.","robots":{"index":"index","follow":"follow","max-snippet":"max-snippet:-1","max-image-preview":"max-image-preview:large","max-video-preview":"max-video-preview:-1"},"canonical":"https:\/\/www.bbmpackaging.com\/fr\/machines\/occasion\/remplisseuses-occasion\/remplisseuse-krones-variojet\/","og_locale":"fr_FR","og_type":"article","og_title":"Remplisseuse Krones Variojet - BBM Packaging","og_description":"Remplisseuse Krones Variojet pour bouteilles PET jusqu\u2019\u00e0 25.000 bph, avec boucheuse Zalkin, PLC Siemens et HMI Krones. Disponible r\u00e9vis\u00e9e ou en l\u2019\u00e9tat.","og_url":"https:\/\/www.bbmpackaging.com\/fr\/machines\/occasion\/remplisseuses-occasion\/remplisseuse-krones-variojet\/","og_site_name":"BBM Packaging","article_modified_time":"2026-02-05T11:33:19+00:00","og_image":[{"width":1440,"height":1080,"url":"https:\/\/www.bbmpackaging.com\/wp-content\/uploads\/2025\/08\/remplisseuse-krones-variojet-bbm-packaging-1.jpg","type":"image\/jpeg"}],"twitter_card":"summary_large_image","twitter_misc":{"Dur\u00e9e de lecture estim\u00e9e":"1 minute"},"schema":{"@context":"https:\/\/schema.org","@graph":[{"@type":"WebPage","@id":"https:\/\/www.bbmpackaging.com\/fr\/machines\/occasion\/remplisseuses-occasion\/remplisseuse-krones-variojet\/","url":"https:\/\/www.bbmpackaging.com\/fr\/machines\/occasion\/remplisseuses-occasion\/remplisseuse-krones-variojet\/","name":"Remplisseuse Krones Variojet - BBM Packaging","isPartOf":{"@id":"https:\/\/www.bbmpackaging.com\/fr\/#website"},"primaryImageOfPage":{"@id":"https:\/\/www.bbmpackaging.com\/fr\/machines\/occasion\/remplisseuses-occasion\/remplisseuse-krones-variojet\/#primaryimage"},"image":{"@id":"https:\/\/www.bbmpackaging.com\/fr\/machines\/occasion\/remplisseuses-occasion\/remplisseuse-krones-variojet\/#primaryimage"},"thumbnailUrl":"https:\/\/www.bbmpackaging.com\/wp-content\/uploads\/2025\/08\/remplisseuse-krones-variojet-bbm-packaging-1.jpg","datePublished":"2025-08-21T08:32:53+00:00","dateModified":"2026-02-05T11:33:19+00:00","description":"Remplisseuse Krones Variojet pour bouteilles PET jusqu\u2019\u00e0 25.000 bph, avec boucheuse Zalkin, PLC Siemens et HMI Krones. Disponible r\u00e9vis\u00e9e ou en l\u2019\u00e9tat.","breadcrumb":{"@id":"https:\/\/www.bbmpackaging.com\/fr\/machines\/occasion\/remplisseuses-occasion\/remplisseuse-krones-variojet\/#breadcrumb"},"inLanguage":"fr-FR","potentialAction":[{"@type":"ReadAction","target":["https:\/\/www.bbmpackaging.com\/fr\/machines\/occasion\/remplisseuses-occasion\/remplisseuse-krones-variojet\/"]}]},{"@type":"ImageObject","inLanguage":"fr-FR","@id":"https:\/\/www.bbmpackaging.com\/fr\/machines\/occasion\/remplisseuses-occasion\/remplisseuse-krones-variojet\/#primaryimage","url":"https:\/\/www.bbmpackaging.com\/wp-content\/uploads\/2025\/08\/remplisseuse-krones-variojet-bbm-packaging-1.jpg","contentUrl":"https:\/\/www.bbmpackaging.com\/wp-content\/uploads\/2025\/08\/remplisseuse-krones-variojet-bbm-packaging-1.jpg","width":1440,"height":1080,"caption":"Remplisseuse Krones Variojet pour bouteilles PET jusqu\u2019\u00e0 25.000 bph, avec boucheuse Zalkin, PLC Siemens et HMI Krones. Disponible r\u00e9vis\u00e9e ou en l\u2019\u00e9tat."},{"@type":"BreadcrumbList","@id":"https:\/\/www.bbmpackaging.com\/fr\/machines\/occasion\/remplisseuses-occasion\/remplisseuse-krones-variojet\/#breadcrumb","itemListElement":[{"@type":"ListItem","position":1,"name":"Home","item":"https:\/\/www.bbmpackaging.com\/fr\/"},{"@type":"ListItem","position":2,"name":"Produits","item":"https:\/\/www.bbmpackaging.com\/fr\/produits\/"},{"@type":"ListItem","position":3,"name":"Machines d\u2019occasion","item":"https:\/\/www.bbmpackaging.com\/fr\/machines\/occasion\/"},{"@type":"ListItem","position":4,"name":"Remplisseuses","item":"https:\/\/www.bbmpackaging.com\/fr\/machines\/remplisseuses-occasion\/"},{"@type":"ListItem","position":5,"name":"Remplisseuse Krones Variojet"}]},{"@type":"WebSite","@id":"https:\/\/www.bbmpackaging.com\/fr\/#website","url":"https:\/\/www.bbmpackaging.com\/fr\/","name":"BBM Packaging","description":"Imbottigliamento: macchinari manutenzione e much more","potentialAction":[{"@type":"SearchAction","target":{"@type":"EntryPoint","urlTemplate":"https:\/\/www.bbmpackaging.com\/fr\/?s={search_term_string}"},"query-input":{"@type":"PropertyValueSpecification","valueRequired":true,"valueName":"search_term_string"}}],"inLanguage":"fr-FR"}]}},"_links":{"self":[{"href":"https:\/\/www.bbmpackaging.com\/fr\/wp-json\/wp\/v2\/product\/56573","targetHints":{"allow":["GET"]}}],"collection":[{"href":"https:\/\/www.bbmpackaging.com\/fr\/wp-json\/wp\/v2\/product"}],"about":[{"href":"https:\/\/www.bbmpackaging.com\/fr\/wp-json\/wp\/v2\/types\/product"}],"replies":[{"embeddable":true,"href":"https:\/\/www.bbmpackaging.com\/fr\/wp-json\/wp\/v2\/comments?post=56573"}],"wp:featuredmedia":[{"embeddable":true,"href":"https:\/\/www.bbmpackaging.com\/fr\/wp-json\/wp\/v2\/media\/56582"}],"wp:attachment":[{"href":"https:\/\/www.bbmpackaging.com\/fr\/wp-json\/wp\/v2\/media?parent=56573"}],"wp:term":[{"taxonomy":"brand","embeddable":true,"href":"https:\/\/www.bbmpackaging.com\/fr\/wp-json\/wp\/v2\/brand?post=56573"},{"taxonomy":"product_brand","embeddable":true,"href":"https:\/\/www.bbmpackaging.com\/fr\/wp-json\/wp\/v2\/product_brand?post=56573"},{"taxonomy":"product_cat","embeddable":true,"href":"https:\/\/www.bbmpackaging.com\/fr\/wp-json\/wp\/v2\/product_cat?post=56573"},{"taxonomy":"product_tag","embeddable":true,"href":"https:\/\/www.bbmpackaging.com\/fr\/wp-json\/wp\/v2\/product_tag?post=56573"}],"curies":[{"name":"wp","href":"https:\/\/api.w.org\/{rel}","templated":true}]}}