{"id":56843,"date":"2025-08-21T14:58:23","date_gmt":"2025-08-21T12:58:23","guid":{"rendered":"https:\/\/www.bbmpackaging.com\/?post_type=product&#038;p=56843"},"modified":"2026-02-05T12:33:29","modified_gmt":"2026-02-05T11:33:29","slug":"remplisseuse-simonazzi-eurostar-2","status":"publish","type":"product","link":"https:\/\/www.bbmpackaging.com\/fr\/machines\/occasion\/remplisseuses-occasion\/remplisseuse-simonazzi-eurostar-2\/","title":{"rendered":"Remplisseuse Simonazzi Eurostar"},"content":{"rendered":"<p data-start=\"121\" data-end=\"491\">La remplisseuse d\u2019occasion est \u00e9quip\u00e9e d\u2019une boucheuse AROL et d\u2019un doseur d\u2019azote. Avec une capacit\u00e9 allant jusqu\u2019\u00e0 18 000 bouteilles PET par heure, elle est id\u00e9ale pour l\u2019eau plate, l\u2019eau gazeuse et les boissons. Disponible en l\u2019\u00e9tat, r\u00e9vis\u00e9e et garantie, ou pr\u00eate \u00e0 l\u2019emploi avec pi\u00e8ces de rechange compatibles.<\/p>\n<h3 data-start=\"493\" data-end=\"536\">&nbsp;<\/h3>\n","protected":false},"excerpt":{"rendered":"<p>Remplisseuse Simonazzi de bouteilles en PET<\/p>\n","protected":false},"featured_media":58672,"comment_status":"closed","ping_status":"closed","template":"","meta":{"_acf_changed":false},"brand":[7441],"product_brand":[],"product_cat":[1112,1106,1102],"product_tag":[],"class_list":{"0":"post-56843","1":"product","2":"type-product","3":"status-publish","4":"has-post-thumbnail","6":"brand-sidel","7":"product_cat-remplisseuses-occasion","8":"product_cat-occasion","9":"product_cat-machines","11":"first","12":"instock","13":"shipping-taxable","14":"product-type-simple"},"acf":[],"yoast_head":"<!-- This site is optimized with the Yoast SEO plugin v27.2 - https:\/\/yoast.com\/product\/yoast-seo-wordpress\/ -->\n<title>Remplisseuse Simonazzi Eurostar - BBM Packaging<\/title>\n<meta name=\"description\" content=\"Remplisseuse Simonazzi Eurostar RAA 282 avec boucheuse AROL &amp; doseur d\u2019azote. Jusqu\u2019\u00e0 18 000 b\/h pour eau &amp; boissons, en l\u2019\u00e9tat ou r\u00e9vis\u00e9e.\" \/>\n<meta name=\"robots\" content=\"index, follow, max-snippet:-1, max-image-preview:large, max-video-preview:-1\" \/>\n<link rel=\"canonical\" href=\"https:\/\/www.bbmpackaging.com\/fr\/machines\/occasion\/remplisseuses-occasion\/remplisseuse-simonazzi-eurostar-2\/\" \/>\n<meta property=\"og:locale\" content=\"fr_FR\" \/>\n<meta property=\"og:type\" content=\"article\" \/>\n<meta property=\"og:title\" content=\"Remplisseuse Simonazzi Eurostar - BBM Packaging\" \/>\n<meta property=\"og:description\" content=\"Remplisseuse Simonazzi Eurostar RAA 282 avec boucheuse AROL &amp; doseur d\u2019azote. Jusqu\u2019\u00e0 18 000 b\/h pour eau &amp; boissons, en l\u2019\u00e9tat ou r\u00e9vis\u00e9e.\" \/>\n<meta property=\"og:url\" content=\"https:\/\/www.bbmpackaging.com\/fr\/machines\/occasion\/remplisseuses-occasion\/remplisseuse-simonazzi-eurostar-2\/\" \/>\n<meta property=\"og:site_name\" content=\"BBM Packaging\" \/>\n<meta property=\"article:modified_time\" content=\"2026-02-05T11:33:29+00:00\" \/>\n<meta property=\"og:image\" content=\"https:\/\/www.bbmpackaging.com\/wp-content\/uploads\/2025\/08\/remplisseuse-simonazzi.jpg\" \/>\n\t<meta property=\"og:image:width\" content=\"1418\" \/>\n\t<meta property=\"og:image:height\" content=\"1080\" \/>\n\t<meta property=\"og:image:type\" content=\"image\/jpeg\" \/>\n<meta name=\"twitter:card\" content=\"summary_large_image\" \/>\n<meta name=\"twitter:label1\" content=\"Dur\u00e9e de lecture estim\u00e9e\" \/>\n\t<meta name=\"twitter:data1\" content=\"1 minute\" \/>\n<script type=\"application\/ld+json\" class=\"yoast-schema-graph\">{\"@context\":\"https:\/\/schema.org\",\"@graph\":[{\"@type\":\"WebPage\",\"@id\":\"https:\/\/www.bbmpackaging.com\/fr\/machines\/occasion\/remplisseuses-occasion\/remplisseuse-simonazzi-eurostar-2\/\",\"url\":\"https:\/\/www.bbmpackaging.com\/fr\/machines\/occasion\/remplisseuses-occasion\/remplisseuse-simonazzi-eurostar-2\/\",\"name\":\"Remplisseuse Simonazzi Eurostar - BBM Packaging\",\"isPartOf\":{\"@id\":\"https:\/\/www.bbmpackaging.com\/fr\/#website\"},\"primaryImageOfPage\":{\"@id\":\"https:\/\/www.bbmpackaging.com\/fr\/machines\/occasion\/remplisseuses-occasion\/remplisseuse-simonazzi-eurostar-2\/#primaryimage\"},\"image\":{\"@id\":\"https:\/\/www.bbmpackaging.com\/fr\/machines\/occasion\/remplisseuses-occasion\/remplisseuse-simonazzi-eurostar-2\/#primaryimage\"},\"thumbnailUrl\":\"https:\/\/www.bbmpackaging.com\/wp-content\/uploads\/2025\/08\/remplisseuse-simonazzi.jpg\",\"datePublished\":\"2025-08-21T12:58:23+00:00\",\"dateModified\":\"2026-02-05T11:33:29+00:00\",\"description\":\"Remplisseuse Simonazzi Eurostar RAA 282 avec boucheuse AROL & doseur d\u2019azote. Jusqu\u2019\u00e0 18 000 b\/h pour eau & boissons, en l\u2019\u00e9tat ou r\u00e9vis\u00e9e.\",\"breadcrumb\":{\"@id\":\"https:\/\/www.bbmpackaging.com\/fr\/machines\/occasion\/remplisseuses-occasion\/remplisseuse-simonazzi-eurostar-2\/#breadcrumb\"},\"inLanguage\":\"fr-FR\",\"potentialAction\":[{\"@type\":\"ReadAction\",\"target\":[\"https:\/\/www.bbmpackaging.com\/fr\/machines\/occasion\/remplisseuses-occasion\/remplisseuse-simonazzi-eurostar-2\/\"]}]},{\"@type\":\"ImageObject\",\"inLanguage\":\"fr-FR\",\"@id\":\"https:\/\/www.bbmpackaging.com\/fr\/machines\/occasion\/remplisseuses-occasion\/remplisseuse-simonazzi-eurostar-2\/#primaryimage\",\"url\":\"https:\/\/www.bbmpackaging.com\/wp-content\/uploads\/2025\/08\/remplisseuse-simonazzi.jpg\",\"contentUrl\":\"https:\/\/www.bbmpackaging.com\/wp-content\/uploads\/2025\/08\/remplisseuse-simonazzi.jpg\",\"width\":1418,\"height\":1080,\"caption\":\"Remplisseuse Simonazzi Eurostar RAA 282 avec capsuleuse AROL et doseur d'azote. Jusqu'\u00e0 18 000 bph pour l'eau et les boissons non alcoolis\u00e9es, pr\u00eate \u00e0 l'emploi.\"},{\"@type\":\"BreadcrumbList\",\"@id\":\"https:\/\/www.bbmpackaging.com\/fr\/machines\/occasion\/remplisseuses-occasion\/remplisseuse-simonazzi-eurostar-2\/#breadcrumb\",\"itemListElement\":[{\"@type\":\"ListItem\",\"position\":1,\"name\":\"Home\",\"item\":\"https:\/\/www.bbmpackaging.com\/fr\/\"},{\"@type\":\"ListItem\",\"position\":2,\"name\":\"Produits\",\"item\":\"https:\/\/www.bbmpackaging.com\/fr\/produits\/\"},{\"@type\":\"ListItem\",\"position\":3,\"name\":\"Machines d\u2019occasion\",\"item\":\"https:\/\/www.bbmpackaging.com\/fr\/machines\/occasion\/\"},{\"@type\":\"ListItem\",\"position\":4,\"name\":\"Remplisseuses\",\"item\":\"https:\/\/www.bbmpackaging.com\/fr\/machines\/remplisseuses-occasion\/\"},{\"@type\":\"ListItem\",\"position\":5,\"name\":\"Remplisseuse Simonazzi Eurostar\"}]},{\"@type\":\"WebSite\",\"@id\":\"https:\/\/www.bbmpackaging.com\/fr\/#website\",\"url\":\"https:\/\/www.bbmpackaging.com\/fr\/\",\"name\":\"BBM Packaging\",\"description\":\"Imbottigliamento: macchinari manutenzione e much more\",\"potentialAction\":[{\"@type\":\"SearchAction\",\"target\":{\"@type\":\"EntryPoint\",\"urlTemplate\":\"https:\/\/www.bbmpackaging.com\/fr\/?s={search_term_string}\"},\"query-input\":{\"@type\":\"PropertyValueSpecification\",\"valueRequired\":true,\"valueName\":\"search_term_string\"}}],\"inLanguage\":\"fr-FR\"}]}<\/script>\n<!-- \/ Yoast SEO plugin. -->","yoast_head_json":{"title":"Remplisseuse Simonazzi Eurostar - BBM Packaging","description":"Remplisseuse Simonazzi Eurostar RAA 282 avec boucheuse AROL & doseur d\u2019azote. Jusqu\u2019\u00e0 18 000 b\/h pour eau & boissons, en l\u2019\u00e9tat ou r\u00e9vis\u00e9e.","robots":{"index":"index","follow":"follow","max-snippet":"max-snippet:-1","max-image-preview":"max-image-preview:large","max-video-preview":"max-video-preview:-1"},"canonical":"https:\/\/www.bbmpackaging.com\/fr\/machines\/occasion\/remplisseuses-occasion\/remplisseuse-simonazzi-eurostar-2\/","og_locale":"fr_FR","og_type":"article","og_title":"Remplisseuse Simonazzi Eurostar - BBM Packaging","og_description":"Remplisseuse Simonazzi Eurostar RAA 282 avec boucheuse AROL & doseur d\u2019azote. Jusqu\u2019\u00e0 18 000 b\/h pour eau & boissons, en l\u2019\u00e9tat ou r\u00e9vis\u00e9e.","og_url":"https:\/\/www.bbmpackaging.com\/fr\/machines\/occasion\/remplisseuses-occasion\/remplisseuse-simonazzi-eurostar-2\/","og_site_name":"BBM Packaging","article_modified_time":"2026-02-05T11:33:29+00:00","og_image":[{"width":1418,"height":1080,"url":"https:\/\/www.bbmpackaging.com\/wp-content\/uploads\/2025\/08\/remplisseuse-simonazzi.jpg","type":"image\/jpeg"}],"twitter_card":"summary_large_image","twitter_misc":{"Dur\u00e9e de lecture estim\u00e9e":"1 minute"},"schema":{"@context":"https:\/\/schema.org","@graph":[{"@type":"WebPage","@id":"https:\/\/www.bbmpackaging.com\/fr\/machines\/occasion\/remplisseuses-occasion\/remplisseuse-simonazzi-eurostar-2\/","url":"https:\/\/www.bbmpackaging.com\/fr\/machines\/occasion\/remplisseuses-occasion\/remplisseuse-simonazzi-eurostar-2\/","name":"Remplisseuse Simonazzi Eurostar - BBM Packaging","isPartOf":{"@id":"https:\/\/www.bbmpackaging.com\/fr\/#website"},"primaryImageOfPage":{"@id":"https:\/\/www.bbmpackaging.com\/fr\/machines\/occasion\/remplisseuses-occasion\/remplisseuse-simonazzi-eurostar-2\/#primaryimage"},"image":{"@id":"https:\/\/www.bbmpackaging.com\/fr\/machines\/occasion\/remplisseuses-occasion\/remplisseuse-simonazzi-eurostar-2\/#primaryimage"},"thumbnailUrl":"https:\/\/www.bbmpackaging.com\/wp-content\/uploads\/2025\/08\/remplisseuse-simonazzi.jpg","datePublished":"2025-08-21T12:58:23+00:00","dateModified":"2026-02-05T11:33:29+00:00","description":"Remplisseuse Simonazzi Eurostar RAA 282 avec boucheuse AROL & doseur d\u2019azote. Jusqu\u2019\u00e0 18 000 b\/h pour eau & boissons, en l\u2019\u00e9tat ou r\u00e9vis\u00e9e.","breadcrumb":{"@id":"https:\/\/www.bbmpackaging.com\/fr\/machines\/occasion\/remplisseuses-occasion\/remplisseuse-simonazzi-eurostar-2\/#breadcrumb"},"inLanguage":"fr-FR","potentialAction":[{"@type":"ReadAction","target":["https:\/\/www.bbmpackaging.com\/fr\/machines\/occasion\/remplisseuses-occasion\/remplisseuse-simonazzi-eurostar-2\/"]}]},{"@type":"ImageObject","inLanguage":"fr-FR","@id":"https:\/\/www.bbmpackaging.com\/fr\/machines\/occasion\/remplisseuses-occasion\/remplisseuse-simonazzi-eurostar-2\/#primaryimage","url":"https:\/\/www.bbmpackaging.com\/wp-content\/uploads\/2025\/08\/remplisseuse-simonazzi.jpg","contentUrl":"https:\/\/www.bbmpackaging.com\/wp-content\/uploads\/2025\/08\/remplisseuse-simonazzi.jpg","width":1418,"height":1080,"caption":"Remplisseuse Simonazzi Eurostar RAA 282 avec capsuleuse AROL et doseur d'azote. Jusqu'\u00e0 18 000 bph pour l'eau et les boissons non alcoolis\u00e9es, pr\u00eate \u00e0 l'emploi."},{"@type":"BreadcrumbList","@id":"https:\/\/www.bbmpackaging.com\/fr\/machines\/occasion\/remplisseuses-occasion\/remplisseuse-simonazzi-eurostar-2\/#breadcrumb","itemListElement":[{"@type":"ListItem","position":1,"name":"Home","item":"https:\/\/www.bbmpackaging.com\/fr\/"},{"@type":"ListItem","position":2,"name":"Produits","item":"https:\/\/www.bbmpackaging.com\/fr\/produits\/"},{"@type":"ListItem","position":3,"name":"Machines d\u2019occasion","item":"https:\/\/www.bbmpackaging.com\/fr\/machines\/occasion\/"},{"@type":"ListItem","position":4,"name":"Remplisseuses","item":"https:\/\/www.bbmpackaging.com\/fr\/machines\/remplisseuses-occasion\/"},{"@type":"ListItem","position":5,"name":"Remplisseuse Simonazzi Eurostar"}]},{"@type":"WebSite","@id":"https:\/\/www.bbmpackaging.com\/fr\/#website","url":"https:\/\/www.bbmpackaging.com\/fr\/","name":"BBM Packaging","description":"Imbottigliamento: macchinari manutenzione e much more","potentialAction":[{"@type":"SearchAction","target":{"@type":"EntryPoint","urlTemplate":"https:\/\/www.bbmpackaging.com\/fr\/?s={search_term_string}"},"query-input":{"@type":"PropertyValueSpecification","valueRequired":true,"valueName":"search_term_string"}}],"inLanguage":"fr-FR"}]}},"_links":{"self":[{"href":"https:\/\/www.bbmpackaging.com\/fr\/wp-json\/wp\/v2\/product\/56843","targetHints":{"allow":["GET"]}}],"collection":[{"href":"https:\/\/www.bbmpackaging.com\/fr\/wp-json\/wp\/v2\/product"}],"about":[{"href":"https:\/\/www.bbmpackaging.com\/fr\/wp-json\/wp\/v2\/types\/product"}],"replies":[{"embeddable":true,"href":"https:\/\/www.bbmpackaging.com\/fr\/wp-json\/wp\/v2\/comments?post=56843"}],"wp:featuredmedia":[{"embeddable":true,"href":"https:\/\/www.bbmpackaging.com\/fr\/wp-json\/wp\/v2\/media\/58672"}],"wp:attachment":[{"href":"https:\/\/www.bbmpackaging.com\/fr\/wp-json\/wp\/v2\/media?parent=56843"}],"wp:term":[{"taxonomy":"brand","embeddable":true,"href":"https:\/\/www.bbmpackaging.com\/fr\/wp-json\/wp\/v2\/brand?post=56843"},{"taxonomy":"product_brand","embeddable":true,"href":"https:\/\/www.bbmpackaging.com\/fr\/wp-json\/wp\/v2\/product_brand?post=56843"},{"taxonomy":"product_cat","embeddable":true,"href":"https:\/\/www.bbmpackaging.com\/fr\/wp-json\/wp\/v2\/product_cat?post=56843"},{"taxonomy":"product_tag","embeddable":true,"href":"https:\/\/www.bbmpackaging.com\/fr\/wp-json\/wp\/v2\/product_tag?post=56843"}],"curies":[{"name":"wp","href":"https:\/\/api.w.org\/{rel}","templated":true}]}}