{"id":56992,"date":"2025-08-21T16:03:56","date_gmt":"2025-08-21T14:03:56","guid":{"rendered":"https:\/\/www.bbmpackaging.com\/?post_type=product&#038;p=56992"},"modified":"2026-02-05T12:33:29","modified_gmt":"2026-02-05T11:33:29","slug":"souffleuse-sidel-sbo-14","status":"publish","type":"product","link":"https:\/\/www.bbmpackaging.com\/fr\/machines\/occasion\/souffleuses-occasion\/souffleuse-sidel-sbo-14\/","title":{"rendered":"Souffleuse SIDEL SBO 14"},"content":{"rendered":"<p>SOUFFLEUSE SIDEL SBO 14 (1999) capable de produire jusqu\u2019\u00e0 18.000 bouteilles PET. Disponible en l\u2019\u00e9tat ou r\u00e9vis\u00e9e et garantie.<\/p>\n","protected":false},"excerpt":{"rendered":"<p>Souffleuse d\u2019occasion SIDEL SBO 14<\/p>\n","protected":false},"featured_media":58655,"comment_status":"closed","ping_status":"closed","template":"","meta":{"_acf_changed":false},"brand":[7441],"product_brand":[],"product_cat":[1102,1106,1110],"product_tag":[],"class_list":{"0":"post-56992","1":"product","2":"type-product","3":"status-publish","4":"has-post-thumbnail","6":"brand-sidel","7":"product_cat-machines","8":"product_cat-occasion","9":"product_cat-souffleuses-occasion","11":"first","12":"instock","13":"shipping-taxable","14":"product-type-simple"},"acf":[],"yoast_head":"<!-- This site is optimized with the Yoast SEO plugin v27.2 - https:\/\/yoast.com\/product\/yoast-seo-wordpress\/ -->\n<title>Souffleuse SIDEL SBO 14 - BBM Packaging<\/title>\n<meta name=\"description\" content=\"Souffleuse SIDEL SBO 14 (1999), jusqu\u2019\u00e0 18.000 bph en PET. Disponible en l\u2019\u00e9tat ou r\u00e9vis\u00e9e avec garantie. D\u00e9couvrez tous les d\u00e9tails et les photos\" \/>\n<meta name=\"robots\" content=\"index, follow, max-snippet:-1, max-image-preview:large, max-video-preview:-1\" \/>\n<link rel=\"canonical\" href=\"https:\/\/www.bbmpackaging.com\/fr\/machines\/occasion\/souffleuses-occasion\/souffleuse-sidel-sbo-14\/\" \/>\n<meta property=\"og:locale\" content=\"fr_FR\" \/>\n<meta property=\"og:type\" content=\"article\" \/>\n<meta property=\"og:title\" content=\"Souffleuse SIDEL SBO 14 - BBM Packaging\" \/>\n<meta property=\"og:description\" content=\"Souffleuse SIDEL SBO 14 (1999), jusqu\u2019\u00e0 18.000 bph en PET. Disponible en l\u2019\u00e9tat ou r\u00e9vis\u00e9e avec garantie. D\u00e9couvrez tous les d\u00e9tails et les photos\" \/>\n<meta property=\"og:url\" content=\"https:\/\/www.bbmpackaging.com\/fr\/machines\/occasion\/souffleuses-occasion\/souffleuse-sidel-sbo-14\/\" \/>\n<meta property=\"og:site_name\" content=\"BBM Packaging\" \/>\n<meta property=\"article:modified_time\" content=\"2026-02-05T11:33:29+00:00\" \/>\n<meta property=\"og:image\" content=\"https:\/\/www.bbmpackaging.com\/wp-content\/uploads\/2025\/08\/souffleuse-sidel-bbm-packaging.jpg\" \/>\n\t<meta property=\"og:image:width\" content=\"1440\" \/>\n\t<meta property=\"og:image:height\" content=\"1080\" \/>\n\t<meta property=\"og:image:type\" content=\"image\/jpeg\" \/>\n<meta name=\"twitter:card\" content=\"summary_large_image\" \/>\n<meta name=\"twitter:label1\" content=\"Dur\u00e9e de lecture estim\u00e9e\" \/>\n\t<meta name=\"twitter:data1\" content=\"1 minute\" \/>\n<script type=\"application\/ld+json\" class=\"yoast-schema-graph\">{\"@context\":\"https:\/\/schema.org\",\"@graph\":[{\"@type\":\"WebPage\",\"@id\":\"https:\/\/www.bbmpackaging.com\/fr\/machines\/occasion\/souffleuses-occasion\/souffleuse-sidel-sbo-14\/\",\"url\":\"https:\/\/www.bbmpackaging.com\/fr\/machines\/occasion\/souffleuses-occasion\/souffleuse-sidel-sbo-14\/\",\"name\":\"Souffleuse SIDEL SBO 14 - BBM Packaging\",\"isPartOf\":{\"@id\":\"https:\/\/www.bbmpackaging.com\/fr\/#website\"},\"primaryImageOfPage\":{\"@id\":\"https:\/\/www.bbmpackaging.com\/fr\/machines\/occasion\/souffleuses-occasion\/souffleuse-sidel-sbo-14\/#primaryimage\"},\"image\":{\"@id\":\"https:\/\/www.bbmpackaging.com\/fr\/machines\/occasion\/souffleuses-occasion\/souffleuse-sidel-sbo-14\/#primaryimage\"},\"thumbnailUrl\":\"https:\/\/www.bbmpackaging.com\/wp-content\/uploads\/2025\/08\/souffleuse-sidel-bbm-packaging.jpg\",\"datePublished\":\"2025-08-21T14:03:56+00:00\",\"dateModified\":\"2026-02-05T11:33:29+00:00\",\"description\":\"Souffleuse SIDEL SBO 14 (1999), jusqu\u2019\u00e0 18.000 bph en PET. Disponible en l\u2019\u00e9tat ou r\u00e9vis\u00e9e avec garantie. D\u00e9couvrez tous les d\u00e9tails et les photos\",\"breadcrumb\":{\"@id\":\"https:\/\/www.bbmpackaging.com\/fr\/machines\/occasion\/souffleuses-occasion\/souffleuse-sidel-sbo-14\/#breadcrumb\"},\"inLanguage\":\"fr-FR\",\"potentialAction\":[{\"@type\":\"ReadAction\",\"target\":[\"https:\/\/www.bbmpackaging.com\/fr\/machines\/occasion\/souffleuses-occasion\/souffleuse-sidel-sbo-14\/\"]}]},{\"@type\":\"ImageObject\",\"inLanguage\":\"fr-FR\",\"@id\":\"https:\/\/www.bbmpackaging.com\/fr\/machines\/occasion\/souffleuses-occasion\/souffleuse-sidel-sbo-14\/#primaryimage\",\"url\":\"https:\/\/www.bbmpackaging.com\/wp-content\/uploads\/2025\/08\/souffleuse-sidel-bbm-packaging.jpg\",\"contentUrl\":\"https:\/\/www.bbmpackaging.com\/wp-content\/uploads\/2025\/08\/souffleuse-sidel-bbm-packaging.jpg\",\"width\":1440,\"height\":1080,\"caption\":\"Souffleuse SIDEL SBO 14 (1999), jusqu\u2019\u00e0 18.000 bph en PET. Disponible en l\u2019\u00e9tat ou r\u00e9vis\u00e9e avec garantie.\"},{\"@type\":\"BreadcrumbList\",\"@id\":\"https:\/\/www.bbmpackaging.com\/fr\/machines\/occasion\/souffleuses-occasion\/souffleuse-sidel-sbo-14\/#breadcrumb\",\"itemListElement\":[{\"@type\":\"ListItem\",\"position\":1,\"name\":\"Home\",\"item\":\"https:\/\/www.bbmpackaging.com\/fr\/\"},{\"@type\":\"ListItem\",\"position\":2,\"name\":\"Produits\",\"item\":\"https:\/\/www.bbmpackaging.com\/fr\/produits\/\"},{\"@type\":\"ListItem\",\"position\":3,\"name\":\"Machines d\u2019occasion\",\"item\":\"https:\/\/www.bbmpackaging.com\/fr\/machines\/occasion\/\"},{\"@type\":\"ListItem\",\"position\":4,\"name\":\"Souffleuses\",\"item\":\"https:\/\/www.bbmpackaging.com\/fr\/machines\/souffleuses-occasion\/\"},{\"@type\":\"ListItem\",\"position\":5,\"name\":\"Souffleuse SIDEL SBO 14\"}]},{\"@type\":\"WebSite\",\"@id\":\"https:\/\/www.bbmpackaging.com\/fr\/#website\",\"url\":\"https:\/\/www.bbmpackaging.com\/fr\/\",\"name\":\"BBM Packaging\",\"description\":\"Imbottigliamento: macchinari manutenzione e much more\",\"potentialAction\":[{\"@type\":\"SearchAction\",\"target\":{\"@type\":\"EntryPoint\",\"urlTemplate\":\"https:\/\/www.bbmpackaging.com\/fr\/?s={search_term_string}\"},\"query-input\":{\"@type\":\"PropertyValueSpecification\",\"valueRequired\":true,\"valueName\":\"search_term_string\"}}],\"inLanguage\":\"fr-FR\"}]}<\/script>\n<!-- \/ Yoast SEO plugin. -->","yoast_head_json":{"title":"Souffleuse SIDEL SBO 14 - BBM Packaging","description":"Souffleuse SIDEL SBO 14 (1999), jusqu\u2019\u00e0 18.000 bph en PET. Disponible en l\u2019\u00e9tat ou r\u00e9vis\u00e9e avec garantie. D\u00e9couvrez tous les d\u00e9tails et les photos","robots":{"index":"index","follow":"follow","max-snippet":"max-snippet:-1","max-image-preview":"max-image-preview:large","max-video-preview":"max-video-preview:-1"},"canonical":"https:\/\/www.bbmpackaging.com\/fr\/machines\/occasion\/souffleuses-occasion\/souffleuse-sidel-sbo-14\/","og_locale":"fr_FR","og_type":"article","og_title":"Souffleuse SIDEL SBO 14 - BBM Packaging","og_description":"Souffleuse SIDEL SBO 14 (1999), jusqu\u2019\u00e0 18.000 bph en PET. Disponible en l\u2019\u00e9tat ou r\u00e9vis\u00e9e avec garantie. D\u00e9couvrez tous les d\u00e9tails et les photos","og_url":"https:\/\/www.bbmpackaging.com\/fr\/machines\/occasion\/souffleuses-occasion\/souffleuse-sidel-sbo-14\/","og_site_name":"BBM Packaging","article_modified_time":"2026-02-05T11:33:29+00:00","og_image":[{"width":1440,"height":1080,"url":"https:\/\/www.bbmpackaging.com\/wp-content\/uploads\/2025\/08\/souffleuse-sidel-bbm-packaging.jpg","type":"image\/jpeg"}],"twitter_card":"summary_large_image","twitter_misc":{"Dur\u00e9e de lecture estim\u00e9e":"1 minute"},"schema":{"@context":"https:\/\/schema.org","@graph":[{"@type":"WebPage","@id":"https:\/\/www.bbmpackaging.com\/fr\/machines\/occasion\/souffleuses-occasion\/souffleuse-sidel-sbo-14\/","url":"https:\/\/www.bbmpackaging.com\/fr\/machines\/occasion\/souffleuses-occasion\/souffleuse-sidel-sbo-14\/","name":"Souffleuse SIDEL SBO 14 - BBM Packaging","isPartOf":{"@id":"https:\/\/www.bbmpackaging.com\/fr\/#website"},"primaryImageOfPage":{"@id":"https:\/\/www.bbmpackaging.com\/fr\/machines\/occasion\/souffleuses-occasion\/souffleuse-sidel-sbo-14\/#primaryimage"},"image":{"@id":"https:\/\/www.bbmpackaging.com\/fr\/machines\/occasion\/souffleuses-occasion\/souffleuse-sidel-sbo-14\/#primaryimage"},"thumbnailUrl":"https:\/\/www.bbmpackaging.com\/wp-content\/uploads\/2025\/08\/souffleuse-sidel-bbm-packaging.jpg","datePublished":"2025-08-21T14:03:56+00:00","dateModified":"2026-02-05T11:33:29+00:00","description":"Souffleuse SIDEL SBO 14 (1999), jusqu\u2019\u00e0 18.000 bph en PET. Disponible en l\u2019\u00e9tat ou r\u00e9vis\u00e9e avec garantie. D\u00e9couvrez tous les d\u00e9tails et les photos","breadcrumb":{"@id":"https:\/\/www.bbmpackaging.com\/fr\/machines\/occasion\/souffleuses-occasion\/souffleuse-sidel-sbo-14\/#breadcrumb"},"inLanguage":"fr-FR","potentialAction":[{"@type":"ReadAction","target":["https:\/\/www.bbmpackaging.com\/fr\/machines\/occasion\/souffleuses-occasion\/souffleuse-sidel-sbo-14\/"]}]},{"@type":"ImageObject","inLanguage":"fr-FR","@id":"https:\/\/www.bbmpackaging.com\/fr\/machines\/occasion\/souffleuses-occasion\/souffleuse-sidel-sbo-14\/#primaryimage","url":"https:\/\/www.bbmpackaging.com\/wp-content\/uploads\/2025\/08\/souffleuse-sidel-bbm-packaging.jpg","contentUrl":"https:\/\/www.bbmpackaging.com\/wp-content\/uploads\/2025\/08\/souffleuse-sidel-bbm-packaging.jpg","width":1440,"height":1080,"caption":"Souffleuse SIDEL SBO 14 (1999), jusqu\u2019\u00e0 18.000 bph en PET. Disponible en l\u2019\u00e9tat ou r\u00e9vis\u00e9e avec garantie."},{"@type":"BreadcrumbList","@id":"https:\/\/www.bbmpackaging.com\/fr\/machines\/occasion\/souffleuses-occasion\/souffleuse-sidel-sbo-14\/#breadcrumb","itemListElement":[{"@type":"ListItem","position":1,"name":"Home","item":"https:\/\/www.bbmpackaging.com\/fr\/"},{"@type":"ListItem","position":2,"name":"Produits","item":"https:\/\/www.bbmpackaging.com\/fr\/produits\/"},{"@type":"ListItem","position":3,"name":"Machines d\u2019occasion","item":"https:\/\/www.bbmpackaging.com\/fr\/machines\/occasion\/"},{"@type":"ListItem","position":4,"name":"Souffleuses","item":"https:\/\/www.bbmpackaging.com\/fr\/machines\/souffleuses-occasion\/"},{"@type":"ListItem","position":5,"name":"Souffleuse SIDEL SBO 14"}]},{"@type":"WebSite","@id":"https:\/\/www.bbmpackaging.com\/fr\/#website","url":"https:\/\/www.bbmpackaging.com\/fr\/","name":"BBM Packaging","description":"Imbottigliamento: macchinari manutenzione e much more","potentialAction":[{"@type":"SearchAction","target":{"@type":"EntryPoint","urlTemplate":"https:\/\/www.bbmpackaging.com\/fr\/?s={search_term_string}"},"query-input":{"@type":"PropertyValueSpecification","valueRequired":true,"valueName":"search_term_string"}}],"inLanguage":"fr-FR"}]}},"_links":{"self":[{"href":"https:\/\/www.bbmpackaging.com\/fr\/wp-json\/wp\/v2\/product\/56992","targetHints":{"allow":["GET"]}}],"collection":[{"href":"https:\/\/www.bbmpackaging.com\/fr\/wp-json\/wp\/v2\/product"}],"about":[{"href":"https:\/\/www.bbmpackaging.com\/fr\/wp-json\/wp\/v2\/types\/product"}],"replies":[{"embeddable":true,"href":"https:\/\/www.bbmpackaging.com\/fr\/wp-json\/wp\/v2\/comments?post=56992"}],"wp:featuredmedia":[{"embeddable":true,"href":"https:\/\/www.bbmpackaging.com\/fr\/wp-json\/wp\/v2\/media\/58655"}],"wp:attachment":[{"href":"https:\/\/www.bbmpackaging.com\/fr\/wp-json\/wp\/v2\/media?parent=56992"}],"wp:term":[{"taxonomy":"brand","embeddable":true,"href":"https:\/\/www.bbmpackaging.com\/fr\/wp-json\/wp\/v2\/brand?post=56992"},{"taxonomy":"product_brand","embeddable":true,"href":"https:\/\/www.bbmpackaging.com\/fr\/wp-json\/wp\/v2\/product_brand?post=56992"},{"taxonomy":"product_cat","embeddable":true,"href":"https:\/\/www.bbmpackaging.com\/fr\/wp-json\/wp\/v2\/product_cat?post=56992"},{"taxonomy":"product_tag","embeddable":true,"href":"https:\/\/www.bbmpackaging.com\/fr\/wp-json\/wp\/v2\/product_tag?post=56992"}],"curies":[{"name":"wp","href":"https:\/\/api.w.org\/{rel}","templated":true}]}}