{"id":57295,"date":"2025-08-28T15:20:03","date_gmt":"2025-08-28T13:20:03","guid":{"rendered":"https:\/\/www.bbmpackaging.com\/?post_type=product&#038;p=57295"},"modified":"2026-02-05T12:33:29","modified_gmt":"2026-02-05T11:33:29","slug":"cartonneuse-ocme-altair-n70","status":"publish","type":"product","link":"https:\/\/www.bbmpackaging.com\/fr\/machines\/occasion\/formeuses-carton-wrap-around-occasion\/cartonneuse-ocme-altair-n70\/","title":{"rendered":"Cartonneuse OCME Altair N70"},"content":{"rendered":"<p>Cartonneuse OCME Altair N70. Machine pour la mise en carton, avec une capacit\u00e9 de production allant jusqu\u2019\u00e0 25.000 bph.<br \/>\nActuellement configur\u00e9e pour le format 3&#215;2 \u2013 bouteilles de 750 ml.<\/p>\n<p>La machine est disponible en deux options :<\/p>\n<ul>\n<li style=\"list-style-type: none;\">\n<ul>\n<li>\u00ab Vue et approuv\u00e9e \u00bb, dans son \u00e9tat actuel<\/li>\n<li>R\u00e9vis\u00e9e et garantie, avec possibilit\u00e9 de personnalisation<\/li>\n<\/ul>\n<\/li>\n<\/ul>\n<p>Elle est \u00e9quip\u00e9e d\u2019un PLC Siemens et peut \u00eatre fournie avec des convoyeurs pour bouteilles ou cartons.<br \/><\/br> <strong>Les photographies ont un caract\u00e8re purement illustratif: la machine est actuellement d\u00e9mont\u00e9e dans notre showroom, pr\u00eate \u00e0 \u00eatre personnalis\u00e9e selon vos besoins et r\u00e9install\u00e9e.<\/strong><\/p>\n","protected":false},"excerpt":{"rendered":"<p>Cartonneuse OCME ALTAIR N70 d\u2019occasion, r\u00e9vis\u00e9e et garantie<\/p>\n","protected":false},"featured_media":57304,"comment_status":"closed","ping_status":"closed","template":"","meta":{"_acf_changed":false},"brand":[7458],"product_brand":[],"product_cat":[1102,1106,1120],"product_tag":[],"class_list":{"0":"post-57295","1":"product","2":"type-product","3":"status-publish","4":"has-post-thumbnail","6":"brand-ocme","7":"product_cat-machines","8":"product_cat-occasion","9":"product_cat-formeuses-carton-wrap-around-occasion","11":"first","12":"instock","13":"shipping-taxable","14":"product-type-simple"},"acf":[],"yoast_head":"<!-- This site is optimized with the Yoast SEO plugin v27.2 - https:\/\/yoast.com\/product\/yoast-seo-wordpress\/ -->\n<title>Cartonneuse OCME Altair N70 - BBM Packaging<\/title>\n<meta name=\"description\" content=\"Cartonneuse OCME Altair N70 d\u2019occasion (2007), avec une capacit\u00e9 allant jusqu\u2019\u00e0 25 000 bph. Disponible en l\u2019\u00e9tat (\u201cvue et appr\u00e9ci\u00e9e\u201d) ou r\u00e9vis\u00e9e et garantie, pr\u00eate \u00e0 \u00eatre personnalis\u00e9e.\" \/>\n<meta name=\"robots\" content=\"index, follow, max-snippet:-1, max-image-preview:large, max-video-preview:-1\" \/>\n<link rel=\"canonical\" href=\"https:\/\/www.bbmpackaging.com\/fr\/machines\/occasion\/formeuses-carton-wrap-around-occasion\/cartonneuse-ocme-altair-n70\/\" \/>\n<meta property=\"og:locale\" content=\"fr_FR\" \/>\n<meta property=\"og:type\" content=\"article\" \/>\n<meta property=\"og:title\" content=\"Cartonneuse OCME Altair N70 - BBM Packaging\" \/>\n<meta property=\"og:description\" content=\"Cartonneuse OCME Altair N70 d\u2019occasion (2007), avec une capacit\u00e9 allant jusqu\u2019\u00e0 25 000 bph. Disponible en l\u2019\u00e9tat (\u201cvue et appr\u00e9ci\u00e9e\u201d) ou r\u00e9vis\u00e9e et garantie, pr\u00eate \u00e0 \u00eatre personnalis\u00e9e.\" \/>\n<meta property=\"og:url\" content=\"https:\/\/www.bbmpackaging.com\/fr\/machines\/occasion\/formeuses-carton-wrap-around-occasion\/cartonneuse-ocme-altair-n70\/\" \/>\n<meta property=\"og:site_name\" content=\"BBM Packaging\" \/>\n<meta property=\"article:modified_time\" content=\"2026-02-05T11:33:29+00:00\" \/>\n<meta property=\"og:image\" content=\"https:\/\/www.bbmpackaging.com\/wp-content\/uploads\/2025\/08\/cartonneuse-ocme-altair-n-70-2.jpg\" \/>\n\t<meta property=\"og:image:width\" content=\"1024\" \/>\n\t<meta property=\"og:image:height\" content=\"768\" \/>\n\t<meta property=\"og:image:type\" content=\"image\/jpeg\" \/>\n<meta name=\"twitter:card\" content=\"summary_large_image\" \/>\n<meta name=\"twitter:label1\" content=\"Dur\u00e9e de lecture estim\u00e9e\" \/>\n\t<meta name=\"twitter:data1\" content=\"1 minute\" \/>\n<script type=\"application\/ld+json\" class=\"yoast-schema-graph\">{\"@context\":\"https:\/\/schema.org\",\"@graph\":[{\"@type\":\"WebPage\",\"@id\":\"https:\/\/www.bbmpackaging.com\/fr\/machines\/occasion\/formeuses-carton-wrap-around-occasion\/cartonneuse-ocme-altair-n70\/\",\"url\":\"https:\/\/www.bbmpackaging.com\/fr\/machines\/occasion\/formeuses-carton-wrap-around-occasion\/cartonneuse-ocme-altair-n70\/\",\"name\":\"Cartonneuse OCME Altair N70 - BBM Packaging\",\"isPartOf\":{\"@id\":\"https:\/\/www.bbmpackaging.com\/fr\/#website\"},\"primaryImageOfPage\":{\"@id\":\"https:\/\/www.bbmpackaging.com\/fr\/machines\/occasion\/formeuses-carton-wrap-around-occasion\/cartonneuse-ocme-altair-n70\/#primaryimage\"},\"image\":{\"@id\":\"https:\/\/www.bbmpackaging.com\/fr\/machines\/occasion\/formeuses-carton-wrap-around-occasion\/cartonneuse-ocme-altair-n70\/#primaryimage\"},\"thumbnailUrl\":\"https:\/\/www.bbmpackaging.com\/wp-content\/uploads\/2025\/08\/cartonneuse-ocme-altair-n-70-2.jpg\",\"datePublished\":\"2025-08-28T13:20:03+00:00\",\"dateModified\":\"2026-02-05T11:33:29+00:00\",\"description\":\"Cartonneuse OCME Altair N70 d\u2019occasion (2007), avec une capacit\u00e9 allant jusqu\u2019\u00e0 25 000 bph. Disponible en l\u2019\u00e9tat (\u201cvue et appr\u00e9ci\u00e9e\u201d) ou r\u00e9vis\u00e9e et garantie, pr\u00eate \u00e0 \u00eatre personnalis\u00e9e.\",\"breadcrumb\":{\"@id\":\"https:\/\/www.bbmpackaging.com\/fr\/machines\/occasion\/formeuses-carton-wrap-around-occasion\/cartonneuse-ocme-altair-n70\/#breadcrumb\"},\"inLanguage\":\"fr-FR\",\"potentialAction\":[{\"@type\":\"ReadAction\",\"target\":[\"https:\/\/www.bbmpackaging.com\/fr\/machines\/occasion\/formeuses-carton-wrap-around-occasion\/cartonneuse-ocme-altair-n70\/\"]}]},{\"@type\":\"ImageObject\",\"inLanguage\":\"fr-FR\",\"@id\":\"https:\/\/www.bbmpackaging.com\/fr\/machines\/occasion\/formeuses-carton-wrap-around-occasion\/cartonneuse-ocme-altair-n70\/#primaryimage\",\"url\":\"https:\/\/www.bbmpackaging.com\/wp-content\/uploads\/2025\/08\/cartonneuse-ocme-altair-n-70-2.jpg\",\"contentUrl\":\"https:\/\/www.bbmpackaging.com\/wp-content\/uploads\/2025\/08\/cartonneuse-ocme-altair-n-70-2.jpg\",\"width\":1024,\"height\":768,\"caption\":\"Cartonneuse OCME Altair N70 d\u2019occasion (2007), jusqu\u2019\u00e0 25 000 bph. Disponible en l\u2019\u00e9tat ou r\u00e9vis\u00e9e et garantie, pr\u00eate \u00e0 \u00eatre personnalis\u00e9e\"},{\"@type\":\"BreadcrumbList\",\"@id\":\"https:\/\/www.bbmpackaging.com\/fr\/machines\/occasion\/formeuses-carton-wrap-around-occasion\/cartonneuse-ocme-altair-n70\/#breadcrumb\",\"itemListElement\":[{\"@type\":\"ListItem\",\"position\":1,\"name\":\"Home\",\"item\":\"https:\/\/www.bbmpackaging.com\/fr\/\"},{\"@type\":\"ListItem\",\"position\":2,\"name\":\"Produits\",\"item\":\"https:\/\/www.bbmpackaging.com\/fr\/produits\/\"},{\"@type\":\"ListItem\",\"position\":3,\"name\":\"Machines d\u2019occasion\",\"item\":\"https:\/\/www.bbmpackaging.com\/fr\/machines\/occasion\/\"},{\"@type\":\"ListItem\",\"position\":4,\"name\":\"Encartonneuses wrap-around\",\"item\":\"https:\/\/www.bbmpackaging.com\/fr\/machines\/formeuses-carton-wrap-around-occasion\/\"},{\"@type\":\"ListItem\",\"position\":5,\"name\":\"Cartonneuse OCME Altair N70\"}]},{\"@type\":\"WebSite\",\"@id\":\"https:\/\/www.bbmpackaging.com\/fr\/#website\",\"url\":\"https:\/\/www.bbmpackaging.com\/fr\/\",\"name\":\"BBM Packaging\",\"description\":\"Imbottigliamento: macchinari manutenzione e much more\",\"potentialAction\":[{\"@type\":\"SearchAction\",\"target\":{\"@type\":\"EntryPoint\",\"urlTemplate\":\"https:\/\/www.bbmpackaging.com\/fr\/?s={search_term_string}\"},\"query-input\":{\"@type\":\"PropertyValueSpecification\",\"valueRequired\":true,\"valueName\":\"search_term_string\"}}],\"inLanguage\":\"fr-FR\"}]}<\/script>\n<!-- \/ Yoast SEO plugin. -->","yoast_head_json":{"title":"Cartonneuse OCME Altair N70 - BBM Packaging","description":"Cartonneuse OCME Altair N70 d\u2019occasion (2007), avec une capacit\u00e9 allant jusqu\u2019\u00e0 25 000 bph. Disponible en l\u2019\u00e9tat (\u201cvue et appr\u00e9ci\u00e9e\u201d) ou r\u00e9vis\u00e9e et garantie, pr\u00eate \u00e0 \u00eatre personnalis\u00e9e.","robots":{"index":"index","follow":"follow","max-snippet":"max-snippet:-1","max-image-preview":"max-image-preview:large","max-video-preview":"max-video-preview:-1"},"canonical":"https:\/\/www.bbmpackaging.com\/fr\/machines\/occasion\/formeuses-carton-wrap-around-occasion\/cartonneuse-ocme-altair-n70\/","og_locale":"fr_FR","og_type":"article","og_title":"Cartonneuse OCME Altair N70 - BBM Packaging","og_description":"Cartonneuse OCME Altair N70 d\u2019occasion (2007), avec une capacit\u00e9 allant jusqu\u2019\u00e0 25 000 bph. Disponible en l\u2019\u00e9tat (\u201cvue et appr\u00e9ci\u00e9e\u201d) ou r\u00e9vis\u00e9e et garantie, pr\u00eate \u00e0 \u00eatre personnalis\u00e9e.","og_url":"https:\/\/www.bbmpackaging.com\/fr\/machines\/occasion\/formeuses-carton-wrap-around-occasion\/cartonneuse-ocme-altair-n70\/","og_site_name":"BBM Packaging","article_modified_time":"2026-02-05T11:33:29+00:00","og_image":[{"width":1024,"height":768,"url":"https:\/\/www.bbmpackaging.com\/wp-content\/uploads\/2025\/08\/cartonneuse-ocme-altair-n-70-2.jpg","type":"image\/jpeg"}],"twitter_card":"summary_large_image","twitter_misc":{"Dur\u00e9e de lecture estim\u00e9e":"1 minute"},"schema":{"@context":"https:\/\/schema.org","@graph":[{"@type":"WebPage","@id":"https:\/\/www.bbmpackaging.com\/fr\/machines\/occasion\/formeuses-carton-wrap-around-occasion\/cartonneuse-ocme-altair-n70\/","url":"https:\/\/www.bbmpackaging.com\/fr\/machines\/occasion\/formeuses-carton-wrap-around-occasion\/cartonneuse-ocme-altair-n70\/","name":"Cartonneuse OCME Altair N70 - BBM Packaging","isPartOf":{"@id":"https:\/\/www.bbmpackaging.com\/fr\/#website"},"primaryImageOfPage":{"@id":"https:\/\/www.bbmpackaging.com\/fr\/machines\/occasion\/formeuses-carton-wrap-around-occasion\/cartonneuse-ocme-altair-n70\/#primaryimage"},"image":{"@id":"https:\/\/www.bbmpackaging.com\/fr\/machines\/occasion\/formeuses-carton-wrap-around-occasion\/cartonneuse-ocme-altair-n70\/#primaryimage"},"thumbnailUrl":"https:\/\/www.bbmpackaging.com\/wp-content\/uploads\/2025\/08\/cartonneuse-ocme-altair-n-70-2.jpg","datePublished":"2025-08-28T13:20:03+00:00","dateModified":"2026-02-05T11:33:29+00:00","description":"Cartonneuse OCME Altair N70 d\u2019occasion (2007), avec une capacit\u00e9 allant jusqu\u2019\u00e0 25 000 bph. Disponible en l\u2019\u00e9tat (\u201cvue et appr\u00e9ci\u00e9e\u201d) ou r\u00e9vis\u00e9e et garantie, pr\u00eate \u00e0 \u00eatre personnalis\u00e9e.","breadcrumb":{"@id":"https:\/\/www.bbmpackaging.com\/fr\/machines\/occasion\/formeuses-carton-wrap-around-occasion\/cartonneuse-ocme-altair-n70\/#breadcrumb"},"inLanguage":"fr-FR","potentialAction":[{"@type":"ReadAction","target":["https:\/\/www.bbmpackaging.com\/fr\/machines\/occasion\/formeuses-carton-wrap-around-occasion\/cartonneuse-ocme-altair-n70\/"]}]},{"@type":"ImageObject","inLanguage":"fr-FR","@id":"https:\/\/www.bbmpackaging.com\/fr\/machines\/occasion\/formeuses-carton-wrap-around-occasion\/cartonneuse-ocme-altair-n70\/#primaryimage","url":"https:\/\/www.bbmpackaging.com\/wp-content\/uploads\/2025\/08\/cartonneuse-ocme-altair-n-70-2.jpg","contentUrl":"https:\/\/www.bbmpackaging.com\/wp-content\/uploads\/2025\/08\/cartonneuse-ocme-altair-n-70-2.jpg","width":1024,"height":768,"caption":"Cartonneuse OCME Altair N70 d\u2019occasion (2007), jusqu\u2019\u00e0 25 000 bph. Disponible en l\u2019\u00e9tat ou r\u00e9vis\u00e9e et garantie, pr\u00eate \u00e0 \u00eatre personnalis\u00e9e"},{"@type":"BreadcrumbList","@id":"https:\/\/www.bbmpackaging.com\/fr\/machines\/occasion\/formeuses-carton-wrap-around-occasion\/cartonneuse-ocme-altair-n70\/#breadcrumb","itemListElement":[{"@type":"ListItem","position":1,"name":"Home","item":"https:\/\/www.bbmpackaging.com\/fr\/"},{"@type":"ListItem","position":2,"name":"Produits","item":"https:\/\/www.bbmpackaging.com\/fr\/produits\/"},{"@type":"ListItem","position":3,"name":"Machines d\u2019occasion","item":"https:\/\/www.bbmpackaging.com\/fr\/machines\/occasion\/"},{"@type":"ListItem","position":4,"name":"Encartonneuses wrap-around","item":"https:\/\/www.bbmpackaging.com\/fr\/machines\/formeuses-carton-wrap-around-occasion\/"},{"@type":"ListItem","position":5,"name":"Cartonneuse OCME Altair N70"}]},{"@type":"WebSite","@id":"https:\/\/www.bbmpackaging.com\/fr\/#website","url":"https:\/\/www.bbmpackaging.com\/fr\/","name":"BBM Packaging","description":"Imbottigliamento: macchinari manutenzione e much more","potentialAction":[{"@type":"SearchAction","target":{"@type":"EntryPoint","urlTemplate":"https:\/\/www.bbmpackaging.com\/fr\/?s={search_term_string}"},"query-input":{"@type":"PropertyValueSpecification","valueRequired":true,"valueName":"search_term_string"}}],"inLanguage":"fr-FR"}]}},"_links":{"self":[{"href":"https:\/\/www.bbmpackaging.com\/fr\/wp-json\/wp\/v2\/product\/57295","targetHints":{"allow":["GET"]}}],"collection":[{"href":"https:\/\/www.bbmpackaging.com\/fr\/wp-json\/wp\/v2\/product"}],"about":[{"href":"https:\/\/www.bbmpackaging.com\/fr\/wp-json\/wp\/v2\/types\/product"}],"replies":[{"embeddable":true,"href":"https:\/\/www.bbmpackaging.com\/fr\/wp-json\/wp\/v2\/comments?post=57295"}],"wp:featuredmedia":[{"embeddable":true,"href":"https:\/\/www.bbmpackaging.com\/fr\/wp-json\/wp\/v2\/media\/57304"}],"wp:attachment":[{"href":"https:\/\/www.bbmpackaging.com\/fr\/wp-json\/wp\/v2\/media?parent=57295"}],"wp:term":[{"taxonomy":"brand","embeddable":true,"href":"https:\/\/www.bbmpackaging.com\/fr\/wp-json\/wp\/v2\/brand?post=57295"},{"taxonomy":"product_brand","embeddable":true,"href":"https:\/\/www.bbmpackaging.com\/fr\/wp-json\/wp\/v2\/product_brand?post=57295"},{"taxonomy":"product_cat","embeddable":true,"href":"https:\/\/www.bbmpackaging.com\/fr\/wp-json\/wp\/v2\/product_cat?post=57295"},{"taxonomy":"product_tag","embeddable":true,"href":"https:\/\/www.bbmpackaging.com\/fr\/wp-json\/wp\/v2\/product_tag?post=57295"}],"curies":[{"name":"wp","href":"https:\/\/api.w.org\/{rel}","templated":true}]}}