{"id":57748,"date":"2025-09-03T11:31:59","date_gmt":"2025-09-03T09:31:59","guid":{"rendered":"https:\/\/www.bbmpackaging.com\/?post_type=product&#038;p=57748"},"modified":"2026-02-05T12:33:29","modified_gmt":"2026-02-05T11:33:29","slug":"etiqueteuse-krones-contiroll-2","status":"publish","type":"product","link":"https:\/\/www.bbmpackaging.com\/fr\/machines\/occasion\/etiqueteuses-occasion\/etiqueteuse-krones-contiroll-2\/","title":{"rendered":"\u00c9tiqueteuse Krones Contiroll"},"content":{"rendered":"<p>Nous proposons une <strong>\u00e9tiqueteuse Krones Contiroll<\/strong> de 1998, con\u00e7ue pour l&rsquo;application efficace d<strong>&lsquo;\u00e9tiquettes en OPP<\/strong> par technologie de colle \u00e0 chaud. Cette unit\u00e9 garantit une capacit\u00e9 de production de 18 000 bouteilles par heure (bph).<\/p>\n<p>Le syst\u00e8me de contr\u00f4le comprend un API Siemens S5 et une interface IHM Krones CTS. Un service de mise \u00e0 niveau optionnel vers la derni\u00e8re g\u00e9n\u00e9ration d&rsquo;API Siemens est disponible. Nous offrons plusieurs configurations de vente : \u00ab vendue en l&rsquo;\u00e9tat \u00bb, enti\u00e8rement r\u00e9vis\u00e9e et couverte par une garantie, ou \u00ab pr\u00eate \u00e0 l&#8217;emploi \u00bb avec l&rsquo;inclusion de pi\u00e8ces de rechange compatibles.<\/p>\n","protected":false},"excerpt":{"rendered":"<p>Machine \u00e0 \u00e9tiqueter Krones Contiroll d&rsquo;occasion, r\u00e9vis\u00e9e et garantie.<\/p>\n","protected":false},"featured_media":57855,"comment_status":"closed","ping_status":"closed","template":"","meta":{"_acf_changed":false},"brand":[7449],"product_brand":[],"product_cat":[1102,1106,1116],"product_tag":[],"class_list":{"0":"post-57748","1":"product","2":"type-product","3":"status-publish","4":"has-post-thumbnail","6":"brand-krones","7":"product_cat-machines","8":"product_cat-occasion","9":"product_cat-etiqueteuses-occasion","11":"first","12":"instock","13":"shipping-taxable","14":"product-type-simple"},"acf":[],"yoast_head":"<!-- This site is optimized with the Yoast SEO plugin v27.2 - https:\/\/yoast.com\/product\/yoast-seo-wordpress\/ -->\n<title>\u00c9tiqueteuse Krones Contiroll - BBM Packaging<\/title>\n<meta name=\"description\" content=\"\u00c9tiqeutteuse Krones Contiroll de 1998, 18 000 bph. Id\u00e9ale pour les \u00e9tiquettes OPP \u00e0 colle chaude. Disponible reconditionn\u00e9e et garantie, ou pr\u00eate \u00e0...\" \/>\n<meta name=\"robots\" content=\"index, follow, max-snippet:-1, max-image-preview:large, max-video-preview:-1\" \/>\n<link rel=\"canonical\" href=\"https:\/\/www.bbmpackaging.com\/fr\/machines\/occasion\/etiqueteuses-occasion\/etiqueteuse-krones-contiroll-2\/\" \/>\n<meta property=\"og:locale\" content=\"fr_FR\" \/>\n<meta property=\"og:type\" content=\"article\" \/>\n<meta property=\"og:title\" content=\"\u00c9tiqueteuse Krones Contiroll - BBM Packaging\" \/>\n<meta property=\"og:description\" content=\"\u00c9tiqeutteuse Krones Contiroll de 1998, 18 000 bph. Id\u00e9ale pour les \u00e9tiquettes OPP \u00e0 colle chaude. Disponible reconditionn\u00e9e et garantie, ou pr\u00eate \u00e0...\" \/>\n<meta property=\"og:url\" content=\"https:\/\/www.bbmpackaging.com\/fr\/machines\/occasion\/etiqueteuses-occasion\/etiqueteuse-krones-contiroll-2\/\" \/>\n<meta property=\"og:site_name\" content=\"BBM Packaging\" \/>\n<meta property=\"article:modified_time\" content=\"2026-02-05T11:33:29+00:00\" \/>\n<meta property=\"og:image\" content=\"https:\/\/www.bbmpackaging.com\/wp-content\/uploads\/2025\/09\/labeller-krones-contiroll-bbm-packaging-11.jpg\" \/>\n\t<meta property=\"og:image:width\" content=\"1190\" \/>\n\t<meta property=\"og:image:height\" content=\"907\" \/>\n\t<meta property=\"og:image:type\" content=\"image\/jpeg\" \/>\n<meta name=\"twitter:card\" content=\"summary_large_image\" \/>\n<meta name=\"twitter:label1\" content=\"Dur\u00e9e de lecture estim\u00e9e\" \/>\n\t<meta name=\"twitter:data1\" content=\"1 minute\" \/>\n<script type=\"application\/ld+json\" class=\"yoast-schema-graph\">{\"@context\":\"https:\/\/schema.org\",\"@graph\":[{\"@type\":\"WebPage\",\"@id\":\"https:\/\/www.bbmpackaging.com\/fr\/machines\/occasion\/etiqueteuses-occasion\/etiqueteuse-krones-contiroll-2\/\",\"url\":\"https:\/\/www.bbmpackaging.com\/fr\/machines\/occasion\/etiqueteuses-occasion\/etiqueteuse-krones-contiroll-2\/\",\"name\":\"\u00c9tiqueteuse Krones Contiroll - BBM Packaging\",\"isPartOf\":{\"@id\":\"https:\/\/www.bbmpackaging.com\/fr\/#website\"},\"primaryImageOfPage\":{\"@id\":\"https:\/\/www.bbmpackaging.com\/fr\/machines\/occasion\/etiqueteuses-occasion\/etiqueteuse-krones-contiroll-2\/#primaryimage\"},\"image\":{\"@id\":\"https:\/\/www.bbmpackaging.com\/fr\/machines\/occasion\/etiqueteuses-occasion\/etiqueteuse-krones-contiroll-2\/#primaryimage\"},\"thumbnailUrl\":\"https:\/\/www.bbmpackaging.com\/wp-content\/uploads\/2025\/09\/labeller-krones-contiroll-bbm-packaging-11.jpg\",\"datePublished\":\"2025-09-03T09:31:59+00:00\",\"dateModified\":\"2026-02-05T11:33:29+00:00\",\"description\":\"\u00c9tiqeutteuse Krones Contiroll de 1998, 18 000 bph. Id\u00e9ale pour les \u00e9tiquettes OPP \u00e0 colle chaude. Disponible reconditionn\u00e9e et garantie, ou pr\u00eate \u00e0...\",\"breadcrumb\":{\"@id\":\"https:\/\/www.bbmpackaging.com\/fr\/machines\/occasion\/etiqueteuses-occasion\/etiqueteuse-krones-contiroll-2\/#breadcrumb\"},\"inLanguage\":\"fr-FR\",\"potentialAction\":[{\"@type\":\"ReadAction\",\"target\":[\"https:\/\/www.bbmpackaging.com\/fr\/machines\/occasion\/etiqueteuses-occasion\/etiqueteuse-krones-contiroll-2\/\"]}]},{\"@type\":\"ImageObject\",\"inLanguage\":\"fr-FR\",\"@id\":\"https:\/\/www.bbmpackaging.com\/fr\/machines\/occasion\/etiqueteuses-occasion\/etiqueteuse-krones-contiroll-2\/#primaryimage\",\"url\":\"https:\/\/www.bbmpackaging.com\/wp-content\/uploads\/2025\/09\/labeller-krones-contiroll-bbm-packaging-11.jpg\",\"contentUrl\":\"https:\/\/www.bbmpackaging.com\/wp-content\/uploads\/2025\/09\/labeller-krones-contiroll-bbm-packaging-11.jpg\",\"width\":1190,\"height\":907,\"caption\":\"\u00c9tiqeutteuse Krones Contiroll de 1998, 18 000 bph. Id\u00e9ale pour les \u00e9tiquettes OPP \u00e0 colle chaude. Disponible reconditionn\u00e9e et garantie, ou pr\u00eate \u00e0 l'emploi. Mise \u00e0 niveau du PLC Siemens possible.\"},{\"@type\":\"BreadcrumbList\",\"@id\":\"https:\/\/www.bbmpackaging.com\/fr\/machines\/occasion\/etiqueteuses-occasion\/etiqueteuse-krones-contiroll-2\/#breadcrumb\",\"itemListElement\":[{\"@type\":\"ListItem\",\"position\":1,\"name\":\"Home\",\"item\":\"https:\/\/www.bbmpackaging.com\/fr\/\"},{\"@type\":\"ListItem\",\"position\":2,\"name\":\"Produits\",\"item\":\"https:\/\/www.bbmpackaging.com\/fr\/produits\/\"},{\"@type\":\"ListItem\",\"position\":3,\"name\":\"Machines d\u2019occasion\",\"item\":\"https:\/\/www.bbmpackaging.com\/fr\/machines\/occasion\/\"},{\"@type\":\"ListItem\",\"position\":4,\"name\":\"\u00c9tiqueteuse\",\"item\":\"https:\/\/www.bbmpackaging.com\/fr\/machines\/etiqueteuses-occasion\/\"},{\"@type\":\"ListItem\",\"position\":5,\"name\":\"\u00c9tiqueteuse Krones Contiroll\"}]},{\"@type\":\"WebSite\",\"@id\":\"https:\/\/www.bbmpackaging.com\/fr\/#website\",\"url\":\"https:\/\/www.bbmpackaging.com\/fr\/\",\"name\":\"BBM Packaging\",\"description\":\"Imbottigliamento: macchinari manutenzione e much more\",\"potentialAction\":[{\"@type\":\"SearchAction\",\"target\":{\"@type\":\"EntryPoint\",\"urlTemplate\":\"https:\/\/www.bbmpackaging.com\/fr\/?s={search_term_string}\"},\"query-input\":{\"@type\":\"PropertyValueSpecification\",\"valueRequired\":true,\"valueName\":\"search_term_string\"}}],\"inLanguage\":\"fr-FR\"}]}<\/script>\n<!-- \/ Yoast SEO plugin. -->","yoast_head_json":{"title":"\u00c9tiqueteuse Krones Contiroll - BBM Packaging","description":"\u00c9tiqeutteuse Krones Contiroll de 1998, 18 000 bph. Id\u00e9ale pour les \u00e9tiquettes OPP \u00e0 colle chaude. Disponible reconditionn\u00e9e et garantie, ou pr\u00eate \u00e0...","robots":{"index":"index","follow":"follow","max-snippet":"max-snippet:-1","max-image-preview":"max-image-preview:large","max-video-preview":"max-video-preview:-1"},"canonical":"https:\/\/www.bbmpackaging.com\/fr\/machines\/occasion\/etiqueteuses-occasion\/etiqueteuse-krones-contiroll-2\/","og_locale":"fr_FR","og_type":"article","og_title":"\u00c9tiqueteuse Krones Contiroll - BBM Packaging","og_description":"\u00c9tiqeutteuse Krones Contiroll de 1998, 18 000 bph. Id\u00e9ale pour les \u00e9tiquettes OPP \u00e0 colle chaude. Disponible reconditionn\u00e9e et garantie, ou pr\u00eate \u00e0...","og_url":"https:\/\/www.bbmpackaging.com\/fr\/machines\/occasion\/etiqueteuses-occasion\/etiqueteuse-krones-contiroll-2\/","og_site_name":"BBM Packaging","article_modified_time":"2026-02-05T11:33:29+00:00","og_image":[{"width":1190,"height":907,"url":"https:\/\/www.bbmpackaging.com\/wp-content\/uploads\/2025\/09\/labeller-krones-contiroll-bbm-packaging-11.jpg","type":"image\/jpeg"}],"twitter_card":"summary_large_image","twitter_misc":{"Dur\u00e9e de lecture estim\u00e9e":"1 minute"},"schema":{"@context":"https:\/\/schema.org","@graph":[{"@type":"WebPage","@id":"https:\/\/www.bbmpackaging.com\/fr\/machines\/occasion\/etiqueteuses-occasion\/etiqueteuse-krones-contiroll-2\/","url":"https:\/\/www.bbmpackaging.com\/fr\/machines\/occasion\/etiqueteuses-occasion\/etiqueteuse-krones-contiroll-2\/","name":"\u00c9tiqueteuse Krones Contiroll - BBM Packaging","isPartOf":{"@id":"https:\/\/www.bbmpackaging.com\/fr\/#website"},"primaryImageOfPage":{"@id":"https:\/\/www.bbmpackaging.com\/fr\/machines\/occasion\/etiqueteuses-occasion\/etiqueteuse-krones-contiroll-2\/#primaryimage"},"image":{"@id":"https:\/\/www.bbmpackaging.com\/fr\/machines\/occasion\/etiqueteuses-occasion\/etiqueteuse-krones-contiroll-2\/#primaryimage"},"thumbnailUrl":"https:\/\/www.bbmpackaging.com\/wp-content\/uploads\/2025\/09\/labeller-krones-contiroll-bbm-packaging-11.jpg","datePublished":"2025-09-03T09:31:59+00:00","dateModified":"2026-02-05T11:33:29+00:00","description":"\u00c9tiqeutteuse Krones Contiroll de 1998, 18 000 bph. Id\u00e9ale pour les \u00e9tiquettes OPP \u00e0 colle chaude. Disponible reconditionn\u00e9e et garantie, ou pr\u00eate \u00e0...","breadcrumb":{"@id":"https:\/\/www.bbmpackaging.com\/fr\/machines\/occasion\/etiqueteuses-occasion\/etiqueteuse-krones-contiroll-2\/#breadcrumb"},"inLanguage":"fr-FR","potentialAction":[{"@type":"ReadAction","target":["https:\/\/www.bbmpackaging.com\/fr\/machines\/occasion\/etiqueteuses-occasion\/etiqueteuse-krones-contiroll-2\/"]}]},{"@type":"ImageObject","inLanguage":"fr-FR","@id":"https:\/\/www.bbmpackaging.com\/fr\/machines\/occasion\/etiqueteuses-occasion\/etiqueteuse-krones-contiroll-2\/#primaryimage","url":"https:\/\/www.bbmpackaging.com\/wp-content\/uploads\/2025\/09\/labeller-krones-contiroll-bbm-packaging-11.jpg","contentUrl":"https:\/\/www.bbmpackaging.com\/wp-content\/uploads\/2025\/09\/labeller-krones-contiroll-bbm-packaging-11.jpg","width":1190,"height":907,"caption":"\u00c9tiqeutteuse Krones Contiroll de 1998, 18 000 bph. Id\u00e9ale pour les \u00e9tiquettes OPP \u00e0 colle chaude. Disponible reconditionn\u00e9e et garantie, ou pr\u00eate \u00e0 l'emploi. Mise \u00e0 niveau du PLC Siemens possible."},{"@type":"BreadcrumbList","@id":"https:\/\/www.bbmpackaging.com\/fr\/machines\/occasion\/etiqueteuses-occasion\/etiqueteuse-krones-contiroll-2\/#breadcrumb","itemListElement":[{"@type":"ListItem","position":1,"name":"Home","item":"https:\/\/www.bbmpackaging.com\/fr\/"},{"@type":"ListItem","position":2,"name":"Produits","item":"https:\/\/www.bbmpackaging.com\/fr\/produits\/"},{"@type":"ListItem","position":3,"name":"Machines d\u2019occasion","item":"https:\/\/www.bbmpackaging.com\/fr\/machines\/occasion\/"},{"@type":"ListItem","position":4,"name":"\u00c9tiqueteuse","item":"https:\/\/www.bbmpackaging.com\/fr\/machines\/etiqueteuses-occasion\/"},{"@type":"ListItem","position":5,"name":"\u00c9tiqueteuse Krones Contiroll"}]},{"@type":"WebSite","@id":"https:\/\/www.bbmpackaging.com\/fr\/#website","url":"https:\/\/www.bbmpackaging.com\/fr\/","name":"BBM Packaging","description":"Imbottigliamento: macchinari manutenzione e much more","potentialAction":[{"@type":"SearchAction","target":{"@type":"EntryPoint","urlTemplate":"https:\/\/www.bbmpackaging.com\/fr\/?s={search_term_string}"},"query-input":{"@type":"PropertyValueSpecification","valueRequired":true,"valueName":"search_term_string"}}],"inLanguage":"fr-FR"}]}},"_links":{"self":[{"href":"https:\/\/www.bbmpackaging.com\/fr\/wp-json\/wp\/v2\/product\/57748","targetHints":{"allow":["GET"]}}],"collection":[{"href":"https:\/\/www.bbmpackaging.com\/fr\/wp-json\/wp\/v2\/product"}],"about":[{"href":"https:\/\/www.bbmpackaging.com\/fr\/wp-json\/wp\/v2\/types\/product"}],"replies":[{"embeddable":true,"href":"https:\/\/www.bbmpackaging.com\/fr\/wp-json\/wp\/v2\/comments?post=57748"}],"wp:featuredmedia":[{"embeddable":true,"href":"https:\/\/www.bbmpackaging.com\/fr\/wp-json\/wp\/v2\/media\/57855"}],"wp:attachment":[{"href":"https:\/\/www.bbmpackaging.com\/fr\/wp-json\/wp\/v2\/media?parent=57748"}],"wp:term":[{"taxonomy":"brand","embeddable":true,"href":"https:\/\/www.bbmpackaging.com\/fr\/wp-json\/wp\/v2\/brand?post=57748"},{"taxonomy":"product_brand","embeddable":true,"href":"https:\/\/www.bbmpackaging.com\/fr\/wp-json\/wp\/v2\/product_brand?post=57748"},{"taxonomy":"product_cat","embeddable":true,"href":"https:\/\/www.bbmpackaging.com\/fr\/wp-json\/wp\/v2\/product_cat?post=57748"},{"taxonomy":"product_tag","embeddable":true,"href":"https:\/\/www.bbmpackaging.com\/fr\/wp-json\/wp\/v2\/product_tag?post=57748"}],"curies":[{"name":"wp","href":"https:\/\/api.w.org\/{rel}","templated":true}]}}