{"id":57950,"date":"2025-09-03T12:55:43","date_gmt":"2025-09-03T10:55:43","guid":{"rendered":"https:\/\/www.bbmpackaging.com\/?post_type=product&#038;p=57950"},"modified":"2026-03-04T12:21:13","modified_gmt":"2026-03-04T11:21:13","slug":"banderoleuse-tosa-120475","status":"publish","type":"product","link":"https:\/\/www.bbmpackaging.com\/fr\/machines\/occasion\/bandelereuses-occasion\/banderoleuse-tosa-120475\/","title":{"rendered":"Banderoleuse TOSA 120+475"},"content":{"rendered":"<p><strong>Banderoleuse TOSA<\/strong> 120+475 de 2012, con\u00e7ue pour des palettes de 800&#215;1200. Elle est \u00e9quip\u00e9e d&rsquo;un API Siemens S7 200 et d&rsquo;une IHM Siemens. L&rsquo;unit\u00e9 dispose \u00e9galement d&rsquo;un syst\u00e8me de pose de coiffe automatique. Elle est visible dans notre showroom \u00e0 Lenna (Bergame, Italie).<\/p>\n","protected":false},"excerpt":{"rendered":"<p>Banderoleuse TOSA 120+475 d&rsquo;occasion, r\u00e9vis\u00e9e et garantie. La vitesse indiqu\u00e9e en bouteilles par heure fait r\u00e9f\u00e9rence au format standard de 1500 ml en conditionnement 3&#215;2.<\/p>\n","protected":false},"featured_media":58689,"comment_status":"closed","ping_status":"closed","template":"","meta":{"_acf_changed":false},"brand":[7515],"product_brand":[],"product_cat":[1102,1106,4456],"product_tag":[],"class_list":{"0":"post-57950","1":"product","2":"type-product","3":"status-publish","4":"has-post-thumbnail","6":"brand-tosa","7":"product_cat-machines","8":"product_cat-occasion","9":"product_cat-bandelereuses-occasion","11":"first","12":"instock","13":"shipping-taxable","14":"product-type-simple"},"acf":[],"yoast_head":"<!-- This site is optimized with the Yoast SEO plugin v27.2 - https:\/\/yoast.com\/product\/yoast-seo-wordpress\/ -->\n<title>Banderoleuse TOSA 120+475 - BBM Packaging<\/title>\n<meta name=\"description\" content=\"Enrouleuse TOSA 120+475 de 2012, con\u00e7ue pour des palettes de 800x1200. Elle est \u00e9quip\u00e9e d&#039;un API Siemens S7 200 et d&#039;une IHM Siemens.\" \/>\n<meta name=\"robots\" content=\"index, follow, max-snippet:-1, max-image-preview:large, max-video-preview:-1\" \/>\n<link rel=\"canonical\" href=\"https:\/\/www.bbmpackaging.com\/fr\/machines\/occasion\/bandelereuses-occasion\/banderoleuse-tosa-120475\/\" \/>\n<meta property=\"og:locale\" content=\"fr_FR\" \/>\n<meta property=\"og:type\" content=\"article\" \/>\n<meta property=\"og:title\" content=\"Banderoleuse TOSA 120+475 - BBM Packaging\" \/>\n<meta property=\"og:description\" content=\"Enrouleuse TOSA 120+475 de 2012, con\u00e7ue pour des palettes de 800x1200. Elle est \u00e9quip\u00e9e d&#039;un API Siemens S7 200 et d&#039;une IHM Siemens.\" \/>\n<meta property=\"og:url\" content=\"https:\/\/www.bbmpackaging.com\/fr\/machines\/occasion\/bandelereuses-occasion\/banderoleuse-tosa-120475\/\" \/>\n<meta property=\"og:site_name\" content=\"BBM Packaging\" \/>\n<meta property=\"article:modified_time\" content=\"2026-03-04T11:21:13+00:00\" \/>\n<meta property=\"og:image\" content=\"https:\/\/www.bbmpackaging.com\/wp-content\/uploads\/2025\/09\/fasciatore-tosa-2.jpg\" \/>\n\t<meta property=\"og:image:width\" content=\"1418\" \/>\n\t<meta property=\"og:image:height\" content=\"1080\" \/>\n\t<meta property=\"og:image:type\" content=\"image\/jpeg\" \/>\n<meta name=\"twitter:card\" content=\"summary_large_image\" \/>\n<meta name=\"twitter:label1\" content=\"Dur\u00e9e de lecture estim\u00e9e\" \/>\n\t<meta name=\"twitter:data1\" content=\"1 minute\" \/>\n<script type=\"application\/ld+json\" class=\"yoast-schema-graph\">{\"@context\":\"https:\/\/schema.org\",\"@graph\":[{\"@type\":\"WebPage\",\"@id\":\"https:\/\/www.bbmpackaging.com\/fr\/machines\/occasion\/bandelereuses-occasion\/banderoleuse-tosa-120475\/\",\"url\":\"https:\/\/www.bbmpackaging.com\/fr\/machines\/occasion\/bandelereuses-occasion\/banderoleuse-tosa-120475\/\",\"name\":\"Banderoleuse TOSA 120+475 - BBM Packaging\",\"isPartOf\":{\"@id\":\"https:\/\/www.bbmpackaging.com\/fr\/#website\"},\"primaryImageOfPage\":{\"@id\":\"https:\/\/www.bbmpackaging.com\/fr\/machines\/occasion\/bandelereuses-occasion\/banderoleuse-tosa-120475\/#primaryimage\"},\"image\":{\"@id\":\"https:\/\/www.bbmpackaging.com\/fr\/machines\/occasion\/bandelereuses-occasion\/banderoleuse-tosa-120475\/#primaryimage\"},\"thumbnailUrl\":\"https:\/\/www.bbmpackaging.com\/wp-content\/uploads\/2025\/09\/fasciatore-tosa-2.jpg\",\"datePublished\":\"2025-09-03T10:55:43+00:00\",\"dateModified\":\"2026-03-04T11:21:13+00:00\",\"description\":\"Enrouleuse TOSA 120+475 de 2012, con\u00e7ue pour des palettes de 800x1200. Elle est \u00e9quip\u00e9e d'un API Siemens S7 200 et d'une IHM Siemens.\",\"breadcrumb\":{\"@id\":\"https:\/\/www.bbmpackaging.com\/fr\/machines\/occasion\/bandelereuses-occasion\/banderoleuse-tosa-120475\/#breadcrumb\"},\"inLanguage\":\"fr-FR\",\"potentialAction\":[{\"@type\":\"ReadAction\",\"target\":[\"https:\/\/www.bbmpackaging.com\/fr\/machines\/occasion\/bandelereuses-occasion\/banderoleuse-tosa-120475\/\"]}]},{\"@type\":\"ImageObject\",\"inLanguage\":\"fr-FR\",\"@id\":\"https:\/\/www.bbmpackaging.com\/fr\/machines\/occasion\/bandelereuses-occasion\/banderoleuse-tosa-120475\/#primaryimage\",\"url\":\"https:\/\/www.bbmpackaging.com\/wp-content\/uploads\/2025\/09\/fasciatore-tosa-2.jpg\",\"contentUrl\":\"https:\/\/www.bbmpackaging.com\/wp-content\/uploads\/2025\/09\/fasciatore-tosa-2.jpg\",\"width\":1418,\"height\":1080,\"caption\":\"Enrouleuse TOSA 120+475 de 2012, con\u00e7ue pour des palettes de 800x1200. Elle est \u00e9quip\u00e9e d'un API Siemens S7 200 et d'une IHM Siemens. L'unit\u00e9 dispose \u00e9galement d'un syst\u00e8me de pose de coiffe automatique.\"},{\"@type\":\"BreadcrumbList\",\"@id\":\"https:\/\/www.bbmpackaging.com\/fr\/machines\/occasion\/bandelereuses-occasion\/banderoleuse-tosa-120475\/#breadcrumb\",\"itemListElement\":[{\"@type\":\"ListItem\",\"position\":1,\"name\":\"Home\",\"item\":\"https:\/\/www.bbmpackaging.com\/fr\/\"},{\"@type\":\"ListItem\",\"position\":2,\"name\":\"Produits\",\"item\":\"https:\/\/www.bbmpackaging.com\/fr\/produits\/\"},{\"@type\":\"ListItem\",\"position\":3,\"name\":\"Machines d\u2019occasion\",\"item\":\"https:\/\/www.bbmpackaging.com\/fr\/machines\/occasion\/\"},{\"@type\":\"ListItem\",\"position\":4,\"name\":\"Banderoleuses\",\"item\":\"https:\/\/www.bbmpackaging.com\/fr\/machines\/bandelereuses-occasion\/\"},{\"@type\":\"ListItem\",\"position\":5,\"name\":\"Banderoleuse TOSA 120+475\"}]},{\"@type\":\"WebSite\",\"@id\":\"https:\/\/www.bbmpackaging.com\/fr\/#website\",\"url\":\"https:\/\/www.bbmpackaging.com\/fr\/\",\"name\":\"BBM Packaging\",\"description\":\"Imbottigliamento: macchinari manutenzione e much more\",\"potentialAction\":[{\"@type\":\"SearchAction\",\"target\":{\"@type\":\"EntryPoint\",\"urlTemplate\":\"https:\/\/www.bbmpackaging.com\/fr\/?s={search_term_string}\"},\"query-input\":{\"@type\":\"PropertyValueSpecification\",\"valueRequired\":true,\"valueName\":\"search_term_string\"}}],\"inLanguage\":\"fr-FR\"}]}<\/script>\n<!-- \/ Yoast SEO plugin. -->","yoast_head_json":{"title":"Banderoleuse TOSA 120+475 - BBM Packaging","description":"Enrouleuse TOSA 120+475 de 2012, con\u00e7ue pour des palettes de 800x1200. Elle est \u00e9quip\u00e9e d'un API Siemens S7 200 et d'une IHM Siemens.","robots":{"index":"index","follow":"follow","max-snippet":"max-snippet:-1","max-image-preview":"max-image-preview:large","max-video-preview":"max-video-preview:-1"},"canonical":"https:\/\/www.bbmpackaging.com\/fr\/machines\/occasion\/bandelereuses-occasion\/banderoleuse-tosa-120475\/","og_locale":"fr_FR","og_type":"article","og_title":"Banderoleuse TOSA 120+475 - BBM Packaging","og_description":"Enrouleuse TOSA 120+475 de 2012, con\u00e7ue pour des palettes de 800x1200. Elle est \u00e9quip\u00e9e d'un API Siemens S7 200 et d'une IHM Siemens.","og_url":"https:\/\/www.bbmpackaging.com\/fr\/machines\/occasion\/bandelereuses-occasion\/banderoleuse-tosa-120475\/","og_site_name":"BBM Packaging","article_modified_time":"2026-03-04T11:21:13+00:00","og_image":[{"width":1418,"height":1080,"url":"https:\/\/www.bbmpackaging.com\/wp-content\/uploads\/2025\/09\/fasciatore-tosa-2.jpg","type":"image\/jpeg"}],"twitter_card":"summary_large_image","twitter_misc":{"Dur\u00e9e de lecture estim\u00e9e":"1 minute"},"schema":{"@context":"https:\/\/schema.org","@graph":[{"@type":"WebPage","@id":"https:\/\/www.bbmpackaging.com\/fr\/machines\/occasion\/bandelereuses-occasion\/banderoleuse-tosa-120475\/","url":"https:\/\/www.bbmpackaging.com\/fr\/machines\/occasion\/bandelereuses-occasion\/banderoleuse-tosa-120475\/","name":"Banderoleuse TOSA 120+475 - BBM Packaging","isPartOf":{"@id":"https:\/\/www.bbmpackaging.com\/fr\/#website"},"primaryImageOfPage":{"@id":"https:\/\/www.bbmpackaging.com\/fr\/machines\/occasion\/bandelereuses-occasion\/banderoleuse-tosa-120475\/#primaryimage"},"image":{"@id":"https:\/\/www.bbmpackaging.com\/fr\/machines\/occasion\/bandelereuses-occasion\/banderoleuse-tosa-120475\/#primaryimage"},"thumbnailUrl":"https:\/\/www.bbmpackaging.com\/wp-content\/uploads\/2025\/09\/fasciatore-tosa-2.jpg","datePublished":"2025-09-03T10:55:43+00:00","dateModified":"2026-03-04T11:21:13+00:00","description":"Enrouleuse TOSA 120+475 de 2012, con\u00e7ue pour des palettes de 800x1200. Elle est \u00e9quip\u00e9e d'un API Siemens S7 200 et d'une IHM Siemens.","breadcrumb":{"@id":"https:\/\/www.bbmpackaging.com\/fr\/machines\/occasion\/bandelereuses-occasion\/banderoleuse-tosa-120475\/#breadcrumb"},"inLanguage":"fr-FR","potentialAction":[{"@type":"ReadAction","target":["https:\/\/www.bbmpackaging.com\/fr\/machines\/occasion\/bandelereuses-occasion\/banderoleuse-tosa-120475\/"]}]},{"@type":"ImageObject","inLanguage":"fr-FR","@id":"https:\/\/www.bbmpackaging.com\/fr\/machines\/occasion\/bandelereuses-occasion\/banderoleuse-tosa-120475\/#primaryimage","url":"https:\/\/www.bbmpackaging.com\/wp-content\/uploads\/2025\/09\/fasciatore-tosa-2.jpg","contentUrl":"https:\/\/www.bbmpackaging.com\/wp-content\/uploads\/2025\/09\/fasciatore-tosa-2.jpg","width":1418,"height":1080,"caption":"Enrouleuse TOSA 120+475 de 2012, con\u00e7ue pour des palettes de 800x1200. Elle est \u00e9quip\u00e9e d'un API Siemens S7 200 et d'une IHM Siemens. L'unit\u00e9 dispose \u00e9galement d'un syst\u00e8me de pose de coiffe automatique."},{"@type":"BreadcrumbList","@id":"https:\/\/www.bbmpackaging.com\/fr\/machines\/occasion\/bandelereuses-occasion\/banderoleuse-tosa-120475\/#breadcrumb","itemListElement":[{"@type":"ListItem","position":1,"name":"Home","item":"https:\/\/www.bbmpackaging.com\/fr\/"},{"@type":"ListItem","position":2,"name":"Produits","item":"https:\/\/www.bbmpackaging.com\/fr\/produits\/"},{"@type":"ListItem","position":3,"name":"Machines d\u2019occasion","item":"https:\/\/www.bbmpackaging.com\/fr\/machines\/occasion\/"},{"@type":"ListItem","position":4,"name":"Banderoleuses","item":"https:\/\/www.bbmpackaging.com\/fr\/machines\/bandelereuses-occasion\/"},{"@type":"ListItem","position":5,"name":"Banderoleuse TOSA 120+475"}]},{"@type":"WebSite","@id":"https:\/\/www.bbmpackaging.com\/fr\/#website","url":"https:\/\/www.bbmpackaging.com\/fr\/","name":"BBM Packaging","description":"Imbottigliamento: macchinari manutenzione e much more","potentialAction":[{"@type":"SearchAction","target":{"@type":"EntryPoint","urlTemplate":"https:\/\/www.bbmpackaging.com\/fr\/?s={search_term_string}"},"query-input":{"@type":"PropertyValueSpecification","valueRequired":true,"valueName":"search_term_string"}}],"inLanguage":"fr-FR"}]}},"_links":{"self":[{"href":"https:\/\/www.bbmpackaging.com\/fr\/wp-json\/wp\/v2\/product\/57950","targetHints":{"allow":["GET"]}}],"collection":[{"href":"https:\/\/www.bbmpackaging.com\/fr\/wp-json\/wp\/v2\/product"}],"about":[{"href":"https:\/\/www.bbmpackaging.com\/fr\/wp-json\/wp\/v2\/types\/product"}],"replies":[{"embeddable":true,"href":"https:\/\/www.bbmpackaging.com\/fr\/wp-json\/wp\/v2\/comments?post=57950"}],"wp:featuredmedia":[{"embeddable":true,"href":"https:\/\/www.bbmpackaging.com\/fr\/wp-json\/wp\/v2\/media\/58689"}],"wp:attachment":[{"href":"https:\/\/www.bbmpackaging.com\/fr\/wp-json\/wp\/v2\/media?parent=57950"}],"wp:term":[{"taxonomy":"brand","embeddable":true,"href":"https:\/\/www.bbmpackaging.com\/fr\/wp-json\/wp\/v2\/brand?post=57950"},{"taxonomy":"product_brand","embeddable":true,"href":"https:\/\/www.bbmpackaging.com\/fr\/wp-json\/wp\/v2\/product_brand?post=57950"},{"taxonomy":"product_cat","embeddable":true,"href":"https:\/\/www.bbmpackaging.com\/fr\/wp-json\/wp\/v2\/product_cat?post=57950"},{"taxonomy":"product_tag","embeddable":true,"href":"https:\/\/www.bbmpackaging.com\/fr\/wp-json\/wp\/v2\/product_tag?post=57950"}],"curies":[{"name":"wp","href":"https:\/\/api.w.org\/{rel}","templated":true}]}}