{"id":58152,"date":"2025-09-03T14:21:43","date_gmt":"2025-09-03T12:21:43","guid":{"rendered":"https:\/\/www.bbmpackaging.com\/?post_type=product&#038;p=58152"},"modified":"2026-03-04T11:24:09","modified_gmt":"2026-03-04T10:24:09","slug":"poseuse-de-poignees-comag-h65-1","status":"publish","type":"product","link":"https:\/\/www.bbmpackaging.com\/fr\/machines\/occasion\/poseuses-poignees-occasion\/poseuse-de-poignees-comag-h65-1\/","title":{"rendered":"Poseuse de poign\u00e9es COMAG H65\/1"},"content":{"rendered":"<p><strong>Poseuse de poign\u00e9es COMAG H65\/1<\/strong> (1999), parfaite pour l&rsquo;application de poign\u00e9es pr\u00e9d\u00e9coup\u00e9es sur des paquets de bouteilles. \u00c9quip\u00e9e d&rsquo;un changeur automatique de bobines. \u00c9quip\u00e9e d&rsquo;un PLC Omron Sysmac CP et d&rsquo;un HMI Omron. Disponible apr\u00e8s inspection, r\u00e9vis\u00e9e et garantie ou pr\u00eate \u00e0 l&#8217;emploi avec des pi\u00e8ces de rechange compatibles.<\/p>\n","protected":false},"excerpt":{"rendered":"<p>Machine \u00e0 poign\u00e9es COMAG d&rsquo;occasion, r\u00e9vis\u00e9e et garantie. La vitesse indiqu\u00e9e en bouteilles par heure fait r\u00e9f\u00e9rence au format standard de 1500 ml en conditionnement 3&#215;2.<\/p>\n","protected":false},"featured_media":58153,"comment_status":"closed","ping_status":"closed","template":"","meta":{"_acf_changed":false},"brand":[7509],"product_brand":[],"product_cat":[1102,1106,1124],"product_tag":[],"class_list":{"0":"post-58152","1":"product","2":"type-product","3":"status-publish","4":"has-post-thumbnail","6":"brand-comag","7":"product_cat-machines","8":"product_cat-occasion","9":"product_cat-poseuses-poignees-occasion","11":"first","12":"instock","13":"shipping-taxable","14":"product-type-simple"},"acf":[],"yoast_head":"<!-- This site is optimized with the Yoast SEO plugin v27.2 - https:\/\/yoast.com\/product\/yoast-seo-wordpress\/ -->\n<title>Poseuse de poign\u00e9es COMAG H65\/1 - BBM Packaging<\/title>\n<meta name=\"description\" content=\"Poseuse de poign\u00e9es COMAG H65\/1 (1999), avec changement automatique des bobines, PLC Omron et HMI. Disponible apr\u00e8s inspection et acceptation ou r\u00e9vis\u00e9e\" \/>\n<meta name=\"robots\" content=\"index, follow, max-snippet:-1, max-image-preview:large, max-video-preview:-1\" \/>\n<link rel=\"canonical\" href=\"https:\/\/www.bbmpackaging.com\/fr\/machines\/occasion\/poseuses-poignees-occasion\/poseuse-de-poignees-comag-h65-1\/\" \/>\n<meta property=\"og:locale\" content=\"fr_FR\" \/>\n<meta property=\"og:type\" content=\"article\" \/>\n<meta property=\"og:title\" content=\"Poseuse de poign\u00e9es COMAG H65\/1 - BBM Packaging\" \/>\n<meta property=\"og:description\" content=\"Poseuse de poign\u00e9es COMAG H65\/1 (1999), avec changement automatique des bobines, PLC Omron et HMI. Disponible apr\u00e8s inspection et acceptation ou r\u00e9vis\u00e9e\" \/>\n<meta property=\"og:url\" content=\"https:\/\/www.bbmpackaging.com\/fr\/machines\/occasion\/poseuses-poignees-occasion\/poseuse-de-poignees-comag-h65-1\/\" \/>\n<meta property=\"og:site_name\" content=\"BBM Packaging\" \/>\n<meta property=\"article:modified_time\" content=\"2026-03-04T10:24:09+00:00\" \/>\n<meta property=\"og:image\" content=\"https:\/\/www.bbmpackaging.com\/wp-content\/uploads\/2025\/09\/poseuse-de-poignees-comag-H651-bbm-packaging-1.jpg\" \/>\n\t<meta property=\"og:image:width\" content=\"1417\" \/>\n\t<meta property=\"og:image:height\" content=\"1080\" \/>\n\t<meta property=\"og:image:type\" content=\"image\/jpeg\" \/>\n<meta name=\"twitter:card\" content=\"summary_large_image\" \/>\n<meta name=\"twitter:label1\" content=\"Dur\u00e9e de lecture estim\u00e9e\" \/>\n\t<meta name=\"twitter:data1\" content=\"1 minute\" \/>\n<script type=\"application\/ld+json\" class=\"yoast-schema-graph\">{\"@context\":\"https:\/\/schema.org\",\"@graph\":[{\"@type\":\"WebPage\",\"@id\":\"https:\/\/www.bbmpackaging.com\/fr\/machines\/occasion\/poseuses-poignees-occasion\/poseuse-de-poignees-comag-h65-1\/\",\"url\":\"https:\/\/www.bbmpackaging.com\/fr\/machines\/occasion\/poseuses-poignees-occasion\/poseuse-de-poignees-comag-h65-1\/\",\"name\":\"Poseuse de poign\u00e9es COMAG H65\/1 - BBM Packaging\",\"isPartOf\":{\"@id\":\"https:\/\/www.bbmpackaging.com\/fr\/#website\"},\"primaryImageOfPage\":{\"@id\":\"https:\/\/www.bbmpackaging.com\/fr\/machines\/occasion\/poseuses-poignees-occasion\/poseuse-de-poignees-comag-h65-1\/#primaryimage\"},\"image\":{\"@id\":\"https:\/\/www.bbmpackaging.com\/fr\/machines\/occasion\/poseuses-poignees-occasion\/poseuse-de-poignees-comag-h65-1\/#primaryimage\"},\"thumbnailUrl\":\"https:\/\/www.bbmpackaging.com\/wp-content\/uploads\/2025\/09\/poseuse-de-poignees-comag-H651-bbm-packaging-1.jpg\",\"datePublished\":\"2025-09-03T12:21:43+00:00\",\"dateModified\":\"2026-03-04T10:24:09+00:00\",\"description\":\"Poseuse de poign\u00e9es COMAG H65\/1 (1999), avec changement automatique des bobines, PLC Omron et HMI. Disponible apr\u00e8s inspection et acceptation ou r\u00e9vis\u00e9e\",\"breadcrumb\":{\"@id\":\"https:\/\/www.bbmpackaging.com\/fr\/machines\/occasion\/poseuses-poignees-occasion\/poseuse-de-poignees-comag-h65-1\/#breadcrumb\"},\"inLanguage\":\"fr-FR\",\"potentialAction\":[{\"@type\":\"ReadAction\",\"target\":[\"https:\/\/www.bbmpackaging.com\/fr\/machines\/occasion\/poseuses-poignees-occasion\/poseuse-de-poignees-comag-h65-1\/\"]}]},{\"@type\":\"ImageObject\",\"inLanguage\":\"fr-FR\",\"@id\":\"https:\/\/www.bbmpackaging.com\/fr\/machines\/occasion\/poseuses-poignees-occasion\/poseuse-de-poignees-comag-h65-1\/#primaryimage\",\"url\":\"https:\/\/www.bbmpackaging.com\/wp-content\/uploads\/2025\/09\/poseuse-de-poignees-comag-H651-bbm-packaging-1.jpg\",\"contentUrl\":\"https:\/\/www.bbmpackaging.com\/wp-content\/uploads\/2025\/09\/poseuse-de-poignees-comag-H651-bbm-packaging-1.jpg\",\"width\":1417,\"height\":1080,\"caption\":\"Poseuse de poign\u00e9es COMAG H65\/1 (1999), avec changement automatique des bobines, PLC Omron et HMI. Disponible apr\u00e8s inspection et acceptation ou r\u00e9vis\u00e9e avec des pi\u00e8ces de rechange compatibles.\"},{\"@type\":\"BreadcrumbList\",\"@id\":\"https:\/\/www.bbmpackaging.com\/fr\/machines\/occasion\/poseuses-poignees-occasion\/poseuse-de-poignees-comag-h65-1\/#breadcrumb\",\"itemListElement\":[{\"@type\":\"ListItem\",\"position\":1,\"name\":\"Home\",\"item\":\"https:\/\/www.bbmpackaging.com\/fr\/\"},{\"@type\":\"ListItem\",\"position\":2,\"name\":\"Produits\",\"item\":\"https:\/\/www.bbmpackaging.com\/fr\/produits\/\"},{\"@type\":\"ListItem\",\"position\":3,\"name\":\"Machines d\u2019occasion\",\"item\":\"https:\/\/www.bbmpackaging.com\/fr\/machines\/occasion\/\"},{\"@type\":\"ListItem\",\"position\":4,\"name\":\"Poseuses de poign\u00e9es\",\"item\":\"https:\/\/www.bbmpackaging.com\/fr\/machines\/poseuses-poignees-occasion\/\"},{\"@type\":\"ListItem\",\"position\":5,\"name\":\"Poseuse de poign\u00e9es COMAG H65\/1\"}]},{\"@type\":\"WebSite\",\"@id\":\"https:\/\/www.bbmpackaging.com\/fr\/#website\",\"url\":\"https:\/\/www.bbmpackaging.com\/fr\/\",\"name\":\"BBM Packaging\",\"description\":\"Imbottigliamento: macchinari manutenzione e much more\",\"potentialAction\":[{\"@type\":\"SearchAction\",\"target\":{\"@type\":\"EntryPoint\",\"urlTemplate\":\"https:\/\/www.bbmpackaging.com\/fr\/?s={search_term_string}\"},\"query-input\":{\"@type\":\"PropertyValueSpecification\",\"valueRequired\":true,\"valueName\":\"search_term_string\"}}],\"inLanguage\":\"fr-FR\"}]}<\/script>\n<!-- \/ Yoast SEO plugin. -->","yoast_head_json":{"title":"Poseuse de poign\u00e9es COMAG H65\/1 - BBM Packaging","description":"Poseuse de poign\u00e9es COMAG H65\/1 (1999), avec changement automatique des bobines, PLC Omron et HMI. Disponible apr\u00e8s inspection et acceptation ou r\u00e9vis\u00e9e","robots":{"index":"index","follow":"follow","max-snippet":"max-snippet:-1","max-image-preview":"max-image-preview:large","max-video-preview":"max-video-preview:-1"},"canonical":"https:\/\/www.bbmpackaging.com\/fr\/machines\/occasion\/poseuses-poignees-occasion\/poseuse-de-poignees-comag-h65-1\/","og_locale":"fr_FR","og_type":"article","og_title":"Poseuse de poign\u00e9es COMAG H65\/1 - BBM Packaging","og_description":"Poseuse de poign\u00e9es COMAG H65\/1 (1999), avec changement automatique des bobines, PLC Omron et HMI. Disponible apr\u00e8s inspection et acceptation ou r\u00e9vis\u00e9e","og_url":"https:\/\/www.bbmpackaging.com\/fr\/machines\/occasion\/poseuses-poignees-occasion\/poseuse-de-poignees-comag-h65-1\/","og_site_name":"BBM Packaging","article_modified_time":"2026-03-04T10:24:09+00:00","og_image":[{"width":1417,"height":1080,"url":"https:\/\/www.bbmpackaging.com\/wp-content\/uploads\/2025\/09\/poseuse-de-poignees-comag-H651-bbm-packaging-1.jpg","type":"image\/jpeg"}],"twitter_card":"summary_large_image","twitter_misc":{"Dur\u00e9e de lecture estim\u00e9e":"1 minute"},"schema":{"@context":"https:\/\/schema.org","@graph":[{"@type":"WebPage","@id":"https:\/\/www.bbmpackaging.com\/fr\/machines\/occasion\/poseuses-poignees-occasion\/poseuse-de-poignees-comag-h65-1\/","url":"https:\/\/www.bbmpackaging.com\/fr\/machines\/occasion\/poseuses-poignees-occasion\/poseuse-de-poignees-comag-h65-1\/","name":"Poseuse de poign\u00e9es COMAG H65\/1 - BBM Packaging","isPartOf":{"@id":"https:\/\/www.bbmpackaging.com\/fr\/#website"},"primaryImageOfPage":{"@id":"https:\/\/www.bbmpackaging.com\/fr\/machines\/occasion\/poseuses-poignees-occasion\/poseuse-de-poignees-comag-h65-1\/#primaryimage"},"image":{"@id":"https:\/\/www.bbmpackaging.com\/fr\/machines\/occasion\/poseuses-poignees-occasion\/poseuse-de-poignees-comag-h65-1\/#primaryimage"},"thumbnailUrl":"https:\/\/www.bbmpackaging.com\/wp-content\/uploads\/2025\/09\/poseuse-de-poignees-comag-H651-bbm-packaging-1.jpg","datePublished":"2025-09-03T12:21:43+00:00","dateModified":"2026-03-04T10:24:09+00:00","description":"Poseuse de poign\u00e9es COMAG H65\/1 (1999), avec changement automatique des bobines, PLC Omron et HMI. Disponible apr\u00e8s inspection et acceptation ou r\u00e9vis\u00e9e","breadcrumb":{"@id":"https:\/\/www.bbmpackaging.com\/fr\/machines\/occasion\/poseuses-poignees-occasion\/poseuse-de-poignees-comag-h65-1\/#breadcrumb"},"inLanguage":"fr-FR","potentialAction":[{"@type":"ReadAction","target":["https:\/\/www.bbmpackaging.com\/fr\/machines\/occasion\/poseuses-poignees-occasion\/poseuse-de-poignees-comag-h65-1\/"]}]},{"@type":"ImageObject","inLanguage":"fr-FR","@id":"https:\/\/www.bbmpackaging.com\/fr\/machines\/occasion\/poseuses-poignees-occasion\/poseuse-de-poignees-comag-h65-1\/#primaryimage","url":"https:\/\/www.bbmpackaging.com\/wp-content\/uploads\/2025\/09\/poseuse-de-poignees-comag-H651-bbm-packaging-1.jpg","contentUrl":"https:\/\/www.bbmpackaging.com\/wp-content\/uploads\/2025\/09\/poseuse-de-poignees-comag-H651-bbm-packaging-1.jpg","width":1417,"height":1080,"caption":"Poseuse de poign\u00e9es COMAG H65\/1 (1999), avec changement automatique des bobines, PLC Omron et HMI. Disponible apr\u00e8s inspection et acceptation ou r\u00e9vis\u00e9e avec des pi\u00e8ces de rechange compatibles."},{"@type":"BreadcrumbList","@id":"https:\/\/www.bbmpackaging.com\/fr\/machines\/occasion\/poseuses-poignees-occasion\/poseuse-de-poignees-comag-h65-1\/#breadcrumb","itemListElement":[{"@type":"ListItem","position":1,"name":"Home","item":"https:\/\/www.bbmpackaging.com\/fr\/"},{"@type":"ListItem","position":2,"name":"Produits","item":"https:\/\/www.bbmpackaging.com\/fr\/produits\/"},{"@type":"ListItem","position":3,"name":"Machines d\u2019occasion","item":"https:\/\/www.bbmpackaging.com\/fr\/machines\/occasion\/"},{"@type":"ListItem","position":4,"name":"Poseuses de poign\u00e9es","item":"https:\/\/www.bbmpackaging.com\/fr\/machines\/poseuses-poignees-occasion\/"},{"@type":"ListItem","position":5,"name":"Poseuse de poign\u00e9es COMAG H65\/1"}]},{"@type":"WebSite","@id":"https:\/\/www.bbmpackaging.com\/fr\/#website","url":"https:\/\/www.bbmpackaging.com\/fr\/","name":"BBM Packaging","description":"Imbottigliamento: macchinari manutenzione e much more","potentialAction":[{"@type":"SearchAction","target":{"@type":"EntryPoint","urlTemplate":"https:\/\/www.bbmpackaging.com\/fr\/?s={search_term_string}"},"query-input":{"@type":"PropertyValueSpecification","valueRequired":true,"valueName":"search_term_string"}}],"inLanguage":"fr-FR"}]}},"_links":{"self":[{"href":"https:\/\/www.bbmpackaging.com\/fr\/wp-json\/wp\/v2\/product\/58152","targetHints":{"allow":["GET"]}}],"collection":[{"href":"https:\/\/www.bbmpackaging.com\/fr\/wp-json\/wp\/v2\/product"}],"about":[{"href":"https:\/\/www.bbmpackaging.com\/fr\/wp-json\/wp\/v2\/types\/product"}],"replies":[{"embeddable":true,"href":"https:\/\/www.bbmpackaging.com\/fr\/wp-json\/wp\/v2\/comments?post=58152"}],"wp:featuredmedia":[{"embeddable":true,"href":"https:\/\/www.bbmpackaging.com\/fr\/wp-json\/wp\/v2\/media\/58153"}],"wp:attachment":[{"href":"https:\/\/www.bbmpackaging.com\/fr\/wp-json\/wp\/v2\/media?parent=58152"}],"wp:term":[{"taxonomy":"brand","embeddable":true,"href":"https:\/\/www.bbmpackaging.com\/fr\/wp-json\/wp\/v2\/brand?post=58152"},{"taxonomy":"product_brand","embeddable":true,"href":"https:\/\/www.bbmpackaging.com\/fr\/wp-json\/wp\/v2\/product_brand?post=58152"},{"taxonomy":"product_cat","embeddable":true,"href":"https:\/\/www.bbmpackaging.com\/fr\/wp-json\/wp\/v2\/product_cat?post=58152"},{"taxonomy":"product_tag","embeddable":true,"href":"https:\/\/www.bbmpackaging.com\/fr\/wp-json\/wp\/v2\/product_tag?post=58152"}],"curies":[{"name":"wp","href":"https:\/\/api.w.org\/{rel}","templated":true}]}}