{"id":70610,"date":"2025-10-01T12:16:07","date_gmt":"2025-10-01T10:16:07","guid":{"rendered":"https:\/\/www.bbmpackaging.com\/?post_type=product&#038;p=70610"},"modified":"2026-04-01T09:50:44","modified_gmt":"2026-04-01T07:50:44","slug":"etiqueteuse-sacmi-opera-200-rf","status":"publish","type":"product","link":"https:\/\/www.bbmpackaging.com\/fr\/machines\/occasion\/etiqueteuses-occasion\/etiqueteuse-sacmi-opera-200-rf\/","title":{"rendered":"\u00c9tiqueteuse Sacmi OPERA 200 RF"},"content":{"rendered":"<p><strong>\u00c9tiqueteuse Sacmi Opera<\/strong> pour bouteilles <strong>PET<\/strong> \u2013 d&rsquo;occasion r\u00e9vis\u00e9e. D\u00e9couvrez notre <strong>\u00e9tiqueteuse pour bouteilles PET<\/strong> haute performance, id\u00e9ale pour les lignes de production jusqu&rsquo;\u00e0 30 000 BPH. Cette \u00e9tiqueteuse Sacmi Opera applique des <strong>\u00e9tiquettes OPP<\/strong> avec colle \u00e0 chaud et garantit un changement automatique des bobines rapide et s\u00fbr. \u00c9quip\u00e9e d&rsquo;un <strong>PLC Siemens<\/strong>, elle est disponible d&rsquo;occasion r\u00e9vis\u00e9e ou vue et approuv\u00e9e, avec la possibilit\u00e9 de vous fournir \u00e9galement la liste des pi\u00e8ces de rechange compatibles. Parfaite pour ceux qui recherchent la fiabilit\u00e9 et la qualit\u00e9 dans l&rsquo;\u00e9tiquetage des bouteilles PET.<\/p>\n<p>D\u00e9couvrez les autres <a href=\"https:\/\/www.bbmpackaging.com\/fr\/machines\/etiqueteuses-occasion\/\" target=\"_blank\" rel=\"noopener\"><strong>\u00e9tiqueteuses d&rsquo;occasion<\/strong><\/a><\/p>\n<p>&nbsp;<\/p>\n","protected":false},"excerpt":{"rendered":"<p>\u00c9tiqueteuse SACMI Opera d&rsquo;occasion, r\u00e9vis\u00e9e et garantie<\/p>\n","protected":false},"featured_media":70523,"comment_status":"closed","ping_status":"closed","template":"","meta":{"_acf_changed":false},"brand":[7467],"product_brand":[],"product_cat":[1102,1106,1116],"product_tag":[],"class_list":{"0":"post-70610","1":"product","2":"type-product","3":"status-publish","4":"has-post-thumbnail","6":"brand-sacmi","7":"product_cat-machines","8":"product_cat-occasion","9":"product_cat-etiqueteuses-occasion","11":"first","12":"instock","13":"shipping-taxable","14":"product-type-simple"},"acf":[],"yoast_head":"<!-- This site is optimized with the Yoast SEO plugin v27.2 - https:\/\/yoast.com\/product\/yoast-seo-wordpress\/ -->\n<title>\u00c9tiqueteuse Sacmi OPERA 200 RF - BBM Packaging<\/title>\n<meta name=\"description\" content=\"\u00c9tiqueteuse SACMI Opera d&#039;occasion r\u00e9vis\u00e9e pour bouteilles PET, 30 000 BPH, \u00e9tiquettes OPP, changement automatique des bobines, Disponible imm\u00e9diatement\" \/>\n<meta name=\"robots\" content=\"index, follow, max-snippet:-1, max-image-preview:large, max-video-preview:-1\" \/>\n<link rel=\"canonical\" href=\"https:\/\/www.bbmpackaging.com\/fr\/machines\/occasion\/etiqueteuses-occasion\/etiqueteuse-sacmi-opera-200-rf\/\" \/>\n<meta property=\"og:locale\" content=\"fr_FR\" \/>\n<meta property=\"og:type\" content=\"article\" \/>\n<meta property=\"og:title\" content=\"\u00c9tiqueteuse Sacmi OPERA 200 RF - BBM Packaging\" \/>\n<meta property=\"og:description\" content=\"\u00c9tiqueteuse SACMI Opera d&#039;occasion r\u00e9vis\u00e9e pour bouteilles PET, 30 000 BPH, \u00e9tiquettes OPP, changement automatique des bobines, Disponible imm\u00e9diatement\" \/>\n<meta property=\"og:url\" content=\"https:\/\/www.bbmpackaging.com\/fr\/machines\/occasion\/etiqueteuses-occasion\/etiqueteuse-sacmi-opera-200-rf\/\" \/>\n<meta property=\"og:site_name\" content=\"BBM Packaging\" \/>\n<meta property=\"article:modified_time\" content=\"2026-04-01T07:50:44+00:00\" \/>\n<meta property=\"og:image\" content=\"https:\/\/www.bbmpackaging.com\/wp-content\/uploads\/2025\/10\/etiqueteuse-sacmi-opera-bouteilles-pet-2.jpg\" \/>\n\t<meta property=\"og:image:width\" content=\"1008\" \/>\n\t<meta property=\"og:image:height\" content=\"768\" \/>\n\t<meta property=\"og:image:type\" content=\"image\/jpeg\" \/>\n<meta name=\"twitter:card\" content=\"summary_large_image\" \/>\n<meta name=\"twitter:label1\" content=\"Dur\u00e9e de lecture estim\u00e9e\" \/>\n\t<meta name=\"twitter:data1\" content=\"1 minute\" \/>\n<script type=\"application\/ld+json\" class=\"yoast-schema-graph\">{\"@context\":\"https:\/\/schema.org\",\"@graph\":[{\"@type\":\"WebPage\",\"@id\":\"https:\/\/www.bbmpackaging.com\/fr\/machines\/occasion\/etiqueteuses-occasion\/etiqueteuse-sacmi-opera-200-rf\/\",\"url\":\"https:\/\/www.bbmpackaging.com\/fr\/machines\/occasion\/etiqueteuses-occasion\/etiqueteuse-sacmi-opera-200-rf\/\",\"name\":\"\u00c9tiqueteuse Sacmi OPERA 200 RF - BBM Packaging\",\"isPartOf\":{\"@id\":\"https:\/\/www.bbmpackaging.com\/fr\/#website\"},\"primaryImageOfPage\":{\"@id\":\"https:\/\/www.bbmpackaging.com\/fr\/machines\/occasion\/etiqueteuses-occasion\/etiqueteuse-sacmi-opera-200-rf\/#primaryimage\"},\"image\":{\"@id\":\"https:\/\/www.bbmpackaging.com\/fr\/machines\/occasion\/etiqueteuses-occasion\/etiqueteuse-sacmi-opera-200-rf\/#primaryimage\"},\"thumbnailUrl\":\"https:\/\/www.bbmpackaging.com\/wp-content\/uploads\/2025\/10\/etichettatrice-sacmi-opera-200.jpg\",\"datePublished\":\"2025-10-01T10:16:07+00:00\",\"dateModified\":\"2026-04-01T07:50:44+00:00\",\"description\":\"\u00c9tiqueteuse SACMI Opera d'occasion r\u00e9vis\u00e9e pour bouteilles PET, 30 000 BPH, \u00e9tiquettes OPP, changement automatique des bobines, Disponible imm\u00e9diatement\",\"breadcrumb\":{\"@id\":\"https:\/\/www.bbmpackaging.com\/fr\/machines\/occasion\/etiqueteuses-occasion\/etiqueteuse-sacmi-opera-200-rf\/#breadcrumb\"},\"inLanguage\":\"fr-FR\",\"potentialAction\":[{\"@type\":\"ReadAction\",\"target\":[\"https:\/\/www.bbmpackaging.com\/fr\/machines\/occasion\/etiqueteuses-occasion\/etiqueteuse-sacmi-opera-200-rf\/\"]}]},{\"@type\":\"ImageObject\",\"inLanguage\":\"fr-FR\",\"@id\":\"https:\/\/www.bbmpackaging.com\/fr\/machines\/occasion\/etiqueteuses-occasion\/etiqueteuse-sacmi-opera-200-rf\/#primaryimage\",\"url\":\"https:\/\/www.bbmpackaging.com\/wp-content\/uploads\/2025\/10\/etichettatrice-sacmi-opera-200.jpg\",\"contentUrl\":\"https:\/\/www.bbmpackaging.com\/wp-content\/uploads\/2025\/10\/etichettatrice-sacmi-opera-200.jpg\",\"width\":1008,\"height\":768,\"caption\":\"Etichettatrice bottiglie PET Procomac Fillstar usata revisionata, 30.000 BPH, etichette OPP colla a caldo, cambio automatico bobine, PLC Siemens. Lista ricambi compatibili disponibile\"},{\"@type\":\"BreadcrumbList\",\"@id\":\"https:\/\/www.bbmpackaging.com\/fr\/machines\/occasion\/etiqueteuses-occasion\/etiqueteuse-sacmi-opera-200-rf\/#breadcrumb\",\"itemListElement\":[{\"@type\":\"ListItem\",\"position\":1,\"name\":\"Home\",\"item\":\"https:\/\/www.bbmpackaging.com\/fr\/\"},{\"@type\":\"ListItem\",\"position\":2,\"name\":\"Produits\",\"item\":\"https:\/\/www.bbmpackaging.com\/fr\/produits\/\"},{\"@type\":\"ListItem\",\"position\":3,\"name\":\"Machines d\u2019occasion\",\"item\":\"https:\/\/www.bbmpackaging.com\/fr\/machines\/occasion\/\"},{\"@type\":\"ListItem\",\"position\":4,\"name\":\"\u00c9tiqueteuse\",\"item\":\"https:\/\/www.bbmpackaging.com\/fr\/machines\/etiqueteuses-occasion\/\"},{\"@type\":\"ListItem\",\"position\":5,\"name\":\"\u00c9tiqueteuse Sacmi OPERA 200 RF\"}]},{\"@type\":\"WebSite\",\"@id\":\"https:\/\/www.bbmpackaging.com\/fr\/#website\",\"url\":\"https:\/\/www.bbmpackaging.com\/fr\/\",\"name\":\"BBM Packaging\",\"description\":\"Imbottigliamento: macchinari manutenzione e much more\",\"potentialAction\":[{\"@type\":\"SearchAction\",\"target\":{\"@type\":\"EntryPoint\",\"urlTemplate\":\"https:\/\/www.bbmpackaging.com\/fr\/?s={search_term_string}\"},\"query-input\":{\"@type\":\"PropertyValueSpecification\",\"valueRequired\":true,\"valueName\":\"search_term_string\"}}],\"inLanguage\":\"fr-FR\"}]}<\/script>\n<!-- \/ Yoast SEO plugin. -->","yoast_head_json":{"title":"\u00c9tiqueteuse Sacmi OPERA 200 RF - BBM Packaging","description":"\u00c9tiqueteuse SACMI Opera d'occasion r\u00e9vis\u00e9e pour bouteilles PET, 30 000 BPH, \u00e9tiquettes OPP, changement automatique des bobines, Disponible imm\u00e9diatement","robots":{"index":"index","follow":"follow","max-snippet":"max-snippet:-1","max-image-preview":"max-image-preview:large","max-video-preview":"max-video-preview:-1"},"canonical":"https:\/\/www.bbmpackaging.com\/fr\/machines\/occasion\/etiqueteuses-occasion\/etiqueteuse-sacmi-opera-200-rf\/","og_locale":"fr_FR","og_type":"article","og_title":"\u00c9tiqueteuse Sacmi OPERA 200 RF - BBM Packaging","og_description":"\u00c9tiqueteuse SACMI Opera d'occasion r\u00e9vis\u00e9e pour bouteilles PET, 30 000 BPH, \u00e9tiquettes OPP, changement automatique des bobines, Disponible imm\u00e9diatement","og_url":"https:\/\/www.bbmpackaging.com\/fr\/machines\/occasion\/etiqueteuses-occasion\/etiqueteuse-sacmi-opera-200-rf\/","og_site_name":"BBM Packaging","article_modified_time":"2026-04-01T07:50:44+00:00","og_image":[{"width":1008,"height":768,"url":"https:\/\/www.bbmpackaging.com\/wp-content\/uploads\/2025\/10\/etiqueteuse-sacmi-opera-bouteilles-pet-2.jpg","type":"image\/jpeg"}],"twitter_card":"summary_large_image","twitter_misc":{"Dur\u00e9e de lecture estim\u00e9e":"1 minute"},"schema":{"@context":"https:\/\/schema.org","@graph":[{"@type":"WebPage","@id":"https:\/\/www.bbmpackaging.com\/fr\/machines\/occasion\/etiqueteuses-occasion\/etiqueteuse-sacmi-opera-200-rf\/","url":"https:\/\/www.bbmpackaging.com\/fr\/machines\/occasion\/etiqueteuses-occasion\/etiqueteuse-sacmi-opera-200-rf\/","name":"\u00c9tiqueteuse Sacmi OPERA 200 RF - BBM Packaging","isPartOf":{"@id":"https:\/\/www.bbmpackaging.com\/fr\/#website"},"primaryImageOfPage":{"@id":"https:\/\/www.bbmpackaging.com\/fr\/machines\/occasion\/etiqueteuses-occasion\/etiqueteuse-sacmi-opera-200-rf\/#primaryimage"},"image":{"@id":"https:\/\/www.bbmpackaging.com\/fr\/machines\/occasion\/etiqueteuses-occasion\/etiqueteuse-sacmi-opera-200-rf\/#primaryimage"},"thumbnailUrl":"https:\/\/www.bbmpackaging.com\/wp-content\/uploads\/2025\/10\/etichettatrice-sacmi-opera-200.jpg","datePublished":"2025-10-01T10:16:07+00:00","dateModified":"2026-04-01T07:50:44+00:00","description":"\u00c9tiqueteuse SACMI Opera d'occasion r\u00e9vis\u00e9e pour bouteilles PET, 30 000 BPH, \u00e9tiquettes OPP, changement automatique des bobines, Disponible imm\u00e9diatement","breadcrumb":{"@id":"https:\/\/www.bbmpackaging.com\/fr\/machines\/occasion\/etiqueteuses-occasion\/etiqueteuse-sacmi-opera-200-rf\/#breadcrumb"},"inLanguage":"fr-FR","potentialAction":[{"@type":"ReadAction","target":["https:\/\/www.bbmpackaging.com\/fr\/machines\/occasion\/etiqueteuses-occasion\/etiqueteuse-sacmi-opera-200-rf\/"]}]},{"@type":"ImageObject","inLanguage":"fr-FR","@id":"https:\/\/www.bbmpackaging.com\/fr\/machines\/occasion\/etiqueteuses-occasion\/etiqueteuse-sacmi-opera-200-rf\/#primaryimage","url":"https:\/\/www.bbmpackaging.com\/wp-content\/uploads\/2025\/10\/etichettatrice-sacmi-opera-200.jpg","contentUrl":"https:\/\/www.bbmpackaging.com\/wp-content\/uploads\/2025\/10\/etichettatrice-sacmi-opera-200.jpg","width":1008,"height":768,"caption":"Etichettatrice bottiglie PET Procomac Fillstar usata revisionata, 30.000 BPH, etichette OPP colla a caldo, cambio automatico bobine, PLC Siemens. Lista ricambi compatibili disponibile"},{"@type":"BreadcrumbList","@id":"https:\/\/www.bbmpackaging.com\/fr\/machines\/occasion\/etiqueteuses-occasion\/etiqueteuse-sacmi-opera-200-rf\/#breadcrumb","itemListElement":[{"@type":"ListItem","position":1,"name":"Home","item":"https:\/\/www.bbmpackaging.com\/fr\/"},{"@type":"ListItem","position":2,"name":"Produits","item":"https:\/\/www.bbmpackaging.com\/fr\/produits\/"},{"@type":"ListItem","position":3,"name":"Machines d\u2019occasion","item":"https:\/\/www.bbmpackaging.com\/fr\/machines\/occasion\/"},{"@type":"ListItem","position":4,"name":"\u00c9tiqueteuse","item":"https:\/\/www.bbmpackaging.com\/fr\/machines\/etiqueteuses-occasion\/"},{"@type":"ListItem","position":5,"name":"\u00c9tiqueteuse Sacmi OPERA 200 RF"}]},{"@type":"WebSite","@id":"https:\/\/www.bbmpackaging.com\/fr\/#website","url":"https:\/\/www.bbmpackaging.com\/fr\/","name":"BBM Packaging","description":"Imbottigliamento: macchinari manutenzione e much more","potentialAction":[{"@type":"SearchAction","target":{"@type":"EntryPoint","urlTemplate":"https:\/\/www.bbmpackaging.com\/fr\/?s={search_term_string}"},"query-input":{"@type":"PropertyValueSpecification","valueRequired":true,"valueName":"search_term_string"}}],"inLanguage":"fr-FR"}]}},"_links":{"self":[{"href":"https:\/\/www.bbmpackaging.com\/fr\/wp-json\/wp\/v2\/product\/70610","targetHints":{"allow":["GET"]}}],"collection":[{"href":"https:\/\/www.bbmpackaging.com\/fr\/wp-json\/wp\/v2\/product"}],"about":[{"href":"https:\/\/www.bbmpackaging.com\/fr\/wp-json\/wp\/v2\/types\/product"}],"replies":[{"embeddable":true,"href":"https:\/\/www.bbmpackaging.com\/fr\/wp-json\/wp\/v2\/comments?post=70610"}],"wp:featuredmedia":[{"embeddable":true,"href":"https:\/\/www.bbmpackaging.com\/fr\/wp-json\/wp\/v2\/media\/70523"}],"wp:attachment":[{"href":"https:\/\/www.bbmpackaging.com\/fr\/wp-json\/wp\/v2\/media?parent=70610"}],"wp:term":[{"taxonomy":"brand","embeddable":true,"href":"https:\/\/www.bbmpackaging.com\/fr\/wp-json\/wp\/v2\/brand?post=70610"},{"taxonomy":"product_brand","embeddable":true,"href":"https:\/\/www.bbmpackaging.com\/fr\/wp-json\/wp\/v2\/product_brand?post=70610"},{"taxonomy":"product_cat","embeddable":true,"href":"https:\/\/www.bbmpackaging.com\/fr\/wp-json\/wp\/v2\/product_cat?post=70610"},{"taxonomy":"product_tag","embeddable":true,"href":"https:\/\/www.bbmpackaging.com\/fr\/wp-json\/wp\/v2\/product_tag?post=70610"}],"curies":[{"name":"wp","href":"https:\/\/api.w.org\/{rel}","templated":true}]}}