{"id":71058,"date":"2025-10-08T16:02:01","date_gmt":"2025-10-08T14:02:01","guid":{"rendered":"https:\/\/www.bbmpackaging.com\/?post_type=product&#038;p=71058"},"modified":"2026-03-04T11:42:59","modified_gmt":"2026-03-04T10:42:59","slug":"palettiseur-ocme-pegasus","status":"publish","type":"product","link":"https:\/\/www.bbmpackaging.com\/fr\/machines\/occasion\/palettiseurs-occasion\/palettiseur-ocme-pegasus\/","title":{"rendered":"Palettiseur OCME Pegasus"},"content":{"rendered":"<p><strong>Palettiseur OCME<\/strong> Pegasus F160 de 2004, id\u00e9al pour la formation de palettes de paquets wrap contenant des bouteilles. La machine permet d\u2019empiler avec pr\u00e9cision et en toute s\u00e9curit\u00e9 des cartons ou des paquets sur des palettes de dimensions 800&#215;1200 mm, optimisant les flux de fin de ligne et garantissant une grande stabilit\u00e9 de la charge.<\/p>\n<p>\u00c9quip\u00e9 d\u2019un PLC et d\u2019un HMI Siemens, le syst\u00e8me offre une interface intuitive et un contr\u00f4le complet de toutes les fonctions op\u00e9rationnelles, permettant une gestion efficace et fiable du processus de palettisation. Disponible d\u2019occasion et r\u00e9vis\u00e9, en condition \u201cvu et approuv\u00e9\u201d, avec la possibilit\u00e9 de fournir des pi\u00e8ces de rechange compatibles en option de vente.<\/p>\n<p>Le mod\u00e8le Pegasus F160 se distingue par :<\/p>\n<ul>\n<li>T\u00eate de pr\u00e9hension enti\u00e8rement automatique pouvant g\u00e9rer des lignes multi-r\u00e9f\u00e9rences ;<\/li>\n<li>R\u00e9duction des temps d\u2019arr\u00eat gr\u00e2ce \u00e0 la simplicit\u00e9 de maintenance et au contr\u00f4le Siemens int\u00e9gr\u00e9.<\/li>\n<\/ul>\n","protected":false},"excerpt":{"rendered":"<p>Palettiseur OCME Pegasus d&rsquo;occasion, r\u00e9vis\u00e9 et garanti. La vitesse indiqu\u00e9e en bouteilles par heure fait r\u00e9f\u00e9rence au format standard de 1500 ml en conditionnement 3&#215;2.<\/p>\n<p>&nbsp;<\/p>\n","protected":false},"featured_media":71067,"comment_status":"closed","ping_status":"closed","template":"","meta":{"_acf_changed":false},"brand":[7458],"product_brand":[],"product_cat":[1102,1106,1126],"product_tag":[],"class_list":{"0":"post-71058","1":"product","2":"type-product","3":"status-publish","4":"has-post-thumbnail","6":"brand-ocme","7":"product_cat-machines","8":"product_cat-occasion","9":"product_cat-palettiseurs-occasion","11":"first","12":"instock","13":"shipping-taxable","14":"product-type-simple"},"acf":[],"yoast_head":"<!-- This site is optimized with the Yoast SEO plugin v27.2 - https:\/\/yoast.com\/product\/yoast-seo-wordpress\/ -->\n<title>Palettiseur OCME Pegasus - BBM Packaging<\/title>\n<meta name=\"description\" content=\"Palettiseur OCME Pegasus F160 de 2004 pour paquets de bouteilles emball\u00e9es, 800x1200, PLC Siemens, d&#039;occasion et r\u00e9vis\u00e9 ou vu et approuv\u00e9.\" \/>\n<meta name=\"robots\" content=\"index, follow, max-snippet:-1, max-image-preview:large, max-video-preview:-1\" \/>\n<link rel=\"canonical\" href=\"https:\/\/www.bbmpackaging.com\/fr\/machines\/occasion\/palettiseurs-occasion\/palettiseur-ocme-pegasus\/\" \/>\n<meta property=\"og:locale\" content=\"fr_FR\" \/>\n<meta property=\"og:type\" content=\"article\" \/>\n<meta property=\"og:title\" content=\"Palettiseur OCME Pegasus - BBM Packaging\" \/>\n<meta property=\"og:description\" content=\"Palettiseur OCME Pegasus F160 de 2004 pour paquets de bouteilles emball\u00e9es, 800x1200, PLC Siemens, d&#039;occasion et r\u00e9vis\u00e9 ou vu et approuv\u00e9.\" \/>\n<meta property=\"og:url\" content=\"https:\/\/www.bbmpackaging.com\/fr\/machines\/occasion\/palettiseurs-occasion\/palettiseur-ocme-pegasus\/\" \/>\n<meta property=\"og:site_name\" content=\"BBM Packaging\" \/>\n<meta property=\"article:modified_time\" content=\"2026-03-04T10:42:59+00:00\" \/>\n<meta property=\"og:image\" content=\"https:\/\/www.bbmpackaging.com\/wp-content\/uploads\/2025\/10\/ocme-pegasus-palletizer-2-2.jpg\" \/>\n\t<meta property=\"og:image:width\" content=\"1418\" \/>\n\t<meta property=\"og:image:height\" content=\"1080\" \/>\n\t<meta property=\"og:image:type\" content=\"image\/jpeg\" \/>\n<meta name=\"twitter:card\" content=\"summary_large_image\" \/>\n<meta name=\"twitter:label1\" content=\"Dur\u00e9e de lecture estim\u00e9e\" \/>\n\t<meta name=\"twitter:data1\" content=\"1 minute\" \/>\n<script type=\"application\/ld+json\" class=\"yoast-schema-graph\">{\"@context\":\"https:\/\/schema.org\",\"@graph\":[{\"@type\":\"WebPage\",\"@id\":\"https:\/\/www.bbmpackaging.com\/fr\/machines\/occasion\/palettiseurs-occasion\/palettiseur-ocme-pegasus\/\",\"url\":\"https:\/\/www.bbmpackaging.com\/fr\/machines\/occasion\/palettiseurs-occasion\/palettiseur-ocme-pegasus\/\",\"name\":\"Palettiseur OCME Pegasus - BBM Packaging\",\"isPartOf\":{\"@id\":\"https:\/\/www.bbmpackaging.com\/fr\/#website\"},\"primaryImageOfPage\":{\"@id\":\"https:\/\/www.bbmpackaging.com\/fr\/machines\/occasion\/palettiseurs-occasion\/palettiseur-ocme-pegasus\/#primaryimage\"},\"image\":{\"@id\":\"https:\/\/www.bbmpackaging.com\/fr\/machines\/occasion\/palettiseurs-occasion\/palettiseur-ocme-pegasus\/#primaryimage\"},\"thumbnailUrl\":\"https:\/\/www.bbmpackaging.com\/wp-content\/uploads\/2025\/10\/ocme-pegasus-palletizer-2-2.jpg\",\"datePublished\":\"2025-10-08T14:02:01+00:00\",\"dateModified\":\"2026-03-04T10:42:59+00:00\",\"description\":\"Palettiseur OCME Pegasus F160 de 2004 pour paquets de bouteilles emball\u00e9es, 800x1200, PLC Siemens, d'occasion et r\u00e9vis\u00e9 ou vu et approuv\u00e9.\",\"breadcrumb\":{\"@id\":\"https:\/\/www.bbmpackaging.com\/fr\/machines\/occasion\/palettiseurs-occasion\/palettiseur-ocme-pegasus\/#breadcrumb\"},\"inLanguage\":\"fr-FR\",\"potentialAction\":[{\"@type\":\"ReadAction\",\"target\":[\"https:\/\/www.bbmpackaging.com\/fr\/machines\/occasion\/palettiseurs-occasion\/palettiseur-ocme-pegasus\/\"]}]},{\"@type\":\"ImageObject\",\"inLanguage\":\"fr-FR\",\"@id\":\"https:\/\/www.bbmpackaging.com\/fr\/machines\/occasion\/palettiseurs-occasion\/palettiseur-ocme-pegasus\/#primaryimage\",\"url\":\"https:\/\/www.bbmpackaging.com\/wp-content\/uploads\/2025\/10\/ocme-pegasus-palletizer-2-2.jpg\",\"contentUrl\":\"https:\/\/www.bbmpackaging.com\/wp-content\/uploads\/2025\/10\/ocme-pegasus-palletizer-2-2.jpg\",\"width\":1418,\"height\":1080,\"caption\":\"Palettiseur OCME Pegasus F160 de 2004 pour paquets de bouteilles emball\u00e9es, 800x1200, PLC Siemens, d'occasion et r\u00e9vis\u00e9 ou vu et approuv\u00e9.\"},{\"@type\":\"BreadcrumbList\",\"@id\":\"https:\/\/www.bbmpackaging.com\/fr\/machines\/occasion\/palettiseurs-occasion\/palettiseur-ocme-pegasus\/#breadcrumb\",\"itemListElement\":[{\"@type\":\"ListItem\",\"position\":1,\"name\":\"Home\",\"item\":\"https:\/\/www.bbmpackaging.com\/fr\/\"},{\"@type\":\"ListItem\",\"position\":2,\"name\":\"Produits\",\"item\":\"https:\/\/www.bbmpackaging.com\/fr\/produits\/\"},{\"@type\":\"ListItem\",\"position\":3,\"name\":\"Machines d\u2019occasion\",\"item\":\"https:\/\/www.bbmpackaging.com\/fr\/machines\/occasion\/\"},{\"@type\":\"ListItem\",\"position\":4,\"name\":\"Palettiseurs\",\"item\":\"https:\/\/www.bbmpackaging.com\/fr\/machines\/palettiseurs-occasion\/\"},{\"@type\":\"ListItem\",\"position\":5,\"name\":\"Palettiseur OCME Pegasus\"}]},{\"@type\":\"WebSite\",\"@id\":\"https:\/\/www.bbmpackaging.com\/fr\/#website\",\"url\":\"https:\/\/www.bbmpackaging.com\/fr\/\",\"name\":\"BBM Packaging\",\"description\":\"Imbottigliamento: macchinari manutenzione e much more\",\"potentialAction\":[{\"@type\":\"SearchAction\",\"target\":{\"@type\":\"EntryPoint\",\"urlTemplate\":\"https:\/\/www.bbmpackaging.com\/fr\/?s={search_term_string}\"},\"query-input\":{\"@type\":\"PropertyValueSpecification\",\"valueRequired\":true,\"valueName\":\"search_term_string\"}}],\"inLanguage\":\"fr-FR\"}]}<\/script>\n<!-- \/ Yoast SEO plugin. -->","yoast_head_json":{"title":"Palettiseur OCME Pegasus - BBM Packaging","description":"Palettiseur OCME Pegasus F160 de 2004 pour paquets de bouteilles emball\u00e9es, 800x1200, PLC Siemens, d'occasion et r\u00e9vis\u00e9 ou vu et approuv\u00e9.","robots":{"index":"index","follow":"follow","max-snippet":"max-snippet:-1","max-image-preview":"max-image-preview:large","max-video-preview":"max-video-preview:-1"},"canonical":"https:\/\/www.bbmpackaging.com\/fr\/machines\/occasion\/palettiseurs-occasion\/palettiseur-ocme-pegasus\/","og_locale":"fr_FR","og_type":"article","og_title":"Palettiseur OCME Pegasus - BBM Packaging","og_description":"Palettiseur OCME Pegasus F160 de 2004 pour paquets de bouteilles emball\u00e9es, 800x1200, PLC Siemens, d'occasion et r\u00e9vis\u00e9 ou vu et approuv\u00e9.","og_url":"https:\/\/www.bbmpackaging.com\/fr\/machines\/occasion\/palettiseurs-occasion\/palettiseur-ocme-pegasus\/","og_site_name":"BBM Packaging","article_modified_time":"2026-03-04T10:42:59+00:00","og_image":[{"width":1418,"height":1080,"url":"https:\/\/www.bbmpackaging.com\/wp-content\/uploads\/2025\/10\/ocme-pegasus-palletizer-2-2.jpg","type":"image\/jpeg"}],"twitter_card":"summary_large_image","twitter_misc":{"Dur\u00e9e de lecture estim\u00e9e":"1 minute"},"schema":{"@context":"https:\/\/schema.org","@graph":[{"@type":"WebPage","@id":"https:\/\/www.bbmpackaging.com\/fr\/machines\/occasion\/palettiseurs-occasion\/palettiseur-ocme-pegasus\/","url":"https:\/\/www.bbmpackaging.com\/fr\/machines\/occasion\/palettiseurs-occasion\/palettiseur-ocme-pegasus\/","name":"Palettiseur OCME Pegasus - BBM Packaging","isPartOf":{"@id":"https:\/\/www.bbmpackaging.com\/fr\/#website"},"primaryImageOfPage":{"@id":"https:\/\/www.bbmpackaging.com\/fr\/machines\/occasion\/palettiseurs-occasion\/palettiseur-ocme-pegasus\/#primaryimage"},"image":{"@id":"https:\/\/www.bbmpackaging.com\/fr\/machines\/occasion\/palettiseurs-occasion\/palettiseur-ocme-pegasus\/#primaryimage"},"thumbnailUrl":"https:\/\/www.bbmpackaging.com\/wp-content\/uploads\/2025\/10\/ocme-pegasus-palletizer-2-2.jpg","datePublished":"2025-10-08T14:02:01+00:00","dateModified":"2026-03-04T10:42:59+00:00","description":"Palettiseur OCME Pegasus F160 de 2004 pour paquets de bouteilles emball\u00e9es, 800x1200, PLC Siemens, d'occasion et r\u00e9vis\u00e9 ou vu et approuv\u00e9.","breadcrumb":{"@id":"https:\/\/www.bbmpackaging.com\/fr\/machines\/occasion\/palettiseurs-occasion\/palettiseur-ocme-pegasus\/#breadcrumb"},"inLanguage":"fr-FR","potentialAction":[{"@type":"ReadAction","target":["https:\/\/www.bbmpackaging.com\/fr\/machines\/occasion\/palettiseurs-occasion\/palettiseur-ocme-pegasus\/"]}]},{"@type":"ImageObject","inLanguage":"fr-FR","@id":"https:\/\/www.bbmpackaging.com\/fr\/machines\/occasion\/palettiseurs-occasion\/palettiseur-ocme-pegasus\/#primaryimage","url":"https:\/\/www.bbmpackaging.com\/wp-content\/uploads\/2025\/10\/ocme-pegasus-palletizer-2-2.jpg","contentUrl":"https:\/\/www.bbmpackaging.com\/wp-content\/uploads\/2025\/10\/ocme-pegasus-palletizer-2-2.jpg","width":1418,"height":1080,"caption":"Palettiseur OCME Pegasus F160 de 2004 pour paquets de bouteilles emball\u00e9es, 800x1200, PLC Siemens, d'occasion et r\u00e9vis\u00e9 ou vu et approuv\u00e9."},{"@type":"BreadcrumbList","@id":"https:\/\/www.bbmpackaging.com\/fr\/machines\/occasion\/palettiseurs-occasion\/palettiseur-ocme-pegasus\/#breadcrumb","itemListElement":[{"@type":"ListItem","position":1,"name":"Home","item":"https:\/\/www.bbmpackaging.com\/fr\/"},{"@type":"ListItem","position":2,"name":"Produits","item":"https:\/\/www.bbmpackaging.com\/fr\/produits\/"},{"@type":"ListItem","position":3,"name":"Machines d\u2019occasion","item":"https:\/\/www.bbmpackaging.com\/fr\/machines\/occasion\/"},{"@type":"ListItem","position":4,"name":"Palettiseurs","item":"https:\/\/www.bbmpackaging.com\/fr\/machines\/palettiseurs-occasion\/"},{"@type":"ListItem","position":5,"name":"Palettiseur OCME Pegasus"}]},{"@type":"WebSite","@id":"https:\/\/www.bbmpackaging.com\/fr\/#website","url":"https:\/\/www.bbmpackaging.com\/fr\/","name":"BBM Packaging","description":"Imbottigliamento: macchinari manutenzione e much more","potentialAction":[{"@type":"SearchAction","target":{"@type":"EntryPoint","urlTemplate":"https:\/\/www.bbmpackaging.com\/fr\/?s={search_term_string}"},"query-input":{"@type":"PropertyValueSpecification","valueRequired":true,"valueName":"search_term_string"}}],"inLanguage":"fr-FR"}]}},"_links":{"self":[{"href":"https:\/\/www.bbmpackaging.com\/fr\/wp-json\/wp\/v2\/product\/71058","targetHints":{"allow":["GET"]}}],"collection":[{"href":"https:\/\/www.bbmpackaging.com\/fr\/wp-json\/wp\/v2\/product"}],"about":[{"href":"https:\/\/www.bbmpackaging.com\/fr\/wp-json\/wp\/v2\/types\/product"}],"replies":[{"embeddable":true,"href":"https:\/\/www.bbmpackaging.com\/fr\/wp-json\/wp\/v2\/comments?post=71058"}],"wp:featuredmedia":[{"embeddable":true,"href":"https:\/\/www.bbmpackaging.com\/fr\/wp-json\/wp\/v2\/media\/71067"}],"wp:attachment":[{"href":"https:\/\/www.bbmpackaging.com\/fr\/wp-json\/wp\/v2\/media?parent=71058"}],"wp:term":[{"taxonomy":"brand","embeddable":true,"href":"https:\/\/www.bbmpackaging.com\/fr\/wp-json\/wp\/v2\/brand?post=71058"},{"taxonomy":"product_brand","embeddable":true,"href":"https:\/\/www.bbmpackaging.com\/fr\/wp-json\/wp\/v2\/product_brand?post=71058"},{"taxonomy":"product_cat","embeddable":true,"href":"https:\/\/www.bbmpackaging.com\/fr\/wp-json\/wp\/v2\/product_cat?post=71058"},{"taxonomy":"product_tag","embeddable":true,"href":"https:\/\/www.bbmpackaging.com\/fr\/wp-json\/wp\/v2\/product_tag?post=71058"}],"curies":[{"name":"wp","href":"https:\/\/api.w.org\/{rel}","templated":true}]}}