{"id":71231,"date":"2025-10-08T17:04:12","date_gmt":"2025-10-08T15:04:12","guid":{"rendered":"https:\/\/www.bbmpackaging.com\/?post_type=product&#038;p=71231"},"modified":"2026-02-02T16:21:26","modified_gmt":"2026-02-02T15:21:26","slug":"depalettiseur-ocme-pegasus","status":"publish","type":"product","link":"https:\/\/www.bbmpackaging.com\/fr\/machines\/occasion\/depalettiseurs-occasion\/depalettiseur-ocme-pegasus\/","title":{"rendered":"D\u00e9palettiseur OCME Pegasus"},"content":{"rendered":"<p><strong>D\u00e9palettiseur OCME Pegasus<\/strong>, solution robotis\u00e9e haute performance pour les op\u00e9rations de d\u00e9palettisation d\u00e9di\u00e9es aux cartons wrap-around. Pegasus permet de d\u00e9palettiser des palettes de contenants de bouteilles ou de canettes, transf\u00e9rant en toute s\u00e9curit\u00e9 les couches de produits sur la ligne de production.<\/p>\n<p>La t\u00eate robotis\u00e9e de pr\u00e9hension retire la couche de la palette et la d\u00e9pose sur le convoyeur d\u2019alimentation ; \u00e0 partir de l\u00e0, les contenants sont s\u00e9par\u00e9s et align\u00e9s sur des convoyeurs \u00e0 ligne unique, pr\u00eats pour les \u00e9tapes de traitement suivantes.<\/p>\n<p>Gr\u00e2ce au <strong>PLC et HMI Siemens<\/strong>, le syst\u00e8me offre une interface intuitive et un contr\u00f4le complet de toutes les fonctions op\u00e9rationnelles. Disponible d\u2019occasion et r\u00e9vis\u00e9 par BBM, en \u00e9tat \u201cvu et approuv\u00e9\u201d, avec la possibilit\u00e9 de fournir des pi\u00e8ces de rechange compatibles en option de vente.<\/p>\n<p>Le mod\u00e8le Pegasus se distingue par :<\/p>\n<ul>\n<li>Possibilit\u00e9 de d\u00e9palettiser plusieurs codes simultan\u00e9ment, avec des configurations flexibles ;<\/li>\n<li>R\u00e9duction des temps d\u2019arr\u00eat gr\u00e2ce \u00e0 la simplicit\u00e9 de maintenance et au contr\u00f4le Siemens int\u00e9gr\u00e9 ;<\/li>\n<li>Pr\u00e9cision maximale dans la manipulation des produits et optimisation des flux de d\u00e9but de ligne.<\/li>\n<\/ul>\n","protected":false},"excerpt":{"rendered":"<p>D\u00e9palettiseur OCME Pegasus d&rsquo;occasion, r\u00e9vis\u00e9 et garanti<\/p>\n","protected":false},"featured_media":71240,"comment_status":"closed","ping_status":"closed","template":"","meta":{"_acf_changed":false},"brand":[7458],"product_brand":[],"product_cat":[1102,1106,4453],"product_tag":[],"class_list":{"0":"post-71231","1":"product","2":"type-product","3":"status-publish","4":"has-post-thumbnail","6":"brand-ocme","7":"product_cat-machines","8":"product_cat-occasion","9":"product_cat-depalettiseurs-occasion","11":"first","12":"instock","13":"shipping-taxable","14":"product-type-simple"},"acf":[],"yoast_head":"<!-- This site is optimized with the Yoast SEO plugin v27.2 - https:\/\/yoast.com\/product\/yoast-seo-wordpress\/ -->\n<title>D\u00e9palettiseur OCME Pegasus - BBM Packaging<\/title>\n<meta name=\"description\" content=\"D\u00e9palettiseur OCME Pegasus : robot pour d\u00e9palettiser les caisses wrap-around. \u00c9galement disponible d&#039;occasion et r\u00e9vis\u00e9. Regarder la vid\u00e9o\" \/>\n<meta name=\"robots\" content=\"index, follow, max-snippet:-1, max-image-preview:large, max-video-preview:-1\" \/>\n<link rel=\"canonical\" href=\"https:\/\/www.bbmpackaging.com\/fr\/machines\/occasion\/depalettiseurs-occasion\/depalettiseur-ocme-pegasus\/\" \/>\n<meta property=\"og:locale\" content=\"fr_FR\" \/>\n<meta property=\"og:type\" content=\"article\" \/>\n<meta property=\"og:title\" content=\"D\u00e9palettiseur OCME Pegasus - BBM Packaging\" \/>\n<meta property=\"og:description\" content=\"D\u00e9palettiseur OCME Pegasus : robot pour d\u00e9palettiser les caisses wrap-around. \u00c9galement disponible d&#039;occasion et r\u00e9vis\u00e9. Regarder la vid\u00e9o\" \/>\n<meta property=\"og:url\" content=\"https:\/\/www.bbmpackaging.com\/fr\/machines\/occasion\/depalettiseurs-occasion\/depalettiseur-ocme-pegasus\/\" \/>\n<meta property=\"og:site_name\" content=\"BBM Packaging\" \/>\n<meta property=\"article:modified_time\" content=\"2026-02-02T15:21:26+00:00\" \/>\n<meta property=\"og:image\" content=\"https:\/\/www.bbmpackaging.com\/wp-content\/uploads\/2025\/10\/depallettiseur-ocme-pegasus-1.jpg\" \/>\n\t<meta property=\"og:image:width\" content=\"1400\" \/>\n\t<meta property=\"og:image:height\" content=\"1067\" \/>\n\t<meta property=\"og:image:type\" content=\"image\/jpeg\" \/>\n<meta name=\"twitter:card\" content=\"summary_large_image\" \/>\n<meta name=\"twitter:label1\" content=\"Dur\u00e9e de lecture estim\u00e9e\" \/>\n\t<meta name=\"twitter:data1\" content=\"2 minutes\" \/>\n<script type=\"application\/ld+json\" class=\"yoast-schema-graph\">{\"@context\":\"https:\/\/schema.org\",\"@graph\":[{\"@type\":\"WebPage\",\"@id\":\"https:\/\/www.bbmpackaging.com\/fr\/machines\/occasion\/depalettiseurs-occasion\/depalettiseur-ocme-pegasus\/\",\"url\":\"https:\/\/www.bbmpackaging.com\/fr\/machines\/occasion\/depalettiseurs-occasion\/depalettiseur-ocme-pegasus\/\",\"name\":\"D\u00e9palettiseur OCME Pegasus - BBM Packaging\",\"isPartOf\":{\"@id\":\"https:\/\/www.bbmpackaging.com\/fr\/#website\"},\"primaryImageOfPage\":{\"@id\":\"https:\/\/www.bbmpackaging.com\/fr\/machines\/occasion\/depalettiseurs-occasion\/depalettiseur-ocme-pegasus\/#primaryimage\"},\"image\":{\"@id\":\"https:\/\/www.bbmpackaging.com\/fr\/machines\/occasion\/depalettiseurs-occasion\/depalettiseur-ocme-pegasus\/#primaryimage\"},\"thumbnailUrl\":\"https:\/\/www.bbmpackaging.com\/wp-content\/uploads\/2025\/10\/depallettiseur-ocme-pegasus-1.jpg\",\"datePublished\":\"2025-10-08T15:04:12+00:00\",\"dateModified\":\"2026-02-02T15:21:26+00:00\",\"description\":\"D\u00e9palettiseur OCME Pegasus : robot pour d\u00e9palettiser les caisses wrap-around. \u00c9galement disponible d'occasion et r\u00e9vis\u00e9. Regarder la vid\u00e9o\",\"breadcrumb\":{\"@id\":\"https:\/\/www.bbmpackaging.com\/fr\/machines\/occasion\/depalettiseurs-occasion\/depalettiseur-ocme-pegasus\/#breadcrumb\"},\"inLanguage\":\"fr-FR\",\"potentialAction\":[{\"@type\":\"ReadAction\",\"target\":[\"https:\/\/www.bbmpackaging.com\/fr\/machines\/occasion\/depalettiseurs-occasion\/depalettiseur-ocme-pegasus\/\"]}]},{\"@type\":\"ImageObject\",\"inLanguage\":\"fr-FR\",\"@id\":\"https:\/\/www.bbmpackaging.com\/fr\/machines\/occasion\/depalettiseurs-occasion\/depalettiseur-ocme-pegasus\/#primaryimage\",\"url\":\"https:\/\/www.bbmpackaging.com\/wp-content\/uploads\/2025\/10\/depallettiseur-ocme-pegasus-1.jpg\",\"contentUrl\":\"https:\/\/www.bbmpackaging.com\/wp-content\/uploads\/2025\/10\/depallettiseur-ocme-pegasus-1.jpg\",\"width\":1400,\"height\":1067,\"caption\":\"D\u00e9palettiseur OCME Pegasus : robot pour d\u00e9palettiser les caisses wrap-around. \u00c9galement disponible d'occasion et r\u00e9vis\u00e9, avec des pi\u00e8ces de rechange compatibles.\"},{\"@type\":\"BreadcrumbList\",\"@id\":\"https:\/\/www.bbmpackaging.com\/fr\/machines\/occasion\/depalettiseurs-occasion\/depalettiseur-ocme-pegasus\/#breadcrumb\",\"itemListElement\":[{\"@type\":\"ListItem\",\"position\":1,\"name\":\"Home\",\"item\":\"https:\/\/www.bbmpackaging.com\/fr\/\"},{\"@type\":\"ListItem\",\"position\":2,\"name\":\"Produits\",\"item\":\"https:\/\/www.bbmpackaging.com\/fr\/produits\/\"},{\"@type\":\"ListItem\",\"position\":3,\"name\":\"Machines d\u2019occasion\",\"item\":\"https:\/\/www.bbmpackaging.com\/fr\/machines\/occasion\/\"},{\"@type\":\"ListItem\",\"position\":4,\"name\":\"D\u00e9palettiseurs\",\"item\":\"https:\/\/www.bbmpackaging.com\/fr\/machines\/depalettiseurs-occasion\/\"},{\"@type\":\"ListItem\",\"position\":5,\"name\":\"D\u00e9palettiseur OCME Pegasus\"}]},{\"@type\":\"WebSite\",\"@id\":\"https:\/\/www.bbmpackaging.com\/fr\/#website\",\"url\":\"https:\/\/www.bbmpackaging.com\/fr\/\",\"name\":\"BBM Packaging\",\"description\":\"Imbottigliamento: macchinari manutenzione e much more\",\"potentialAction\":[{\"@type\":\"SearchAction\",\"target\":{\"@type\":\"EntryPoint\",\"urlTemplate\":\"https:\/\/www.bbmpackaging.com\/fr\/?s={search_term_string}\"},\"query-input\":{\"@type\":\"PropertyValueSpecification\",\"valueRequired\":true,\"valueName\":\"search_term_string\"}}],\"inLanguage\":\"fr-FR\"}]}<\/script>\n<!-- \/ Yoast SEO plugin. -->","yoast_head_json":{"title":"D\u00e9palettiseur OCME Pegasus - BBM Packaging","description":"D\u00e9palettiseur OCME Pegasus : robot pour d\u00e9palettiser les caisses wrap-around. \u00c9galement disponible d'occasion et r\u00e9vis\u00e9. Regarder la vid\u00e9o","robots":{"index":"index","follow":"follow","max-snippet":"max-snippet:-1","max-image-preview":"max-image-preview:large","max-video-preview":"max-video-preview:-1"},"canonical":"https:\/\/www.bbmpackaging.com\/fr\/machines\/occasion\/depalettiseurs-occasion\/depalettiseur-ocme-pegasus\/","og_locale":"fr_FR","og_type":"article","og_title":"D\u00e9palettiseur OCME Pegasus - BBM Packaging","og_description":"D\u00e9palettiseur OCME Pegasus : robot pour d\u00e9palettiser les caisses wrap-around. \u00c9galement disponible d'occasion et r\u00e9vis\u00e9. Regarder la vid\u00e9o","og_url":"https:\/\/www.bbmpackaging.com\/fr\/machines\/occasion\/depalettiseurs-occasion\/depalettiseur-ocme-pegasus\/","og_site_name":"BBM Packaging","article_modified_time":"2026-02-02T15:21:26+00:00","og_image":[{"width":1400,"height":1067,"url":"https:\/\/www.bbmpackaging.com\/wp-content\/uploads\/2025\/10\/depallettiseur-ocme-pegasus-1.jpg","type":"image\/jpeg"}],"twitter_card":"summary_large_image","twitter_misc":{"Dur\u00e9e de lecture estim\u00e9e":"2 minutes"},"schema":{"@context":"https:\/\/schema.org","@graph":[{"@type":"WebPage","@id":"https:\/\/www.bbmpackaging.com\/fr\/machines\/occasion\/depalettiseurs-occasion\/depalettiseur-ocme-pegasus\/","url":"https:\/\/www.bbmpackaging.com\/fr\/machines\/occasion\/depalettiseurs-occasion\/depalettiseur-ocme-pegasus\/","name":"D\u00e9palettiseur OCME Pegasus - BBM Packaging","isPartOf":{"@id":"https:\/\/www.bbmpackaging.com\/fr\/#website"},"primaryImageOfPage":{"@id":"https:\/\/www.bbmpackaging.com\/fr\/machines\/occasion\/depalettiseurs-occasion\/depalettiseur-ocme-pegasus\/#primaryimage"},"image":{"@id":"https:\/\/www.bbmpackaging.com\/fr\/machines\/occasion\/depalettiseurs-occasion\/depalettiseur-ocme-pegasus\/#primaryimage"},"thumbnailUrl":"https:\/\/www.bbmpackaging.com\/wp-content\/uploads\/2025\/10\/depallettiseur-ocme-pegasus-1.jpg","datePublished":"2025-10-08T15:04:12+00:00","dateModified":"2026-02-02T15:21:26+00:00","description":"D\u00e9palettiseur OCME Pegasus : robot pour d\u00e9palettiser les caisses wrap-around. \u00c9galement disponible d'occasion et r\u00e9vis\u00e9. Regarder la vid\u00e9o","breadcrumb":{"@id":"https:\/\/www.bbmpackaging.com\/fr\/machines\/occasion\/depalettiseurs-occasion\/depalettiseur-ocme-pegasus\/#breadcrumb"},"inLanguage":"fr-FR","potentialAction":[{"@type":"ReadAction","target":["https:\/\/www.bbmpackaging.com\/fr\/machines\/occasion\/depalettiseurs-occasion\/depalettiseur-ocme-pegasus\/"]}]},{"@type":"ImageObject","inLanguage":"fr-FR","@id":"https:\/\/www.bbmpackaging.com\/fr\/machines\/occasion\/depalettiseurs-occasion\/depalettiseur-ocme-pegasus\/#primaryimage","url":"https:\/\/www.bbmpackaging.com\/wp-content\/uploads\/2025\/10\/depallettiseur-ocme-pegasus-1.jpg","contentUrl":"https:\/\/www.bbmpackaging.com\/wp-content\/uploads\/2025\/10\/depallettiseur-ocme-pegasus-1.jpg","width":1400,"height":1067,"caption":"D\u00e9palettiseur OCME Pegasus : robot pour d\u00e9palettiser les caisses wrap-around. \u00c9galement disponible d'occasion et r\u00e9vis\u00e9, avec des pi\u00e8ces de rechange compatibles."},{"@type":"BreadcrumbList","@id":"https:\/\/www.bbmpackaging.com\/fr\/machines\/occasion\/depalettiseurs-occasion\/depalettiseur-ocme-pegasus\/#breadcrumb","itemListElement":[{"@type":"ListItem","position":1,"name":"Home","item":"https:\/\/www.bbmpackaging.com\/fr\/"},{"@type":"ListItem","position":2,"name":"Produits","item":"https:\/\/www.bbmpackaging.com\/fr\/produits\/"},{"@type":"ListItem","position":3,"name":"Machines d\u2019occasion","item":"https:\/\/www.bbmpackaging.com\/fr\/machines\/occasion\/"},{"@type":"ListItem","position":4,"name":"D\u00e9palettiseurs","item":"https:\/\/www.bbmpackaging.com\/fr\/machines\/depalettiseurs-occasion\/"},{"@type":"ListItem","position":5,"name":"D\u00e9palettiseur OCME Pegasus"}]},{"@type":"WebSite","@id":"https:\/\/www.bbmpackaging.com\/fr\/#website","url":"https:\/\/www.bbmpackaging.com\/fr\/","name":"BBM Packaging","description":"Imbottigliamento: macchinari manutenzione e much more","potentialAction":[{"@type":"SearchAction","target":{"@type":"EntryPoint","urlTemplate":"https:\/\/www.bbmpackaging.com\/fr\/?s={search_term_string}"},"query-input":{"@type":"PropertyValueSpecification","valueRequired":true,"valueName":"search_term_string"}}],"inLanguage":"fr-FR"}]}},"_links":{"self":[{"href":"https:\/\/www.bbmpackaging.com\/fr\/wp-json\/wp\/v2\/product\/71231","targetHints":{"allow":["GET"]}}],"collection":[{"href":"https:\/\/www.bbmpackaging.com\/fr\/wp-json\/wp\/v2\/product"}],"about":[{"href":"https:\/\/www.bbmpackaging.com\/fr\/wp-json\/wp\/v2\/types\/product"}],"replies":[{"embeddable":true,"href":"https:\/\/www.bbmpackaging.com\/fr\/wp-json\/wp\/v2\/comments?post=71231"}],"wp:featuredmedia":[{"embeddable":true,"href":"https:\/\/www.bbmpackaging.com\/fr\/wp-json\/wp\/v2\/media\/71240"}],"wp:attachment":[{"href":"https:\/\/www.bbmpackaging.com\/fr\/wp-json\/wp\/v2\/media?parent=71231"}],"wp:term":[{"taxonomy":"brand","embeddable":true,"href":"https:\/\/www.bbmpackaging.com\/fr\/wp-json\/wp\/v2\/brand?post=71231"},{"taxonomy":"product_brand","embeddable":true,"href":"https:\/\/www.bbmpackaging.com\/fr\/wp-json\/wp\/v2\/product_brand?post=71231"},{"taxonomy":"product_cat","embeddable":true,"href":"https:\/\/www.bbmpackaging.com\/fr\/wp-json\/wp\/v2\/product_cat?post=71231"},{"taxonomy":"product_tag","embeddable":true,"href":"https:\/\/www.bbmpackaging.com\/fr\/wp-json\/wp\/v2\/product_tag?post=71231"}],"curies":[{"name":"wp","href":"https:\/\/api.w.org\/{rel}","templated":true}]}}