{"id":71408,"date":"2025-10-09T10:04:08","date_gmt":"2025-10-09T08:04:08","guid":{"rendered":"https:\/\/www.bbmpackaging.com\/?post_type=product&#038;p=71408"},"modified":"2026-03-04T12:19:11","modified_gmt":"2026-03-04T11:19:11","slug":"banderoleuse-tosa","status":"publish","type":"product","link":"https:\/\/www.bbmpackaging.com\/fr\/machines\/occasion\/bandelereuses-occasion\/banderoleuse-tosa\/","title":{"rendered":"Banderoleuse TOSA"},"content":{"rendered":"<p>Le <strong>banderoleuse TOSA<\/strong> de 2004 est une machine \u00e0 bras rotatif con\u00e7ue pour garantir une stabilit\u00e9 impeccable de la charge palettis\u00e9e. \u00c9quip\u00e9e d\u2019un dispositif de pose du film sup\u00e9rieur, cette installation atteint une <strong>productivit\u00e9 allant jusqu\u2019\u00e0 12 000 bouteilles\/heure<\/strong> et est compatible avec des palettes de 1000&#215;1200 mm.<\/p>\n<p>La machine est disponible en trois configurations :<\/p>\n<ul>\n<li>En l\u2019\u00e9tat, pr\u00eate \u00e0 l\u2019achat dans ses conditions actuelles.<\/li>\n<li>R\u00e9vis\u00e9e et garantie, enti\u00e8rement reconditionn\u00e9e par nos techniciens avec une garantie de 6 mois.<\/li>\n<li>En fonctionnement avec des pi\u00e8ces compatibles, pr\u00eate pour la production.<\/li>\n<\/ul>\n<p>Le PLC et l\u2019HMI Siemens assurent un contr\u00f4le pr\u00e9cis et une interface intuitive pour l\u2019op\u00e9rateur. La banderoleuse est visible dans nos locaux BBM \u00e0 Lenna.<\/p>\n<p>Les banderoleuses de palettes, \u00e9galement appel\u00e9es <strong>machines \u00e0 film \u00e9tirable<\/strong> ou filmeuses de palettes, enveloppent la charge avec un film \u00e9tirable afin de la stabiliser, la prot\u00e9ger et la compacter, facilitant ainsi le stockage et le transport. Ce processus emp\u00eache le d\u00e9placement ou la chute des produits de la palette, garantissant un emballage unitaire, stable et s\u00fbr contre la poussi\u00e8re, l\u2019humidit\u00e9 et les chocs.<\/p>\n<p>Pourquoi choisir une banderoleuse TOSA d\u2019occasion et reconditionn\u00e9e :<\/p>\n<ul>\n<li>Fiabilit\u00e9 prouv\u00e9e : les machines TOSA sont reconnues pour leur robustesse et leur long\u00e9vit\u00e9.<\/li>\n<li>Qualit\u00e9 garantie BBM : r\u00e9vis\u00e9e par nos techniciens experts.<\/li>\n<li>\u00c9conomies significatives par rapport \u00e0 l\u2019achat d\u2019une machine neuve, sans compromis sur les performances.<\/li>\n<\/ul>\n<p>Pr\u00eate \u00e0 l\u2019emploi : machine imm\u00e9diatement disponible, visible et personnalisable selon les besoins de production.<\/p>\n","protected":false},"excerpt":{"rendered":"<p>Banderoleuse TOSA d&rsquo;occasion. La vitesse indiqu\u00e9e en bouteilles par heure fait r\u00e9f\u00e9rence au format standard de 1500 ml en conditionnement 3&#215;2.<\/p>\n","protected":false},"featured_media":71417,"comment_status":"closed","ping_status":"closed","template":"","meta":{"_acf_changed":false},"brand":[7515],"product_brand":[],"product_cat":[1102,1106,4456],"product_tag":[],"class_list":{"0":"post-71408","1":"product","2":"type-product","3":"status-publish","4":"has-post-thumbnail","6":"brand-tosa","7":"product_cat-machines","8":"product_cat-occasion","9":"product_cat-bandelereuses-occasion","11":"first","12":"instock","13":"shipping-taxable","14":"product-type-simple"},"acf":[],"yoast_head":"<!-- This site is optimized with the Yoast SEO plugin v27.2 - https:\/\/yoast.com\/product\/yoast-seo-wordpress\/ -->\n<title>Banderoleuse TOSA - BBM Packaging<\/title>\n<meta name=\"description\" content=\"Banderoleuse TOSA 2004 avec dispositif de pose de film sup\u00e9rieur. Banderoleuse de palettes r\u00e9vis\u00e9e et garantie BBM, disponible imm\u00e9diatement.\" \/>\n<meta name=\"robots\" content=\"index, follow, max-snippet:-1, max-image-preview:large, max-video-preview:-1\" \/>\n<link rel=\"canonical\" href=\"https:\/\/www.bbmpackaging.com\/fr\/machines\/occasion\/bandelereuses-occasion\/banderoleuse-tosa\/\" \/>\n<meta property=\"og:locale\" content=\"fr_FR\" \/>\n<meta property=\"og:type\" content=\"article\" \/>\n<meta property=\"og:title\" content=\"Banderoleuse TOSA - BBM Packaging\" \/>\n<meta property=\"og:description\" content=\"Banderoleuse TOSA 2004 avec dispositif de pose de film sup\u00e9rieur. Banderoleuse de palettes r\u00e9vis\u00e9e et garantie BBM, disponible imm\u00e9diatement.\" \/>\n<meta property=\"og:url\" content=\"https:\/\/www.bbmpackaging.com\/fr\/machines\/occasion\/bandelereuses-occasion\/banderoleuse-tosa\/\" \/>\n<meta property=\"og:site_name\" content=\"BBM Packaging\" \/>\n<meta property=\"article:modified_time\" content=\"2026-03-04T11:19:11+00:00\" \/>\n<meta property=\"og:image\" content=\"https:\/\/www.bbmpackaging.com\/wp-content\/uploads\/2025\/10\/banderoleuse-tosa-pallet-bbm-packaging-2.jpg\" \/>\n\t<meta property=\"og:image:width\" content=\"1400\" \/>\n\t<meta property=\"og:image:height\" content=\"1067\" \/>\n\t<meta property=\"og:image:type\" content=\"image\/jpeg\" \/>\n<meta name=\"twitter:card\" content=\"summary_large_image\" \/>\n<meta name=\"twitter:label1\" content=\"Dur\u00e9e de lecture estim\u00e9e\" \/>\n\t<meta name=\"twitter:data1\" content=\"2 minutes\" \/>\n<script type=\"application\/ld+json\" class=\"yoast-schema-graph\">{\"@context\":\"https:\/\/schema.org\",\"@graph\":[{\"@type\":\"WebPage\",\"@id\":\"https:\/\/www.bbmpackaging.com\/fr\/machines\/occasion\/bandelereuses-occasion\/banderoleuse-tosa\/\",\"url\":\"https:\/\/www.bbmpackaging.com\/fr\/machines\/occasion\/bandelereuses-occasion\/banderoleuse-tosa\/\",\"name\":\"Banderoleuse TOSA - BBM Packaging\",\"isPartOf\":{\"@id\":\"https:\/\/www.bbmpackaging.com\/fr\/#website\"},\"primaryImageOfPage\":{\"@id\":\"https:\/\/www.bbmpackaging.com\/fr\/machines\/occasion\/bandelereuses-occasion\/banderoleuse-tosa\/#primaryimage\"},\"image\":{\"@id\":\"https:\/\/www.bbmpackaging.com\/fr\/machines\/occasion\/bandelereuses-occasion\/banderoleuse-tosa\/#primaryimage\"},\"thumbnailUrl\":\"https:\/\/www.bbmpackaging.com\/wp-content\/uploads\/2025\/10\/banderoleuse-tosa-pallet-bbm-packaging-2.jpg\",\"datePublished\":\"2025-10-09T08:04:08+00:00\",\"dateModified\":\"2026-03-04T11:19:11+00:00\",\"description\":\"Banderoleuse TOSA 2004 avec dispositif de pose de film sup\u00e9rieur. Banderoleuse de palettes r\u00e9vis\u00e9e et garantie BBM, disponible imm\u00e9diatement.\",\"breadcrumb\":{\"@id\":\"https:\/\/www.bbmpackaging.com\/fr\/machines\/occasion\/bandelereuses-occasion\/banderoleuse-tosa\/#breadcrumb\"},\"inLanguage\":\"fr-FR\",\"potentialAction\":[{\"@type\":\"ReadAction\",\"target\":[\"https:\/\/www.bbmpackaging.com\/fr\/machines\/occasion\/bandelereuses-occasion\/banderoleuse-tosa\/\"]}]},{\"@type\":\"ImageObject\",\"inLanguage\":\"fr-FR\",\"@id\":\"https:\/\/www.bbmpackaging.com\/fr\/machines\/occasion\/bandelereuses-occasion\/banderoleuse-tosa\/#primaryimage\",\"url\":\"https:\/\/www.bbmpackaging.com\/wp-content\/uploads\/2025\/10\/banderoleuse-tosa-pallet-bbm-packaging-2.jpg\",\"contentUrl\":\"https:\/\/www.bbmpackaging.com\/wp-content\/uploads\/2025\/10\/banderoleuse-tosa-pallet-bbm-packaging-2.jpg\",\"width\":1400,\"height\":1067,\"caption\":\"Banderoleuse TOSA 2004 avec dispositif de pose de film sup\u00e9rieur, capacit\u00e9 12 000 bph. Banderoleuse de palettes r\u00e9vis\u00e9e et garantie BBM, disponible imm\u00e9diatement. Regarder la vid\u00e9o\"},{\"@type\":\"BreadcrumbList\",\"@id\":\"https:\/\/www.bbmpackaging.com\/fr\/machines\/occasion\/bandelereuses-occasion\/banderoleuse-tosa\/#breadcrumb\",\"itemListElement\":[{\"@type\":\"ListItem\",\"position\":1,\"name\":\"Home\",\"item\":\"https:\/\/www.bbmpackaging.com\/fr\/\"},{\"@type\":\"ListItem\",\"position\":2,\"name\":\"Produits\",\"item\":\"https:\/\/www.bbmpackaging.com\/fr\/produits\/\"},{\"@type\":\"ListItem\",\"position\":3,\"name\":\"Machines d\u2019occasion\",\"item\":\"https:\/\/www.bbmpackaging.com\/fr\/machines\/occasion\/\"},{\"@type\":\"ListItem\",\"position\":4,\"name\":\"Banderoleuses\",\"item\":\"https:\/\/www.bbmpackaging.com\/fr\/machines\/bandelereuses-occasion\/\"},{\"@type\":\"ListItem\",\"position\":5,\"name\":\"Banderoleuse TOSA\"}]},{\"@type\":\"WebSite\",\"@id\":\"https:\/\/www.bbmpackaging.com\/fr\/#website\",\"url\":\"https:\/\/www.bbmpackaging.com\/fr\/\",\"name\":\"BBM Packaging\",\"description\":\"Imbottigliamento: macchinari manutenzione e much more\",\"potentialAction\":[{\"@type\":\"SearchAction\",\"target\":{\"@type\":\"EntryPoint\",\"urlTemplate\":\"https:\/\/www.bbmpackaging.com\/fr\/?s={search_term_string}\"},\"query-input\":{\"@type\":\"PropertyValueSpecification\",\"valueRequired\":true,\"valueName\":\"search_term_string\"}}],\"inLanguage\":\"fr-FR\"}]}<\/script>\n<!-- \/ Yoast SEO plugin. -->","yoast_head_json":{"title":"Banderoleuse TOSA - BBM Packaging","description":"Banderoleuse TOSA 2004 avec dispositif de pose de film sup\u00e9rieur. Banderoleuse de palettes r\u00e9vis\u00e9e et garantie BBM, disponible imm\u00e9diatement.","robots":{"index":"index","follow":"follow","max-snippet":"max-snippet:-1","max-image-preview":"max-image-preview:large","max-video-preview":"max-video-preview:-1"},"canonical":"https:\/\/www.bbmpackaging.com\/fr\/machines\/occasion\/bandelereuses-occasion\/banderoleuse-tosa\/","og_locale":"fr_FR","og_type":"article","og_title":"Banderoleuse TOSA - BBM Packaging","og_description":"Banderoleuse TOSA 2004 avec dispositif de pose de film sup\u00e9rieur. Banderoleuse de palettes r\u00e9vis\u00e9e et garantie BBM, disponible imm\u00e9diatement.","og_url":"https:\/\/www.bbmpackaging.com\/fr\/machines\/occasion\/bandelereuses-occasion\/banderoleuse-tosa\/","og_site_name":"BBM Packaging","article_modified_time":"2026-03-04T11:19:11+00:00","og_image":[{"width":1400,"height":1067,"url":"https:\/\/www.bbmpackaging.com\/wp-content\/uploads\/2025\/10\/banderoleuse-tosa-pallet-bbm-packaging-2.jpg","type":"image\/jpeg"}],"twitter_card":"summary_large_image","twitter_misc":{"Dur\u00e9e de lecture estim\u00e9e":"2 minutes"},"schema":{"@context":"https:\/\/schema.org","@graph":[{"@type":"WebPage","@id":"https:\/\/www.bbmpackaging.com\/fr\/machines\/occasion\/bandelereuses-occasion\/banderoleuse-tosa\/","url":"https:\/\/www.bbmpackaging.com\/fr\/machines\/occasion\/bandelereuses-occasion\/banderoleuse-tosa\/","name":"Banderoleuse TOSA - BBM Packaging","isPartOf":{"@id":"https:\/\/www.bbmpackaging.com\/fr\/#website"},"primaryImageOfPage":{"@id":"https:\/\/www.bbmpackaging.com\/fr\/machines\/occasion\/bandelereuses-occasion\/banderoleuse-tosa\/#primaryimage"},"image":{"@id":"https:\/\/www.bbmpackaging.com\/fr\/machines\/occasion\/bandelereuses-occasion\/banderoleuse-tosa\/#primaryimage"},"thumbnailUrl":"https:\/\/www.bbmpackaging.com\/wp-content\/uploads\/2025\/10\/banderoleuse-tosa-pallet-bbm-packaging-2.jpg","datePublished":"2025-10-09T08:04:08+00:00","dateModified":"2026-03-04T11:19:11+00:00","description":"Banderoleuse TOSA 2004 avec dispositif de pose de film sup\u00e9rieur. Banderoleuse de palettes r\u00e9vis\u00e9e et garantie BBM, disponible imm\u00e9diatement.","breadcrumb":{"@id":"https:\/\/www.bbmpackaging.com\/fr\/machines\/occasion\/bandelereuses-occasion\/banderoleuse-tosa\/#breadcrumb"},"inLanguage":"fr-FR","potentialAction":[{"@type":"ReadAction","target":["https:\/\/www.bbmpackaging.com\/fr\/machines\/occasion\/bandelereuses-occasion\/banderoleuse-tosa\/"]}]},{"@type":"ImageObject","inLanguage":"fr-FR","@id":"https:\/\/www.bbmpackaging.com\/fr\/machines\/occasion\/bandelereuses-occasion\/banderoleuse-tosa\/#primaryimage","url":"https:\/\/www.bbmpackaging.com\/wp-content\/uploads\/2025\/10\/banderoleuse-tosa-pallet-bbm-packaging-2.jpg","contentUrl":"https:\/\/www.bbmpackaging.com\/wp-content\/uploads\/2025\/10\/banderoleuse-tosa-pallet-bbm-packaging-2.jpg","width":1400,"height":1067,"caption":"Banderoleuse TOSA 2004 avec dispositif de pose de film sup\u00e9rieur, capacit\u00e9 12 000 bph. Banderoleuse de palettes r\u00e9vis\u00e9e et garantie BBM, disponible imm\u00e9diatement. Regarder la vid\u00e9o"},{"@type":"BreadcrumbList","@id":"https:\/\/www.bbmpackaging.com\/fr\/machines\/occasion\/bandelereuses-occasion\/banderoleuse-tosa\/#breadcrumb","itemListElement":[{"@type":"ListItem","position":1,"name":"Home","item":"https:\/\/www.bbmpackaging.com\/fr\/"},{"@type":"ListItem","position":2,"name":"Produits","item":"https:\/\/www.bbmpackaging.com\/fr\/produits\/"},{"@type":"ListItem","position":3,"name":"Machines d\u2019occasion","item":"https:\/\/www.bbmpackaging.com\/fr\/machines\/occasion\/"},{"@type":"ListItem","position":4,"name":"Banderoleuses","item":"https:\/\/www.bbmpackaging.com\/fr\/machines\/bandelereuses-occasion\/"},{"@type":"ListItem","position":5,"name":"Banderoleuse TOSA"}]},{"@type":"WebSite","@id":"https:\/\/www.bbmpackaging.com\/fr\/#website","url":"https:\/\/www.bbmpackaging.com\/fr\/","name":"BBM Packaging","description":"Imbottigliamento: macchinari manutenzione e much more","potentialAction":[{"@type":"SearchAction","target":{"@type":"EntryPoint","urlTemplate":"https:\/\/www.bbmpackaging.com\/fr\/?s={search_term_string}"},"query-input":{"@type":"PropertyValueSpecification","valueRequired":true,"valueName":"search_term_string"}}],"inLanguage":"fr-FR"}]}},"_links":{"self":[{"href":"https:\/\/www.bbmpackaging.com\/fr\/wp-json\/wp\/v2\/product\/71408","targetHints":{"allow":["GET"]}}],"collection":[{"href":"https:\/\/www.bbmpackaging.com\/fr\/wp-json\/wp\/v2\/product"}],"about":[{"href":"https:\/\/www.bbmpackaging.com\/fr\/wp-json\/wp\/v2\/types\/product"}],"replies":[{"embeddable":true,"href":"https:\/\/www.bbmpackaging.com\/fr\/wp-json\/wp\/v2\/comments?post=71408"}],"wp:featuredmedia":[{"embeddable":true,"href":"https:\/\/www.bbmpackaging.com\/fr\/wp-json\/wp\/v2\/media\/71417"}],"wp:attachment":[{"href":"https:\/\/www.bbmpackaging.com\/fr\/wp-json\/wp\/v2\/media?parent=71408"}],"wp:term":[{"taxonomy":"brand","embeddable":true,"href":"https:\/\/www.bbmpackaging.com\/fr\/wp-json\/wp\/v2\/brand?post=71408"},{"taxonomy":"product_brand","embeddable":true,"href":"https:\/\/www.bbmpackaging.com\/fr\/wp-json\/wp\/v2\/product_brand?post=71408"},{"taxonomy":"product_cat","embeddable":true,"href":"https:\/\/www.bbmpackaging.com\/fr\/wp-json\/wp\/v2\/product_cat?post=71408"},{"taxonomy":"product_tag","embeddable":true,"href":"https:\/\/www.bbmpackaging.com\/fr\/wp-json\/wp\/v2\/product_tag?post=71408"}],"curies":[{"name":"wp","href":"https:\/\/api.w.org\/{rel}","templated":true}]}}