{"id":71646,"date":"2025-10-10T12:22:38","date_gmt":"2025-10-10T10:22:38","guid":{"rendered":"https:\/\/www.bbmpackaging.com\/?post_type=product&#038;p=71646"},"modified":"2026-02-02T16:21:26","modified_gmt":"2026-02-02T15:21:26","slug":"ligne-de-reconditionnement-de-boites-en-format-variety-pack","status":"publish","type":"product","link":"https:\/\/www.bbmpackaging.com\/fr\/machines\/occasion\/lignes-embouteillage-occasion\/ligne-de-reconditionnement-de-boites-en-format-variety-pack\/","title":{"rendered":"Ligne de reconditionnement de bo\u00eetes en format variety pack"},"content":{"rendered":"<p>Ligne de reconditionnement variety pack pour canettes de 330 ml<br \/><\/br><\/p>\n<p><strong>OCME \u2013 SMI \u2013 TOSA<\/strong> | Disponible \u00e0 partir de d\u00e9cembre<br \/><\/br><\/p>\n<p>Ligne compl\u00e8te pour la cr\u00e9ation d\u2019emballages multi-saveurs destin\u00e9s au march\u00e9 des boissons et \u00e0 la grande distribution. Id\u00e9ale pour combiner des packs d\u00e9j\u00e0 pr\u00eats (ex. orange douce et am\u00e8re) et r\u00e9aliser de nouveaux emballages mixtes en wrap-around, plateau ou uniquement film.<br \/><\/br><\/p>\n<p>Compos\u00e9e de :<\/p>\n<ul>\n<li><a href=\"https:\/\/www.bbmpackaging.com\/fr\/machines\/occasion\/depalettiseurs-occasion\/depalettiseur-ocme-pegasus\/\" target=\"_blank\" rel=\"noopener\"><strong>D\u00e9palettiseur OCME PEGASUS<\/strong><\/a> \u2013 t\u00eate unique pour deux saveurs de produit sur deux convoyeurs de sortie.<\/li>\n<li><a href=\"https:\/\/www.bbmpackaging.com\/fr\/machines\/fardeleuses-formeuses-de-barquettes-occasion\/fardeleuse-smi-sk-450t\/\" target=\"_blank\" rel=\"noopener\"><strong>Encaisseuse SMI SK450T<\/strong><\/a> \u2013 conditionnement flexible en film, plateau ou wrap-around (n.b. vid\u00e9o r\u00e9alis\u00e9e \u00e0 des fins de d\u00e9monstration, non li\u00e9e \u00e0 cette op\u00e9ration sp\u00e9cifique).<\/li>\n<li><a href=\"https:\/\/www.bbmpackaging.com\/fr\/machines\/occasion\/palettiseurs-occasion\/palettiseur-ocme-pegasus\/\" target=\"_blank\" rel=\"noopener\"><strong>Palettiseur OCME PEGASUS<\/strong><\/a> \u2013 haute pr\u00e9cision et vitesse de cycle \u00e9lev\u00e9e.<\/li>\n<li><a href=\"https:\/\/www.bbmpackaging.com\/fr\/machines\/occasion\/bandelereuses-occasion\/banderoleuse-tosa\/\" target=\"_blank\" rel=\"noopener\"><strong>Bandelereuse TOSA<\/strong><\/a> \u2013 banderolage stable et s\u00fbr de la palette finie.<\/li>\n<\/ul>\n<p>Con\u00e7ue pour des canettes de 330 ml, la ligne atteint une vitesse allant jusqu\u2019\u00e0 30 packs par minute de 24 unit\u00e9s chacun. Elle est g\u00e9r\u00e9e par un PLC et HMI Siemens et se distingue par un haut niveau d\u2019automatisation, permettant un fonctionnement efficace avec un nombre r\u00e9duit d\u2019op\u00e9rateurs. Sur demande, BBM peut fournir la ligne reconditionn\u00e9e, enti\u00e8rement r\u00e9vis\u00e9e, test\u00e9e et garantie.<br \/><\/br><\/p>\n<p>Des pi\u00e8ces de rechange compatibles pour convoyeurs et machines sont \u00e9galement disponibles, garantissant la continuit\u00e9 op\u00e9rationnelle et la facilit\u00e9 de maintenance. Une solution id\u00e9ale pour ceux qui souhaitent \u00e9largir leur offre avec des variety packs \u00e0 haute efficacit\u00e9, des d\u00e9lais de livraison rapides et une fiabilit\u00e9 maximale.<\/p>\n","protected":false},"excerpt":{"rendered":"<p>Ligne de reconditionnement de cartons de canettes en format variety pack<\/p>\n","protected":false},"featured_media":72339,"comment_status":"closed","ping_status":"closed","template":"","meta":{"_acf_changed":false},"brand":[7500],"product_brand":[],"product_cat":[1102,1106,1108],"product_tag":[],"class_list":{"0":"post-71646","1":"product","2":"type-product","3":"status-publish","4":"has-post-thumbnail","6":"brand-muiltimarques","7":"product_cat-machines","8":"product_cat-occasion","9":"product_cat-lignes-embouteillage-occasion","11":"first","12":"instock","13":"shipping-taxable","14":"product-type-simple"},"acf":[],"yoast_head":"<!-- This site is optimized with the Yoast SEO plugin v27.2 - https:\/\/yoast.com\/product\/yoast-seo-wordpress\/ -->\n<title>Ligne de reconditionnement de bo\u00eetes en format variety pack - BBM Packaging<\/title>\n<meta name=\"description\" content=\"Ligne de reconditionnement de canettes de 330\u202fml en variety pack multi-saveurs, avec machines OCME, SMI et TOSA. Ex Sanpellegrino\" \/>\n<meta name=\"robots\" content=\"index, follow, max-snippet:-1, max-image-preview:large, max-video-preview:-1\" \/>\n<link rel=\"canonical\" href=\"https:\/\/www.bbmpackaging.com\/fr\/machines\/occasion\/lignes-embouteillage-occasion\/ligne-de-reconditionnement-de-boites-en-format-variety-pack\/\" \/>\n<meta property=\"og:locale\" content=\"fr_FR\" \/>\n<meta property=\"og:type\" content=\"article\" \/>\n<meta property=\"og:title\" content=\"Ligne de reconditionnement de bo\u00eetes en format variety pack - BBM Packaging\" \/>\n<meta property=\"og:description\" content=\"Ligne de reconditionnement de canettes de 330\u202fml en variety pack multi-saveurs, avec machines OCME, SMI et TOSA. Ex Sanpellegrino\" \/>\n<meta property=\"og:url\" content=\"https:\/\/www.bbmpackaging.com\/fr\/machines\/occasion\/lignes-embouteillage-occasion\/ligne-de-reconditionnement-de-boites-en-format-variety-pack\/\" \/>\n<meta property=\"og:site_name\" content=\"BBM Packaging\" \/>\n<meta property=\"article:modified_time\" content=\"2026-02-02T15:21:26+00:00\" \/>\n<meta property=\"og:image\" content=\"https:\/\/www.bbmpackaging.com\/wp-content\/uploads\/2025\/10\/ligne-reconditionnement-boites-variety-pack-2.jpg\" \/>\n\t<meta property=\"og:image:width\" content=\"1440\" \/>\n\t<meta property=\"og:image:height\" content=\"1080\" \/>\n\t<meta property=\"og:image:type\" content=\"image\/jpeg\" \/>\n<meta name=\"twitter:card\" content=\"summary_large_image\" \/>\n<meta name=\"twitter:label1\" content=\"Dur\u00e9e de lecture estim\u00e9e\" \/>\n\t<meta name=\"twitter:data1\" content=\"2 minutes\" \/>\n<script type=\"application\/ld+json\" class=\"yoast-schema-graph\">{\"@context\":\"https:\/\/schema.org\",\"@graph\":[{\"@type\":\"WebPage\",\"@id\":\"https:\/\/www.bbmpackaging.com\/fr\/machines\/occasion\/lignes-embouteillage-occasion\/ligne-de-reconditionnement-de-boites-en-format-variety-pack\/\",\"url\":\"https:\/\/www.bbmpackaging.com\/fr\/machines\/occasion\/lignes-embouteillage-occasion\/ligne-de-reconditionnement-de-boites-en-format-variety-pack\/\",\"name\":\"Ligne de reconditionnement de bo\u00eetes en format variety pack - BBM Packaging\",\"isPartOf\":{\"@id\":\"https:\/\/www.bbmpackaging.com\/fr\/#website\"},\"primaryImageOfPage\":{\"@id\":\"https:\/\/www.bbmpackaging.com\/fr\/machines\/occasion\/lignes-embouteillage-occasion\/ligne-de-reconditionnement-de-boites-en-format-variety-pack\/#primaryimage\"},\"image\":{\"@id\":\"https:\/\/www.bbmpackaging.com\/fr\/machines\/occasion\/lignes-embouteillage-occasion\/ligne-de-reconditionnement-de-boites-en-format-variety-pack\/#primaryimage\"},\"thumbnailUrl\":\"https:\/\/www.bbmpackaging.com\/wp-content\/uploads\/2025\/10\/ligne-reconditionnement-boites-variety-pack-2.jpg\",\"datePublished\":\"2025-10-10T10:22:38+00:00\",\"dateModified\":\"2026-02-02T15:21:26+00:00\",\"description\":\"Ligne de reconditionnement de canettes de 330\u202fml en variety pack multi-saveurs, avec machines OCME, SMI et TOSA. Ex Sanpellegrino\",\"breadcrumb\":{\"@id\":\"https:\/\/www.bbmpackaging.com\/fr\/machines\/occasion\/lignes-embouteillage-occasion\/ligne-de-reconditionnement-de-boites-en-format-variety-pack\/#breadcrumb\"},\"inLanguage\":\"fr-FR\",\"potentialAction\":[{\"@type\":\"ReadAction\",\"target\":[\"https:\/\/www.bbmpackaging.com\/fr\/machines\/occasion\/lignes-embouteillage-occasion\/ligne-de-reconditionnement-de-boites-en-format-variety-pack\/\"]}]},{\"@type\":\"ImageObject\",\"inLanguage\":\"fr-FR\",\"@id\":\"https:\/\/www.bbmpackaging.com\/fr\/machines\/occasion\/lignes-embouteillage-occasion\/ligne-de-reconditionnement-de-boites-en-format-variety-pack\/#primaryimage\",\"url\":\"https:\/\/www.bbmpackaging.com\/wp-content\/uploads\/2025\/10\/ligne-reconditionnement-boites-variety-pack-2.jpg\",\"contentUrl\":\"https:\/\/www.bbmpackaging.com\/wp-content\/uploads\/2025\/10\/ligne-reconditionnement-boites-variety-pack-2.jpg\",\"width\":1440,\"height\":1080,\"caption\":\"Ligne compl\u00e8te pour le reconditionnement de canettes de 330 ml en packs multigustes, avec des machines OCME, SMI et TOSA. \u00c0 vendre.\"},{\"@type\":\"BreadcrumbList\",\"@id\":\"https:\/\/www.bbmpackaging.com\/fr\/machines\/occasion\/lignes-embouteillage-occasion\/ligne-de-reconditionnement-de-boites-en-format-variety-pack\/#breadcrumb\",\"itemListElement\":[{\"@type\":\"ListItem\",\"position\":1,\"name\":\"Home\",\"item\":\"https:\/\/www.bbmpackaging.com\/fr\/\"},{\"@type\":\"ListItem\",\"position\":2,\"name\":\"Produits\",\"item\":\"https:\/\/www.bbmpackaging.com\/fr\/produits\/\"},{\"@type\":\"ListItem\",\"position\":3,\"name\":\"Machines d\u2019occasion\",\"item\":\"https:\/\/www.bbmpackaging.com\/fr\/machines\/occasion\/\"},{\"@type\":\"ListItem\",\"position\":4,\"name\":\"Ligne d\u2019embouteillage et d\u2019emballage\",\"item\":\"https:\/\/www.bbmpackaging.com\/fr\/machines\/lignes-embouteillage-occasion\/\"},{\"@type\":\"ListItem\",\"position\":5,\"name\":\"Ligne de reconditionnement de bo\u00eetes en format variety pack\"}]},{\"@type\":\"WebSite\",\"@id\":\"https:\/\/www.bbmpackaging.com\/fr\/#website\",\"url\":\"https:\/\/www.bbmpackaging.com\/fr\/\",\"name\":\"BBM Packaging\",\"description\":\"Imbottigliamento: macchinari manutenzione e much more\",\"potentialAction\":[{\"@type\":\"SearchAction\",\"target\":{\"@type\":\"EntryPoint\",\"urlTemplate\":\"https:\/\/www.bbmpackaging.com\/fr\/?s={search_term_string}\"},\"query-input\":{\"@type\":\"PropertyValueSpecification\",\"valueRequired\":true,\"valueName\":\"search_term_string\"}}],\"inLanguage\":\"fr-FR\"}]}<\/script>\n<!-- \/ Yoast SEO plugin. -->","yoast_head_json":{"title":"Ligne de reconditionnement de bo\u00eetes en format variety pack - BBM Packaging","description":"Ligne de reconditionnement de canettes de 330\u202fml en variety pack multi-saveurs, avec machines OCME, SMI et TOSA. Ex Sanpellegrino","robots":{"index":"index","follow":"follow","max-snippet":"max-snippet:-1","max-image-preview":"max-image-preview:large","max-video-preview":"max-video-preview:-1"},"canonical":"https:\/\/www.bbmpackaging.com\/fr\/machines\/occasion\/lignes-embouteillage-occasion\/ligne-de-reconditionnement-de-boites-en-format-variety-pack\/","og_locale":"fr_FR","og_type":"article","og_title":"Ligne de reconditionnement de bo\u00eetes en format variety pack - BBM Packaging","og_description":"Ligne de reconditionnement de canettes de 330\u202fml en variety pack multi-saveurs, avec machines OCME, SMI et TOSA. Ex Sanpellegrino","og_url":"https:\/\/www.bbmpackaging.com\/fr\/machines\/occasion\/lignes-embouteillage-occasion\/ligne-de-reconditionnement-de-boites-en-format-variety-pack\/","og_site_name":"BBM Packaging","article_modified_time":"2026-02-02T15:21:26+00:00","og_image":[{"width":1440,"height":1080,"url":"https:\/\/www.bbmpackaging.com\/wp-content\/uploads\/2025\/10\/ligne-reconditionnement-boites-variety-pack-2.jpg","type":"image\/jpeg"}],"twitter_card":"summary_large_image","twitter_misc":{"Dur\u00e9e de lecture estim\u00e9e":"2 minutes"},"schema":{"@context":"https:\/\/schema.org","@graph":[{"@type":"WebPage","@id":"https:\/\/www.bbmpackaging.com\/fr\/machines\/occasion\/lignes-embouteillage-occasion\/ligne-de-reconditionnement-de-boites-en-format-variety-pack\/","url":"https:\/\/www.bbmpackaging.com\/fr\/machines\/occasion\/lignes-embouteillage-occasion\/ligne-de-reconditionnement-de-boites-en-format-variety-pack\/","name":"Ligne de reconditionnement de bo\u00eetes en format variety pack - BBM Packaging","isPartOf":{"@id":"https:\/\/www.bbmpackaging.com\/fr\/#website"},"primaryImageOfPage":{"@id":"https:\/\/www.bbmpackaging.com\/fr\/machines\/occasion\/lignes-embouteillage-occasion\/ligne-de-reconditionnement-de-boites-en-format-variety-pack\/#primaryimage"},"image":{"@id":"https:\/\/www.bbmpackaging.com\/fr\/machines\/occasion\/lignes-embouteillage-occasion\/ligne-de-reconditionnement-de-boites-en-format-variety-pack\/#primaryimage"},"thumbnailUrl":"https:\/\/www.bbmpackaging.com\/wp-content\/uploads\/2025\/10\/ligne-reconditionnement-boites-variety-pack-2.jpg","datePublished":"2025-10-10T10:22:38+00:00","dateModified":"2026-02-02T15:21:26+00:00","description":"Ligne de reconditionnement de canettes de 330\u202fml en variety pack multi-saveurs, avec machines OCME, SMI et TOSA. Ex Sanpellegrino","breadcrumb":{"@id":"https:\/\/www.bbmpackaging.com\/fr\/machines\/occasion\/lignes-embouteillage-occasion\/ligne-de-reconditionnement-de-boites-en-format-variety-pack\/#breadcrumb"},"inLanguage":"fr-FR","potentialAction":[{"@type":"ReadAction","target":["https:\/\/www.bbmpackaging.com\/fr\/machines\/occasion\/lignes-embouteillage-occasion\/ligne-de-reconditionnement-de-boites-en-format-variety-pack\/"]}]},{"@type":"ImageObject","inLanguage":"fr-FR","@id":"https:\/\/www.bbmpackaging.com\/fr\/machines\/occasion\/lignes-embouteillage-occasion\/ligne-de-reconditionnement-de-boites-en-format-variety-pack\/#primaryimage","url":"https:\/\/www.bbmpackaging.com\/wp-content\/uploads\/2025\/10\/ligne-reconditionnement-boites-variety-pack-2.jpg","contentUrl":"https:\/\/www.bbmpackaging.com\/wp-content\/uploads\/2025\/10\/ligne-reconditionnement-boites-variety-pack-2.jpg","width":1440,"height":1080,"caption":"Ligne compl\u00e8te pour le reconditionnement de canettes de 330 ml en packs multigustes, avec des machines OCME, SMI et TOSA. \u00c0 vendre."},{"@type":"BreadcrumbList","@id":"https:\/\/www.bbmpackaging.com\/fr\/machines\/occasion\/lignes-embouteillage-occasion\/ligne-de-reconditionnement-de-boites-en-format-variety-pack\/#breadcrumb","itemListElement":[{"@type":"ListItem","position":1,"name":"Home","item":"https:\/\/www.bbmpackaging.com\/fr\/"},{"@type":"ListItem","position":2,"name":"Produits","item":"https:\/\/www.bbmpackaging.com\/fr\/produits\/"},{"@type":"ListItem","position":3,"name":"Machines d\u2019occasion","item":"https:\/\/www.bbmpackaging.com\/fr\/machines\/occasion\/"},{"@type":"ListItem","position":4,"name":"Ligne d\u2019embouteillage et d\u2019emballage","item":"https:\/\/www.bbmpackaging.com\/fr\/machines\/lignes-embouteillage-occasion\/"},{"@type":"ListItem","position":5,"name":"Ligne de reconditionnement de bo\u00eetes en format variety pack"}]},{"@type":"WebSite","@id":"https:\/\/www.bbmpackaging.com\/fr\/#website","url":"https:\/\/www.bbmpackaging.com\/fr\/","name":"BBM Packaging","description":"Imbottigliamento: macchinari manutenzione e much more","potentialAction":[{"@type":"SearchAction","target":{"@type":"EntryPoint","urlTemplate":"https:\/\/www.bbmpackaging.com\/fr\/?s={search_term_string}"},"query-input":{"@type":"PropertyValueSpecification","valueRequired":true,"valueName":"search_term_string"}}],"inLanguage":"fr-FR"}]}},"_links":{"self":[{"href":"https:\/\/www.bbmpackaging.com\/fr\/wp-json\/wp\/v2\/product\/71646","targetHints":{"allow":["GET"]}}],"collection":[{"href":"https:\/\/www.bbmpackaging.com\/fr\/wp-json\/wp\/v2\/product"}],"about":[{"href":"https:\/\/www.bbmpackaging.com\/fr\/wp-json\/wp\/v2\/types\/product"}],"replies":[{"embeddable":true,"href":"https:\/\/www.bbmpackaging.com\/fr\/wp-json\/wp\/v2\/comments?post=71646"}],"wp:featuredmedia":[{"embeddable":true,"href":"https:\/\/www.bbmpackaging.com\/fr\/wp-json\/wp\/v2\/media\/72339"}],"wp:attachment":[{"href":"https:\/\/www.bbmpackaging.com\/fr\/wp-json\/wp\/v2\/media?parent=71646"}],"wp:term":[{"taxonomy":"brand","embeddable":true,"href":"https:\/\/www.bbmpackaging.com\/fr\/wp-json\/wp\/v2\/brand?post=71646"},{"taxonomy":"product_brand","embeddable":true,"href":"https:\/\/www.bbmpackaging.com\/fr\/wp-json\/wp\/v2\/product_brand?post=71646"},{"taxonomy":"product_cat","embeddable":true,"href":"https:\/\/www.bbmpackaging.com\/fr\/wp-json\/wp\/v2\/product_cat?post=71646"},{"taxonomy":"product_tag","embeddable":true,"href":"https:\/\/www.bbmpackaging.com\/fr\/wp-json\/wp\/v2\/product_tag?post=71646"}],"curies":[{"name":"wp","href":"https:\/\/api.w.org\/{rel}","templated":true}]}}