{"id":72981,"date":"2025-11-18T14:10:14","date_gmt":"2025-11-18T13:10:14","guid":{"rendered":"https:\/\/www.bbmpackaging.com\/?post_type=product&#038;p=72981"},"modified":"2026-02-05T12:33:38","modified_gmt":"2026-02-05T11:33:38","slug":"compresseur-atlas-copco","status":"publish","type":"product","link":"https:\/\/www.bbmpackaging.com\/fr\/machines\/occasion\/autres-machines-occasion\/compresseur-atlas-copco\/","title":{"rendered":"Compresseur ATLAS Copco"},"content":{"rendered":"<p data-start=\"1349\" data-end=\"1620\">Un <strong data-start=\"1352\" data-end=\"1379\">compresseur industriel<\/strong> est une machine qui aspire l\u2019air ext\u00e9rieur et le comprime afin d\u2019atteindre la pression n\u00e9cessaire pour alimenter installations, \u00e9quipements et processus de production. Dans les secteurs du packaging et du beverage, le compresseur est essentiel pour :<\/p>\n<ul data-start=\"1622\" data-end=\"1880\">\n<li data-start=\"1622\" data-end=\"1707\">\n<p data-start=\"1624\" data-end=\"1707\"><strong data-start=\"1624\" data-end=\"1665\">Alimenter les souffleuses PET<\/strong> qui transforment les pr\u00e9formes en bouteilles.<\/p>\n<\/li>\n<\/ul>\n<p>Le <strong data-start=\"185\" data-end=\"219\">Compresseur ATLAS COPCO (2009)<\/strong> propos\u00e9 par BBM Packaging est con\u00e7u pour des performances industrielles, offrant une vitesse maximale de 37,5 m\u00b3\/h (25 000 bph) et une pression de travail de 40 bar, garantissant un flux d\u2019air constant et pr\u00e9cis m\u00eame dans les applications les plus exigeantes.<\/p>\n<p data-start=\"622\" data-end=\"656\">Disponible en deux configurations :<\/p>\n<ul>\n<li data-start=\"659\" data-end=\"692\"><strong data-start=\"659\" data-end=\"692\">Condition \u201cvu et approuv\u00e9\u201d<\/strong><\/li>\n<li data-start=\"695\" data-end=\"759\"><strong data-start=\"695\" data-end=\"731\">Version r\u00e9vis\u00e9e et garantie<\/strong>, avec une <strong data-start=\"737\" data-end=\"759\">garantie de 6 mois<\/strong><\/li>\n<\/ul>\n<p data-start=\"761\" data-end=\"949\">La machine est <strong data-start=\"778\" data-end=\"832\">inspectable au BBM Showroom de Lenna (BG)<\/strong> et peut \u00eatre fournie avec des <strong data-start=\"858\" data-end=\"879\">options d\u00e9di\u00e9es<\/strong> pour s\u2019adapter aux besoins sp\u00e9cifiques de votre ligne de production.<\/p>\n<p data-start=\"939\" data-end=\"1257\">Ce compresseur a \u00e9t\u00e9 <strong data-start=\"960\" data-end=\"999\">maintenu dans un \u00e9tat irr\u00e9prochable<\/strong>, gr\u00e2ce \u00e0 une <strong data-start=\"1013\" data-end=\"1097\">maintenance r\u00e9guli\u00e8re r\u00e9alis\u00e9e exclusivement par le service officiel Atlas Copco<\/strong>.<br data-start=\"1098\" data-end=\"1101\">Il a toujours \u00e9t\u00e9 entretenu avec <strong data-start=\"1134\" data-end=\"1158\">des pi\u00e8ces d\u2019origine<\/strong> et par <strong data-start=\"1166\" data-end=\"1195\">des techniciens certifi\u00e9s<\/strong>, garantissant fiabilit\u00e9, performances optimales et long\u00e9vit\u00e9.<\/p>\n","protected":false},"excerpt":{"rendered":"<p>Compresseur ATLAS Copco pour machines de soufflage<\/p>\n","protected":false},"featured_media":72986,"comment_status":"closed","ping_status":"closed","template":"","meta":{"_acf_changed":false},"brand":[7506],"product_brand":[],"product_cat":[1128,1106,1102],"product_tag":[],"class_list":{"0":"post-72981","1":"product","2":"type-product","3":"status-publish","4":"has-post-thumbnail","6":"brand-atlas-copco","7":"product_cat-autres-machines-occasion","8":"product_cat-occasion","9":"product_cat-machines","11":"first","12":"instock","13":"shipping-taxable","14":"product-type-simple"},"acf":[],"yoast_head":"<!-- This site is optimized with the Yoast SEO plugin v27.2 - https:\/\/yoast.com\/product\/yoast-seo-wordpress\/ -->\n<title>Compresseur ATLAS Copco - BBM Packaging<\/title>\n<meta name=\"description\" content=\"Compresseur Atlas Copco 2009 de 40 bars et 25 m\u00b3\/h, con\u00e7u pour fournir de l&#039;air comprim\u00e9 stable aux machines de soufflage PET jusqu&#039;\u00e0 25 000 bph\" \/>\n<meta name=\"robots\" content=\"index, follow, max-snippet:-1, max-image-preview:large, max-video-preview:-1\" \/>\n<link rel=\"canonical\" href=\"https:\/\/www.bbmpackaging.com\/fr\/machines\/occasion\/autres-machines-occasion\/compresseur-atlas-copco\/\" \/>\n<meta property=\"og:locale\" content=\"fr_FR\" \/>\n<meta property=\"og:type\" content=\"article\" \/>\n<meta property=\"og:title\" content=\"Compresseur ATLAS Copco - BBM Packaging\" \/>\n<meta property=\"og:description\" content=\"Compresseur Atlas Copco 2009 de 40 bars et 25 m\u00b3\/h, con\u00e7u pour fournir de l&#039;air comprim\u00e9 stable aux machines de soufflage PET jusqu&#039;\u00e0 25 000 bph\" \/>\n<meta property=\"og:url\" content=\"https:\/\/www.bbmpackaging.com\/fr\/machines\/occasion\/autres-machines-occasion\/compresseur-atlas-copco\/\" \/>\n<meta property=\"og:site_name\" content=\"BBM Packaging\" \/>\n<meta property=\"article:modified_time\" content=\"2026-02-05T11:33:38+00:00\" \/>\n<meta property=\"og:image\" content=\"https:\/\/www.bbmpackaging.com\/wp-content\/uploads\/2025\/11\/Compresseur-ATLAS-Copco-1.jpg\" \/>\n\t<meta property=\"og:image:width\" content=\"1440\" \/>\n\t<meta property=\"og:image:height\" content=\"1080\" \/>\n\t<meta property=\"og:image:type\" content=\"image\/jpeg\" \/>\n<meta name=\"twitter:card\" content=\"summary_large_image\" \/>\n<meta name=\"twitter:label1\" content=\"Dur\u00e9e de lecture estim\u00e9e\" \/>\n\t<meta name=\"twitter:data1\" content=\"1 minute\" \/>\n<script type=\"application\/ld+json\" class=\"yoast-schema-graph\">{\"@context\":\"https:\/\/schema.org\",\"@graph\":[{\"@type\":\"WebPage\",\"@id\":\"https:\/\/www.bbmpackaging.com\/fr\/machines\/occasion\/autres-machines-occasion\/compresseur-atlas-copco\/\",\"url\":\"https:\/\/www.bbmpackaging.com\/fr\/machines\/occasion\/autres-machines-occasion\/compresseur-atlas-copco\/\",\"name\":\"Compresseur ATLAS Copco - BBM Packaging\",\"isPartOf\":{\"@id\":\"https:\/\/www.bbmpackaging.com\/fr\/#website\"},\"primaryImageOfPage\":{\"@id\":\"https:\/\/www.bbmpackaging.com\/fr\/machines\/occasion\/autres-machines-occasion\/compresseur-atlas-copco\/#primaryimage\"},\"image\":{\"@id\":\"https:\/\/www.bbmpackaging.com\/fr\/machines\/occasion\/autres-machines-occasion\/compresseur-atlas-copco\/#primaryimage\"},\"thumbnailUrl\":\"https:\/\/www.bbmpackaging.com\/wp-content\/uploads\/2025\/11\/Compresseur-ATLAS-Copco-1.jpg\",\"datePublished\":\"2025-11-18T13:10:14+00:00\",\"dateModified\":\"2026-02-05T11:33:38+00:00\",\"description\":\"Compresseur Atlas Copco 2009 de 40 bars et 25 m\u00b3\/h, con\u00e7u pour fournir de l'air comprim\u00e9 stable aux machines de soufflage PET jusqu'\u00e0 25 000 bph\",\"breadcrumb\":{\"@id\":\"https:\/\/www.bbmpackaging.com\/fr\/machines\/occasion\/autres-machines-occasion\/compresseur-atlas-copco\/#breadcrumb\"},\"inLanguage\":\"fr-FR\",\"potentialAction\":[{\"@type\":\"ReadAction\",\"target\":[\"https:\/\/www.bbmpackaging.com\/fr\/machines\/occasion\/autres-machines-occasion\/compresseur-atlas-copco\/\"]}]},{\"@type\":\"ImageObject\",\"inLanguage\":\"fr-FR\",\"@id\":\"https:\/\/www.bbmpackaging.com\/fr\/machines\/occasion\/autres-machines-occasion\/compresseur-atlas-copco\/#primaryimage\",\"url\":\"https:\/\/www.bbmpackaging.com\/wp-content\/uploads\/2025\/11\/Compresseur-ATLAS-Copco-1.jpg\",\"contentUrl\":\"https:\/\/www.bbmpackaging.com\/wp-content\/uploads\/2025\/11\/Compresseur-ATLAS-Copco-1.jpg\",\"width\":1440,\"height\":1080,\"caption\":\"Compresseur Atlas Copco 2009 de 40 bars et 25 m\u00b3\/h, con\u00e7u pour fournir de l'air comprim\u00e9 stable aux machines de soufflage PET jusqu'\u00e0 25 000 bph\"},{\"@type\":\"BreadcrumbList\",\"@id\":\"https:\/\/www.bbmpackaging.com\/fr\/machines\/occasion\/autres-machines-occasion\/compresseur-atlas-copco\/#breadcrumb\",\"itemListElement\":[{\"@type\":\"ListItem\",\"position\":1,\"name\":\"Home\",\"item\":\"https:\/\/www.bbmpackaging.com\/fr\/\"},{\"@type\":\"ListItem\",\"position\":2,\"name\":\"Produits\",\"item\":\"https:\/\/www.bbmpackaging.com\/fr\/produits\/\"},{\"@type\":\"ListItem\",\"position\":3,\"name\":\"Machines d\u2019occasion\",\"item\":\"https:\/\/www.bbmpackaging.com\/fr\/machines\/occasion\/\"},{\"@type\":\"ListItem\",\"position\":4,\"name\":\"Autres machines pour l\u2019embouteillage\",\"item\":\"https:\/\/www.bbmpackaging.com\/fr\/machines\/autres-machines-occasion\/\"},{\"@type\":\"ListItem\",\"position\":5,\"name\":\"Compresseur ATLAS Copco\"}]},{\"@type\":\"WebSite\",\"@id\":\"https:\/\/www.bbmpackaging.com\/fr\/#website\",\"url\":\"https:\/\/www.bbmpackaging.com\/fr\/\",\"name\":\"BBM Packaging\",\"description\":\"Imbottigliamento: macchinari manutenzione e much more\",\"potentialAction\":[{\"@type\":\"SearchAction\",\"target\":{\"@type\":\"EntryPoint\",\"urlTemplate\":\"https:\/\/www.bbmpackaging.com\/fr\/?s={search_term_string}\"},\"query-input\":{\"@type\":\"PropertyValueSpecification\",\"valueRequired\":true,\"valueName\":\"search_term_string\"}}],\"inLanguage\":\"fr-FR\"}]}<\/script>\n<!-- \/ Yoast SEO plugin. -->","yoast_head_json":{"title":"Compresseur ATLAS Copco - BBM Packaging","description":"Compresseur Atlas Copco 2009 de 40 bars et 25 m\u00b3\/h, con\u00e7u pour fournir de l'air comprim\u00e9 stable aux machines de soufflage PET jusqu'\u00e0 25 000 bph","robots":{"index":"index","follow":"follow","max-snippet":"max-snippet:-1","max-image-preview":"max-image-preview:large","max-video-preview":"max-video-preview:-1"},"canonical":"https:\/\/www.bbmpackaging.com\/fr\/machines\/occasion\/autres-machines-occasion\/compresseur-atlas-copco\/","og_locale":"fr_FR","og_type":"article","og_title":"Compresseur ATLAS Copco - BBM Packaging","og_description":"Compresseur Atlas Copco 2009 de 40 bars et 25 m\u00b3\/h, con\u00e7u pour fournir de l'air comprim\u00e9 stable aux machines de soufflage PET jusqu'\u00e0 25 000 bph","og_url":"https:\/\/www.bbmpackaging.com\/fr\/machines\/occasion\/autres-machines-occasion\/compresseur-atlas-copco\/","og_site_name":"BBM Packaging","article_modified_time":"2026-02-05T11:33:38+00:00","og_image":[{"width":1440,"height":1080,"url":"https:\/\/www.bbmpackaging.com\/wp-content\/uploads\/2025\/11\/Compresseur-ATLAS-Copco-1.jpg","type":"image\/jpeg"}],"twitter_card":"summary_large_image","twitter_misc":{"Dur\u00e9e de lecture estim\u00e9e":"1 minute"},"schema":{"@context":"https:\/\/schema.org","@graph":[{"@type":"WebPage","@id":"https:\/\/www.bbmpackaging.com\/fr\/machines\/occasion\/autres-machines-occasion\/compresseur-atlas-copco\/","url":"https:\/\/www.bbmpackaging.com\/fr\/machines\/occasion\/autres-machines-occasion\/compresseur-atlas-copco\/","name":"Compresseur ATLAS Copco - BBM Packaging","isPartOf":{"@id":"https:\/\/www.bbmpackaging.com\/fr\/#website"},"primaryImageOfPage":{"@id":"https:\/\/www.bbmpackaging.com\/fr\/machines\/occasion\/autres-machines-occasion\/compresseur-atlas-copco\/#primaryimage"},"image":{"@id":"https:\/\/www.bbmpackaging.com\/fr\/machines\/occasion\/autres-machines-occasion\/compresseur-atlas-copco\/#primaryimage"},"thumbnailUrl":"https:\/\/www.bbmpackaging.com\/wp-content\/uploads\/2025\/11\/Compresseur-ATLAS-Copco-1.jpg","datePublished":"2025-11-18T13:10:14+00:00","dateModified":"2026-02-05T11:33:38+00:00","description":"Compresseur Atlas Copco 2009 de 40 bars et 25 m\u00b3\/h, con\u00e7u pour fournir de l'air comprim\u00e9 stable aux machines de soufflage PET jusqu'\u00e0 25 000 bph","breadcrumb":{"@id":"https:\/\/www.bbmpackaging.com\/fr\/machines\/occasion\/autres-machines-occasion\/compresseur-atlas-copco\/#breadcrumb"},"inLanguage":"fr-FR","potentialAction":[{"@type":"ReadAction","target":["https:\/\/www.bbmpackaging.com\/fr\/machines\/occasion\/autres-machines-occasion\/compresseur-atlas-copco\/"]}]},{"@type":"ImageObject","inLanguage":"fr-FR","@id":"https:\/\/www.bbmpackaging.com\/fr\/machines\/occasion\/autres-machines-occasion\/compresseur-atlas-copco\/#primaryimage","url":"https:\/\/www.bbmpackaging.com\/wp-content\/uploads\/2025\/11\/Compresseur-ATLAS-Copco-1.jpg","contentUrl":"https:\/\/www.bbmpackaging.com\/wp-content\/uploads\/2025\/11\/Compresseur-ATLAS-Copco-1.jpg","width":1440,"height":1080,"caption":"Compresseur Atlas Copco 2009 de 40 bars et 25 m\u00b3\/h, con\u00e7u pour fournir de l'air comprim\u00e9 stable aux machines de soufflage PET jusqu'\u00e0 25 000 bph"},{"@type":"BreadcrumbList","@id":"https:\/\/www.bbmpackaging.com\/fr\/machines\/occasion\/autres-machines-occasion\/compresseur-atlas-copco\/#breadcrumb","itemListElement":[{"@type":"ListItem","position":1,"name":"Home","item":"https:\/\/www.bbmpackaging.com\/fr\/"},{"@type":"ListItem","position":2,"name":"Produits","item":"https:\/\/www.bbmpackaging.com\/fr\/produits\/"},{"@type":"ListItem","position":3,"name":"Machines d\u2019occasion","item":"https:\/\/www.bbmpackaging.com\/fr\/machines\/occasion\/"},{"@type":"ListItem","position":4,"name":"Autres machines pour l\u2019embouteillage","item":"https:\/\/www.bbmpackaging.com\/fr\/machines\/autres-machines-occasion\/"},{"@type":"ListItem","position":5,"name":"Compresseur ATLAS Copco"}]},{"@type":"WebSite","@id":"https:\/\/www.bbmpackaging.com\/fr\/#website","url":"https:\/\/www.bbmpackaging.com\/fr\/","name":"BBM Packaging","description":"Imbottigliamento: macchinari manutenzione e much more","potentialAction":[{"@type":"SearchAction","target":{"@type":"EntryPoint","urlTemplate":"https:\/\/www.bbmpackaging.com\/fr\/?s={search_term_string}"},"query-input":{"@type":"PropertyValueSpecification","valueRequired":true,"valueName":"search_term_string"}}],"inLanguage":"fr-FR"}]}},"_links":{"self":[{"href":"https:\/\/www.bbmpackaging.com\/fr\/wp-json\/wp\/v2\/product\/72981","targetHints":{"allow":["GET"]}}],"collection":[{"href":"https:\/\/www.bbmpackaging.com\/fr\/wp-json\/wp\/v2\/product"}],"about":[{"href":"https:\/\/www.bbmpackaging.com\/fr\/wp-json\/wp\/v2\/types\/product"}],"replies":[{"embeddable":true,"href":"https:\/\/www.bbmpackaging.com\/fr\/wp-json\/wp\/v2\/comments?post=72981"}],"wp:featuredmedia":[{"embeddable":true,"href":"https:\/\/www.bbmpackaging.com\/fr\/wp-json\/wp\/v2\/media\/72986"}],"wp:attachment":[{"href":"https:\/\/www.bbmpackaging.com\/fr\/wp-json\/wp\/v2\/media?parent=72981"}],"wp:term":[{"taxonomy":"brand","embeddable":true,"href":"https:\/\/www.bbmpackaging.com\/fr\/wp-json\/wp\/v2\/brand?post=72981"},{"taxonomy":"product_brand","embeddable":true,"href":"https:\/\/www.bbmpackaging.com\/fr\/wp-json\/wp\/v2\/product_brand?post=72981"},{"taxonomy":"product_cat","embeddable":true,"href":"https:\/\/www.bbmpackaging.com\/fr\/wp-json\/wp\/v2\/product_cat?post=72981"},{"taxonomy":"product_tag","embeddable":true,"href":"https:\/\/www.bbmpackaging.com\/fr\/wp-json\/wp\/v2\/product_tag?post=72981"}],"curies":[{"name":"wp","href":"https:\/\/api.w.org\/{rel}","templated":true}]}}