{"id":73390,"date":"2025-12-04T11:55:12","date_gmt":"2025-12-04T10:55:12","guid":{"rendered":"https:\/\/www.bbmpackaging.com\/?post_type=product&#038;p=73390"},"modified":"2026-03-04T12:17:02","modified_gmt":"2026-03-04T11:17:02","slug":"banderoleuse-bema-silkworm","status":"publish","type":"product","link":"https:\/\/www.bbmpackaging.com\/fr\/machines\/occasion\/bandelereuses-occasion\/banderoleuse-bema-silkworm\/","title":{"rendered":"Banderoleuse BEMA Silkworm"},"content":{"rendered":"<p>Le fardeleur Bema 2010 est une <strong>machine d\u2019emballage<\/strong> qui applique un film \u00e9tirable autour des palettes de cartons, caisses ou packs de bouteilles, garantissant la stabilit\u00e9 de la charge et la protection pendant le transport.<br \/>\nCon\u00e7u pour des lignes jusqu\u2019\u00e0 25 000 bph, il g\u00e8re des palettes 800\u00d71200 avec une grande fiabilit\u00e9. Il est \u00e9quip\u00e9 de 2 bobines avec changement automatique pour \u00e9viter les arr\u00eats de ligne et d\u2019un PLC Siemens. Disponible as is ou compl\u00e8tement r\u00e9vis\u00e9 avec 6 mois de garantie. Sur demande, des rouleaux de pr\u00e9l\u00e8vement de palettes sont \u00e9galement disponibles.<\/p>\n<p><strong><a href=\"https:\/\/www.bbmpackaging.com\/fr\/machines\/bandelereuses-occasion\/\" target=\"_blank\" rel=\"noopener\">D\u00e9couvrez d\u2019autres fardeleurs disponibles.<\/a><\/strong><\/p>\n","protected":false},"excerpt":{"rendered":"<p>Banderoleuse Bema 2010 : banderoleuse de palettes jusqu&rsquo;\u00e0 25 000 bph avec 2 bobines et changement automatique, disponible telle quelle ou r\u00e9vis\u00e9e. La vitesse indiqu\u00e9e en bouteilles par heure fait r\u00e9f\u00e9rence au format standard de 1500 ml en conditionnement 3&#215;2.<\/p>\n","protected":false},"featured_media":73399,"comment_status":"closed","ping_status":"closed","template":"","meta":{"_acf_changed":false},"brand":[7488],"product_brand":[],"product_cat":[1102,1106,4456],"product_tag":[],"class_list":{"0":"post-73390","1":"product","2":"type-product","3":"status-publish","4":"has-post-thumbnail","6":"brand-bema","7":"product_cat-machines","8":"product_cat-occasion","9":"product_cat-bandelereuses-occasion","11":"first","12":"instock","13":"shipping-taxable","14":"product-type-simple"},"acf":[],"yoast_head":"<!-- This site is optimized with the Yoast SEO plugin v27.2 - https:\/\/yoast.com\/product\/yoast-seo-wordpress\/ -->\n<title>Banderoleuse BEMA Silkworm - BBM Packaging<\/title>\n<meta name=\"description\" content=\"Banderoleuse Bema de palettes jusqu&#039;\u00e0 25 000 bph avec 2 bobines et changement automatique. Disponible r\u00e9vis\u00e9e, avec options et services complets.\" \/>\n<meta name=\"robots\" content=\"index, follow, max-snippet:-1, max-image-preview:large, max-video-preview:-1\" \/>\n<link rel=\"canonical\" href=\"https:\/\/www.bbmpackaging.com\/fr\/machines\/occasion\/bandelereuses-occasion\/banderoleuse-bema-silkworm\/\" \/>\n<meta property=\"og:locale\" content=\"fr_FR\" \/>\n<meta property=\"og:type\" content=\"article\" \/>\n<meta property=\"og:title\" content=\"Banderoleuse BEMA Silkworm - BBM Packaging\" \/>\n<meta property=\"og:description\" content=\"Banderoleuse Bema de palettes jusqu&#039;\u00e0 25 000 bph avec 2 bobines et changement automatique. Disponible r\u00e9vis\u00e9e, avec options et services complets.\" \/>\n<meta property=\"og:url\" content=\"https:\/\/www.bbmpackaging.com\/fr\/machines\/occasion\/bandelereuses-occasion\/banderoleuse-bema-silkworm\/\" \/>\n<meta property=\"og:site_name\" content=\"BBM Packaging\" \/>\n<meta property=\"article:modified_time\" content=\"2026-03-04T11:17:02+00:00\" \/>\n<meta property=\"og:image\" content=\"https:\/\/www.bbmpackaging.com\/wp-content\/uploads\/2025\/12\/bandelereuse-bema-bbm-packaging-2.jpg\" \/>\n\t<meta property=\"og:image:width\" content=\"1000\" \/>\n\t<meta property=\"og:image:height\" content=\"750\" \/>\n\t<meta property=\"og:image:type\" content=\"image\/jpeg\" \/>\n<meta name=\"twitter:card\" content=\"summary_large_image\" \/>\n<meta name=\"twitter:label1\" content=\"Dur\u00e9e de lecture estim\u00e9e\" \/>\n\t<meta name=\"twitter:data1\" content=\"1 minute\" \/>\n<script type=\"application\/ld+json\" class=\"yoast-schema-graph\">{\"@context\":\"https:\/\/schema.org\",\"@graph\":[{\"@type\":\"WebPage\",\"@id\":\"https:\/\/www.bbmpackaging.com\/fr\/machines\/occasion\/bandelereuses-occasion\/banderoleuse-bema-silkworm\/\",\"url\":\"https:\/\/www.bbmpackaging.com\/fr\/machines\/occasion\/bandelereuses-occasion\/banderoleuse-bema-silkworm\/\",\"name\":\"Banderoleuse BEMA Silkworm - BBM Packaging\",\"isPartOf\":{\"@id\":\"https:\/\/www.bbmpackaging.com\/fr\/#website\"},\"primaryImageOfPage\":{\"@id\":\"https:\/\/www.bbmpackaging.com\/fr\/machines\/occasion\/bandelereuses-occasion\/banderoleuse-bema-silkworm\/#primaryimage\"},\"image\":{\"@id\":\"https:\/\/www.bbmpackaging.com\/fr\/machines\/occasion\/bandelereuses-occasion\/banderoleuse-bema-silkworm\/#primaryimage\"},\"thumbnailUrl\":\"https:\/\/www.bbmpackaging.com\/wp-content\/uploads\/2025\/12\/bandelereuse-bema-bbm-packaging-2.jpg\",\"datePublished\":\"2025-12-04T10:55:12+00:00\",\"dateModified\":\"2026-03-04T11:17:02+00:00\",\"description\":\"Banderoleuse Bema de palettes jusqu'\u00e0 25 000 bph avec 2 bobines et changement automatique. Disponible r\u00e9vis\u00e9e, avec options et services complets.\",\"breadcrumb\":{\"@id\":\"https:\/\/www.bbmpackaging.com\/fr\/machines\/occasion\/bandelereuses-occasion\/banderoleuse-bema-silkworm\/#breadcrumb\"},\"inLanguage\":\"fr-FR\",\"potentialAction\":[{\"@type\":\"ReadAction\",\"target\":[\"https:\/\/www.bbmpackaging.com\/fr\/machines\/occasion\/bandelereuses-occasion\/banderoleuse-bema-silkworm\/\"]}]},{\"@type\":\"ImageObject\",\"inLanguage\":\"fr-FR\",\"@id\":\"https:\/\/www.bbmpackaging.com\/fr\/machines\/occasion\/bandelereuses-occasion\/banderoleuse-bema-silkworm\/#primaryimage\",\"url\":\"https:\/\/www.bbmpackaging.com\/wp-content\/uploads\/2025\/12\/bandelereuse-bema-bbm-packaging-2.jpg\",\"contentUrl\":\"https:\/\/www.bbmpackaging.com\/wp-content\/uploads\/2025\/12\/bandelereuse-bema-bbm-packaging-2.jpg\",\"width\":1000,\"height\":750,\"caption\":\"Banderoleuse Bema 2010 : banderoleuse de palettes jusqu'\u00e0 25 000 bph avec 2 bobines et changement automatique. Disponible r\u00e9vis\u00e9e, avec options et services complets.\"},{\"@type\":\"BreadcrumbList\",\"@id\":\"https:\/\/www.bbmpackaging.com\/fr\/machines\/occasion\/bandelereuses-occasion\/banderoleuse-bema-silkworm\/#breadcrumb\",\"itemListElement\":[{\"@type\":\"ListItem\",\"position\":1,\"name\":\"Home\",\"item\":\"https:\/\/www.bbmpackaging.com\/fr\/\"},{\"@type\":\"ListItem\",\"position\":2,\"name\":\"Produits\",\"item\":\"https:\/\/www.bbmpackaging.com\/fr\/produits\/\"},{\"@type\":\"ListItem\",\"position\":3,\"name\":\"Machines d\u2019occasion\",\"item\":\"https:\/\/www.bbmpackaging.com\/fr\/machines\/occasion\/\"},{\"@type\":\"ListItem\",\"position\":4,\"name\":\"Banderoleuses\",\"item\":\"https:\/\/www.bbmpackaging.com\/fr\/machines\/bandelereuses-occasion\/\"},{\"@type\":\"ListItem\",\"position\":5,\"name\":\"Banderoleuse BEMA Silkworm\"}]},{\"@type\":\"WebSite\",\"@id\":\"https:\/\/www.bbmpackaging.com\/fr\/#website\",\"url\":\"https:\/\/www.bbmpackaging.com\/fr\/\",\"name\":\"BBM Packaging\",\"description\":\"Imbottigliamento: macchinari manutenzione e much more\",\"potentialAction\":[{\"@type\":\"SearchAction\",\"target\":{\"@type\":\"EntryPoint\",\"urlTemplate\":\"https:\/\/www.bbmpackaging.com\/fr\/?s={search_term_string}\"},\"query-input\":{\"@type\":\"PropertyValueSpecification\",\"valueRequired\":true,\"valueName\":\"search_term_string\"}}],\"inLanguage\":\"fr-FR\"}]}<\/script>\n<!-- \/ Yoast SEO plugin. -->","yoast_head_json":{"title":"Banderoleuse BEMA Silkworm - BBM Packaging","description":"Banderoleuse Bema de palettes jusqu'\u00e0 25 000 bph avec 2 bobines et changement automatique. Disponible r\u00e9vis\u00e9e, avec options et services complets.","robots":{"index":"index","follow":"follow","max-snippet":"max-snippet:-1","max-image-preview":"max-image-preview:large","max-video-preview":"max-video-preview:-1"},"canonical":"https:\/\/www.bbmpackaging.com\/fr\/machines\/occasion\/bandelereuses-occasion\/banderoleuse-bema-silkworm\/","og_locale":"fr_FR","og_type":"article","og_title":"Banderoleuse BEMA Silkworm - BBM Packaging","og_description":"Banderoleuse Bema de palettes jusqu'\u00e0 25 000 bph avec 2 bobines et changement automatique. Disponible r\u00e9vis\u00e9e, avec options et services complets.","og_url":"https:\/\/www.bbmpackaging.com\/fr\/machines\/occasion\/bandelereuses-occasion\/banderoleuse-bema-silkworm\/","og_site_name":"BBM Packaging","article_modified_time":"2026-03-04T11:17:02+00:00","og_image":[{"width":1000,"height":750,"url":"https:\/\/www.bbmpackaging.com\/wp-content\/uploads\/2025\/12\/bandelereuse-bema-bbm-packaging-2.jpg","type":"image\/jpeg"}],"twitter_card":"summary_large_image","twitter_misc":{"Dur\u00e9e de lecture estim\u00e9e":"1 minute"},"schema":{"@context":"https:\/\/schema.org","@graph":[{"@type":"WebPage","@id":"https:\/\/www.bbmpackaging.com\/fr\/machines\/occasion\/bandelereuses-occasion\/banderoleuse-bema-silkworm\/","url":"https:\/\/www.bbmpackaging.com\/fr\/machines\/occasion\/bandelereuses-occasion\/banderoleuse-bema-silkworm\/","name":"Banderoleuse BEMA Silkworm - BBM Packaging","isPartOf":{"@id":"https:\/\/www.bbmpackaging.com\/fr\/#website"},"primaryImageOfPage":{"@id":"https:\/\/www.bbmpackaging.com\/fr\/machines\/occasion\/bandelereuses-occasion\/banderoleuse-bema-silkworm\/#primaryimage"},"image":{"@id":"https:\/\/www.bbmpackaging.com\/fr\/machines\/occasion\/bandelereuses-occasion\/banderoleuse-bema-silkworm\/#primaryimage"},"thumbnailUrl":"https:\/\/www.bbmpackaging.com\/wp-content\/uploads\/2025\/12\/bandelereuse-bema-bbm-packaging-2.jpg","datePublished":"2025-12-04T10:55:12+00:00","dateModified":"2026-03-04T11:17:02+00:00","description":"Banderoleuse Bema de palettes jusqu'\u00e0 25 000 bph avec 2 bobines et changement automatique. Disponible r\u00e9vis\u00e9e, avec options et services complets.","breadcrumb":{"@id":"https:\/\/www.bbmpackaging.com\/fr\/machines\/occasion\/bandelereuses-occasion\/banderoleuse-bema-silkworm\/#breadcrumb"},"inLanguage":"fr-FR","potentialAction":[{"@type":"ReadAction","target":["https:\/\/www.bbmpackaging.com\/fr\/machines\/occasion\/bandelereuses-occasion\/banderoleuse-bema-silkworm\/"]}]},{"@type":"ImageObject","inLanguage":"fr-FR","@id":"https:\/\/www.bbmpackaging.com\/fr\/machines\/occasion\/bandelereuses-occasion\/banderoleuse-bema-silkworm\/#primaryimage","url":"https:\/\/www.bbmpackaging.com\/wp-content\/uploads\/2025\/12\/bandelereuse-bema-bbm-packaging-2.jpg","contentUrl":"https:\/\/www.bbmpackaging.com\/wp-content\/uploads\/2025\/12\/bandelereuse-bema-bbm-packaging-2.jpg","width":1000,"height":750,"caption":"Banderoleuse Bema 2010 : banderoleuse de palettes jusqu'\u00e0 25 000 bph avec 2 bobines et changement automatique. Disponible r\u00e9vis\u00e9e, avec options et services complets."},{"@type":"BreadcrumbList","@id":"https:\/\/www.bbmpackaging.com\/fr\/machines\/occasion\/bandelereuses-occasion\/banderoleuse-bema-silkworm\/#breadcrumb","itemListElement":[{"@type":"ListItem","position":1,"name":"Home","item":"https:\/\/www.bbmpackaging.com\/fr\/"},{"@type":"ListItem","position":2,"name":"Produits","item":"https:\/\/www.bbmpackaging.com\/fr\/produits\/"},{"@type":"ListItem","position":3,"name":"Machines d\u2019occasion","item":"https:\/\/www.bbmpackaging.com\/fr\/machines\/occasion\/"},{"@type":"ListItem","position":4,"name":"Banderoleuses","item":"https:\/\/www.bbmpackaging.com\/fr\/machines\/bandelereuses-occasion\/"},{"@type":"ListItem","position":5,"name":"Banderoleuse BEMA Silkworm"}]},{"@type":"WebSite","@id":"https:\/\/www.bbmpackaging.com\/fr\/#website","url":"https:\/\/www.bbmpackaging.com\/fr\/","name":"BBM Packaging","description":"Imbottigliamento: macchinari manutenzione e much more","potentialAction":[{"@type":"SearchAction","target":{"@type":"EntryPoint","urlTemplate":"https:\/\/www.bbmpackaging.com\/fr\/?s={search_term_string}"},"query-input":{"@type":"PropertyValueSpecification","valueRequired":true,"valueName":"search_term_string"}}],"inLanguage":"fr-FR"}]}},"_links":{"self":[{"href":"https:\/\/www.bbmpackaging.com\/fr\/wp-json\/wp\/v2\/product\/73390","targetHints":{"allow":["GET"]}}],"collection":[{"href":"https:\/\/www.bbmpackaging.com\/fr\/wp-json\/wp\/v2\/product"}],"about":[{"href":"https:\/\/www.bbmpackaging.com\/fr\/wp-json\/wp\/v2\/types\/product"}],"replies":[{"embeddable":true,"href":"https:\/\/www.bbmpackaging.com\/fr\/wp-json\/wp\/v2\/comments?post=73390"}],"wp:featuredmedia":[{"embeddable":true,"href":"https:\/\/www.bbmpackaging.com\/fr\/wp-json\/wp\/v2\/media\/73399"}],"wp:attachment":[{"href":"https:\/\/www.bbmpackaging.com\/fr\/wp-json\/wp\/v2\/media?parent=73390"}],"wp:term":[{"taxonomy":"brand","embeddable":true,"href":"https:\/\/www.bbmpackaging.com\/fr\/wp-json\/wp\/v2\/brand?post=73390"},{"taxonomy":"product_brand","embeddable":true,"href":"https:\/\/www.bbmpackaging.com\/fr\/wp-json\/wp\/v2\/product_brand?post=73390"},{"taxonomy":"product_cat","embeddable":true,"href":"https:\/\/www.bbmpackaging.com\/fr\/wp-json\/wp\/v2\/product_cat?post=73390"},{"taxonomy":"product_tag","embeddable":true,"href":"https:\/\/www.bbmpackaging.com\/fr\/wp-json\/wp\/v2\/product_tag?post=73390"}],"curies":[{"name":"wp","href":"https:\/\/api.w.org\/{rel}","templated":true}]}}