{"id":76400,"date":"2026-02-27T12:32:48","date_gmt":"2026-02-27T11:32:48","guid":{"rendered":"https:\/\/www.bbmpackaging.com\/?post_type=product&#038;p=76400"},"modified":"2026-03-06T08:09:45","modified_gmt":"2026-03-06T07:09:45","slug":"fardeleuse-smi-lsk-35t","status":"publish","type":"product","link":"https:\/\/www.bbmpackaging.com\/fr\/machines\/occasion\/fardeleuses-formeuses-de-barquettes-occasion\/fardeleuse-smi-lsk-35t\/","title":{"rendered":"Fardeleuse SMI LSK 35T"},"content":{"rendered":"<p data-start=\"0\" data-end=\"317\">La fardeleuse <strong data-start=\"17\" data-end=\"32\">SMI LSK 35T<\/strong> <strong data-start=\"17\" data-end=\"32\">(2011) <\/strong>est une solution fiable et performante pour les lignes de boissons, avec une capacit\u00e9 de production allant jusqu&rsquo;\u00e0 <strong data-start=\"129\" data-end=\"143\">12\u202f600 bph<\/strong>. Adapt\u00e9e \u00e0 l&#8217;emballage de bouteilles en <strong data-start=\"187\" data-end=\"202\">PET et verre<\/strong>, elle r\u00e9alise des packs <strong data-start=\"220\" data-end=\"235\">&nbsp;film + plateau<\/strong> et est configur\u00e9e avec <strong data-start=\"257\" data-end=\"268\">8 voies<\/strong> pour garantir efficacit\u00e9 et continuit\u00e9 op\u00e9rationnelle.<\/p>\n<p data-start=\"319\" data-end=\"477\">\u00c9quip\u00e9e d&rsquo;un <strong data-start=\"329\" data-end=\"346\">PLC et HMI SMI<\/strong>, elle comprend un <strong data-start=\"362\" data-end=\"413\">dispositif de centrage du film imprim\u00e9<\/strong>, assurant pr\u00e9cision et qualit\u00e9 esth\u00e9tique du produit fini.<\/p>\n<p data-start=\"479\" data-end=\"586\" data-is-last-node=\"\" data-is-only-node=\"\">Disponible <strong data-start=\"491\" data-end=\"511\">vue et appr\u00e9ci\u00e9e<\/strong> ou <strong data-start=\"519\" data-end=\"546\">r\u00e9vis\u00e9e et garantie<\/strong>.<\/p>\n<p data-start=\"479\" data-end=\"586\" data-is-last-node=\"\" data-is-only-node=\"\"><a href=\"https:\/\/www.bbmpackaging.com\/fr\/machines\/fardeleuses-formeuses-de-barquettes-occasion\/\" target=\"_blank\" rel=\"noopener\">D\u00e9couvrez d&rsquo;autres fardeleuses en vente.<\/a><\/p>\n","protected":false},"excerpt":{"rendered":"<p>Fardeleuse SMI LSK 35T, avec une capacit\u00e9 de production pouvant atteindre 12.600 BPH. La vitesse indiqu\u00e9e en bouteilles par heure fait r\u00e9f\u00e9rence au format standard de 1500 ml en conditionnement 3&#215;2.<\/p>\n","protected":false},"featured_media":76336,"comment_status":"closed","ping_status":"closed","template":"","meta":{"_acf_changed":false},"brand":[7438],"product_brand":[],"product_cat":[1106,1118],"product_tag":[],"class_list":{"0":"post-76400","1":"product","2":"type-product","3":"status-publish","4":"has-post-thumbnail","6":"brand-smi","7":"product_cat-occasion","8":"product_cat-fardeleuses-formeuses-de-barquettes-occasion","10":"first","11":"instock","12":"shipping-taxable","13":"product-type-simple"},"acf":[],"yoast_head":"<!-- This site is optimized with the Yoast SEO plugin v27.2 - https:\/\/yoast.com\/product\/yoast-seo-wordpress\/ -->\n<title>Fardeleuse SMI LSK 35T \u00e0 vendre - BBM Packaging<\/title>\n<meta name=\"description\" content=\"Fardeleuse SMI LSK 35T, capacit\u00e9 de 12.600 bph pour PET et verre, \u00e0 vendre. Remise \u00e0 neuf ou telle quelle et approuv\u00e9e. Voir les photos et les d\u00e9tails\" \/>\n<meta name=\"robots\" content=\"index, follow, max-snippet:-1, max-image-preview:large, max-video-preview:-1\" \/>\n<link rel=\"canonical\" href=\"https:\/\/www.bbmpackaging.com\/fr\/machines\/occasion\/fardeleuses-formeuses-de-barquettes-occasion\/fardeleuse-smi-lsk-35t\/\" \/>\n<meta property=\"og:locale\" content=\"fr_FR\" \/>\n<meta property=\"og:type\" content=\"article\" \/>\n<meta property=\"og:title\" content=\"Fardeleuse SMI LSK 35T \u00e0 vendre - BBM Packaging\" \/>\n<meta property=\"og:description\" content=\"Fardeleuse SMI LSK 35T, capacit\u00e9 de 12.600 bph pour PET et verre, \u00e0 vendre. Remise \u00e0 neuf ou telle quelle et approuv\u00e9e. Voir les photos et les d\u00e9tails\" \/>\n<meta property=\"og:url\" content=\"https:\/\/www.bbmpackaging.com\/fr\/machines\/occasion\/fardeleuses-formeuses-de-barquettes-occasion\/fardeleuse-smi-lsk-35t\/\" \/>\n<meta property=\"og:site_name\" content=\"BBM Packaging\" \/>\n<meta property=\"article:modified_time\" content=\"2026-03-06T07:09:45+00:00\" \/>\n<meta property=\"og:image\" content=\"https:\/\/www.bbmpackaging.com\/wp-content\/uploads\/2026\/02\/Fardeleuse-SMI-LSK-35T-4.jpg\" \/>\n\t<meta property=\"og:image:width\" content=\"1000\" \/>\n\t<meta property=\"og:image:height\" content=\"750\" \/>\n\t<meta property=\"og:image:type\" content=\"image\/jpeg\" \/>\n<meta name=\"twitter:card\" content=\"summary_large_image\" \/>\n<meta name=\"twitter:label1\" content=\"Dur\u00e9e de lecture estim\u00e9e\" \/>\n\t<meta name=\"twitter:data1\" content=\"1 minute\" \/>\n<script type=\"application\/ld+json\" class=\"yoast-schema-graph\">{\"@context\":\"https:\/\/schema.org\",\"@graph\":[{\"@type\":\"WebPage\",\"@id\":\"https:\/\/www.bbmpackaging.com\/fr\/machines\/occasion\/fardeleuses-formeuses-de-barquettes-occasion\/fardeleuse-smi-lsk-35t\/\",\"url\":\"https:\/\/www.bbmpackaging.com\/fr\/machines\/occasion\/fardeleuses-formeuses-de-barquettes-occasion\/fardeleuse-smi-lsk-35t\/\",\"name\":\"Fardeleuse SMI LSK 35T \u00e0 vendre - BBM Packaging\",\"isPartOf\":{\"@id\":\"https:\/\/www.bbmpackaging.com\/fr\/#website\"},\"primaryImageOfPage\":{\"@id\":\"https:\/\/www.bbmpackaging.com\/fr\/machines\/occasion\/fardeleuses-formeuses-de-barquettes-occasion\/fardeleuse-smi-lsk-35t\/#primaryimage\"},\"image\":{\"@id\":\"https:\/\/www.bbmpackaging.com\/fr\/machines\/occasion\/fardeleuses-formeuses-de-barquettes-occasion\/fardeleuse-smi-lsk-35t\/#primaryimage\"},\"thumbnailUrl\":\"https:\/\/www.bbmpackaging.com\/wp-content\/uploads\/2026\/02\/Fardellatrice-SMI-LSK-35T-5.jpg\",\"datePublished\":\"2026-02-27T11:32:48+00:00\",\"dateModified\":\"2026-03-06T07:09:45+00:00\",\"description\":\"Fardeleuse SMI LSK 35T, capacit\u00e9 de 12.600 bph pour PET et verre, \u00e0 vendre. Remise \u00e0 neuf ou telle quelle et approuv\u00e9e. Voir les photos et les d\u00e9tails\",\"breadcrumb\":{\"@id\":\"https:\/\/www.bbmpackaging.com\/fr\/machines\/occasion\/fardeleuses-formeuses-de-barquettes-occasion\/fardeleuse-smi-lsk-35t\/#breadcrumb\"},\"inLanguage\":\"fr-FR\",\"potentialAction\":[{\"@type\":\"ReadAction\",\"target\":[\"https:\/\/www.bbmpackaging.com\/fr\/machines\/occasion\/fardeleuses-formeuses-de-barquettes-occasion\/fardeleuse-smi-lsk-35t\/\"]}]},{\"@type\":\"ImageObject\",\"inLanguage\":\"fr-FR\",\"@id\":\"https:\/\/www.bbmpackaging.com\/fr\/machines\/occasion\/fardeleuses-formeuses-de-barquettes-occasion\/fardeleuse-smi-lsk-35t\/#primaryimage\",\"url\":\"https:\/\/www.bbmpackaging.com\/wp-content\/uploads\/2026\/02\/Fardellatrice-SMI-LSK-35T-5.jpg\",\"contentUrl\":\"https:\/\/www.bbmpackaging.com\/wp-content\/uploads\/2026\/02\/Fardellatrice-SMI-LSK-35T-5.jpg\",\"width\":1000,\"height\":750,\"caption\":\"Fardellatrice SMI LSK 35T\"},{\"@type\":\"BreadcrumbList\",\"@id\":\"https:\/\/www.bbmpackaging.com\/fr\/machines\/occasion\/fardeleuses-formeuses-de-barquettes-occasion\/fardeleuse-smi-lsk-35t\/#breadcrumb\",\"itemListElement\":[{\"@type\":\"ListItem\",\"position\":1,\"name\":\"Home\",\"item\":\"https:\/\/www.bbmpackaging.com\/fr\/\"},{\"@type\":\"ListItem\",\"position\":2,\"name\":\"Produits\",\"item\":\"https:\/\/www.bbmpackaging.com\/fr\/produits\/\"},{\"@type\":\"ListItem\",\"position\":3,\"name\":\"Machines d\u2019occasion\",\"item\":\"https:\/\/www.bbmpackaging.com\/fr\/machines\/occasion\/\"},{\"@type\":\"ListItem\",\"position\":4,\"name\":\"Fardeleuse et formeuses de barquettes\",\"item\":\"https:\/\/www.bbmpackaging.com\/fr\/machines\/fardeleuses-formeuses-de-barquettes-occasion\/\"},{\"@type\":\"ListItem\",\"position\":5,\"name\":\"Fardeleuse SMI LSK 35T\"}]},{\"@type\":\"WebSite\",\"@id\":\"https:\/\/www.bbmpackaging.com\/fr\/#website\",\"url\":\"https:\/\/www.bbmpackaging.com\/fr\/\",\"name\":\"BBM Packaging\",\"description\":\"Imbottigliamento: macchinari manutenzione e much more\",\"potentialAction\":[{\"@type\":\"SearchAction\",\"target\":{\"@type\":\"EntryPoint\",\"urlTemplate\":\"https:\/\/www.bbmpackaging.com\/fr\/?s={search_term_string}\"},\"query-input\":{\"@type\":\"PropertyValueSpecification\",\"valueRequired\":true,\"valueName\":\"search_term_string\"}}],\"inLanguage\":\"fr-FR\"}]}<\/script>\n<!-- \/ Yoast SEO plugin. -->","yoast_head_json":{"title":"Fardeleuse SMI LSK 35T \u00e0 vendre - BBM Packaging","description":"Fardeleuse SMI LSK 35T, capacit\u00e9 de 12.600 bph pour PET et verre, \u00e0 vendre. Remise \u00e0 neuf ou telle quelle et approuv\u00e9e. Voir les photos et les d\u00e9tails","robots":{"index":"index","follow":"follow","max-snippet":"max-snippet:-1","max-image-preview":"max-image-preview:large","max-video-preview":"max-video-preview:-1"},"canonical":"https:\/\/www.bbmpackaging.com\/fr\/machines\/occasion\/fardeleuses-formeuses-de-barquettes-occasion\/fardeleuse-smi-lsk-35t\/","og_locale":"fr_FR","og_type":"article","og_title":"Fardeleuse SMI LSK 35T \u00e0 vendre - BBM Packaging","og_description":"Fardeleuse SMI LSK 35T, capacit\u00e9 de 12.600 bph pour PET et verre, \u00e0 vendre. Remise \u00e0 neuf ou telle quelle et approuv\u00e9e. Voir les photos et les d\u00e9tails","og_url":"https:\/\/www.bbmpackaging.com\/fr\/machines\/occasion\/fardeleuses-formeuses-de-barquettes-occasion\/fardeleuse-smi-lsk-35t\/","og_site_name":"BBM Packaging","article_modified_time":"2026-03-06T07:09:45+00:00","og_image":[{"width":1000,"height":750,"url":"https:\/\/www.bbmpackaging.com\/wp-content\/uploads\/2026\/02\/Fardeleuse-SMI-LSK-35T-4.jpg","type":"image\/jpeg"}],"twitter_card":"summary_large_image","twitter_misc":{"Dur\u00e9e de lecture estim\u00e9e":"1 minute"},"schema":{"@context":"https:\/\/schema.org","@graph":[{"@type":"WebPage","@id":"https:\/\/www.bbmpackaging.com\/fr\/machines\/occasion\/fardeleuses-formeuses-de-barquettes-occasion\/fardeleuse-smi-lsk-35t\/","url":"https:\/\/www.bbmpackaging.com\/fr\/machines\/occasion\/fardeleuses-formeuses-de-barquettes-occasion\/fardeleuse-smi-lsk-35t\/","name":"Fardeleuse SMI LSK 35T \u00e0 vendre - BBM Packaging","isPartOf":{"@id":"https:\/\/www.bbmpackaging.com\/fr\/#website"},"primaryImageOfPage":{"@id":"https:\/\/www.bbmpackaging.com\/fr\/machines\/occasion\/fardeleuses-formeuses-de-barquettes-occasion\/fardeleuse-smi-lsk-35t\/#primaryimage"},"image":{"@id":"https:\/\/www.bbmpackaging.com\/fr\/machines\/occasion\/fardeleuses-formeuses-de-barquettes-occasion\/fardeleuse-smi-lsk-35t\/#primaryimage"},"thumbnailUrl":"https:\/\/www.bbmpackaging.com\/wp-content\/uploads\/2026\/02\/Fardellatrice-SMI-LSK-35T-5.jpg","datePublished":"2026-02-27T11:32:48+00:00","dateModified":"2026-03-06T07:09:45+00:00","description":"Fardeleuse SMI LSK 35T, capacit\u00e9 de 12.600 bph pour PET et verre, \u00e0 vendre. Remise \u00e0 neuf ou telle quelle et approuv\u00e9e. Voir les photos et les d\u00e9tails","breadcrumb":{"@id":"https:\/\/www.bbmpackaging.com\/fr\/machines\/occasion\/fardeleuses-formeuses-de-barquettes-occasion\/fardeleuse-smi-lsk-35t\/#breadcrumb"},"inLanguage":"fr-FR","potentialAction":[{"@type":"ReadAction","target":["https:\/\/www.bbmpackaging.com\/fr\/machines\/occasion\/fardeleuses-formeuses-de-barquettes-occasion\/fardeleuse-smi-lsk-35t\/"]}]},{"@type":"ImageObject","inLanguage":"fr-FR","@id":"https:\/\/www.bbmpackaging.com\/fr\/machines\/occasion\/fardeleuses-formeuses-de-barquettes-occasion\/fardeleuse-smi-lsk-35t\/#primaryimage","url":"https:\/\/www.bbmpackaging.com\/wp-content\/uploads\/2026\/02\/Fardellatrice-SMI-LSK-35T-5.jpg","contentUrl":"https:\/\/www.bbmpackaging.com\/wp-content\/uploads\/2026\/02\/Fardellatrice-SMI-LSK-35T-5.jpg","width":1000,"height":750,"caption":"Fardellatrice SMI LSK 35T"},{"@type":"BreadcrumbList","@id":"https:\/\/www.bbmpackaging.com\/fr\/machines\/occasion\/fardeleuses-formeuses-de-barquettes-occasion\/fardeleuse-smi-lsk-35t\/#breadcrumb","itemListElement":[{"@type":"ListItem","position":1,"name":"Home","item":"https:\/\/www.bbmpackaging.com\/fr\/"},{"@type":"ListItem","position":2,"name":"Produits","item":"https:\/\/www.bbmpackaging.com\/fr\/produits\/"},{"@type":"ListItem","position":3,"name":"Machines d\u2019occasion","item":"https:\/\/www.bbmpackaging.com\/fr\/machines\/occasion\/"},{"@type":"ListItem","position":4,"name":"Fardeleuse et formeuses de barquettes","item":"https:\/\/www.bbmpackaging.com\/fr\/machines\/fardeleuses-formeuses-de-barquettes-occasion\/"},{"@type":"ListItem","position":5,"name":"Fardeleuse SMI LSK 35T"}]},{"@type":"WebSite","@id":"https:\/\/www.bbmpackaging.com\/fr\/#website","url":"https:\/\/www.bbmpackaging.com\/fr\/","name":"BBM Packaging","description":"Imbottigliamento: macchinari manutenzione e much more","potentialAction":[{"@type":"SearchAction","target":{"@type":"EntryPoint","urlTemplate":"https:\/\/www.bbmpackaging.com\/fr\/?s={search_term_string}"},"query-input":{"@type":"PropertyValueSpecification","valueRequired":true,"valueName":"search_term_string"}}],"inLanguage":"fr-FR"}]}},"_links":{"self":[{"href":"https:\/\/www.bbmpackaging.com\/fr\/wp-json\/wp\/v2\/product\/76400","targetHints":{"allow":["GET"]}}],"collection":[{"href":"https:\/\/www.bbmpackaging.com\/fr\/wp-json\/wp\/v2\/product"}],"about":[{"href":"https:\/\/www.bbmpackaging.com\/fr\/wp-json\/wp\/v2\/types\/product"}],"replies":[{"embeddable":true,"href":"https:\/\/www.bbmpackaging.com\/fr\/wp-json\/wp\/v2\/comments?post=76400"}],"wp:featuredmedia":[{"embeddable":true,"href":"https:\/\/www.bbmpackaging.com\/fr\/wp-json\/wp\/v2\/media\/76336"}],"wp:attachment":[{"href":"https:\/\/www.bbmpackaging.com\/fr\/wp-json\/wp\/v2\/media?parent=76400"}],"wp:term":[{"taxonomy":"brand","embeddable":true,"href":"https:\/\/www.bbmpackaging.com\/fr\/wp-json\/wp\/v2\/brand?post=76400"},{"taxonomy":"product_brand","embeddable":true,"href":"https:\/\/www.bbmpackaging.com\/fr\/wp-json\/wp\/v2\/product_brand?post=76400"},{"taxonomy":"product_cat","embeddable":true,"href":"https:\/\/www.bbmpackaging.com\/fr\/wp-json\/wp\/v2\/product_cat?post=76400"},{"taxonomy":"product_tag","embeddable":true,"href":"https:\/\/www.bbmpackaging.com\/fr\/wp-json\/wp\/v2\/product_tag?post=76400"}],"curies":[{"name":"wp","href":"https:\/\/api.w.org\/{rel}","templated":true}]}}