{"id":77835,"date":"2026-04-24T09:11:20","date_gmt":"2026-04-24T07:11:20","guid":{"rendered":"https:\/\/www.bbmpackaging.com\/?post_type=product&#038;p=77835"},"modified":"2026-04-24T09:33:40","modified_gmt":"2026-04-24T07:33:40","slug":"fardeleuse-ocme-vega-ht-100-2","status":"publish","type":"product","link":"https:\/\/www.bbmpackaging.com\/fr\/machines\/occasion\/fardeleuses-formeuses-de-barquettes-occasion\/fardeleuse-ocme-vega-ht-100-2\/","title":{"rendered":"Fardeleuse OCME VEGA HT 100\/2"},"content":{"rendered":"<p data-start=\"0\" data-end=\"273\"><strong>Fardeleuse OCME VEGA HT 100\/2<\/strong>, con\u00e7ue pour des performances \u00e9lev\u00e9es sur les lignes beverage, avec une vitesse allant jusqu\u2019\u00e0 <strong data-start=\"105\" data-end=\"119\">72.000 bph<\/strong>. Configur\u00e9e en <strong data-start=\"147\" data-end=\"158\">6 pistes<\/strong>, elle est id\u00e9ale pour le traitement de <strong data-start=\"191\" data-end=\"226\">canettes en emballages film<\/strong>, garantissant efficacit\u00e9 et continuit\u00e9 op\u00e9rationnelle.<\/p>\n<p data-start=\"275\" data-end=\"475\" data-is-last-node=\"\" data-is-only-node=\"\">\u00c9quip\u00e9e de <strong data-start=\"285\" data-end=\"306\">PLC et HMI Siemens<\/strong>, elle assure un contr\u00f4le fiable, une grande facilit\u00e9 de gestion et une int\u00e9gration dans les lignes existantes.&nbsp;<\/p>\n<p data-start=\"275\" data-end=\"475\" data-is-last-node=\"\" data-is-only-node=\"\">Disponible <strong data-start=\"491\" data-end=\"511\">vue et appr\u00e9ci\u00e9e<\/strong> ou bien <strong data-start=\"519\" data-end=\"546\">r\u00e9vis\u00e9e et garantie<\/strong>.<\/p>\n<p data-start=\"275\" data-end=\"475\" data-is-last-node=\"\" data-is-only-node=\"\">&nbsp;<\/p>\n","protected":false},"excerpt":{"rendered":"<p>Fardeleuse OCME VEGA HT 100\/2, avec une capacit\u00e9 de production jusqu\u2019\u00e0 72.000 BPH. La vitesse indiqu\u00e9e en bouteilles par heure se r\u00e9f\u00e8re au format standard 1 500 ml en configuration 3&#215;2.<\/p>\n","protected":false},"featured_media":77860,"comment_status":"closed","ping_status":"closed","template":"","meta":{"_acf_changed":false},"brand":[7458],"product_brand":[],"product_cat":[1102,1106,1118],"product_tag":[],"class_list":{"0":"post-77835","1":"product","2":"type-product","3":"status-publish","4":"has-post-thumbnail","6":"brand-ocme","7":"product_cat-machines","8":"product_cat-occasion","9":"product_cat-fardeleuses-formeuses-de-barquettes-occasion","11":"first","12":"instock","13":"shipping-taxable","14":"product-type-simple"},"acf":[],"yoast_head":"<!-- This site is optimized with the Yoast SEO plugin v27.2 - https:\/\/yoast.com\/product\/yoast-seo-wordpress\/ -->\n<title>Fardeleuse OCME VEGA HT 100\/2 - BBM Packaging<\/title>\n<meta name=\"description\" content=\"Fardeleuse OCME VEGA HT 100\/2 pour canettes en film, 72 000 bph. 6 pistes, PLC et HMI Siemens. Disponible d\u2019occasion et r\u00e9vis\u00e9e ou vue et appr\u00e9ci\u00e9e\" \/>\n<meta name=\"robots\" content=\"index, follow, max-snippet:-1, max-image-preview:large, max-video-preview:-1\" \/>\n<link rel=\"canonical\" href=\"https:\/\/www.bbmpackaging.com\/fr\/machines\/occasion\/fardeleuses-formeuses-de-barquettes-occasion\/fardeleuse-ocme-vega-ht-100-2\/\" \/>\n<meta property=\"og:locale\" content=\"fr_FR\" \/>\n<meta property=\"og:type\" content=\"article\" \/>\n<meta property=\"og:title\" content=\"Fardeleuse OCME VEGA HT 100\/2 - BBM Packaging\" \/>\n<meta property=\"og:description\" content=\"Fardeleuse OCME VEGA HT 100\/2 pour canettes en film, 72 000 bph. 6 pistes, PLC et HMI Siemens. Disponible d\u2019occasion et r\u00e9vis\u00e9e ou vue et appr\u00e9ci\u00e9e\" \/>\n<meta property=\"og:url\" content=\"https:\/\/www.bbmpackaging.com\/fr\/machines\/occasion\/fardeleuses-formeuses-de-barquettes-occasion\/fardeleuse-ocme-vega-ht-100-2\/\" \/>\n<meta property=\"og:site_name\" content=\"BBM Packaging\" \/>\n<meta property=\"article:modified_time\" content=\"2026-04-24T07:33:40+00:00\" \/>\n<meta property=\"og:image\" content=\"https:\/\/cdn.bbmpackaging.com\/wp-content\/uploads\/2026\/04\/Fardeleuse-OCME-VEGA-HT-1002_.jpg\" \/>\n\t<meta property=\"og:image:width\" content=\"1024\" \/>\n\t<meta property=\"og:image:height\" content=\"768\" \/>\n\t<meta property=\"og:image:type\" content=\"image\/jpeg\" \/>\n<meta name=\"twitter:card\" content=\"summary_large_image\" \/>\n<meta name=\"twitter:label1\" content=\"Dur\u00e9e de lecture estim\u00e9e\" \/>\n\t<meta name=\"twitter:data1\" content=\"1 minute\" \/>\n<script type=\"application\/ld+json\" class=\"yoast-schema-graph\">{\"@context\":\"https:\/\/schema.org\",\"@graph\":[{\"@type\":\"WebPage\",\"@id\":\"https:\/\/www.bbmpackaging.com\/fr\/machines\/occasion\/fardeleuses-formeuses-de-barquettes-occasion\/fardeleuse-ocme-vega-ht-100-2\/\",\"url\":\"https:\/\/www.bbmpackaging.com\/fr\/machines\/occasion\/fardeleuses-formeuses-de-barquettes-occasion\/fardeleuse-ocme-vega-ht-100-2\/\",\"name\":\"Fardeleuse OCME VEGA HT 100\/2 - BBM Packaging\",\"isPartOf\":{\"@id\":\"https:\/\/www.bbmpackaging.com\/fr\/#website\"},\"primaryImageOfPage\":{\"@id\":\"https:\/\/www.bbmpackaging.com\/fr\/machines\/occasion\/fardeleuses-formeuses-de-barquettes-occasion\/fardeleuse-ocme-vega-ht-100-2\/#primaryimage\"},\"image\":{\"@id\":\"https:\/\/www.bbmpackaging.com\/fr\/machines\/occasion\/fardeleuses-formeuses-de-barquettes-occasion\/fardeleuse-ocme-vega-ht-100-2\/#primaryimage\"},\"thumbnailUrl\":\"https:\/\/cdn.bbmpackaging.com\/wp-content\/uploads\/2026\/04\/Fardeleuse-OCME-VEGA-HT-1002_.jpg\",\"datePublished\":\"2026-04-24T07:11:20+00:00\",\"dateModified\":\"2026-04-24T07:33:40+00:00\",\"description\":\"Fardeleuse OCME VEGA HT 100\/2 pour canettes en film, 72 000 bph. 6 pistes, PLC et HMI Siemens. Disponible d\u2019occasion et r\u00e9vis\u00e9e ou vue et appr\u00e9ci\u00e9e\",\"breadcrumb\":{\"@id\":\"https:\/\/www.bbmpackaging.com\/fr\/machines\/occasion\/fardeleuses-formeuses-de-barquettes-occasion\/fardeleuse-ocme-vega-ht-100-2\/#breadcrumb\"},\"inLanguage\":\"fr-FR\",\"potentialAction\":[{\"@type\":\"ReadAction\",\"target\":[\"https:\/\/www.bbmpackaging.com\/fr\/machines\/occasion\/fardeleuses-formeuses-de-barquettes-occasion\/fardeleuse-ocme-vega-ht-100-2\/\"]}]},{\"@type\":\"ImageObject\",\"inLanguage\":\"fr-FR\",\"@id\":\"https:\/\/www.bbmpackaging.com\/fr\/machines\/occasion\/fardeleuses-formeuses-de-barquettes-occasion\/fardeleuse-ocme-vega-ht-100-2\/#primaryimage\",\"url\":\"https:\/\/cdn.bbmpackaging.com\/wp-content\/uploads\/2026\/04\/Fardeleuse-OCME-VEGA-HT-1002_.jpg\",\"contentUrl\":\"https:\/\/cdn.bbmpackaging.com\/wp-content\/uploads\/2026\/04\/Fardeleuse-OCME-VEGA-HT-1002_.jpg\",\"width\":1024,\"height\":768},{\"@type\":\"BreadcrumbList\",\"@id\":\"https:\/\/www.bbmpackaging.com\/fr\/machines\/occasion\/fardeleuses-formeuses-de-barquettes-occasion\/fardeleuse-ocme-vega-ht-100-2\/#breadcrumb\",\"itemListElement\":[{\"@type\":\"ListItem\",\"position\":1,\"name\":\"Home\",\"item\":\"https:\/\/www.bbmpackaging.com\/fr\/\"},{\"@type\":\"ListItem\",\"position\":2,\"name\":\"Produits\",\"item\":\"https:\/\/www.bbmpackaging.com\/fr\/produits\/\"},{\"@type\":\"ListItem\",\"position\":3,\"name\":\"Machines d\u2019occasion\",\"item\":\"https:\/\/www.bbmpackaging.com\/fr\/machines\/occasion\/\"},{\"@type\":\"ListItem\",\"position\":4,\"name\":\"Fardeleuse et formeuses de barquettes\",\"item\":\"https:\/\/www.bbmpackaging.com\/fr\/machines\/fardeleuses-formeuses-de-barquettes-occasion\/\"},{\"@type\":\"ListItem\",\"position\":5,\"name\":\"Fardeleuse OCME VEGA HT 100\/2\"}]},{\"@type\":\"WebSite\",\"@id\":\"https:\/\/www.bbmpackaging.com\/fr\/#website\",\"url\":\"https:\/\/www.bbmpackaging.com\/fr\/\",\"name\":\"BBM Packaging\",\"description\":\"Imbottigliamento: macchinari manutenzione e much more\",\"potentialAction\":[{\"@type\":\"SearchAction\",\"target\":{\"@type\":\"EntryPoint\",\"urlTemplate\":\"https:\/\/www.bbmpackaging.com\/fr\/?s={search_term_string}\"},\"query-input\":{\"@type\":\"PropertyValueSpecification\",\"valueRequired\":true,\"valueName\":\"search_term_string\"}}],\"inLanguage\":\"fr-FR\"}]}<\/script>\n<!-- \/ Yoast SEO plugin. -->","yoast_head_json":{"title":"Fardeleuse OCME VEGA HT 100\/2 - BBM Packaging","description":"Fardeleuse OCME VEGA HT 100\/2 pour canettes en film, 72 000 bph. 6 pistes, PLC et HMI Siemens. Disponible d\u2019occasion et r\u00e9vis\u00e9e ou vue et appr\u00e9ci\u00e9e","robots":{"index":"index","follow":"follow","max-snippet":"max-snippet:-1","max-image-preview":"max-image-preview:large","max-video-preview":"max-video-preview:-1"},"canonical":"https:\/\/www.bbmpackaging.com\/fr\/machines\/occasion\/fardeleuses-formeuses-de-barquettes-occasion\/fardeleuse-ocme-vega-ht-100-2\/","og_locale":"fr_FR","og_type":"article","og_title":"Fardeleuse OCME VEGA HT 100\/2 - BBM Packaging","og_description":"Fardeleuse OCME VEGA HT 100\/2 pour canettes en film, 72 000 bph. 6 pistes, PLC et HMI Siemens. Disponible d\u2019occasion et r\u00e9vis\u00e9e ou vue et appr\u00e9ci\u00e9e","og_url":"https:\/\/www.bbmpackaging.com\/fr\/machines\/occasion\/fardeleuses-formeuses-de-barquettes-occasion\/fardeleuse-ocme-vega-ht-100-2\/","og_site_name":"BBM Packaging","article_modified_time":"2026-04-24T07:33:40+00:00","og_image":[{"width":1024,"height":768,"url":"https:\/\/cdn.bbmpackaging.com\/wp-content\/uploads\/2026\/04\/Fardeleuse-OCME-VEGA-HT-1002_.jpg","type":"image\/jpeg"}],"twitter_card":"summary_large_image","twitter_misc":{"Dur\u00e9e de lecture estim\u00e9e":"1 minute"},"schema":{"@context":"https:\/\/schema.org","@graph":[{"@type":"WebPage","@id":"https:\/\/www.bbmpackaging.com\/fr\/machines\/occasion\/fardeleuses-formeuses-de-barquettes-occasion\/fardeleuse-ocme-vega-ht-100-2\/","url":"https:\/\/www.bbmpackaging.com\/fr\/machines\/occasion\/fardeleuses-formeuses-de-barquettes-occasion\/fardeleuse-ocme-vega-ht-100-2\/","name":"Fardeleuse OCME VEGA HT 100\/2 - BBM Packaging","isPartOf":{"@id":"https:\/\/www.bbmpackaging.com\/fr\/#website"},"primaryImageOfPage":{"@id":"https:\/\/www.bbmpackaging.com\/fr\/machines\/occasion\/fardeleuses-formeuses-de-barquettes-occasion\/fardeleuse-ocme-vega-ht-100-2\/#primaryimage"},"image":{"@id":"https:\/\/www.bbmpackaging.com\/fr\/machines\/occasion\/fardeleuses-formeuses-de-barquettes-occasion\/fardeleuse-ocme-vega-ht-100-2\/#primaryimage"},"thumbnailUrl":"https:\/\/cdn.bbmpackaging.com\/wp-content\/uploads\/2026\/04\/Fardeleuse-OCME-VEGA-HT-1002_.jpg","datePublished":"2026-04-24T07:11:20+00:00","dateModified":"2026-04-24T07:33:40+00:00","description":"Fardeleuse OCME VEGA HT 100\/2 pour canettes en film, 72 000 bph. 6 pistes, PLC et HMI Siemens. Disponible d\u2019occasion et r\u00e9vis\u00e9e ou vue et appr\u00e9ci\u00e9e","breadcrumb":{"@id":"https:\/\/www.bbmpackaging.com\/fr\/machines\/occasion\/fardeleuses-formeuses-de-barquettes-occasion\/fardeleuse-ocme-vega-ht-100-2\/#breadcrumb"},"inLanguage":"fr-FR","potentialAction":[{"@type":"ReadAction","target":["https:\/\/www.bbmpackaging.com\/fr\/machines\/occasion\/fardeleuses-formeuses-de-barquettes-occasion\/fardeleuse-ocme-vega-ht-100-2\/"]}]},{"@type":"ImageObject","inLanguage":"fr-FR","@id":"https:\/\/www.bbmpackaging.com\/fr\/machines\/occasion\/fardeleuses-formeuses-de-barquettes-occasion\/fardeleuse-ocme-vega-ht-100-2\/#primaryimage","url":"https:\/\/cdn.bbmpackaging.com\/wp-content\/uploads\/2026\/04\/Fardeleuse-OCME-VEGA-HT-1002_.jpg","contentUrl":"https:\/\/cdn.bbmpackaging.com\/wp-content\/uploads\/2026\/04\/Fardeleuse-OCME-VEGA-HT-1002_.jpg","width":1024,"height":768},{"@type":"BreadcrumbList","@id":"https:\/\/www.bbmpackaging.com\/fr\/machines\/occasion\/fardeleuses-formeuses-de-barquettes-occasion\/fardeleuse-ocme-vega-ht-100-2\/#breadcrumb","itemListElement":[{"@type":"ListItem","position":1,"name":"Home","item":"https:\/\/www.bbmpackaging.com\/fr\/"},{"@type":"ListItem","position":2,"name":"Produits","item":"https:\/\/www.bbmpackaging.com\/fr\/produits\/"},{"@type":"ListItem","position":3,"name":"Machines d\u2019occasion","item":"https:\/\/www.bbmpackaging.com\/fr\/machines\/occasion\/"},{"@type":"ListItem","position":4,"name":"Fardeleuse et formeuses de barquettes","item":"https:\/\/www.bbmpackaging.com\/fr\/machines\/fardeleuses-formeuses-de-barquettes-occasion\/"},{"@type":"ListItem","position":5,"name":"Fardeleuse OCME VEGA HT 100\/2"}]},{"@type":"WebSite","@id":"https:\/\/www.bbmpackaging.com\/fr\/#website","url":"https:\/\/www.bbmpackaging.com\/fr\/","name":"BBM Packaging","description":"Imbottigliamento: macchinari manutenzione e much more","potentialAction":[{"@type":"SearchAction","target":{"@type":"EntryPoint","urlTemplate":"https:\/\/www.bbmpackaging.com\/fr\/?s={search_term_string}"},"query-input":{"@type":"PropertyValueSpecification","valueRequired":true,"valueName":"search_term_string"}}],"inLanguage":"fr-FR"}]}},"_links":{"self":[{"href":"https:\/\/www.bbmpackaging.com\/fr\/wp-json\/wp\/v2\/product\/77835","targetHints":{"allow":["GET"]}}],"collection":[{"href":"https:\/\/www.bbmpackaging.com\/fr\/wp-json\/wp\/v2\/product"}],"about":[{"href":"https:\/\/www.bbmpackaging.com\/fr\/wp-json\/wp\/v2\/types\/product"}],"replies":[{"embeddable":true,"href":"https:\/\/www.bbmpackaging.com\/fr\/wp-json\/wp\/v2\/comments?post=77835"}],"wp:featuredmedia":[{"embeddable":true,"href":"https:\/\/www.bbmpackaging.com\/fr\/wp-json\/wp\/v2\/media\/77860"}],"wp:attachment":[{"href":"https:\/\/www.bbmpackaging.com\/fr\/wp-json\/wp\/v2\/media?parent=77835"}],"wp:term":[{"taxonomy":"brand","embeddable":true,"href":"https:\/\/www.bbmpackaging.com\/fr\/wp-json\/wp\/v2\/brand?post=77835"},{"taxonomy":"product_brand","embeddable":true,"href":"https:\/\/www.bbmpackaging.com\/fr\/wp-json\/wp\/v2\/product_brand?post=77835"},{"taxonomy":"product_cat","embeddable":true,"href":"https:\/\/www.bbmpackaging.com\/fr\/wp-json\/wp\/v2\/product_cat?post=77835"},{"taxonomy":"product_tag","embeddable":true,"href":"https:\/\/www.bbmpackaging.com\/fr\/wp-json\/wp\/v2\/product_tag?post=77835"}],"curies":[{"name":"wp","href":"https:\/\/api.w.org\/{rel}","templated":true}]}}