{"id":78072,"date":"2026-05-05T11:57:00","date_gmt":"2026-05-05T09:57:00","guid":{"rendered":"https:\/\/www.bbmpackaging.com\/?post_type=product&#038;p=78072"},"modified":"2026-05-05T12:29:16","modified_gmt":"2026-05-05T10:29:16","slug":"ligne-verre-magnum-alcool","status":"publish","type":"product","link":"https:\/\/www.bbmpackaging.com\/fr\/machines\/occasion\/lignes-embouteillage-occasion\/ligne-verre-magnum-alcool\/","title":{"rendered":"Ligne verre Magnum alcool"},"content":{"rendered":"<section class=\"text-token-text-primary w-full focus:outline-none [--shadow-height:45px] has-data-writing-block:pointer-events-none has-data-writing-block:-mt-(--shadow-height) has-data-writing-block:pt-(--shadow-height) [&amp;:has([data-writing-block])&gt;*]:pointer-events-auto [content-visibility:auto] supports-[content-visibility:auto]:[contain-intrinsic-size:auto_100lvh] R6Vx5W_threadScrollVars scroll-mb-[calc(var(--scroll-root-safe-area-inset-bottom,0px)+var(--thread-response-height))] scroll-mt-[calc(var(--header-height)+min(200px,max(70px,20svh)))]\" dir=\"auto\" data-turn-id=\"request-WEB:02d35632-918b-48f4-aa17-61d66f792bc4-0\" data-testid=\"conversation-turn-2\" data-scroll-anchor=\"false\" data-turn=\"assistant\">\n<div class=\"text-base my-auto mx-auto pb-10 [--thread-content-margin:var(--thread-content-margin-xs,calc(var(--spacing)*4))] @w-sm\/main:[--thread-content-margin:var(--thread-content-margin-sm,calc(var(--spacing)*6))] @w-lg\/main:[--thread-content-margin:var(--thread-content-margin-lg,calc(var(--spacing)*16))] px-(--thread-content-margin)\">\n<div class=\"[--thread-content-max-width:40rem] @w-lg\/main:[--thread-content-max-width:48rem] mx-auto max-w-(--thread-content-max-width) flex-1 group\/turn-messages focus-visible:outline-hidden relative flex w-full min-w-0 flex-col agent-turn\">\n<div class=\"flex max-w-full flex-col gap-4 grow\">\n<div class=\"min-h-8 text-message relative flex w-full flex-col items-end gap-2 text-start break-words whitespace-normal outline-none keyboard-focused:focus-ring [.text-message+&amp;]:mt-1\" dir=\"auto\" tabindex=\"0\" data-message-author-role=\"assistant\" data-message-id=\"025f1a0f-d0de-44fa-af79-7fa9ceaa734b\" data-message-model-slug=\"gpt-5-3\" data-turn-start-message=\"true\">\n<div class=\"flex w-full flex-col gap-1 empty:hidden\">\n<div class=\"markdown prose dark:prose-invert w-full wrap-break-word light markdown-new-styling\">\n<p data-start=\"0\" data-end=\"306\"><strong>Ligne d\u2019embouteillage Magnum en verre pour alcool<\/strong>, avec une capacit\u00e9 jusqu\u2019\u00e0 <strong data-start=\"86\" data-end=\"107\">200 BPH<\/strong>. La ligne traite actuellement des formats de <strong data-start=\"221\" data-end=\"236\">3 et 6 litres.<\/strong><\/p>\n<p data-start=\"308\" data-end=\"570\">Le transfert s\u2019effectue via le corps de la machine, tandis que l\u2019\u00e9tiquetage est r\u00e9alis\u00e9 avec des <strong data-start=\"397\" data-end=\"422\">\u00e9tiquettes autocollantes<\/strong> avec application de <strong>colle<\/strong>.&nbsp;<\/p>\n<\/div>\n<p data-start=\"572\" data-end=\"728\" data-is-last-node=\"\" data-is-only-node=\"\">Compos\u00e9e de :<\/p>\n<ul>\n<li data-start=\"572\" data-end=\"728\"><strong>Rinceuse Tardito TP2D<\/strong> &#8211; \u00e9quip\u00e9e d\u2019un <strong>capteur de pr\u00e9sence bouteille<\/strong> pour le contr\u00f4le du jet.<\/li>\n<li data-start=\"572\" data-end=\"728\"><strong>Remplisseuse Officine Pesce OPG 97\/B2<\/strong> &#8211; remplisseuse \u00e0 4 vannes, remplissage par gravit\u00e9.<\/li>\n<li data-start=\"572\" data-end=\"728\"><strong>\u00c9tiqueteuse DMC TECH 49<\/strong> &#8211; <strong>machine automatique lin\u00e9aire avec plateau<\/strong>, adapt\u00e9e \u00e0 l\u2019application d\u2019\u00e9tiquettes de corps et de collerettes.<\/li>\n<\/ul>\n<p>Disponible en <strong data-start=\"601\" data-end=\"621\">l\u2019\u00e9tat<\/strong>, ou <strong data-start=\"630\" data-end=\"657\">r\u00e9vis\u00e9e et garantie<\/strong>, elle repr\u00e9sente une solution compacte, fiable et pr\u00eate \u00e0 l\u2019emploi.<\/p>\n<\/div>\n<\/div>\n<\/div>\n<\/div>\n<\/div>\n<\/section>\n<div class=\"pointer-events-none -mt-px h-px translate-y-[calc(var(--scroll-root-safe-area-inset-bottom)-14*var(--spacing))]\" aria-hidden=\"true\">D\u00e9couvrez \u00e9galement d\u2019autres <a href=\"https:\/\/www.bbmpackaging.com\/fr\/machines\/lignes-embouteillage-occasion\/\" target=\"_blank\" rel=\"noopener\"><strong>lignes d\u2019embouteillage d\u2019occasion.<\/strong><\/a><\/div>\n<div aria-hidden=\"true\">&nbsp;<\/div>\n<div aria-hidden=\"true\">&nbsp;<\/div>\n","protected":false},"excerpt":{"rendered":"<p>Ligne d\u2019embouteillage en verre pour alcool, 200 bph<\/p>\n","protected":false},"featured_media":78109,"comment_status":"closed","ping_status":"closed","template":"","meta":{"_acf_changed":false},"brand":[7500],"product_brand":[],"product_cat":[1108,1106,1102],"product_tag":[],"class_list":{"0":"post-78072","1":"product","2":"type-product","3":"status-publish","4":"has-post-thumbnail","6":"brand-muiltimarques","7":"product_cat-lignes-embouteillage-occasion","8":"product_cat-occasion","9":"product_cat-machines","11":"first","12":"instock","13":"shipping-taxable","14":"product-type-simple"},"acf":[],"yoast_head":"<!-- This site is optimized with the Yoast SEO plugin v27.2 - https:\/\/yoast.com\/product\/yoast-seo-wordpress\/ -->\n<title>Ligne verre Magnum alcool - BBM Packaging<\/title>\n<meta name=\"description\" content=\"Ligne d\u2019embouteillage Magnum en verre pour alcool, jusqu\u2019\u00e0 200 bouteilles\/heure. D\u00e9couvrez tous les composants et leurs sp\u00e9cifications\" \/>\n<meta name=\"robots\" content=\"index, follow, max-snippet:-1, max-image-preview:large, max-video-preview:-1\" \/>\n<link rel=\"canonical\" href=\"https:\/\/www.bbmpackaging.com\/fr\/machines\/occasion\/lignes-embouteillage-occasion\/ligne-verre-magnum-alcool\/\" \/>\n<meta property=\"og:locale\" content=\"fr_FR\" \/>\n<meta property=\"og:type\" content=\"article\" \/>\n<meta property=\"og:title\" content=\"Ligne verre Magnum alcool - BBM Packaging\" \/>\n<meta property=\"og:description\" content=\"Ligne d\u2019embouteillage Magnum en verre pour alcool, jusqu\u2019\u00e0 200 bouteilles\/heure. D\u00e9couvrez tous les composants et leurs sp\u00e9cifications\" \/>\n<meta property=\"og:url\" content=\"https:\/\/www.bbmpackaging.com\/fr\/machines\/occasion\/lignes-embouteillage-occasion\/ligne-verre-magnum-alcool\/\" \/>\n<meta property=\"og:site_name\" content=\"BBM Packaging\" \/>\n<meta property=\"article:modified_time\" content=\"2026-05-05T10:29:16+00:00\" \/>\n<meta property=\"og:image\" content=\"https:\/\/cdn.bbmpackaging.com\/wp-content\/uploads\/2026\/05\/Ligne-verre-Magnum-alcool-Campari.jpg\" \/>\n\t<meta property=\"og:image:width\" content=\"1350\" \/>\n\t<meta property=\"og:image:height\" content=\"1080\" \/>\n\t<meta property=\"og:image:type\" content=\"image\/jpeg\" \/>\n<meta name=\"twitter:card\" content=\"summary_large_image\" \/>\n<meta name=\"twitter:label1\" content=\"Dur\u00e9e de lecture estim\u00e9e\" \/>\n\t<meta name=\"twitter:data1\" content=\"1 minute\" \/>\n<script type=\"application\/ld+json\" class=\"yoast-schema-graph\">{\"@context\":\"https:\/\/schema.org\",\"@graph\":[{\"@type\":\"WebPage\",\"@id\":\"https:\/\/www.bbmpackaging.com\/fr\/machines\/occasion\/lignes-embouteillage-occasion\/ligne-verre-magnum-alcool\/\",\"url\":\"https:\/\/www.bbmpackaging.com\/fr\/machines\/occasion\/lignes-embouteillage-occasion\/ligne-verre-magnum-alcool\/\",\"name\":\"Ligne verre Magnum alcool - BBM Packaging\",\"isPartOf\":{\"@id\":\"https:\/\/www.bbmpackaging.com\/fr\/#website\"},\"primaryImageOfPage\":{\"@id\":\"https:\/\/www.bbmpackaging.com\/fr\/machines\/occasion\/lignes-embouteillage-occasion\/ligne-verre-magnum-alcool\/#primaryimage\"},\"image\":{\"@id\":\"https:\/\/www.bbmpackaging.com\/fr\/machines\/occasion\/lignes-embouteillage-occasion\/ligne-verre-magnum-alcool\/#primaryimage\"},\"thumbnailUrl\":\"https:\/\/cdn.bbmpackaging.com\/wp-content\/uploads\/2026\/05\/Ligne-verre-Magnum-alcool-Campari.jpg\",\"datePublished\":\"2026-05-05T09:57:00+00:00\",\"dateModified\":\"2026-05-05T10:29:16+00:00\",\"description\":\"Ligne d\u2019embouteillage Magnum en verre pour alcool, jusqu\u2019\u00e0 200 bouteilles\/heure. D\u00e9couvrez tous les composants et leurs sp\u00e9cifications\",\"breadcrumb\":{\"@id\":\"https:\/\/www.bbmpackaging.com\/fr\/machines\/occasion\/lignes-embouteillage-occasion\/ligne-verre-magnum-alcool\/#breadcrumb\"},\"inLanguage\":\"fr-FR\",\"potentialAction\":[{\"@type\":\"ReadAction\",\"target\":[\"https:\/\/www.bbmpackaging.com\/fr\/machines\/occasion\/lignes-embouteillage-occasion\/ligne-verre-magnum-alcool\/\"]}]},{\"@type\":\"ImageObject\",\"inLanguage\":\"fr-FR\",\"@id\":\"https:\/\/www.bbmpackaging.com\/fr\/machines\/occasion\/lignes-embouteillage-occasion\/ligne-verre-magnum-alcool\/#primaryimage\",\"url\":\"https:\/\/cdn.bbmpackaging.com\/wp-content\/uploads\/2026\/05\/Ligne-verre-Magnum-alcool-Campari.jpg\",\"contentUrl\":\"https:\/\/cdn.bbmpackaging.com\/wp-content\/uploads\/2026\/05\/Ligne-verre-Magnum-alcool-Campari.jpg\",\"width\":1350,\"height\":1080,\"caption\":\"Ligne verre Magnum alcool\"},{\"@type\":\"BreadcrumbList\",\"@id\":\"https:\/\/www.bbmpackaging.com\/fr\/machines\/occasion\/lignes-embouteillage-occasion\/ligne-verre-magnum-alcool\/#breadcrumb\",\"itemListElement\":[{\"@type\":\"ListItem\",\"position\":1,\"name\":\"Home\",\"item\":\"https:\/\/www.bbmpackaging.com\/fr\/\"},{\"@type\":\"ListItem\",\"position\":2,\"name\":\"Produits\",\"item\":\"https:\/\/www.bbmpackaging.com\/fr\/produits\/\"},{\"@type\":\"ListItem\",\"position\":3,\"name\":\"Machines d\u2019occasion\",\"item\":\"https:\/\/www.bbmpackaging.com\/fr\/machines\/occasion\/\"},{\"@type\":\"ListItem\",\"position\":4,\"name\":\"Ligne d\u2019embouteillage et d\u2019emballage\",\"item\":\"https:\/\/www.bbmpackaging.com\/fr\/machines\/lignes-embouteillage-occasion\/\"},{\"@type\":\"ListItem\",\"position\":5,\"name\":\"Ligne verre Magnum alcool\"}]},{\"@type\":\"WebSite\",\"@id\":\"https:\/\/www.bbmpackaging.com\/fr\/#website\",\"url\":\"https:\/\/www.bbmpackaging.com\/fr\/\",\"name\":\"BBM Packaging\",\"description\":\"Imbottigliamento: macchinari manutenzione e much more\",\"potentialAction\":[{\"@type\":\"SearchAction\",\"target\":{\"@type\":\"EntryPoint\",\"urlTemplate\":\"https:\/\/www.bbmpackaging.com\/fr\/?s={search_term_string}\"},\"query-input\":{\"@type\":\"PropertyValueSpecification\",\"valueRequired\":true,\"valueName\":\"search_term_string\"}}],\"inLanguage\":\"fr-FR\"}]}<\/script>\n<!-- \/ Yoast SEO plugin. -->","yoast_head_json":{"title":"Ligne verre Magnum alcool - BBM Packaging","description":"Ligne d\u2019embouteillage Magnum en verre pour alcool, jusqu\u2019\u00e0 200 bouteilles\/heure. D\u00e9couvrez tous les composants et leurs sp\u00e9cifications","robots":{"index":"index","follow":"follow","max-snippet":"max-snippet:-1","max-image-preview":"max-image-preview:large","max-video-preview":"max-video-preview:-1"},"canonical":"https:\/\/www.bbmpackaging.com\/fr\/machines\/occasion\/lignes-embouteillage-occasion\/ligne-verre-magnum-alcool\/","og_locale":"fr_FR","og_type":"article","og_title":"Ligne verre Magnum alcool - BBM Packaging","og_description":"Ligne d\u2019embouteillage Magnum en verre pour alcool, jusqu\u2019\u00e0 200 bouteilles\/heure. D\u00e9couvrez tous les composants et leurs sp\u00e9cifications","og_url":"https:\/\/www.bbmpackaging.com\/fr\/machines\/occasion\/lignes-embouteillage-occasion\/ligne-verre-magnum-alcool\/","og_site_name":"BBM Packaging","article_modified_time":"2026-05-05T10:29:16+00:00","og_image":[{"width":1350,"height":1080,"url":"https:\/\/cdn.bbmpackaging.com\/wp-content\/uploads\/2026\/05\/Ligne-verre-Magnum-alcool-Campari.jpg","type":"image\/jpeg"}],"twitter_card":"summary_large_image","twitter_misc":{"Dur\u00e9e de lecture estim\u00e9e":"1 minute"},"schema":{"@context":"https:\/\/schema.org","@graph":[{"@type":"WebPage","@id":"https:\/\/www.bbmpackaging.com\/fr\/machines\/occasion\/lignes-embouteillage-occasion\/ligne-verre-magnum-alcool\/","url":"https:\/\/www.bbmpackaging.com\/fr\/machines\/occasion\/lignes-embouteillage-occasion\/ligne-verre-magnum-alcool\/","name":"Ligne verre Magnum alcool - BBM Packaging","isPartOf":{"@id":"https:\/\/www.bbmpackaging.com\/fr\/#website"},"primaryImageOfPage":{"@id":"https:\/\/www.bbmpackaging.com\/fr\/machines\/occasion\/lignes-embouteillage-occasion\/ligne-verre-magnum-alcool\/#primaryimage"},"image":{"@id":"https:\/\/www.bbmpackaging.com\/fr\/machines\/occasion\/lignes-embouteillage-occasion\/ligne-verre-magnum-alcool\/#primaryimage"},"thumbnailUrl":"https:\/\/cdn.bbmpackaging.com\/wp-content\/uploads\/2026\/05\/Ligne-verre-Magnum-alcool-Campari.jpg","datePublished":"2026-05-05T09:57:00+00:00","dateModified":"2026-05-05T10:29:16+00:00","description":"Ligne d\u2019embouteillage Magnum en verre pour alcool, jusqu\u2019\u00e0 200 bouteilles\/heure. D\u00e9couvrez tous les composants et leurs sp\u00e9cifications","breadcrumb":{"@id":"https:\/\/www.bbmpackaging.com\/fr\/machines\/occasion\/lignes-embouteillage-occasion\/ligne-verre-magnum-alcool\/#breadcrumb"},"inLanguage":"fr-FR","potentialAction":[{"@type":"ReadAction","target":["https:\/\/www.bbmpackaging.com\/fr\/machines\/occasion\/lignes-embouteillage-occasion\/ligne-verre-magnum-alcool\/"]}]},{"@type":"ImageObject","inLanguage":"fr-FR","@id":"https:\/\/www.bbmpackaging.com\/fr\/machines\/occasion\/lignes-embouteillage-occasion\/ligne-verre-magnum-alcool\/#primaryimage","url":"https:\/\/cdn.bbmpackaging.com\/wp-content\/uploads\/2026\/05\/Ligne-verre-Magnum-alcool-Campari.jpg","contentUrl":"https:\/\/cdn.bbmpackaging.com\/wp-content\/uploads\/2026\/05\/Ligne-verre-Magnum-alcool-Campari.jpg","width":1350,"height":1080,"caption":"Ligne verre Magnum alcool"},{"@type":"BreadcrumbList","@id":"https:\/\/www.bbmpackaging.com\/fr\/machines\/occasion\/lignes-embouteillage-occasion\/ligne-verre-magnum-alcool\/#breadcrumb","itemListElement":[{"@type":"ListItem","position":1,"name":"Home","item":"https:\/\/www.bbmpackaging.com\/fr\/"},{"@type":"ListItem","position":2,"name":"Produits","item":"https:\/\/www.bbmpackaging.com\/fr\/produits\/"},{"@type":"ListItem","position":3,"name":"Machines d\u2019occasion","item":"https:\/\/www.bbmpackaging.com\/fr\/machines\/occasion\/"},{"@type":"ListItem","position":4,"name":"Ligne d\u2019embouteillage et d\u2019emballage","item":"https:\/\/www.bbmpackaging.com\/fr\/machines\/lignes-embouteillage-occasion\/"},{"@type":"ListItem","position":5,"name":"Ligne verre Magnum alcool"}]},{"@type":"WebSite","@id":"https:\/\/www.bbmpackaging.com\/fr\/#website","url":"https:\/\/www.bbmpackaging.com\/fr\/","name":"BBM Packaging","description":"Imbottigliamento: macchinari manutenzione e much more","potentialAction":[{"@type":"SearchAction","target":{"@type":"EntryPoint","urlTemplate":"https:\/\/www.bbmpackaging.com\/fr\/?s={search_term_string}"},"query-input":{"@type":"PropertyValueSpecification","valueRequired":true,"valueName":"search_term_string"}}],"inLanguage":"fr-FR"}]}},"_links":{"self":[{"href":"https:\/\/www.bbmpackaging.com\/fr\/wp-json\/wp\/v2\/product\/78072","targetHints":{"allow":["GET"]}}],"collection":[{"href":"https:\/\/www.bbmpackaging.com\/fr\/wp-json\/wp\/v2\/product"}],"about":[{"href":"https:\/\/www.bbmpackaging.com\/fr\/wp-json\/wp\/v2\/types\/product"}],"replies":[{"embeddable":true,"href":"https:\/\/www.bbmpackaging.com\/fr\/wp-json\/wp\/v2\/comments?post=78072"}],"wp:featuredmedia":[{"embeddable":true,"href":"https:\/\/www.bbmpackaging.com\/fr\/wp-json\/wp\/v2\/media\/78109"}],"wp:attachment":[{"href":"https:\/\/www.bbmpackaging.com\/fr\/wp-json\/wp\/v2\/media?parent=78072"}],"wp:term":[{"taxonomy":"brand","embeddable":true,"href":"https:\/\/www.bbmpackaging.com\/fr\/wp-json\/wp\/v2\/brand?post=78072"},{"taxonomy":"product_brand","embeddable":true,"href":"https:\/\/www.bbmpackaging.com\/fr\/wp-json\/wp\/v2\/product_brand?post=78072"},{"taxonomy":"product_cat","embeddable":true,"href":"https:\/\/www.bbmpackaging.com\/fr\/wp-json\/wp\/v2\/product_cat?post=78072"},{"taxonomy":"product_tag","embeddable":true,"href":"https:\/\/www.bbmpackaging.com\/fr\/wp-json\/wp\/v2\/product_tag?post=78072"}],"curies":[{"name":"wp","href":"https:\/\/api.w.org\/{rel}","templated":true}]}}