{"id":15865,"date":"2021-07-16T14:40:12","date_gmt":"2021-07-16T12:40:12","guid":{"rendered":"https:\/\/www.bbmpackaging.com\/?page_id=15865"},"modified":"2024-11-13T17:35:26","modified_gmt":"2024-11-13T16:35:26","slug":"sistema-recupera-aria","status":"publish","type":"page","link":"https:\/\/www.bbmpackaging.com\/it\/engineering\/sistema-recupera-aria\/","title":{"rendered":"Sistema Recupera aria"},"content":{"rendered":"<p class=\"big\">Upgrade sistema recupero aria per soffiatrici: sistema integrato con connessione wireless per la gestione del recupero dell\u2019aria nell\u2019ottimizzazione dei processi di imbottigliamento.<\/p>\n","protected":false},"excerpt":{"rendered":"<p>Upgrade sistema recupero aria per soffiatrici: sistema integrato con connessione wireless per la gestione del recupero dell\u2019aria nell\u2019ottimizzazione&#8230;<\/p>\n","protected":false},"author":2,"featured_media":15919,"parent":15859,"menu_order":0,"comment_status":"closed","ping_status":"closed","template":"page-2colonne.php","meta":{"_acf_changed":false,"footnotes":""},"class_list":["post-15865","page","type-page","status-publish","has-post-thumbnail","hentry"],"acf":{"testo_prima_colonne":"","colonna_sinistra":"<p>L\u2019upgrade consiste nell\u2019installare un sistema integrato a connessione wireless per la gestione del recupero dell\u2019aria, utilizzando il collettore originale delle soffiatrici, senza la necessit\u00e0 di sostituirlo (particolarmente adatto a SIDEL S2 con recuperi aria installati NON originali).<\/p>\r\n\r\n<p>Il sistema cos\u00ec configurato consente la regolazione automatica, mentre la macchina \u00e8 in funzione, in base al formato e alla velocit\u00e0 della soffiatrice stessa. Sar\u00e0 possibile gestire l\u2019auto check-up dei sensori e la diagnostica di ogni valvola direttamente da pannello.<\/p>\r\n\r\n&nbsp;\r\n\r\n<p><a class=\"brochure\" href=\"https:\/\/cdn.bbmpackaging.com\/wp-content\/uploads\/2022\/09\/BBM_Risparmio-energetico_pannelli-ceramici_0.24_compressed.pdf\" target=\"_blank\" rel=\"noopener\">Scarica la brochure<\/a><\/p>","colonna_destra":"<img class=\"alignnone size-full wp-image-15928\" src=\"https:\/\/cdn.bbmpackaging.com\/wp-content\/uploads\/2021\/07\/upgrade-macchinari-per-imbottigliamento-05.jpg\" alt=\"\" width=\"450\" height=\"370\" \/>","testo_dopo_colonne":""},"yoast_head":"<!-- This site is optimized with the Yoast SEO plugin v27.2 - https:\/\/yoast.com\/product\/yoast-seo-wordpress\/ -->\n<title>Sistema Recupero aria per Soffiatrici - BBM Packaging<\/title>\n<meta name=\"description\" content=\"Upgrade sistema recupero aria per soffiatrici: sistema integrato con connessione wireless per la gestione del recupero dell\u2019aria nell\u2019ottimizzazione dei\" \/>\n<meta name=\"robots\" content=\"index, follow, max-snippet:-1, max-image-preview:large, max-video-preview:-1\" \/>\n<link rel=\"canonical\" href=\"https:\/\/www.bbmpackaging.com\/it\/engineering\/sistema-recupera-aria\/\" \/>\n<meta property=\"og:locale\" content=\"it_IT\" \/>\n<meta property=\"og:type\" content=\"article\" \/>\n<meta property=\"og:title\" content=\"Sistema Recupero aria per Soffiatrici - BBM Packaging\" \/>\n<meta property=\"og:description\" content=\"Upgrade sistema recupero aria per soffiatrici: sistema integrato con connessione wireless per la gestione del recupero dell\u2019aria nell\u2019ottimizzazione dei\" \/>\n<meta property=\"og:url\" content=\"https:\/\/www.bbmpackaging.com\/it\/engineering\/sistema-recupera-aria\/\" \/>\n<meta property=\"og:site_name\" content=\"BBM Packaging\" \/>\n<meta property=\"article:modified_time\" content=\"2024-11-13T16:35:26+00:00\" \/>\n<meta property=\"og:image\" content=\"https:\/\/cdn.bbmpackaging.com\/wp-content\/uploads\/2021\/07\/air-recovery.jpg\" \/>\n\t<meta property=\"og:image:width\" content=\"1920\" \/>\n\t<meta property=\"og:image:height\" content=\"630\" \/>\n\t<meta property=\"og:image:type\" content=\"image\/jpeg\" \/>\n<meta name=\"twitter:card\" content=\"summary_large_image\" \/>\n<script type=\"application\/ld+json\" class=\"yoast-schema-graph\">{\"@context\":\"https:\/\/schema.org\",\"@graph\":[{\"@type\":\"WebPage\",\"@id\":\"https:\/\/www.bbmpackaging.com\/it\/engineering\/sistema-recupera-aria\/\",\"url\":\"https:\/\/www.bbmpackaging.com\/it\/engineering\/sistema-recupera-aria\/\",\"name\":\"Sistema Recupero aria per Soffiatrici - BBM Packaging\",\"isPartOf\":{\"@id\":\"https:\/\/www.bbmpackaging.com\/it\/#website\"},\"primaryImageOfPage\":{\"@id\":\"https:\/\/www.bbmpackaging.com\/it\/engineering\/sistema-recupera-aria\/#primaryimage\"},\"image\":{\"@id\":\"https:\/\/www.bbmpackaging.com\/it\/engineering\/sistema-recupera-aria\/#primaryimage\"},\"thumbnailUrl\":\"https:\/\/cdn.bbmpackaging.com\/wp-content\/uploads\/2021\/07\/air-recovery.jpg\",\"datePublished\":\"2021-07-16T12:40:12+00:00\",\"dateModified\":\"2024-11-13T16:35:26+00:00\",\"description\":\"Upgrade sistema recupero aria per soffiatrici: sistema integrato con connessione wireless per la gestione del recupero dell\u2019aria nell\u2019ottimizzazione dei\",\"breadcrumb\":{\"@id\":\"https:\/\/www.bbmpackaging.com\/it\/engineering\/sistema-recupera-aria\/#breadcrumb\"},\"inLanguage\":\"it-IT\",\"potentialAction\":[{\"@type\":\"ReadAction\",\"target\":[\"https:\/\/www.bbmpackaging.com\/it\/engineering\/sistema-recupera-aria\/\"]}]},{\"@type\":\"ImageObject\",\"inLanguage\":\"it-IT\",\"@id\":\"https:\/\/www.bbmpackaging.com\/it\/engineering\/sistema-recupera-aria\/#primaryimage\",\"url\":\"https:\/\/cdn.bbmpackaging.com\/wp-content\/uploads\/2021\/07\/air-recovery.jpg\",\"contentUrl\":\"https:\/\/cdn.bbmpackaging.com\/wp-content\/uploads\/2021\/07\/air-recovery.jpg\",\"width\":1920,\"height\":630},{\"@type\":\"BreadcrumbList\",\"@id\":\"https:\/\/www.bbmpackaging.com\/it\/engineering\/sistema-recupera-aria\/#breadcrumb\",\"itemListElement\":[{\"@type\":\"ListItem\",\"position\":1,\"name\":\"Home\",\"item\":\"https:\/\/www.bbmpackaging.com\/it\/\"},{\"@type\":\"ListItem\",\"position\":2,\"name\":\"Engineering\",\"item\":\"https:\/\/www.bbmpackaging.com\/it\/engineering\/\"},{\"@type\":\"ListItem\",\"position\":3,\"name\":\"Sistema Recupera aria\"}]},{\"@type\":\"WebSite\",\"@id\":\"https:\/\/www.bbmpackaging.com\/it\/#website\",\"url\":\"https:\/\/www.bbmpackaging.com\/it\/\",\"name\":\"BBM Packaging\",\"description\":\"Imbottigliamento: macchinari manutenzione e much more\",\"potentialAction\":[{\"@type\":\"SearchAction\",\"target\":{\"@type\":\"EntryPoint\",\"urlTemplate\":\"https:\/\/www.bbmpackaging.com\/it\/?s={search_term_string}\"},\"query-input\":{\"@type\":\"PropertyValueSpecification\",\"valueRequired\":true,\"valueName\":\"search_term_string\"}}],\"inLanguage\":\"it-IT\"}]}<\/script>\n<!-- \/ Yoast SEO plugin. -->","yoast_head_json":{"title":"Sistema Recupero aria per Soffiatrici - BBM Packaging","description":"Upgrade sistema recupero aria per soffiatrici: sistema integrato con connessione wireless per la gestione del recupero dell\u2019aria nell\u2019ottimizzazione dei","robots":{"index":"index","follow":"follow","max-snippet":"max-snippet:-1","max-image-preview":"max-image-preview:large","max-video-preview":"max-video-preview:-1"},"canonical":"https:\/\/www.bbmpackaging.com\/it\/engineering\/sistema-recupera-aria\/","og_locale":"it_IT","og_type":"article","og_title":"Sistema Recupero aria per Soffiatrici - BBM Packaging","og_description":"Upgrade sistema recupero aria per soffiatrici: sistema integrato con connessione wireless per la gestione del recupero dell\u2019aria nell\u2019ottimizzazione dei","og_url":"https:\/\/www.bbmpackaging.com\/it\/engineering\/sistema-recupera-aria\/","og_site_name":"BBM Packaging","article_modified_time":"2024-11-13T16:35:26+00:00","og_image":[{"width":1920,"height":630,"url":"https:\/\/cdn.bbmpackaging.com\/wp-content\/uploads\/2021\/07\/air-recovery.jpg","type":"image\/jpeg"}],"twitter_card":"summary_large_image","schema":{"@context":"https:\/\/schema.org","@graph":[{"@type":"WebPage","@id":"https:\/\/www.bbmpackaging.com\/it\/engineering\/sistema-recupera-aria\/","url":"https:\/\/www.bbmpackaging.com\/it\/engineering\/sistema-recupera-aria\/","name":"Sistema Recupero aria per Soffiatrici - BBM Packaging","isPartOf":{"@id":"https:\/\/www.bbmpackaging.com\/it\/#website"},"primaryImageOfPage":{"@id":"https:\/\/www.bbmpackaging.com\/it\/engineering\/sistema-recupera-aria\/#primaryimage"},"image":{"@id":"https:\/\/www.bbmpackaging.com\/it\/engineering\/sistema-recupera-aria\/#primaryimage"},"thumbnailUrl":"https:\/\/cdn.bbmpackaging.com\/wp-content\/uploads\/2021\/07\/air-recovery.jpg","datePublished":"2021-07-16T12:40:12+00:00","dateModified":"2024-11-13T16:35:26+00:00","description":"Upgrade sistema recupero aria per soffiatrici: sistema integrato con connessione wireless per la gestione del recupero dell\u2019aria nell\u2019ottimizzazione dei","breadcrumb":{"@id":"https:\/\/www.bbmpackaging.com\/it\/engineering\/sistema-recupera-aria\/#breadcrumb"},"inLanguage":"it-IT","potentialAction":[{"@type":"ReadAction","target":["https:\/\/www.bbmpackaging.com\/it\/engineering\/sistema-recupera-aria\/"]}]},{"@type":"ImageObject","inLanguage":"it-IT","@id":"https:\/\/www.bbmpackaging.com\/it\/engineering\/sistema-recupera-aria\/#primaryimage","url":"https:\/\/cdn.bbmpackaging.com\/wp-content\/uploads\/2021\/07\/air-recovery.jpg","contentUrl":"https:\/\/cdn.bbmpackaging.com\/wp-content\/uploads\/2021\/07\/air-recovery.jpg","width":1920,"height":630},{"@type":"BreadcrumbList","@id":"https:\/\/www.bbmpackaging.com\/it\/engineering\/sistema-recupera-aria\/#breadcrumb","itemListElement":[{"@type":"ListItem","position":1,"name":"Home","item":"https:\/\/www.bbmpackaging.com\/it\/"},{"@type":"ListItem","position":2,"name":"Engineering","item":"https:\/\/www.bbmpackaging.com\/it\/engineering\/"},{"@type":"ListItem","position":3,"name":"Sistema Recupera aria"}]},{"@type":"WebSite","@id":"https:\/\/www.bbmpackaging.com\/it\/#website","url":"https:\/\/www.bbmpackaging.com\/it\/","name":"BBM Packaging","description":"Imbottigliamento: macchinari manutenzione e much more","potentialAction":[{"@type":"SearchAction","target":{"@type":"EntryPoint","urlTemplate":"https:\/\/www.bbmpackaging.com\/it\/?s={search_term_string}"},"query-input":{"@type":"PropertyValueSpecification","valueRequired":true,"valueName":"search_term_string"}}],"inLanguage":"it-IT"}]}},"_links":{"self":[{"href":"https:\/\/www.bbmpackaging.com\/it\/wp-json\/wp\/v2\/pages\/15865","targetHints":{"allow":["GET"]}}],"collection":[{"href":"https:\/\/www.bbmpackaging.com\/it\/wp-json\/wp\/v2\/pages"}],"about":[{"href":"https:\/\/www.bbmpackaging.com\/it\/wp-json\/wp\/v2\/types\/page"}],"author":[{"embeddable":true,"href":"https:\/\/www.bbmpackaging.com\/it\/wp-json\/wp\/v2\/users\/2"}],"replies":[{"embeddable":true,"href":"https:\/\/www.bbmpackaging.com\/it\/wp-json\/wp\/v2\/comments?post=15865"}],"version-history":[{"count":0,"href":"https:\/\/www.bbmpackaging.com\/it\/wp-json\/wp\/v2\/pages\/15865\/revisions"}],"up":[{"embeddable":true,"href":"https:\/\/www.bbmpackaging.com\/it\/wp-json\/wp\/v2\/pages\/15859"}],"wp:featuredmedia":[{"embeddable":true,"href":"https:\/\/www.bbmpackaging.com\/it\/wp-json\/wp\/v2\/media\/15919"}],"wp:attachment":[{"href":"https:\/\/www.bbmpackaging.com\/it\/wp-json\/wp\/v2\/media?parent=15865"}],"curies":[{"name":"wp","href":"https:\/\/api.w.org\/{rel}","templated":true}]}}