{"id":24900,"date":"2021-12-02T16:39:14","date_gmt":"2021-12-02T15:39:14","guid":{"rendered":"https:\/\/www.bbmpackaging.com\/?page_id=24900"},"modified":"2025-05-19T15:44:37","modified_gmt":"2025-05-19T13:44:37","slug":"sostenibilita-ambientale-e-sociale","status":"publish","type":"page","link":"https:\/\/www.bbmpackaging.com\/it\/chi-siamo\/sostenibilita\/","title":{"rendered":"Sostenibilit\u00e0"},"content":{"rendered":"<h2 class=\"\" data-start=\"112\" data-end=\"155\"><strong>La nostra strategia per la sostenibilit\u00e0<\/strong><\/h2>\n<p class=\"\" data-start=\"157\" data-end=\"435\">In BBM crediamo che la sostenibilit\u00e0 non sia un obiettivo, ma un modo di lavorare, ogni giorno. Per questo, integriamo i principi ESG in ogni aspetto della nostra attivit\u00e0: dalla progettazione dei servizi alla gestione interna, dalla governance alla relazione con il territorio.<\/p>\n<p class=\"\" data-start=\"437\" data-end=\"927\">Il nostro modello di sostenibilit\u00e0 si fonda su una governance solida e condivisa. Il Consiglio di Amministrazione, formato dai tre soci fondatori, guida l\u2019impegno strategico affiancato da un team trasversale di professionisti che coordina comitati su temi chiave: parit\u00e0 di genere, privacy, whistleblowing. Ogni iniziativa nasce da un confronto continuo tra reparti e si traduce in azioni concrete, supportate da documenti come il Codice Etico e il Piano Strategico per la Parit\u00e0 di Genere.<\/p>\n<p class=\"\" data-start=\"929\" data-end=\"1485\">La nostra sostenibilit\u00e0 ha due anime: una interna e una esterna. All\u2019interno, promuoviamo comportamenti responsabili \u2013 dall\u2019eliminazione della plastica monouso alla digitalizzazione dei processi \u2013 e investiamo in soluzioni a basso impatto, come impianti fotovoltaici, auto aziendali a basse emissioni e gestione rigorosa dei rifiuti. All\u2019esterno, offriamo un modello di business circolare che ha nel <strong data-start=\"1329\" data-end=\"1348\">remanufacturing<\/strong> il suo cuore pulsante: rigeneriamo macchinari usati per riportarli sul mercato con prestazioni elevate e un\u2019impronta ambientale ridotta.<\/p>\n<p class=\"\" data-start=\"1487\" data-end=\"1645\">Questo approccio ci ha portato, nel 2024, a ottenere la <strong data-start=\"1543\" data-end=\"1573\">medaglia d\u2019oro da Ecovadis<\/strong>, posizionandoci tra il 5% delle aziende pi\u00f9 virtuose a livello globale.<\/p>\n<p class=\"\" data-start=\"1647\" data-end=\"1893\">Investiamo anche nelle persone e nella comunit\u00e0: collaboriamo con universit\u00e0, scuole e centri di ricerca per formare i talenti di domani, e partecipiamo attivamente alla vita economica del territorio, in sinergia con enti pubblici e associazioni.<\/p>\n<p class=\"\" data-start=\"1895\" data-end=\"2204\">Il nostro sguardo \u00e8 rivolto al futuro. Per il triennio 2025\u20132027 abbiamo definito obiettivi ambiziosi: una nuova sede a basso impatto ambientale, colonnine di ricarica per veicoli elettrici, digitalizzazione dei processi, certificazioni di qualit\u00e0, magazzini automatici e percorsi formativi sempre pi\u00f9 mirati.<\/p>\n<p data-start=\"1895\" data-end=\"2204\">BBM dichiara con orgoglio la sua adesione al set di principi promossi dal Patto Globale delle Nazioni Unite (UNGC). Questo impegno testimonia la nostra dedizione a promuovere la sostenibilit\u00e0 e a perseguire pratiche commerciali etiche e responsabili.<\/p>\n<p class=\"\" data-start=\"1098\" data-end=\"1326\"><strong data-start=\"1098\" data-end=\"1326\">Invitiamo a consultare il nostro Bilancio di Sostenibilit\u00e0 per scoprire nel dettaglio le azioni concrete che stiamo intraprendendo per contribuire al raggiungimento degli SDGs e promuovere un modello di sviluppo sostenibile.<\/strong><\/p>\n","protected":false},"excerpt":{"rendered":"<p>La nostra strategia per la sostenibilit\u00e0 In BBM crediamo che la sostenibilit\u00e0 non sia un obiettivo, ma un&#8230;<\/p>\n","protected":false},"author":2,"featured_media":52530,"parent":179,"menu_order":0,"comment_status":"closed","ping_status":"closed","template":"page-chisiamo.php","meta":{"_acf_changed":false,"footnotes":""},"class_list":["post-24900","page","type-page","status-publish","has-post-thumbnail","hentry"],"acf":[],"yoast_head":"<!-- This site is optimized with the Yoast SEO plugin v27.2 - https:\/\/yoast.com\/product\/yoast-seo-wordpress\/ -->\n<title>Il nostro impregno alla Sostenibilit\u00e0 - BBM Packaging<\/title>\n<meta name=\"description\" content=\"BBM promuove una sostenibilit\u00e0 integrata, anche esternamente il remanufacturing delle linee di imbottigliamento. Leggi il Bilancio di Sostenibilit\u00e0\" \/>\n<meta name=\"robots\" content=\"index, follow, max-snippet:-1, max-image-preview:large, max-video-preview:-1\" \/>\n<link rel=\"canonical\" href=\"https:\/\/www.bbmpackaging.com\/it\/chi-siamo\/sostenibilita\/\" \/>\n<meta property=\"og:locale\" content=\"it_IT\" \/>\n<meta property=\"og:type\" content=\"article\" \/>\n<meta property=\"og:title\" content=\"Il nostro impregno alla Sostenibilit\u00e0 - BBM Packaging\" \/>\n<meta property=\"og:description\" content=\"BBM promuove una sostenibilit\u00e0 integrata, anche esternamente il remanufacturing delle linee di imbottigliamento. Leggi il Bilancio di Sostenibilit\u00e0\" \/>\n<meta property=\"og:url\" content=\"https:\/\/www.bbmpackaging.com\/it\/chi-siamo\/sostenibilita\/\" \/>\n<meta property=\"og:site_name\" content=\"BBM Packaging\" \/>\n<meta property=\"article:modified_time\" content=\"2025-05-19T13:44:37+00:00\" \/>\n<meta property=\"og:image\" content=\"https:\/\/cdn.bbmpackaging.com\/wp-content\/uploads\/2025\/05\/bbm-packaging-sostenibilita.jpg\" \/>\n\t<meta property=\"og:image:width\" content=\"1920\" \/>\n\t<meta property=\"og:image:height\" content=\"547\" \/>\n\t<meta property=\"og:image:type\" content=\"image\/jpeg\" \/>\n<meta name=\"twitter:card\" content=\"summary_large_image\" \/>\n<meta name=\"twitter:label1\" content=\"Tempo di lettura stimato\" \/>\n\t<meta name=\"twitter:data1\" content=\"3 minuti\" \/>\n<script type=\"application\/ld+json\" class=\"yoast-schema-graph\">{\"@context\":\"https:\/\/schema.org\",\"@graph\":[{\"@type\":\"WebPage\",\"@id\":\"https:\/\/www.bbmpackaging.com\/it\/chi-siamo\/sostenibilita\/\",\"url\":\"https:\/\/www.bbmpackaging.com\/it\/chi-siamo\/sostenibilita\/\",\"name\":\"Il nostro impregno alla Sostenibilit\u00e0 - BBM Packaging\",\"isPartOf\":{\"@id\":\"https:\/\/www.bbmpackaging.com\/it\/#website\"},\"primaryImageOfPage\":{\"@id\":\"https:\/\/www.bbmpackaging.com\/it\/chi-siamo\/sostenibilita\/#primaryimage\"},\"image\":{\"@id\":\"https:\/\/www.bbmpackaging.com\/it\/chi-siamo\/sostenibilita\/#primaryimage\"},\"thumbnailUrl\":\"https:\/\/cdn.bbmpackaging.com\/wp-content\/uploads\/2025\/05\/bbm-packaging-sostenibilita.jpg\",\"datePublished\":\"2021-12-02T15:39:14+00:00\",\"dateModified\":\"2025-05-19T13:44:37+00:00\",\"description\":\"BBM promuove una sostenibilit\u00e0 integrata, anche esternamente il remanufacturing delle linee di imbottigliamento. Leggi il Bilancio di Sostenibilit\u00e0\",\"breadcrumb\":{\"@id\":\"https:\/\/www.bbmpackaging.com\/it\/chi-siamo\/sostenibilita\/#breadcrumb\"},\"inLanguage\":\"it-IT\",\"potentialAction\":[{\"@type\":\"ReadAction\",\"target\":[\"https:\/\/www.bbmpackaging.com\/it\/chi-siamo\/sostenibilita\/\"]}]},{\"@type\":\"ImageObject\",\"inLanguage\":\"it-IT\",\"@id\":\"https:\/\/www.bbmpackaging.com\/it\/chi-siamo\/sostenibilita\/#primaryimage\",\"url\":\"https:\/\/cdn.bbmpackaging.com\/wp-content\/uploads\/2025\/05\/bbm-packaging-sostenibilita.jpg\",\"contentUrl\":\"https:\/\/cdn.bbmpackaging.com\/wp-content\/uploads\/2025\/05\/bbm-packaging-sostenibilita.jpg\",\"width\":1920,\"height\":547,\"caption\":\"BBM promuove una sostenibilit\u00e0 integrata, anche esternamente il remanufacturing delle linee di imbottigliamento. Leggi il Bilancio di Sostenibilit\u00e0\"},{\"@type\":\"BreadcrumbList\",\"@id\":\"https:\/\/www.bbmpackaging.com\/it\/chi-siamo\/sostenibilita\/#breadcrumb\",\"itemListElement\":[{\"@type\":\"ListItem\",\"position\":1,\"name\":\"Home\",\"item\":\"https:\/\/www.bbmpackaging.com\/it\/\"},{\"@type\":\"ListItem\",\"position\":2,\"name\":\"Chi Siamo\",\"item\":\"https:\/\/www.bbmpackaging.com\/it\/chi-siamo\/\"},{\"@type\":\"ListItem\",\"position\":3,\"name\":\"Sostenibilit\u00e0\"}]},{\"@type\":\"WebSite\",\"@id\":\"https:\/\/www.bbmpackaging.com\/it\/#website\",\"url\":\"https:\/\/www.bbmpackaging.com\/it\/\",\"name\":\"BBM Packaging\",\"description\":\"Imbottigliamento: macchinari manutenzione e much more\",\"potentialAction\":[{\"@type\":\"SearchAction\",\"target\":{\"@type\":\"EntryPoint\",\"urlTemplate\":\"https:\/\/www.bbmpackaging.com\/it\/?s={search_term_string}\"},\"query-input\":{\"@type\":\"PropertyValueSpecification\",\"valueRequired\":true,\"valueName\":\"search_term_string\"}}],\"inLanguage\":\"it-IT\"}]}<\/script>\n<!-- \/ Yoast SEO plugin. -->","yoast_head_json":{"title":"Il nostro impregno alla Sostenibilit\u00e0 - BBM Packaging","description":"BBM promuove una sostenibilit\u00e0 integrata, anche esternamente il remanufacturing delle linee di imbottigliamento. Leggi il Bilancio di Sostenibilit\u00e0","robots":{"index":"index","follow":"follow","max-snippet":"max-snippet:-1","max-image-preview":"max-image-preview:large","max-video-preview":"max-video-preview:-1"},"canonical":"https:\/\/www.bbmpackaging.com\/it\/chi-siamo\/sostenibilita\/","og_locale":"it_IT","og_type":"article","og_title":"Il nostro impregno alla Sostenibilit\u00e0 - BBM Packaging","og_description":"BBM promuove una sostenibilit\u00e0 integrata, anche esternamente il remanufacturing delle linee di imbottigliamento. Leggi il Bilancio di Sostenibilit\u00e0","og_url":"https:\/\/www.bbmpackaging.com\/it\/chi-siamo\/sostenibilita\/","og_site_name":"BBM Packaging","article_modified_time":"2025-05-19T13:44:37+00:00","og_image":[{"width":1920,"height":547,"url":"https:\/\/cdn.bbmpackaging.com\/wp-content\/uploads\/2025\/05\/bbm-packaging-sostenibilita.jpg","type":"image\/jpeg"}],"twitter_card":"summary_large_image","twitter_misc":{"Tempo di lettura stimato":"3 minuti"},"schema":{"@context":"https:\/\/schema.org","@graph":[{"@type":"WebPage","@id":"https:\/\/www.bbmpackaging.com\/it\/chi-siamo\/sostenibilita\/","url":"https:\/\/www.bbmpackaging.com\/it\/chi-siamo\/sostenibilita\/","name":"Il nostro impregno alla Sostenibilit\u00e0 - BBM Packaging","isPartOf":{"@id":"https:\/\/www.bbmpackaging.com\/it\/#website"},"primaryImageOfPage":{"@id":"https:\/\/www.bbmpackaging.com\/it\/chi-siamo\/sostenibilita\/#primaryimage"},"image":{"@id":"https:\/\/www.bbmpackaging.com\/it\/chi-siamo\/sostenibilita\/#primaryimage"},"thumbnailUrl":"https:\/\/cdn.bbmpackaging.com\/wp-content\/uploads\/2025\/05\/bbm-packaging-sostenibilita.jpg","datePublished":"2021-12-02T15:39:14+00:00","dateModified":"2025-05-19T13:44:37+00:00","description":"BBM promuove una sostenibilit\u00e0 integrata, anche esternamente il remanufacturing delle linee di imbottigliamento. Leggi il Bilancio di Sostenibilit\u00e0","breadcrumb":{"@id":"https:\/\/www.bbmpackaging.com\/it\/chi-siamo\/sostenibilita\/#breadcrumb"},"inLanguage":"it-IT","potentialAction":[{"@type":"ReadAction","target":["https:\/\/www.bbmpackaging.com\/it\/chi-siamo\/sostenibilita\/"]}]},{"@type":"ImageObject","inLanguage":"it-IT","@id":"https:\/\/www.bbmpackaging.com\/it\/chi-siamo\/sostenibilita\/#primaryimage","url":"https:\/\/cdn.bbmpackaging.com\/wp-content\/uploads\/2025\/05\/bbm-packaging-sostenibilita.jpg","contentUrl":"https:\/\/cdn.bbmpackaging.com\/wp-content\/uploads\/2025\/05\/bbm-packaging-sostenibilita.jpg","width":1920,"height":547,"caption":"BBM promuove una sostenibilit\u00e0 integrata, anche esternamente il remanufacturing delle linee di imbottigliamento. Leggi il Bilancio di Sostenibilit\u00e0"},{"@type":"BreadcrumbList","@id":"https:\/\/www.bbmpackaging.com\/it\/chi-siamo\/sostenibilita\/#breadcrumb","itemListElement":[{"@type":"ListItem","position":1,"name":"Home","item":"https:\/\/www.bbmpackaging.com\/it\/"},{"@type":"ListItem","position":2,"name":"Chi Siamo","item":"https:\/\/www.bbmpackaging.com\/it\/chi-siamo\/"},{"@type":"ListItem","position":3,"name":"Sostenibilit\u00e0"}]},{"@type":"WebSite","@id":"https:\/\/www.bbmpackaging.com\/it\/#website","url":"https:\/\/www.bbmpackaging.com\/it\/","name":"BBM Packaging","description":"Imbottigliamento: macchinari manutenzione e much more","potentialAction":[{"@type":"SearchAction","target":{"@type":"EntryPoint","urlTemplate":"https:\/\/www.bbmpackaging.com\/it\/?s={search_term_string}"},"query-input":{"@type":"PropertyValueSpecification","valueRequired":true,"valueName":"search_term_string"}}],"inLanguage":"it-IT"}]}},"_links":{"self":[{"href":"https:\/\/www.bbmpackaging.com\/it\/wp-json\/wp\/v2\/pages\/24900","targetHints":{"allow":["GET"]}}],"collection":[{"href":"https:\/\/www.bbmpackaging.com\/it\/wp-json\/wp\/v2\/pages"}],"about":[{"href":"https:\/\/www.bbmpackaging.com\/it\/wp-json\/wp\/v2\/types\/page"}],"author":[{"embeddable":true,"href":"https:\/\/www.bbmpackaging.com\/it\/wp-json\/wp\/v2\/users\/2"}],"replies":[{"embeddable":true,"href":"https:\/\/www.bbmpackaging.com\/it\/wp-json\/wp\/v2\/comments?post=24900"}],"version-history":[{"count":4,"href":"https:\/\/www.bbmpackaging.com\/it\/wp-json\/wp\/v2\/pages\/24900\/revisions"}],"predecessor-version":[{"id":52534,"href":"https:\/\/www.bbmpackaging.com\/it\/wp-json\/wp\/v2\/pages\/24900\/revisions\/52534"}],"up":[{"embeddable":true,"href":"https:\/\/www.bbmpackaging.com\/it\/wp-json\/wp\/v2\/pages\/179"}],"wp:featuredmedia":[{"embeddable":true,"href":"https:\/\/www.bbmpackaging.com\/it\/wp-json\/wp\/v2\/media\/52530"}],"wp:attachment":[{"href":"https:\/\/www.bbmpackaging.com\/it\/wp-json\/wp\/v2\/media?parent=24900"}],"curies":[{"name":"wp","href":"https:\/\/api.w.org\/{rel}","templated":true}]}}