{"id":38469,"date":"2024-01-18T15:11:11","date_gmt":"2024-01-18T14:11:11","guid":{"rendered":"https:\/\/www.bbmpackaging.com\/?page_id=38469"},"modified":"2025-10-15T08:43:24","modified_gmt":"2025-10-15T06:43:24","slug":"qualita","status":"publish","type":"page","link":"https:\/\/www.bbmpackaging.com\/it\/chi-siamo\/qualita\/","title":{"rendered":"Qualit\u00e0"},"content":{"rendered":"<h2><strong>BBM: Eccellenza, Innovazione e Affidabilit\u00e0 nei Ricambi per Imbottigliamento e Confezionamento<\/strong><\/h2>\n<p>In BBM, la qualit\u00e0 non \u00e8 solo un obiettivo, ma un marchio distintivo che ci contraddistingue nel settore dei <a title=\"Ricambistica BBM\" href=\"https:\/\/www.bbmpackaging.com\/it\/ricambi\/\" target=\"_blank\" rel=\"noopener\"><strong>ricambi per macchinari di imbottigliamento e confezionamento<\/strong><\/a>. Scopri i tre pilastri della nostra qualit\u00e0: standard elevati, prestazioni durature e affidabilit\u00e0 senza compromessi.<\/p>\n<p>BBM Service fornisce&nbsp;ricambi compatibili per macchinari di imbottigliamento e confezionamento di acqua, bevande e prodotti alimentari. Per assicurare la conformit\u00e0 dei ricambi a elevati standard qualitativi, BBM ha istituito un rigido processo di controllo qualit\u00e0 e progettato una sala metrologica interna, dotata di strumentazione all\u2019avanguardia.<\/p>\n<ul>\n<li><span style=\"color: #000000;\">Rigorosa procedura di controllo qualit\u00e0, grazie alla presenza di una <strong>sala metrologica interna<\/strong><\/span><\/li>\n<li><span style=\"color: #000000;\">Collaborazione con <strong>partner d&#8217;eccellenza<\/strong>: fornitori selezionati che conducono analisi approfondite sugli articoli after-market, in aggiunta ai nostri test interni. Tutti i fornitori sono costantemente monitorati attraverso un processo di vendor-rating<\/span><\/li>\n<li><span style=\"color: #000000;\">Redazione di <strong>report interni di conformit\u00e0<\/strong><\/span><\/li>\n<\/ul>\n<h4><strong>Sala metrologica di BBM: un ambiente ideale per ottenere i massimi livelli di qualit\u00e0 e produttivit\u00e0<\/strong><\/h4>\n<p><strong>BBM ha costruito una vera e propria sala metrologica interna<\/strong>. La sala metrologica di BBM \u00e8 un ambiente climatizzato e a temperatura controllata, munita degli strumenti necessari per un controllo dimensionale di elevata precisione. Tra le strumentazioni presenti: calibri digitali per grandi dimensioni, micrometri digitali da esterno e da interno, alesametri, durometri, rugosimetri, proiettore di profili, microscopio digitale e altri dispositivi, per la pi\u00f9 accurata misurazione dei parametri dei pezzi.<\/p>\n<p>&nbsp;<\/p>\n<p><iframe loading=\"lazy\" title=\"YouTube video player\" src=\"https:\/\/www.youtube.com\/embed\/hl8UutVT2Y8?si=-i2xNXQx1qOo_GFV\" width=\"560\" height=\"315\" frameborder=\"0\" allowfullscreen=\"allowfullscreen\"><\/iframe><\/p>\n<h4><strong>Reverse Engineering<\/strong><\/h4>\n<p>Il reverse engineering \u00e8 il processo di analisi di un prodotto al fine di comprenderne la sua struttura e i suoi principi di progettazione, spesso con l\u2019obiettivo di riprodurlo \u2013 sempre in conformit\u00e0 con le leggi sulla propriet\u00e0 intellettuale in vigore. Il reverse engineering pu\u00f2 essere utilizzato per vari scopi, come migliorare o correggere un prodotto esistente.<\/p>\n<p>Con il braccio di misura <strong>Quantum Max di <a title=\"FARO Technologies\" href=\"https:\/\/www.faro.com\/it-IT\" target=\"_blank\" rel=\"noopener\">FARO Technologies<\/a><\/strong>, BBM effettua misurazioni complete sulla macchina del cliente. Il rilevamento dimensionale preciso permette una riproduzione fedele dei pezzi di ricambio, <strong>anche di quelli fuori commercio<\/strong>. Il braccio garantisce velocit\u00e0 e precisione eccezionali, facilitando ispezioni 3D e una rapida identificazione dei difetti.<\/p>\n<p>Grazie alla sua portabilit\u00e0 e all&#8217;estensione di 2,5 metri, effettuiamo rilievi anche su pezzi di grandi dimensioni o di forme complesse, sia all&#8217;interno dell&#8217;azienda, che presso lo stabilimento del cliente.<\/p>\n<h4><strong>Macchina di misura a scansione ZEISS<\/strong><\/h4>\n<p>La sala metrologica di BBM vanta una punta di diamante: una macchina di misura tridimensionale a scansione&nbsp;<a title=\"ZEISS\" href=\"https:\/\/www.zeiss.it\/metrologia\/home.html\"><strong>ZEISS<\/strong><\/a> Duramax, brand di riferimento nella misurazione di precisione. Grazie alla tecnologia di scansione avanzata, alla precisione micron assistita da computer, alla misurazione ad alta risoluzione e al completo automatismo, la macchina di misurazione di BBM presenta un sistema ineguagliato nella sua categoria<\/p>\n<h4><strong>New Entry: Macchina Ottica ZEISS<\/strong><\/h4>\n<p>\u00c8 da poco operativa la nuovissima macchina ottica ZEISS, dotata di un elevato grado di automazione e sensori all\u2019avanguardia, per una misurazione velocissima e ancora pi\u00f9 precisa delle componenti distribuite da BBM.<\/p>\n<p>Grazie all\u2019azione congiunta delle due macchine, si ottiene un controllo a 360 gradi del pezzo &nbsp;&#8211; la prima \u00e8 ideale per la misurazione delle superfici di medie e grandi dimensioni e per pezzi complessi, mentre la seconda \u00e8 perfetta per componenti piccole e minuterie.<\/p>\n<p>&nbsp;<\/p>\n<p><iframe loading=\"lazy\" title=\"YouTube video player\" src=\"https:\/\/www.youtube.com\/embed\/pNdDtDQ7nR4?si=m_ns6X49xHYh3e7I\" width=\"560\" height=\"315\" frameborder=\"0\" allowfullscreen=\"allowfullscreen\"><span data-mce-type=\"bookmark\" style=\"display: inline-block; width: 0px; overflow: hidden; line-height: 0;\" class=\"mce_SELRES_start\">\ufeff<\/span><span data-mce-type=\"bookmark\" style=\"display: inline-block; width: 0px; overflow: hidden; line-height: 0;\" class=\"mce_SELRES_start\">\ufeff<\/span><\/iframe><\/p>\n<h3><strong>Perch\u00e9 affidarsi alla qualit\u00e0 di BBM Service?<\/strong><\/h3>\n<p>La ricerca della qualit\u00e0 \u00e8 un processo scrupoloso, necessario per identificare le criticit\u00e0 del pezzo e risolverle, migliorandone le performance e allungandone la vita. BBM \u00e8 un partner affidabile per identificare fino alle pi\u00f9 specifiche criticit\u00e0 dei pezzi, al fine di migliorarne la performance con nuovi trattamenti e rivestimenti. L\u2019obiettivo finale? Migliorare la vita utile del pezzo e, conseguentemente, della macchina.<\/p>\n<p><strong>Anche i ricambi BBM impiegati negli interventi di <a title=\"manutenzione della linea di imbottigliamento\" href=\"https:\/\/www.bbmpackaging.com\/it\/services\/manutenzione-linee-imbottigliamento\/attachment\/manutenzione\/\" target=\"_blank\" rel=\"noopener\">manutenzione della linea di imbottigliamento<\/a> sono sottoposti a questo iter scrupoloso. Solo quando vengono dichiarati idonei, i ricambi sono autorizzati alla spedizione e stoccaggio.<\/strong><\/p>\n<div id='gallery-1' class='gallery galleryid-38469 gallery-columns-3 gallery-size-medium'><figure class='gallery-item'>\n\t\t\t<div class='gallery-icon landscape'>\n\t\t\t\t<a href='https:\/\/www.bbmpackaging.com\/it\/chi-siamo\/qualita\/attachment\/ricambi-compatibili-krones-sidel-smi-qualita-6\/'><img decoding=\"async\" width=\"300\" height=\"200\" src=\"https:\/\/www.bbmpackaging.com\/wp-content\/uploads\/2025\/10\/ricambi-compatibili-krones-sidel-smi-qualita-6-300x200.jpg\" class=\"attachment-medium size-medium\" alt=\"BBM offre ricambi compatibili per macchine di imbottigliamento e confezionamento SIDEL, KRONES e molti altri brand, garantiti da controlli qualit\u00e0 e sala metrologica all\u2019avanguardia.\" srcset=\"https:\/\/www.bbmpackaging.com\/wp-content\/uploads\/2025\/10\/ricambi-compatibili-krones-sidel-smi-qualita-6-300x200.jpg 300w, https:\/\/www.bbmpackaging.com\/wp-content\/uploads\/2025\/10\/ricambi-compatibili-krones-sidel-smi-qualita-6-768x512.jpg 768w, https:\/\/www.bbmpackaging.com\/wp-content\/uploads\/2025\/10\/ricambi-compatibili-krones-sidel-smi-qualita-6-420x280.jpg 420w, https:\/\/www.bbmpackaging.com\/wp-content\/uploads\/2025\/10\/ricambi-compatibili-krones-sidel-smi-qualita-6-560x374.jpg 560w, https:\/\/www.bbmpackaging.com\/wp-content\/uploads\/2025\/10\/ricambi-compatibili-krones-sidel-smi-qualita-6.jpg 1024w\" sizes=\"(max-width: 300px) 100vw, 300px\" \/><\/a>\n\t\t\t<\/div><\/figure><figure class='gallery-item'>\n\t\t\t<div class='gallery-icon landscape'>\n\t\t\t\t<a href='https:\/\/www.bbmpackaging.com\/it\/chi-siamo\/qualita\/attachment\/ricambi-compatibili-krones-sidel-smi-qualita-1\/'><img decoding=\"async\" width=\"300\" height=\"200\" src=\"https:\/\/www.bbmpackaging.com\/wp-content\/uploads\/2025\/10\/ricambi-compatibili-krones-sidel-smi-qualita-1-1-300x200.jpg\" class=\"attachment-medium size-medium\" alt=\"BBM offre ricambi compatibili per macchine di imbottigliamento e confezionamento SIDEL, KRONES e molti altri brand, garantiti da controlli qualit\u00e0 e sala metrologica all\u2019avanguardia.\" srcset=\"https:\/\/www.bbmpackaging.com\/wp-content\/uploads\/2025\/10\/ricambi-compatibili-krones-sidel-smi-qualita-1-1-300x200.jpg 300w, https:\/\/www.bbmpackaging.com\/wp-content\/uploads\/2025\/10\/ricambi-compatibili-krones-sidel-smi-qualita-1-1-768x512.jpg 768w, https:\/\/www.bbmpackaging.com\/wp-content\/uploads\/2025\/10\/ricambi-compatibili-krones-sidel-smi-qualita-1-1-420x280.jpg 420w, https:\/\/www.bbmpackaging.com\/wp-content\/uploads\/2025\/10\/ricambi-compatibili-krones-sidel-smi-qualita-1-1-560x374.jpg 560w, https:\/\/www.bbmpackaging.com\/wp-content\/uploads\/2025\/10\/ricambi-compatibili-krones-sidel-smi-qualita-1-1.jpg 1024w\" sizes=\"(max-width: 300px) 100vw, 300px\" \/><\/a>\n\t\t\t<\/div><\/figure><figure class='gallery-item'>\n\t\t\t<div class='gallery-icon landscape'>\n\t\t\t\t<a href='https:\/\/www.bbmpackaging.com\/it\/chi-siamo\/qualita\/attachment\/ricambi-compatibili-krones-sidel-smi-qualita-2\/'><img decoding=\"async\" width=\"300\" height=\"200\" src=\"https:\/\/www.bbmpackaging.com\/wp-content\/uploads\/2025\/10\/ricambi-compatibili-krones-sidel-smi-qualita-2-300x200.jpg\" class=\"attachment-medium size-medium\" alt=\"BBM offre ricambi compatibili per macchine di imbottigliamento e confezionamento SIDEL, KRONES e molti altri brand, garantiti da controlli qualit\u00e0 e sala metrologica all\u2019avanguardia.\" srcset=\"https:\/\/www.bbmpackaging.com\/wp-content\/uploads\/2025\/10\/ricambi-compatibili-krones-sidel-smi-qualita-2-300x200.jpg 300w, https:\/\/www.bbmpackaging.com\/wp-content\/uploads\/2025\/10\/ricambi-compatibili-krones-sidel-smi-qualita-2-768x512.jpg 768w, https:\/\/www.bbmpackaging.com\/wp-content\/uploads\/2025\/10\/ricambi-compatibili-krones-sidel-smi-qualita-2-420x280.jpg 420w, https:\/\/www.bbmpackaging.com\/wp-content\/uploads\/2025\/10\/ricambi-compatibili-krones-sidel-smi-qualita-2-560x374.jpg 560w, https:\/\/www.bbmpackaging.com\/wp-content\/uploads\/2025\/10\/ricambi-compatibili-krones-sidel-smi-qualita-2.jpg 1024w\" sizes=\"(max-width: 300px) 100vw, 300px\" \/><\/a>\n\t\t\t<\/div><\/figure><figure class='gallery-item'>\n\t\t\t<div class='gallery-icon landscape'>\n\t\t\t\t<a href='https:\/\/www.bbmpackaging.com\/it\/chi-siamo\/qualita\/attachment\/ricambi-compatibili-krones-sidel-smi-qualita-3\/'><img decoding=\"async\" width=\"300\" height=\"200\" src=\"https:\/\/www.bbmpackaging.com\/wp-content\/uploads\/2025\/10\/ricambi-compatibili-krones-sidel-smi-qualita-3-300x200.jpg\" class=\"attachment-medium size-medium\" alt=\"BBM offre ricambi compatibili per macchine di imbottigliamento e confezionamento SIDEL, KRONES e molti altri brand, garantiti da controlli qualit\u00e0 e sala metrologica all\u2019avanguardia.\" srcset=\"https:\/\/www.bbmpackaging.com\/wp-content\/uploads\/2025\/10\/ricambi-compatibili-krones-sidel-smi-qualita-3-300x200.jpg 300w, https:\/\/www.bbmpackaging.com\/wp-content\/uploads\/2025\/10\/ricambi-compatibili-krones-sidel-smi-qualita-3-768x512.jpg 768w, https:\/\/www.bbmpackaging.com\/wp-content\/uploads\/2025\/10\/ricambi-compatibili-krones-sidel-smi-qualita-3-420x280.jpg 420w, https:\/\/www.bbmpackaging.com\/wp-content\/uploads\/2025\/10\/ricambi-compatibili-krones-sidel-smi-qualita-3-560x374.jpg 560w, https:\/\/www.bbmpackaging.com\/wp-content\/uploads\/2025\/10\/ricambi-compatibili-krones-sidel-smi-qualita-3.jpg 1024w\" sizes=\"(max-width: 300px) 100vw, 300px\" \/><\/a>\n\t\t\t<\/div><\/figure><figure class='gallery-item'>\n\t\t\t<div class='gallery-icon landscape'>\n\t\t\t\t<a href='https:\/\/www.bbmpackaging.com\/it\/chi-siamo\/qualita\/attachment\/ricambi-compatibili-krones-sidel-smi-qualita-4\/'><img decoding=\"async\" width=\"300\" height=\"200\" src=\"https:\/\/www.bbmpackaging.com\/wp-content\/uploads\/2025\/10\/ricambi-compatibili-krones-sidel-smi-qualita-4-300x200.jpg\" class=\"attachment-medium size-medium\" alt=\"BBM offre ricambi compatibili per macchine di imbottigliamento e confezionamento SIDEL, KRONES e molti altri brand, garantiti da controlli qualit\u00e0 e sala metrologica all\u2019avanguardia.\" srcset=\"https:\/\/www.bbmpackaging.com\/wp-content\/uploads\/2025\/10\/ricambi-compatibili-krones-sidel-smi-qualita-4-300x200.jpg 300w, https:\/\/www.bbmpackaging.com\/wp-content\/uploads\/2025\/10\/ricambi-compatibili-krones-sidel-smi-qualita-4-768x512.jpg 768w, https:\/\/www.bbmpackaging.com\/wp-content\/uploads\/2025\/10\/ricambi-compatibili-krones-sidel-smi-qualita-4-420x280.jpg 420w, https:\/\/www.bbmpackaging.com\/wp-content\/uploads\/2025\/10\/ricambi-compatibili-krones-sidel-smi-qualita-4-560x374.jpg 560w, https:\/\/www.bbmpackaging.com\/wp-content\/uploads\/2025\/10\/ricambi-compatibili-krones-sidel-smi-qualita-4.jpg 1024w\" sizes=\"(max-width: 300px) 100vw, 300px\" \/><\/a>\n\t\t\t<\/div><\/figure><figure class='gallery-item'>\n\t\t\t<div class='gallery-icon landscape'>\n\t\t\t\t<a href='https:\/\/www.bbmpackaging.com\/it\/chi-siamo\/qualita\/attachment\/ricambi-compatibili-krones-sidel-smi-qualita-5\/'><img decoding=\"async\" width=\"300\" height=\"200\" src=\"https:\/\/www.bbmpackaging.com\/wp-content\/uploads\/2025\/10\/ricambi-compatibili-krones-sidel-smi-qualita-5-300x200.jpg\" class=\"attachment-medium size-medium\" alt=\"BBM offre ricambi compatibili per macchine di imbottigliamento e confezionamento SIDEL, KRONES e molti altri brand, garantiti da controlli qualit\u00e0 e sala metrologica all\u2019avanguardia.\" srcset=\"https:\/\/www.bbmpackaging.com\/wp-content\/uploads\/2025\/10\/ricambi-compatibili-krones-sidel-smi-qualita-5-300x200.jpg 300w, https:\/\/www.bbmpackaging.com\/wp-content\/uploads\/2025\/10\/ricambi-compatibili-krones-sidel-smi-qualita-5-768x512.jpg 768w, https:\/\/www.bbmpackaging.com\/wp-content\/uploads\/2025\/10\/ricambi-compatibili-krones-sidel-smi-qualita-5-420x280.jpg 420w, https:\/\/www.bbmpackaging.com\/wp-content\/uploads\/2025\/10\/ricambi-compatibili-krones-sidel-smi-qualita-5-560x374.jpg 560w, https:\/\/www.bbmpackaging.com\/wp-content\/uploads\/2025\/10\/ricambi-compatibili-krones-sidel-smi-qualita-5.jpg 1024w\" sizes=\"(max-width: 300px) 100vw, 300px\" \/><\/a>\n\t\t\t<\/div><\/figure>\n\t\t<\/div>\n\n<h4><strong>Formazione continua<\/strong><\/h4>\n<p>BBM investe tantissimo nella formazione del suo ufficio tecnico. Annualmente, i nostri ingegneri e progettisti partecipano a stimolanti sessioni di formazione presso istituti di prestigio come l&#8217;<a title=\"Universit\u00e0 degli Studi di Bergamo\" href=\"https:\/\/www.unibg.it\/\" target=\"_blank\" rel=\"noopener\">Universit\u00e0 degli Studi di Bergamo<\/a> \u2013 facolt\u00e0 di ingegneria e la Camera di Commercio di Bergamo. Concentrandoci su temi fondamentali come i materiali innovativi, sia metalli che materiali plastici, ci impegniamo a garantire una qualit\u00e0 crescente per soddisfare le esigenze sempre pi\u00f9 elevate dei nostri clienti.<\/p>\n<h4><strong>Tempi di risposta sicuri e veloci<\/strong><\/h4>\n<p><strong>Un PLUS da non sottovalutare \u2013&nbsp;<\/strong>Ogni richiesta del cliente \u00e8 gestita con la massima celerit\u00e0, senza compromettere mai la qualit\u00e0 e l&#8217;accuratezza delle risposte. Scopri l\u2019efficienza della nostra infrastruttura logistica, che ci consente di monitorare costantemente le richieste in arrivo ed evadere gli ordini nel miglior tempo possibile.<\/p>\n<p><strong><a class=\"button\" href=\"https:\/\/www.bbmpackaging.com\/wp-content\/uploads\/2025\/09\/BBM_Ricambi-2025-_compressed.pdf\" target=\"_blank\" rel=\"noopener\">Scopri la selezione di ricambi compatibili BBM<\/a><\/strong><\/p>\n","protected":false},"excerpt":{"rendered":"<p>BBM: Eccellenza, Innovazione e Affidabilit\u00e0 nei Ricambi per Imbottigliamento e Confezionamento In BBM, la qualit\u00e0 non \u00e8 solo&#8230;<\/p>\n","protected":false},"author":2,"featured_media":52744,"parent":179,"menu_order":0,"comment_status":"closed","ping_status":"closed","template":"page-chisiamo.php","meta":{"_acf_changed":false,"footnotes":""},"class_list":["post-38469","page","type-page","status-publish","has-post-thumbnail","hentry"],"acf":[],"yoast_head":"<!-- This site is optimized with the Yoast SEO plugin v27.2 - https:\/\/yoast.com\/product\/yoast-seo-wordpress\/ -->\n<title>La qualit\u00e0 dei ricambi compatibili di BBM Packaging<\/title>\n<meta name=\"description\" content=\"BBM offre ricambi compatibili per macchine di imbottigliamento, garantiti da controlli qualit\u00e0 e sala metrologica all\u2019avanguardia.\" \/>\n<meta name=\"robots\" content=\"index, follow, max-snippet:-1, max-image-preview:large, max-video-preview:-1\" \/>\n<link rel=\"canonical\" href=\"https:\/\/www.bbmpackaging.com\/it\/chi-siamo\/qualita\/\" \/>\n<meta property=\"og:locale\" content=\"it_IT\" \/>\n<meta property=\"og:type\" content=\"article\" \/>\n<meta property=\"og:title\" content=\"La qualit\u00e0 dei ricambi compatibili di BBM Packaging\" \/>\n<meta property=\"og:description\" content=\"BBM offre ricambi compatibili per macchine di imbottigliamento, garantiti da controlli qualit\u00e0 e sala metrologica all\u2019avanguardia.\" \/>\n<meta property=\"og:url\" content=\"https:\/\/www.bbmpackaging.com\/it\/chi-siamo\/qualita\/\" \/>\n<meta property=\"og:site_name\" content=\"BBM Packaging\" \/>\n<meta property=\"article:modified_time\" content=\"2025-10-15T06:43:24+00:00\" \/>\n<meta property=\"og:image\" content=\"https:\/\/www.bbmpackaging.com\/wp-content\/uploads\/2025\/05\/qualita-ricambi-bbm-packaging.jpg\" \/>\n\t<meta property=\"og:image:width\" content=\"1620\" \/>\n\t<meta property=\"og:image:height\" content=\"1080\" \/>\n\t<meta property=\"og:image:type\" content=\"image\/jpeg\" \/>\n<meta name=\"twitter:card\" content=\"summary_large_image\" \/>\n<meta name=\"twitter:label1\" content=\"Tempo di lettura stimato\" \/>\n\t<meta name=\"twitter:data1\" content=\"5 minuti\" \/>\n<script type=\"application\/ld+json\" class=\"yoast-schema-graph\">{\"@context\":\"https:\/\/schema.org\",\"@graph\":[{\"@type\":\"WebPage\",\"@id\":\"https:\/\/www.bbmpackaging.com\/it\/chi-siamo\/qualita\/\",\"url\":\"https:\/\/www.bbmpackaging.com\/it\/chi-siamo\/qualita\/\",\"name\":\"La qualit\u00e0 dei ricambi compatibili di BBM Packaging\",\"isPartOf\":{\"@id\":\"https:\/\/www.bbmpackaging.com\/it\/#website\"},\"primaryImageOfPage\":{\"@id\":\"https:\/\/www.bbmpackaging.com\/it\/chi-siamo\/qualita\/#primaryimage\"},\"image\":{\"@id\":\"https:\/\/www.bbmpackaging.com\/it\/chi-siamo\/qualita\/#primaryimage\"},\"thumbnailUrl\":\"https:\/\/cdn.bbmpackaging.com\/wp-content\/uploads\/2025\/05\/qualita-ricambi-bbm-packaging.jpg\",\"datePublished\":\"2024-01-18T14:11:11+00:00\",\"dateModified\":\"2025-10-15T06:43:24+00:00\",\"description\":\"BBM offre ricambi compatibili per macchine di imbottigliamento, garantiti da controlli qualit\u00e0 e sala metrologica all\u2019avanguardia.\",\"breadcrumb\":{\"@id\":\"https:\/\/www.bbmpackaging.com\/it\/chi-siamo\/qualita\/#breadcrumb\"},\"inLanguage\":\"it-IT\",\"potentialAction\":[{\"@type\":\"ReadAction\",\"target\":[\"https:\/\/www.bbmpackaging.com\/it\/chi-siamo\/qualita\/\"]}]},{\"@type\":\"ImageObject\",\"inLanguage\":\"it-IT\",\"@id\":\"https:\/\/www.bbmpackaging.com\/it\/chi-siamo\/qualita\/#primaryimage\",\"url\":\"https:\/\/cdn.bbmpackaging.com\/wp-content\/uploads\/2025\/05\/qualita-ricambi-bbm-packaging.jpg\",\"contentUrl\":\"https:\/\/cdn.bbmpackaging.com\/wp-content\/uploads\/2025\/05\/qualita-ricambi-bbm-packaging.jpg\",\"width\":1620,\"height\":1080,\"caption\":\"Ricambi compatibili di alta qualit\u00e0 per macchine di imbottigliamento e confezionamento. BBM Packaging garantisce affidabilit\u00e0, ampia disponibilit\u00e0 e soluzioni su misura per ridurre i fermi impianto\"},{\"@type\":\"BreadcrumbList\",\"@id\":\"https:\/\/www.bbmpackaging.com\/it\/chi-siamo\/qualita\/#breadcrumb\",\"itemListElement\":[{\"@type\":\"ListItem\",\"position\":1,\"name\":\"Home\",\"item\":\"https:\/\/www.bbmpackaging.com\/it\/\"},{\"@type\":\"ListItem\",\"position\":2,\"name\":\"Chi Siamo\",\"item\":\"https:\/\/www.bbmpackaging.com\/it\/chi-siamo\/\"},{\"@type\":\"ListItem\",\"position\":3,\"name\":\"Qualit\u00e0\"}]},{\"@type\":\"WebSite\",\"@id\":\"https:\/\/www.bbmpackaging.com\/it\/#website\",\"url\":\"https:\/\/www.bbmpackaging.com\/it\/\",\"name\":\"BBM Packaging\",\"description\":\"Imbottigliamento: macchinari manutenzione e much more\",\"potentialAction\":[{\"@type\":\"SearchAction\",\"target\":{\"@type\":\"EntryPoint\",\"urlTemplate\":\"https:\/\/www.bbmpackaging.com\/it\/?s={search_term_string}\"},\"query-input\":{\"@type\":\"PropertyValueSpecification\",\"valueRequired\":true,\"valueName\":\"search_term_string\"}}],\"inLanguage\":\"it-IT\"}]}<\/script>\n<!-- \/ Yoast SEO plugin. -->","yoast_head_json":{"title":"La qualit\u00e0 dei ricambi compatibili di BBM Packaging","description":"BBM offre ricambi compatibili per macchine di imbottigliamento, garantiti da controlli qualit\u00e0 e sala metrologica all\u2019avanguardia.","robots":{"index":"index","follow":"follow","max-snippet":"max-snippet:-1","max-image-preview":"max-image-preview:large","max-video-preview":"max-video-preview:-1"},"canonical":"https:\/\/www.bbmpackaging.com\/it\/chi-siamo\/qualita\/","og_locale":"it_IT","og_type":"article","og_title":"La qualit\u00e0 dei ricambi compatibili di BBM Packaging","og_description":"BBM offre ricambi compatibili per macchine di imbottigliamento, garantiti da controlli qualit\u00e0 e sala metrologica all\u2019avanguardia.","og_url":"https:\/\/www.bbmpackaging.com\/it\/chi-siamo\/qualita\/","og_site_name":"BBM Packaging","article_modified_time":"2025-10-15T06:43:24+00:00","og_image":[{"width":1620,"height":1080,"url":"https:\/\/www.bbmpackaging.com\/wp-content\/uploads\/2025\/05\/qualita-ricambi-bbm-packaging.jpg","type":"image\/jpeg"}],"twitter_card":"summary_large_image","twitter_misc":{"Tempo di lettura stimato":"5 minuti"},"schema":{"@context":"https:\/\/schema.org","@graph":[{"@type":"WebPage","@id":"https:\/\/www.bbmpackaging.com\/it\/chi-siamo\/qualita\/","url":"https:\/\/www.bbmpackaging.com\/it\/chi-siamo\/qualita\/","name":"La qualit\u00e0 dei ricambi compatibili di BBM Packaging","isPartOf":{"@id":"https:\/\/www.bbmpackaging.com\/it\/#website"},"primaryImageOfPage":{"@id":"https:\/\/www.bbmpackaging.com\/it\/chi-siamo\/qualita\/#primaryimage"},"image":{"@id":"https:\/\/www.bbmpackaging.com\/it\/chi-siamo\/qualita\/#primaryimage"},"thumbnailUrl":"https:\/\/cdn.bbmpackaging.com\/wp-content\/uploads\/2025\/05\/qualita-ricambi-bbm-packaging.jpg","datePublished":"2024-01-18T14:11:11+00:00","dateModified":"2025-10-15T06:43:24+00:00","description":"BBM offre ricambi compatibili per macchine di imbottigliamento, garantiti da controlli qualit\u00e0 e sala metrologica all\u2019avanguardia.","breadcrumb":{"@id":"https:\/\/www.bbmpackaging.com\/it\/chi-siamo\/qualita\/#breadcrumb"},"inLanguage":"it-IT","potentialAction":[{"@type":"ReadAction","target":["https:\/\/www.bbmpackaging.com\/it\/chi-siamo\/qualita\/"]}]},{"@type":"ImageObject","inLanguage":"it-IT","@id":"https:\/\/www.bbmpackaging.com\/it\/chi-siamo\/qualita\/#primaryimage","url":"https:\/\/cdn.bbmpackaging.com\/wp-content\/uploads\/2025\/05\/qualita-ricambi-bbm-packaging.jpg","contentUrl":"https:\/\/cdn.bbmpackaging.com\/wp-content\/uploads\/2025\/05\/qualita-ricambi-bbm-packaging.jpg","width":1620,"height":1080,"caption":"Ricambi compatibili di alta qualit\u00e0 per macchine di imbottigliamento e confezionamento. BBM Packaging garantisce affidabilit\u00e0, ampia disponibilit\u00e0 e soluzioni su misura per ridurre i fermi impianto"},{"@type":"BreadcrumbList","@id":"https:\/\/www.bbmpackaging.com\/it\/chi-siamo\/qualita\/#breadcrumb","itemListElement":[{"@type":"ListItem","position":1,"name":"Home","item":"https:\/\/www.bbmpackaging.com\/it\/"},{"@type":"ListItem","position":2,"name":"Chi Siamo","item":"https:\/\/www.bbmpackaging.com\/it\/chi-siamo\/"},{"@type":"ListItem","position":3,"name":"Qualit\u00e0"}]},{"@type":"WebSite","@id":"https:\/\/www.bbmpackaging.com\/it\/#website","url":"https:\/\/www.bbmpackaging.com\/it\/","name":"BBM Packaging","description":"Imbottigliamento: macchinari manutenzione e much more","potentialAction":[{"@type":"SearchAction","target":{"@type":"EntryPoint","urlTemplate":"https:\/\/www.bbmpackaging.com\/it\/?s={search_term_string}"},"query-input":{"@type":"PropertyValueSpecification","valueRequired":true,"valueName":"search_term_string"}}],"inLanguage":"it-IT"}]}},"_links":{"self":[{"href":"https:\/\/www.bbmpackaging.com\/it\/wp-json\/wp\/v2\/pages\/38469","targetHints":{"allow":["GET"]}}],"collection":[{"href":"https:\/\/www.bbmpackaging.com\/it\/wp-json\/wp\/v2\/pages"}],"about":[{"href":"https:\/\/www.bbmpackaging.com\/it\/wp-json\/wp\/v2\/types\/page"}],"author":[{"embeddable":true,"href":"https:\/\/www.bbmpackaging.com\/it\/wp-json\/wp\/v2\/users\/2"}],"replies":[{"embeddable":true,"href":"https:\/\/www.bbmpackaging.com\/it\/wp-json\/wp\/v2\/comments?post=38469"}],"version-history":[{"count":4,"href":"https:\/\/www.bbmpackaging.com\/it\/wp-json\/wp\/v2\/pages\/38469\/revisions"}],"predecessor-version":[{"id":71956,"href":"https:\/\/www.bbmpackaging.com\/it\/wp-json\/wp\/v2\/pages\/38469\/revisions\/71956"}],"up":[{"embeddable":true,"href":"https:\/\/www.bbmpackaging.com\/it\/wp-json\/wp\/v2\/pages\/179"}],"wp:featuredmedia":[{"embeddable":true,"href":"https:\/\/www.bbmpackaging.com\/it\/wp-json\/wp\/v2\/media\/52744"}],"wp:attachment":[{"href":"https:\/\/www.bbmpackaging.com\/it\/wp-json\/wp\/v2\/media?parent=38469"}],"curies":[{"name":"wp","href":"https:\/\/api.w.org\/{rel}","templated":true}]}}