{"id":17370,"date":"2021-08-23T11:19:05","date_gmt":"2021-08-23T09:19:05","guid":{"rendered":"https:\/\/www.bbmpackaging.com\/?post_type=product&#038;p=17370"},"modified":"2026-01-27T15:15:01","modified_gmt":"2026-01-27T14:15:01","slug":"lca-10ts-impianto-di-lavaggio-automatico-casse-in-plastica","status":"publish","type":"product","link":"https:\/\/www.bbmpackaging.com\/it\/macchine\/impianto-di-lavaggio-casse-automatico\/","title":{"rendered":"Impianto di lavaggio casse automatico"},"content":{"rendered":"<h4 class=\"big\">Impianto lavaggio automatico per imbottigliamento su misura: LCA 10T-S per la pulizia delle casse in plastica.<\/h4>\n<p>LCA 10T-S \u00e8 l\u2019innovativo <strong>impianto di lavaggio automatico per la pulizia delle casse di plastica a rendere che risolve definitivamente il problema dello sporco residuo sui fondi delle bottiglie di vetro.<\/strong> LCA 10T-S combina l\u2019azione meccanica di 200 spazzole rotanti e l\u2019azione detergente dell\u2019acqua in pressione garantendo, in soli 5 metri di ingombro, la pulizia efficace di casse per 50.000 bottiglie\/ora.<\/p>\n<p>LCA 10T-S offre la massima flessibilit\u00e0 operativa grazie ad<strong> un sistema di cambio formato che consente di lavare casse di diverse dimensioni e formati<\/strong> (5\u00d74, 4\u00d73, 4\u00d74 a nido d\u2019ape, con diversi formati bottiglia): tramite l\u2019interfaccia utente \u201ctouch-screen\u201d \u00e8 possibile personalizzare i programmi di lavaggio per soddisfare le esigenze pi\u00f9 specifiche.<\/p>\n<p>L\u2019impianto pu\u00f2 essere integrato con la stazione di <strong>presaponatura<\/strong> per combinare l\u2019azione sgrassante di detergenti<\/p>\n","protected":false},"excerpt":{"rendered":"<p>Impianto lavaggio automatico per imbottigliamento su misura: LCA 10T-S per la pulizia delle casse in plastica. LCA 10T-S&#8230;<\/p>\n","protected":false},"featured_media":46071,"comment_status":"open","ping_status":"closed","template":"","meta":{"_acf_changed":false},"brand":[7426],"product_brand":[],"product_cat":[37,547,38],"product_tag":[],"class_list":{"0":"post-17370","1":"product","2":"type-product","3":"status-publish","4":"has-post-thumbnail","6":"brand-bbm-packaging","7":"product_cat-macchine","8":"product_cat-nuovo","9":"product_cat-usato","11":"first","12":"instock","13":"shipping-taxable","14":"product-type-simple"},"acf":[],"yoast_head":"<!-- This site is optimized with the Yoast SEO plugin v27.2 - https:\/\/yoast.com\/product\/yoast-seo-wordpress\/ -->\n<title>Impianto di lavaggio casse automatico Nuovo - BBM Packaging<\/title>\n<meta name=\"description\" content=\"Impianto automatico LCA 10T-S di BBM Packaging per la pulizia delle casse in plastica, ideale per linee di imbottigliamento su misura.\" \/>\n<meta name=\"robots\" content=\"index, follow, max-snippet:-1, max-image-preview:large, max-video-preview:-1\" \/>\n<link rel=\"canonical\" href=\"https:\/\/www.bbmpackaging.com\/it\/macchine\/impianto-di-lavaggio-casse-automatico\/\" \/>\n<meta property=\"og:locale\" content=\"it_IT\" \/>\n<meta property=\"og:type\" content=\"article\" \/>\n<meta property=\"og:title\" content=\"Impianto di lavaggio casse automatico Nuovo - BBM Packaging\" \/>\n<meta property=\"og:description\" content=\"Impianto automatico LCA 10T-S di BBM Packaging per la pulizia delle casse in plastica, ideale per linee di imbottigliamento su misura.\" \/>\n<meta property=\"og:url\" content=\"https:\/\/www.bbmpackaging.com\/it\/macchine\/impianto-di-lavaggio-casse-automatico\/\" \/>\n<meta property=\"og:site_name\" content=\"BBM Packaging\" \/>\n<meta property=\"article:modified_time\" content=\"2026-01-27T14:15:01+00:00\" \/>\n<meta property=\"og:image\" content=\"https:\/\/cdn.bbmpackaging.com\/wp-content\/uploads\/2021\/08\/Lavacasse-automatico-BBM-Packaging.jpg\" \/>\n\t<meta property=\"og:image:width\" content=\"584\" \/>\n\t<meta property=\"og:image:height\" content=\"480\" \/>\n\t<meta property=\"og:image:type\" content=\"image\/jpeg\" \/>\n<meta name=\"twitter:card\" content=\"summary_large_image\" \/>\n<meta name=\"twitter:label1\" content=\"Tempo di lettura stimato\" \/>\n\t<meta name=\"twitter:data1\" content=\"1 minuto\" \/>\n<script type=\"application\/ld+json\" class=\"yoast-schema-graph\">{\"@context\":\"https:\/\/schema.org\",\"@graph\":[{\"@type\":\"WebPage\",\"@id\":\"https:\/\/www.bbmpackaging.com\/it\/macchine\/impianto-di-lavaggio-casse-automatico\/\",\"url\":\"https:\/\/www.bbmpackaging.com\/it\/macchine\/impianto-di-lavaggio-casse-automatico\/\",\"name\":\"Impianto di lavaggio casse automatico Nuovo - BBM Packaging\",\"isPartOf\":{\"@id\":\"https:\/\/www.bbmpackaging.com\/it\/#website\"},\"primaryImageOfPage\":{\"@id\":\"https:\/\/www.bbmpackaging.com\/it\/macchine\/impianto-di-lavaggio-casse-automatico\/#primaryimage\"},\"image\":{\"@id\":\"https:\/\/www.bbmpackaging.com\/it\/macchine\/impianto-di-lavaggio-casse-automatico\/#primaryimage\"},\"thumbnailUrl\":\"https:\/\/cdn.bbmpackaging.com\/wp-content\/uploads\/2021\/08\/Lavacasse-automatico-BBM-Packaging.jpg\",\"datePublished\":\"2021-08-23T09:19:05+00:00\",\"dateModified\":\"2026-01-27T14:15:01+00:00\",\"description\":\"Impianto automatico LCA 10T-S di BBM Packaging per la pulizia delle casse in plastica, ideale per linee di imbottigliamento su misura.\",\"breadcrumb\":{\"@id\":\"https:\/\/www.bbmpackaging.com\/it\/macchine\/impianto-di-lavaggio-casse-automatico\/#breadcrumb\"},\"inLanguage\":\"it-IT\",\"potentialAction\":[{\"@type\":\"ReadAction\",\"target\":[\"https:\/\/www.bbmpackaging.com\/it\/macchine\/impianto-di-lavaggio-casse-automatico\/\"]}]},{\"@type\":\"ImageObject\",\"inLanguage\":\"it-IT\",\"@id\":\"https:\/\/www.bbmpackaging.com\/it\/macchine\/impianto-di-lavaggio-casse-automatico\/#primaryimage\",\"url\":\"https:\/\/cdn.bbmpackaging.com\/wp-content\/uploads\/2021\/08\/Lavacasse-automatico-BBM-Packaging.jpg\",\"contentUrl\":\"https:\/\/cdn.bbmpackaging.com\/wp-content\/uploads\/2021\/08\/Lavacasse-automatico-BBM-Packaging.jpg\",\"width\":584,\"height\":480,\"caption\":\"Lavacasse automatico BBM Packaging\"},{\"@type\":\"BreadcrumbList\",\"@id\":\"https:\/\/www.bbmpackaging.com\/it\/macchine\/impianto-di-lavaggio-casse-automatico\/#breadcrumb\",\"itemListElement\":[{\"@type\":\"ListItem\",\"position\":1,\"name\":\"Home\",\"item\":\"https:\/\/www.bbmpackaging.com\/it\/\"},{\"@type\":\"ListItem\",\"position\":2,\"name\":\"Prodotti\",\"item\":\"https:\/\/www.bbmpackaging.com\/it\/prodotti\/\"},{\"@type\":\"ListItem\",\"position\":3,\"name\":\"Impianto di lavaggio casse automatico\"}]},{\"@type\":\"WebSite\",\"@id\":\"https:\/\/www.bbmpackaging.com\/it\/#website\",\"url\":\"https:\/\/www.bbmpackaging.com\/it\/\",\"name\":\"BBM Packaging\",\"description\":\"Imbottigliamento: macchinari manutenzione e much more\",\"potentialAction\":[{\"@type\":\"SearchAction\",\"target\":{\"@type\":\"EntryPoint\",\"urlTemplate\":\"https:\/\/www.bbmpackaging.com\/it\/?s={search_term_string}\"},\"query-input\":{\"@type\":\"PropertyValueSpecification\",\"valueRequired\":true,\"valueName\":\"search_term_string\"}}],\"inLanguage\":\"it-IT\"}]}<\/script>\n<!-- \/ Yoast SEO plugin. -->","yoast_head_json":{"title":"Impianto di lavaggio casse automatico Nuovo - BBM Packaging","description":"Impianto automatico LCA 10T-S di BBM Packaging per la pulizia delle casse in plastica, ideale per linee di imbottigliamento su misura.","robots":{"index":"index","follow":"follow","max-snippet":"max-snippet:-1","max-image-preview":"max-image-preview:large","max-video-preview":"max-video-preview:-1"},"canonical":"https:\/\/www.bbmpackaging.com\/it\/macchine\/impianto-di-lavaggio-casse-automatico\/","og_locale":"it_IT","og_type":"article","og_title":"Impianto di lavaggio casse automatico Nuovo - BBM Packaging","og_description":"Impianto automatico LCA 10T-S di BBM Packaging per la pulizia delle casse in plastica, ideale per linee di imbottigliamento su misura.","og_url":"https:\/\/www.bbmpackaging.com\/it\/macchine\/impianto-di-lavaggio-casse-automatico\/","og_site_name":"BBM Packaging","article_modified_time":"2026-01-27T14:15:01+00:00","og_image":[{"width":584,"height":480,"url":"https:\/\/cdn.bbmpackaging.com\/wp-content\/uploads\/2021\/08\/Lavacasse-automatico-BBM-Packaging.jpg","type":"image\/jpeg"}],"twitter_card":"summary_large_image","twitter_misc":{"Tempo di lettura stimato":"1 minuto"},"schema":{"@context":"https:\/\/schema.org","@graph":[{"@type":"WebPage","@id":"https:\/\/www.bbmpackaging.com\/it\/macchine\/impianto-di-lavaggio-casse-automatico\/","url":"https:\/\/www.bbmpackaging.com\/it\/macchine\/impianto-di-lavaggio-casse-automatico\/","name":"Impianto di lavaggio casse automatico Nuovo - BBM Packaging","isPartOf":{"@id":"https:\/\/www.bbmpackaging.com\/it\/#website"},"primaryImageOfPage":{"@id":"https:\/\/www.bbmpackaging.com\/it\/macchine\/impianto-di-lavaggio-casse-automatico\/#primaryimage"},"image":{"@id":"https:\/\/www.bbmpackaging.com\/it\/macchine\/impianto-di-lavaggio-casse-automatico\/#primaryimage"},"thumbnailUrl":"https:\/\/cdn.bbmpackaging.com\/wp-content\/uploads\/2021\/08\/Lavacasse-automatico-BBM-Packaging.jpg","datePublished":"2021-08-23T09:19:05+00:00","dateModified":"2026-01-27T14:15:01+00:00","description":"Impianto automatico LCA 10T-S di BBM Packaging per la pulizia delle casse in plastica, ideale per linee di imbottigliamento su misura.","breadcrumb":{"@id":"https:\/\/www.bbmpackaging.com\/it\/macchine\/impianto-di-lavaggio-casse-automatico\/#breadcrumb"},"inLanguage":"it-IT","potentialAction":[{"@type":"ReadAction","target":["https:\/\/www.bbmpackaging.com\/it\/macchine\/impianto-di-lavaggio-casse-automatico\/"]}]},{"@type":"ImageObject","inLanguage":"it-IT","@id":"https:\/\/www.bbmpackaging.com\/it\/macchine\/impianto-di-lavaggio-casse-automatico\/#primaryimage","url":"https:\/\/cdn.bbmpackaging.com\/wp-content\/uploads\/2021\/08\/Lavacasse-automatico-BBM-Packaging.jpg","contentUrl":"https:\/\/cdn.bbmpackaging.com\/wp-content\/uploads\/2021\/08\/Lavacasse-automatico-BBM-Packaging.jpg","width":584,"height":480,"caption":"Lavacasse automatico BBM Packaging"},{"@type":"BreadcrumbList","@id":"https:\/\/www.bbmpackaging.com\/it\/macchine\/impianto-di-lavaggio-casse-automatico\/#breadcrumb","itemListElement":[{"@type":"ListItem","position":1,"name":"Home","item":"https:\/\/www.bbmpackaging.com\/it\/"},{"@type":"ListItem","position":2,"name":"Prodotti","item":"https:\/\/www.bbmpackaging.com\/it\/prodotti\/"},{"@type":"ListItem","position":3,"name":"Impianto di lavaggio casse automatico"}]},{"@type":"WebSite","@id":"https:\/\/www.bbmpackaging.com\/it\/#website","url":"https:\/\/www.bbmpackaging.com\/it\/","name":"BBM Packaging","description":"Imbottigliamento: macchinari manutenzione e much more","potentialAction":[{"@type":"SearchAction","target":{"@type":"EntryPoint","urlTemplate":"https:\/\/www.bbmpackaging.com\/it\/?s={search_term_string}"},"query-input":{"@type":"PropertyValueSpecification","valueRequired":true,"valueName":"search_term_string"}}],"inLanguage":"it-IT"}]}},"_links":{"self":[{"href":"https:\/\/www.bbmpackaging.com\/it\/wp-json\/wp\/v2\/product\/17370","targetHints":{"allow":["GET"]}}],"collection":[{"href":"https:\/\/www.bbmpackaging.com\/it\/wp-json\/wp\/v2\/product"}],"about":[{"href":"https:\/\/www.bbmpackaging.com\/it\/wp-json\/wp\/v2\/types\/product"}],"replies":[{"embeddable":true,"href":"https:\/\/www.bbmpackaging.com\/it\/wp-json\/wp\/v2\/comments?post=17370"}],"wp:featuredmedia":[{"embeddable":true,"href":"https:\/\/www.bbmpackaging.com\/it\/wp-json\/wp\/v2\/media\/46071"}],"wp:attachment":[{"href":"https:\/\/www.bbmpackaging.com\/it\/wp-json\/wp\/v2\/media?parent=17370"}],"wp:term":[{"taxonomy":"brand","embeddable":true,"href":"https:\/\/www.bbmpackaging.com\/it\/wp-json\/wp\/v2\/brand?post=17370"},{"taxonomy":"product_brand","embeddable":true,"href":"https:\/\/www.bbmpackaging.com\/it\/wp-json\/wp\/v2\/product_brand?post=17370"},{"taxonomy":"product_cat","embeddable":true,"href":"https:\/\/www.bbmpackaging.com\/it\/wp-json\/wp\/v2\/product_cat?post=17370"},{"taxonomy":"product_tag","embeddable":true,"href":"https:\/\/www.bbmpackaging.com\/it\/wp-json\/wp\/v2\/product_tag?post=17370"}],"curies":[{"name":"wp","href":"https:\/\/api.w.org\/{rel}","templated":true}]}}