{"id":39650,"date":"2024-03-15T14:19:14","date_gmt":"2024-03-15T13:19:14","guid":{"rendered":"https:\/\/www.bbmpackaging.com\/?post_type=product&#038;p=39650"},"modified":"2026-01-27T15:15:31","modified_gmt":"2026-01-27T14:15:31","slug":"banco-di-accumulo-in-loop","status":"publish","type":"product","link":"https:\/\/www.bbmpackaging.com\/it\/macchine\/nastri-trasportatori\/soluzioni-modulari\/banchi-accumulo-loop\/","title":{"rendered":"Banco di accumulo in loop"},"content":{"rendered":"<p>In situazioni in cui una macchina della linea di imbottigliamento (come, per esempio, un\u2019etichettatrice) \u00e8 ferma o funziona a velocit\u00e0 ridotta per qualsiasi motivo, il flusso del prodotto si interrompe poich\u00e9 non c&#8217;\u00e8 spazio disponibile per farlo proseguire.<\/p>\n<p>Per risolvere questa problematica, <strong>il prodotto viene temporaneamente instradato in un percorso circolare (banco di accumulo in loop) dove viene mantenuto in movimento continuo fino a quando non \u00e8 possibile reinserirlo nella linea principale di evacuazione<\/strong>.<\/p>\n","protected":false},"excerpt":{"rendered":"<h2><strong>Il banco di accumulo in loop BBM \u00e8 perfetto per instradare il prodotto in un percorso circolare per garantire la fluidit\u00e0 della linea<\/strong><\/h2>\n","protected":false},"featured_media":39651,"comment_status":"closed","ping_status":"closed","template":"","meta":{"_acf_changed":false},"brand":[7426],"product_brand":[],"product_cat":[37,4442,121,38],"product_tag":[],"class_list":{"0":"post-39650","1":"product","2":"type-product","3":"status-publish","4":"has-post-thumbnail","6":"brand-bbm-packaging","7":"product_cat-macchine","8":"product_cat-soluzioni-modulari","9":"product_cat-nastri-trasportatori","10":"product_cat-usato","12":"first","13":"instock","14":"shipping-taxable","15":"product-type-simple"},"acf":[],"yoast_head":"<!-- This site is optimized with the Yoast SEO plugin v27.2 - https:\/\/yoast.com\/product\/yoast-seo-wordpress\/ -->\n<title>Banco di accumulo in loop - BBM Packaging<\/title>\n<meta name=\"description\" content=\"Il Banco di accumulo in loop garantisce fluidit\u00e0 e continuit\u00e0 nelle linee di produzione, ottimizzando il flusso dei prodotti. Scopri le soluzioni BBM Packaging\" \/>\n<meta name=\"robots\" content=\"index, follow, max-snippet:-1, max-image-preview:large, max-video-preview:-1\" \/>\n<link rel=\"canonical\" href=\"https:\/\/www.bbmpackaging.com\/it\/macchine\/nastri-trasportatori\/soluzioni-modulari\/banchi-accumulo-loop\/\" \/>\n<meta property=\"og:locale\" content=\"it_IT\" \/>\n<meta property=\"og:type\" content=\"article\" \/>\n<meta property=\"og:title\" content=\"Banco di accumulo in loop - BBM Packaging\" \/>\n<meta property=\"og:description\" content=\"Il Banco di accumulo in loop garantisce fluidit\u00e0 e continuit\u00e0 nelle linee di produzione, ottimizzando il flusso dei prodotti. Scopri le soluzioni BBM Packaging\" \/>\n<meta property=\"og:url\" content=\"https:\/\/www.bbmpackaging.com\/it\/macchine\/nastri-trasportatori\/soluzioni-modulari\/banchi-accumulo-loop\/\" \/>\n<meta property=\"og:site_name\" content=\"BBM Packaging\" \/>\n<meta property=\"article:modified_time\" content=\"2026-01-27T14:15:31+00:00\" \/>\n<meta property=\"og:image\" content=\"https:\/\/cdn.bbmpackaging.com\/wp-content\/uploads\/2024\/03\/BBM_Disco-di-accumulo-in-loop_.jpg\" \/>\n\t<meta property=\"og:image:width\" content=\"1071\" \/>\n\t<meta property=\"og:image:height\" content=\"804\" \/>\n\t<meta property=\"og:image:type\" content=\"image\/jpeg\" \/>\n<meta name=\"twitter:card\" content=\"summary_large_image\" \/>\n<meta name=\"twitter:label1\" content=\"Tempo di lettura stimato\" \/>\n\t<meta name=\"twitter:data1\" content=\"1 minuto\" \/>\n<script type=\"application\/ld+json\" class=\"yoast-schema-graph\">{\"@context\":\"https:\/\/schema.org\",\"@graph\":[{\"@type\":\"WebPage\",\"@id\":\"https:\/\/www.bbmpackaging.com\/it\/macchine\/nastri-trasportatori\/soluzioni-modulari\/banchi-accumulo-loop\/\",\"url\":\"https:\/\/www.bbmpackaging.com\/it\/macchine\/nastri-trasportatori\/soluzioni-modulari\/banchi-accumulo-loop\/\",\"name\":\"Banco di accumulo in loop - BBM Packaging\",\"isPartOf\":{\"@id\":\"https:\/\/www.bbmpackaging.com\/it\/#website\"},\"primaryImageOfPage\":{\"@id\":\"https:\/\/www.bbmpackaging.com\/it\/macchine\/nastri-trasportatori\/soluzioni-modulari\/banchi-accumulo-loop\/#primaryimage\"},\"image\":{\"@id\":\"https:\/\/www.bbmpackaging.com\/it\/macchine\/nastri-trasportatori\/soluzioni-modulari\/banchi-accumulo-loop\/#primaryimage\"},\"thumbnailUrl\":\"https:\/\/cdn.bbmpackaging.com\/wp-content\/uploads\/2024\/03\/BBM_Disco-di-accumulo-in-loop_.jpg\",\"datePublished\":\"2024-03-15T13:19:14+00:00\",\"dateModified\":\"2026-01-27T14:15:31+00:00\",\"description\":\"Il Banco di accumulo in loop garantisce fluidit\u00e0 e continuit\u00e0 nelle linee di produzione, ottimizzando il flusso dei prodotti. Scopri le soluzioni BBM Packaging\",\"breadcrumb\":{\"@id\":\"https:\/\/www.bbmpackaging.com\/it\/macchine\/nastri-trasportatori\/soluzioni-modulari\/banchi-accumulo-loop\/#breadcrumb\"},\"inLanguage\":\"it-IT\",\"potentialAction\":[{\"@type\":\"ReadAction\",\"target\":[\"https:\/\/www.bbmpackaging.com\/it\/macchine\/nastri-trasportatori\/soluzioni-modulari\/banchi-accumulo-loop\/\"]}]},{\"@type\":\"ImageObject\",\"inLanguage\":\"it-IT\",\"@id\":\"https:\/\/www.bbmpackaging.com\/it\/macchine\/nastri-trasportatori\/soluzioni-modulari\/banchi-accumulo-loop\/#primaryimage\",\"url\":\"https:\/\/cdn.bbmpackaging.com\/wp-content\/uploads\/2024\/03\/BBM_Disco-di-accumulo-in-loop_.jpg\",\"contentUrl\":\"https:\/\/cdn.bbmpackaging.com\/wp-content\/uploads\/2024\/03\/BBM_Disco-di-accumulo-in-loop_.jpg\",\"width\":1071,\"height\":804,\"caption\":\"BBM_Disco di accumulo in loop\"},{\"@type\":\"BreadcrumbList\",\"@id\":\"https:\/\/www.bbmpackaging.com\/it\/macchine\/nastri-trasportatori\/soluzioni-modulari\/banchi-accumulo-loop\/#breadcrumb\",\"itemListElement\":[{\"@type\":\"ListItem\",\"position\":1,\"name\":\"Home\",\"item\":\"https:\/\/www.bbmpackaging.com\/it\/\"},{\"@type\":\"ListItem\",\"position\":2,\"name\":\"Prodotti\",\"item\":\"https:\/\/www.bbmpackaging.com\/it\/prodotti\/\"},{\"@type\":\"ListItem\",\"position\":3,\"name\":\"Banco di accumulo in loop\"}]},{\"@type\":\"WebSite\",\"@id\":\"https:\/\/www.bbmpackaging.com\/it\/#website\",\"url\":\"https:\/\/www.bbmpackaging.com\/it\/\",\"name\":\"BBM Packaging\",\"description\":\"Imbottigliamento: macchinari manutenzione e much more\",\"potentialAction\":[{\"@type\":\"SearchAction\",\"target\":{\"@type\":\"EntryPoint\",\"urlTemplate\":\"https:\/\/www.bbmpackaging.com\/it\/?s={search_term_string}\"},\"query-input\":{\"@type\":\"PropertyValueSpecification\",\"valueRequired\":true,\"valueName\":\"search_term_string\"}}],\"inLanguage\":\"it-IT\"}]}<\/script>\n<!-- \/ Yoast SEO plugin. -->","yoast_head_json":{"title":"Banco di accumulo in loop - BBM Packaging","description":"Il Banco di accumulo in loop garantisce fluidit\u00e0 e continuit\u00e0 nelle linee di produzione, ottimizzando il flusso dei prodotti. Scopri le soluzioni BBM Packaging","robots":{"index":"index","follow":"follow","max-snippet":"max-snippet:-1","max-image-preview":"max-image-preview:large","max-video-preview":"max-video-preview:-1"},"canonical":"https:\/\/www.bbmpackaging.com\/it\/macchine\/nastri-trasportatori\/soluzioni-modulari\/banchi-accumulo-loop\/","og_locale":"it_IT","og_type":"article","og_title":"Banco di accumulo in loop - BBM Packaging","og_description":"Il Banco di accumulo in loop garantisce fluidit\u00e0 e continuit\u00e0 nelle linee di produzione, ottimizzando il flusso dei prodotti. Scopri le soluzioni BBM Packaging","og_url":"https:\/\/www.bbmpackaging.com\/it\/macchine\/nastri-trasportatori\/soluzioni-modulari\/banchi-accumulo-loop\/","og_site_name":"BBM Packaging","article_modified_time":"2026-01-27T14:15:31+00:00","og_image":[{"width":1071,"height":804,"url":"https:\/\/cdn.bbmpackaging.com\/wp-content\/uploads\/2024\/03\/BBM_Disco-di-accumulo-in-loop_.jpg","type":"image\/jpeg"}],"twitter_card":"summary_large_image","twitter_misc":{"Tempo di lettura stimato":"1 minuto"},"schema":{"@context":"https:\/\/schema.org","@graph":[{"@type":"WebPage","@id":"https:\/\/www.bbmpackaging.com\/it\/macchine\/nastri-trasportatori\/soluzioni-modulari\/banchi-accumulo-loop\/","url":"https:\/\/www.bbmpackaging.com\/it\/macchine\/nastri-trasportatori\/soluzioni-modulari\/banchi-accumulo-loop\/","name":"Banco di accumulo in loop - BBM Packaging","isPartOf":{"@id":"https:\/\/www.bbmpackaging.com\/it\/#website"},"primaryImageOfPage":{"@id":"https:\/\/www.bbmpackaging.com\/it\/macchine\/nastri-trasportatori\/soluzioni-modulari\/banchi-accumulo-loop\/#primaryimage"},"image":{"@id":"https:\/\/www.bbmpackaging.com\/it\/macchine\/nastri-trasportatori\/soluzioni-modulari\/banchi-accumulo-loop\/#primaryimage"},"thumbnailUrl":"https:\/\/cdn.bbmpackaging.com\/wp-content\/uploads\/2024\/03\/BBM_Disco-di-accumulo-in-loop_.jpg","datePublished":"2024-03-15T13:19:14+00:00","dateModified":"2026-01-27T14:15:31+00:00","description":"Il Banco di accumulo in loop garantisce fluidit\u00e0 e continuit\u00e0 nelle linee di produzione, ottimizzando il flusso dei prodotti. Scopri le soluzioni BBM Packaging","breadcrumb":{"@id":"https:\/\/www.bbmpackaging.com\/it\/macchine\/nastri-trasportatori\/soluzioni-modulari\/banchi-accumulo-loop\/#breadcrumb"},"inLanguage":"it-IT","potentialAction":[{"@type":"ReadAction","target":["https:\/\/www.bbmpackaging.com\/it\/macchine\/nastri-trasportatori\/soluzioni-modulari\/banchi-accumulo-loop\/"]}]},{"@type":"ImageObject","inLanguage":"it-IT","@id":"https:\/\/www.bbmpackaging.com\/it\/macchine\/nastri-trasportatori\/soluzioni-modulari\/banchi-accumulo-loop\/#primaryimage","url":"https:\/\/cdn.bbmpackaging.com\/wp-content\/uploads\/2024\/03\/BBM_Disco-di-accumulo-in-loop_.jpg","contentUrl":"https:\/\/cdn.bbmpackaging.com\/wp-content\/uploads\/2024\/03\/BBM_Disco-di-accumulo-in-loop_.jpg","width":1071,"height":804,"caption":"BBM_Disco di accumulo in loop"},{"@type":"BreadcrumbList","@id":"https:\/\/www.bbmpackaging.com\/it\/macchine\/nastri-trasportatori\/soluzioni-modulari\/banchi-accumulo-loop\/#breadcrumb","itemListElement":[{"@type":"ListItem","position":1,"name":"Home","item":"https:\/\/www.bbmpackaging.com\/it\/"},{"@type":"ListItem","position":2,"name":"Prodotti","item":"https:\/\/www.bbmpackaging.com\/it\/prodotti\/"},{"@type":"ListItem","position":3,"name":"Banco di accumulo in loop"}]},{"@type":"WebSite","@id":"https:\/\/www.bbmpackaging.com\/it\/#website","url":"https:\/\/www.bbmpackaging.com\/it\/","name":"BBM Packaging","description":"Imbottigliamento: macchinari manutenzione e much more","potentialAction":[{"@type":"SearchAction","target":{"@type":"EntryPoint","urlTemplate":"https:\/\/www.bbmpackaging.com\/it\/?s={search_term_string}"},"query-input":{"@type":"PropertyValueSpecification","valueRequired":true,"valueName":"search_term_string"}}],"inLanguage":"it-IT"}]}},"_links":{"self":[{"href":"https:\/\/www.bbmpackaging.com\/it\/wp-json\/wp\/v2\/product\/39650","targetHints":{"allow":["GET"]}}],"collection":[{"href":"https:\/\/www.bbmpackaging.com\/it\/wp-json\/wp\/v2\/product"}],"about":[{"href":"https:\/\/www.bbmpackaging.com\/it\/wp-json\/wp\/v2\/types\/product"}],"replies":[{"embeddable":true,"href":"https:\/\/www.bbmpackaging.com\/it\/wp-json\/wp\/v2\/comments?post=39650"}],"wp:featuredmedia":[{"embeddable":true,"href":"https:\/\/www.bbmpackaging.com\/it\/wp-json\/wp\/v2\/media\/39651"}],"wp:attachment":[{"href":"https:\/\/www.bbmpackaging.com\/it\/wp-json\/wp\/v2\/media?parent=39650"}],"wp:term":[{"taxonomy":"brand","embeddable":true,"href":"https:\/\/www.bbmpackaging.com\/it\/wp-json\/wp\/v2\/brand?post=39650"},{"taxonomy":"product_brand","embeddable":true,"href":"https:\/\/www.bbmpackaging.com\/it\/wp-json\/wp\/v2\/product_brand?post=39650"},{"taxonomy":"product_cat","embeddable":true,"href":"https:\/\/www.bbmpackaging.com\/it\/wp-json\/wp\/v2\/product_cat?post=39650"},{"taxonomy":"product_tag","embeddable":true,"href":"https:\/\/www.bbmpackaging.com\/it\/wp-json\/wp\/v2\/product_tag?post=39650"}],"curies":[{"name":"wp","href":"https:\/\/api.w.org\/{rel}","templated":true}]}}