{"id":70516,"date":"2025-10-01T12:16:07","date_gmt":"2025-10-01T10:16:07","guid":{"rendered":"https:\/\/www.bbmpackaging.com\/?post_type=product&#038;p=70516"},"modified":"2026-01-26T14:54:17","modified_gmt":"2026-01-26T13:54:17","slug":"etichettatrice-sacmi-opera-200-rf","status":"publish","type":"product","link":"https:\/\/www.bbmpackaging.com\/it\/macchine\/usato\/etichettatrici-usate\/etichettatrice-sacmi-opera-200-rf\/","title":{"rendered":"Etichettatrice Sacmi OPERA 200 RF"},"content":{"rendered":"<p>Etichettatrice bottiglie <strong>PET Sacmi Opera<\/strong>&nbsp;\u2013 usata revisionata. Scopri la nostra <strong>etichettatrice bottiglie PET<\/strong> ad alte prestazioni, ideale per linee produttive fino a 30.000 BPH. Questa etichettatrice Sacmi Opera applica <strong>etichette OPP<\/strong> con colla a caldo e garantisce un cambio automatico delle bobine rapido e sicuro. Dotata di <strong>PLC Siemens<\/strong>, \u00e8 disponibile usata revisionata o vista e piaciuta, con possibilit\u00e0 di fornirti anche la lista ricambi compatibili. Perfetta per chi cerca affidabilit\u00e0 e qualit\u00e0 nell&#8217;etichettatura delle bottiglie PET.<\/p>\n<p>Scopri le altre <a href=\"https:\/\/www.bbmpackaging.com\/it\/macchine\/etichettatrici-usate\/\" target=\"_blank\" rel=\"noopener\"><strong>etichettatrici usate<\/strong><\/a><\/p>\n","protected":false},"excerpt":{"rendered":"<p class=\"big\">Etichettatrice SACMI Opera usata, revisionata e garantita<\/p>\n","protected":false},"featured_media":70521,"comment_status":"closed","ping_status":"closed","template":"","meta":{"_acf_changed":false},"brand":[7422],"product_brand":[],"product_cat":[37,38,42],"product_tag":[],"class_list":{"0":"post-70516","1":"product","2":"type-product","3":"status-publish","4":"has-post-thumbnail","6":"brand-sacmi","7":"product_cat-macchine","8":"product_cat-usato","9":"product_cat-etichettatrici-usate","11":"first","12":"instock","13":"shipping-taxable","14":"product-type-simple"},"acf":[],"yoast_head":"<!-- This site is optimized with the Yoast SEO plugin v27.2 - https:\/\/yoast.com\/product\/yoast-seo-wordpress\/ -->\n<title>Etichettatrice Sacmi OPERA 200 RF - BBM Packaging<\/title>\n<meta name=\"description\" content=\"Etichettatrice SACMI Opera usata revisionata per bottiglie PET, 30.000 BPH, etichette OPP, cambio automatico bobine, PLC Siemens. Disponibile da subito\" \/>\n<meta name=\"robots\" content=\"index, follow, max-snippet:-1, max-image-preview:large, max-video-preview:-1\" \/>\n<link rel=\"canonical\" href=\"https:\/\/www.bbmpackaging.com\/it\/macchine\/usato\/etichettatrici-usate\/etichettatrice-sacmi-opera-200-rf\/\" \/>\n<meta property=\"og:locale\" content=\"it_IT\" \/>\n<meta property=\"og:type\" content=\"article\" \/>\n<meta property=\"og:title\" content=\"Etichettatrice Sacmi OPERA 200 RF - BBM Packaging\" \/>\n<meta property=\"og:description\" content=\"Etichettatrice SACMI Opera usata revisionata per bottiglie PET, 30.000 BPH, etichette OPP, cambio automatico bobine, PLC Siemens. Disponibile da subito\" \/>\n<meta property=\"og:url\" content=\"https:\/\/www.bbmpackaging.com\/it\/macchine\/usato\/etichettatrici-usate\/etichettatrice-sacmi-opera-200-rf\/\" \/>\n<meta property=\"og:site_name\" content=\"BBM Packaging\" \/>\n<meta property=\"article:modified_time\" content=\"2026-01-26T13:54:17+00:00\" \/>\n<meta property=\"og:image\" content=\"https:\/\/www.bbmpackaging.com\/wp-content\/uploads\/2025\/10\/etichettatrice-sacmi-opera-200.jpg\" \/>\n\t<meta property=\"og:image:width\" content=\"1008\" \/>\n\t<meta property=\"og:image:height\" content=\"768\" \/>\n\t<meta property=\"og:image:type\" content=\"image\/jpeg\" \/>\n<meta name=\"twitter:card\" content=\"summary_large_image\" \/>\n<meta name=\"twitter:label1\" content=\"Tempo di lettura stimato\" \/>\n\t<meta name=\"twitter:data1\" content=\"1 minuto\" \/>\n<script type=\"application\/ld+json\" class=\"yoast-schema-graph\">{\"@context\":\"https:\/\/schema.org\",\"@graph\":[{\"@type\":\"WebPage\",\"@id\":\"https:\/\/www.bbmpackaging.com\/it\/macchine\/usato\/etichettatrici-usate\/etichettatrice-sacmi-opera-200-rf\/\",\"url\":\"https:\/\/www.bbmpackaging.com\/it\/macchine\/usato\/etichettatrici-usate\/etichettatrice-sacmi-opera-200-rf\/\",\"name\":\"Etichettatrice Sacmi OPERA 200 RF - BBM Packaging\",\"isPartOf\":{\"@id\":\"https:\/\/www.bbmpackaging.com\/it\/#website\"},\"primaryImageOfPage\":{\"@id\":\"https:\/\/www.bbmpackaging.com\/it\/macchine\/usato\/etichettatrici-usate\/etichettatrice-sacmi-opera-200-rf\/#primaryimage\"},\"image\":{\"@id\":\"https:\/\/www.bbmpackaging.com\/it\/macchine\/usato\/etichettatrici-usate\/etichettatrice-sacmi-opera-200-rf\/#primaryimage\"},\"thumbnailUrl\":\"https:\/\/www.bbmpackaging.com\/wp-content\/uploads\/2025\/10\/etichettatrice-sacmi-opera-200.jpg\",\"datePublished\":\"2025-10-01T10:16:07+00:00\",\"dateModified\":\"2026-01-26T13:54:17+00:00\",\"description\":\"Etichettatrice SACMI Opera usata revisionata per bottiglie PET, 30.000 BPH, etichette OPP, cambio automatico bobine, PLC Siemens. Disponibile da subito\",\"breadcrumb\":{\"@id\":\"https:\/\/www.bbmpackaging.com\/it\/macchine\/usato\/etichettatrici-usate\/etichettatrice-sacmi-opera-200-rf\/#breadcrumb\"},\"inLanguage\":\"it-IT\",\"potentialAction\":[{\"@type\":\"ReadAction\",\"target\":[\"https:\/\/www.bbmpackaging.com\/it\/macchine\/usato\/etichettatrici-usate\/etichettatrice-sacmi-opera-200-rf\/\"]}]},{\"@type\":\"ImageObject\",\"inLanguage\":\"it-IT\",\"@id\":\"https:\/\/www.bbmpackaging.com\/it\/macchine\/usato\/etichettatrici-usate\/etichettatrice-sacmi-opera-200-rf\/#primaryimage\",\"url\":\"https:\/\/www.bbmpackaging.com\/wp-content\/uploads\/2025\/10\/etichettatrice-sacmi-opera-200.jpg\",\"contentUrl\":\"https:\/\/www.bbmpackaging.com\/wp-content\/uploads\/2025\/10\/etichettatrice-sacmi-opera-200.jpg\",\"width\":1008,\"height\":768,\"caption\":\"Etichettatrice SACMI Opera per bottiglie in PET usata revisionata, 30.000 BPH, etichette OPP colla a caldo, cambio automatico bobine, PLC Siemens. Lista ricambi compatibili disponibile\"},{\"@type\":\"BreadcrumbList\",\"@id\":\"https:\/\/www.bbmpackaging.com\/it\/macchine\/usato\/etichettatrici-usate\/etichettatrice-sacmi-opera-200-rf\/#breadcrumb\",\"itemListElement\":[{\"@type\":\"ListItem\",\"position\":1,\"name\":\"Home\",\"item\":\"https:\/\/www.bbmpackaging.com\/it\/\"},{\"@type\":\"ListItem\",\"position\":2,\"name\":\"Prodotti\",\"item\":\"https:\/\/www.bbmpackaging.com\/it\/prodotti\/\"},{\"@type\":\"ListItem\",\"position\":3,\"name\":\"Usato\",\"item\":\"https:\/\/www.bbmpackaging.com\/it\/macchine\/usato\/\"},{\"@type\":\"ListItem\",\"position\":4,\"name\":\"Etichettatrici\",\"item\":\"https:\/\/www.bbmpackaging.com\/it\/macchine\/etichettatrici-usate\/\"},{\"@type\":\"ListItem\",\"position\":5,\"name\":\"Etichettatrice Sacmi OPERA 200 RF\"}]},{\"@type\":\"WebSite\",\"@id\":\"https:\/\/www.bbmpackaging.com\/it\/#website\",\"url\":\"https:\/\/www.bbmpackaging.com\/it\/\",\"name\":\"BBM Packaging\",\"description\":\"Imbottigliamento: macchinari manutenzione e much more\",\"potentialAction\":[{\"@type\":\"SearchAction\",\"target\":{\"@type\":\"EntryPoint\",\"urlTemplate\":\"https:\/\/www.bbmpackaging.com\/it\/?s={search_term_string}\"},\"query-input\":{\"@type\":\"PropertyValueSpecification\",\"valueRequired\":true,\"valueName\":\"search_term_string\"}}],\"inLanguage\":\"it-IT\"}]}<\/script>\n<!-- \/ Yoast SEO plugin. -->","yoast_head_json":{"title":"Etichettatrice Sacmi OPERA 200 RF - BBM Packaging","description":"Etichettatrice SACMI Opera usata revisionata per bottiglie PET, 30.000 BPH, etichette OPP, cambio automatico bobine, PLC Siemens. Disponibile da subito","robots":{"index":"index","follow":"follow","max-snippet":"max-snippet:-1","max-image-preview":"max-image-preview:large","max-video-preview":"max-video-preview:-1"},"canonical":"https:\/\/www.bbmpackaging.com\/it\/macchine\/usato\/etichettatrici-usate\/etichettatrice-sacmi-opera-200-rf\/","og_locale":"it_IT","og_type":"article","og_title":"Etichettatrice Sacmi OPERA 200 RF - BBM Packaging","og_description":"Etichettatrice SACMI Opera usata revisionata per bottiglie PET, 30.000 BPH, etichette OPP, cambio automatico bobine, PLC Siemens. Disponibile da subito","og_url":"https:\/\/www.bbmpackaging.com\/it\/macchine\/usato\/etichettatrici-usate\/etichettatrice-sacmi-opera-200-rf\/","og_site_name":"BBM Packaging","article_modified_time":"2026-01-26T13:54:17+00:00","og_image":[{"width":1008,"height":768,"url":"https:\/\/www.bbmpackaging.com\/wp-content\/uploads\/2025\/10\/etichettatrice-sacmi-opera-200.jpg","type":"image\/jpeg"}],"twitter_card":"summary_large_image","twitter_misc":{"Tempo di lettura stimato":"1 minuto"},"schema":{"@context":"https:\/\/schema.org","@graph":[{"@type":"WebPage","@id":"https:\/\/www.bbmpackaging.com\/it\/macchine\/usato\/etichettatrici-usate\/etichettatrice-sacmi-opera-200-rf\/","url":"https:\/\/www.bbmpackaging.com\/it\/macchine\/usato\/etichettatrici-usate\/etichettatrice-sacmi-opera-200-rf\/","name":"Etichettatrice Sacmi OPERA 200 RF - BBM Packaging","isPartOf":{"@id":"https:\/\/www.bbmpackaging.com\/it\/#website"},"primaryImageOfPage":{"@id":"https:\/\/www.bbmpackaging.com\/it\/macchine\/usato\/etichettatrici-usate\/etichettatrice-sacmi-opera-200-rf\/#primaryimage"},"image":{"@id":"https:\/\/www.bbmpackaging.com\/it\/macchine\/usato\/etichettatrici-usate\/etichettatrice-sacmi-opera-200-rf\/#primaryimage"},"thumbnailUrl":"https:\/\/www.bbmpackaging.com\/wp-content\/uploads\/2025\/10\/etichettatrice-sacmi-opera-200.jpg","datePublished":"2025-10-01T10:16:07+00:00","dateModified":"2026-01-26T13:54:17+00:00","description":"Etichettatrice SACMI Opera usata revisionata per bottiglie PET, 30.000 BPH, etichette OPP, cambio automatico bobine, PLC Siemens. Disponibile da subito","breadcrumb":{"@id":"https:\/\/www.bbmpackaging.com\/it\/macchine\/usato\/etichettatrici-usate\/etichettatrice-sacmi-opera-200-rf\/#breadcrumb"},"inLanguage":"it-IT","potentialAction":[{"@type":"ReadAction","target":["https:\/\/www.bbmpackaging.com\/it\/macchine\/usato\/etichettatrici-usate\/etichettatrice-sacmi-opera-200-rf\/"]}]},{"@type":"ImageObject","inLanguage":"it-IT","@id":"https:\/\/www.bbmpackaging.com\/it\/macchine\/usato\/etichettatrici-usate\/etichettatrice-sacmi-opera-200-rf\/#primaryimage","url":"https:\/\/www.bbmpackaging.com\/wp-content\/uploads\/2025\/10\/etichettatrice-sacmi-opera-200.jpg","contentUrl":"https:\/\/www.bbmpackaging.com\/wp-content\/uploads\/2025\/10\/etichettatrice-sacmi-opera-200.jpg","width":1008,"height":768,"caption":"Etichettatrice SACMI Opera per bottiglie in PET usata revisionata, 30.000 BPH, etichette OPP colla a caldo, cambio automatico bobine, PLC Siemens. Lista ricambi compatibili disponibile"},{"@type":"BreadcrumbList","@id":"https:\/\/www.bbmpackaging.com\/it\/macchine\/usato\/etichettatrici-usate\/etichettatrice-sacmi-opera-200-rf\/#breadcrumb","itemListElement":[{"@type":"ListItem","position":1,"name":"Home","item":"https:\/\/www.bbmpackaging.com\/it\/"},{"@type":"ListItem","position":2,"name":"Prodotti","item":"https:\/\/www.bbmpackaging.com\/it\/prodotti\/"},{"@type":"ListItem","position":3,"name":"Usato","item":"https:\/\/www.bbmpackaging.com\/it\/macchine\/usato\/"},{"@type":"ListItem","position":4,"name":"Etichettatrici","item":"https:\/\/www.bbmpackaging.com\/it\/macchine\/etichettatrici-usate\/"},{"@type":"ListItem","position":5,"name":"Etichettatrice Sacmi OPERA 200 RF"}]},{"@type":"WebSite","@id":"https:\/\/www.bbmpackaging.com\/it\/#website","url":"https:\/\/www.bbmpackaging.com\/it\/","name":"BBM Packaging","description":"Imbottigliamento: macchinari manutenzione e much more","potentialAction":[{"@type":"SearchAction","target":{"@type":"EntryPoint","urlTemplate":"https:\/\/www.bbmpackaging.com\/it\/?s={search_term_string}"},"query-input":{"@type":"PropertyValueSpecification","valueRequired":true,"valueName":"search_term_string"}}],"inLanguage":"it-IT"}]}},"_links":{"self":[{"href":"https:\/\/www.bbmpackaging.com\/it\/wp-json\/wp\/v2\/product\/70516","targetHints":{"allow":["GET"]}}],"collection":[{"href":"https:\/\/www.bbmpackaging.com\/it\/wp-json\/wp\/v2\/product"}],"about":[{"href":"https:\/\/www.bbmpackaging.com\/it\/wp-json\/wp\/v2\/types\/product"}],"replies":[{"embeddable":true,"href":"https:\/\/www.bbmpackaging.com\/it\/wp-json\/wp\/v2\/comments?post=70516"}],"wp:featuredmedia":[{"embeddable":true,"href":"https:\/\/www.bbmpackaging.com\/it\/wp-json\/wp\/v2\/media\/70521"}],"wp:attachment":[{"href":"https:\/\/www.bbmpackaging.com\/it\/wp-json\/wp\/v2\/media?parent=70516"}],"wp:term":[{"taxonomy":"brand","embeddable":true,"href":"https:\/\/www.bbmpackaging.com\/it\/wp-json\/wp\/v2\/brand?post=70516"},{"taxonomy":"product_brand","embeddable":true,"href":"https:\/\/www.bbmpackaging.com\/it\/wp-json\/wp\/v2\/product_brand?post=70516"},{"taxonomy":"product_cat","embeddable":true,"href":"https:\/\/www.bbmpackaging.com\/it\/wp-json\/wp\/v2\/product_cat?post=70516"},{"taxonomy":"product_tag","embeddable":true,"href":"https:\/\/www.bbmpackaging.com\/it\/wp-json\/wp\/v2\/product_tag?post=70516"}],"curies":[{"name":"wp","href":"https:\/\/api.w.org\/{rel}","templated":true}]}}