{"id":71503,"date":"2025-10-10T12:16:16","date_gmt":"2025-10-10T10:16:16","guid":{"rendered":"https:\/\/www.bbmpackaging.com\/?post_type=product&#038;p=71503"},"modified":"2026-01-26T16:10:09","modified_gmt":"2026-01-26T15:10:09","slug":"linea-di-riconfezionamento-lattine-variety-pack","status":"publish","type":"product","link":"https:\/\/www.bbmpackaging.com\/it\/macchine\/usato\/linee-imbottigliamento-usato\/linea-di-riconfezionamento-lattine-variety-pack\/","title":{"rendered":"Linea di riconfezionamento lattine variety pack"},"content":{"rendered":"<p>Linea di riconfezionamento variety pack per lattine 330 ml<br \/><\/br><\/p>\n<p><strong>OCME \u2013 SMI \u2013 TOSA<\/strong> | Disponibile da dicembre<br \/><\/br><\/p>\n<p>Linea completa per la creazione di confezioni multigusto destinate al mercato beverage e alla GDO. Ideale per combinare pacchi gi\u00e0 pronti (es. aranciata dolce e amara) e realizzare nuovi imballi misti wrap-around, in vassoio o solo film.<\/p>\n<p>Composta da:<\/p>\n<ul>\n<li><a href=\"https:\/\/www.bbmpackaging.com\/it\/macchine\/usato\/depallettizzatori-usati\/depallettizzatore-ocme-pegasus\/\" target=\"_blank\" rel=\"noopener\"><strong>Depallettizzatore OCME PEGASUS<\/strong> <\/a>\u2013 testa unica per due gusti di prodotto su due nastri in uscita.<\/li>\n<li><a href=\"https:\/\/www.bbmpackaging.com\/it\/macchine\/fardellatrici-e-vassoiatrici-usate\/fardellatrice-smi-sk-450t\/\" target=\"_blank\" rel=\"noopener\"><strong>Vassoiatrice SMI SK450T<\/strong> <\/a>\u2013 confezionamento flessibile in film, vassoio o wrap-around <span style=\"font-size: 14px; line-height: 16px;\">(n.d. video prodotto a scopo dimostrativo, non riferito a questa lavorazione).<\/span><\/li>\n<li><a href=\"https:\/\/www.bbmpackaging.com\/it\/macchine\/usato\/pallettizzatori-usati\/pallettizzatore-ocme-pegasus\/\" target=\"_blank\" rel=\"noopener\"><strong>Pallettizzatore OCME PEGASUS<\/strong> <\/a>\u2013 alta precisione e velocit\u00e0 di ciclo.<\/li>\n<li><a href=\"https:\/\/www.bbmpackaging.com\/it\/macchine\/usato\/fasciatori-usati\/fasciatore-tosa-2\/\" target=\"_blank\" rel=\"noopener\"><strong>Fasciatore TOSA<\/strong><\/a> \u2013 fasciamento stabile e sicuro del pallet finito.<\/li>\n<\/ul>\n<p>Progettata per lattine da 330 ml, la linea raggiunge una velocit\u00e0 fino a 30 pacchi al minuto da 24 unit\u00e0. \u00c8 gestita da PLC e HMI Siemens e si distingue per un\u2019elevata automazione, che<br \/>\nconsente un funzionamento efficiente con un numero ridotto di operatori. Su richiesta, BBM pu\u00f2 fornire la linea ricondizionata, con revisione completa, test e garanzia.<br \/><\/br><\/p>\n<p>Sono disponibili inoltre ricambi compatibili per nastri e macchine, garantendo continuit\u00e0 operativa e semplicit\u00e0 di manutenzione. Una soluzione ideale per chi desidera ampliare la propria offerta con variety pack ad alta efficienza, tempi di consegna rapidi e massima affidabilit\u00e0.<\/p>\n","protected":false},"excerpt":{"rendered":"<p>Linea ricondizionamento scatole lattine in formato variety pack<\/p>\n","protected":false},"featured_media":72239,"comment_status":"closed","ping_status":"closed","template":"","meta":{"_acf_changed":false},"brand":[7425],"product_brand":[],"product_cat":[37,548,38],"product_tag":[],"class_list":{"0":"post-71503","1":"product","2":"type-product","3":"status-publish","4":"has-post-thumbnail","6":"brand-multimarca","7":"product_cat-macchine","8":"product_cat-linee-imbottigliamento-usato","9":"product_cat-usato","11":"first","12":"instock","13":"shipping-taxable","14":"product-type-simple"},"acf":[],"yoast_head":"<!-- This site is optimized with the Yoast SEO plugin v27.2 - https:\/\/yoast.com\/product\/yoast-seo-wordpress\/ -->\n<title>Linea di riconfezionamento lattine variety pack - BBM Packaging<\/title>\n<meta name=\"description\" content=\"Linea per il riconfezionamento di lattine da 330 ml in variety pack multigusto, con macchine OCME, SMI e TOSA. Ideale per il mercato beverage e la GDO.\" \/>\n<meta name=\"robots\" content=\"index, follow, max-snippet:-1, max-image-preview:large, max-video-preview:-1\" \/>\n<link rel=\"canonical\" href=\"https:\/\/www.bbmpackaging.com\/it\/macchine\/usato\/linee-imbottigliamento-usato\/linea-di-riconfezionamento-lattine-variety-pack\/\" \/>\n<meta property=\"og:locale\" content=\"it_IT\" \/>\n<meta property=\"og:type\" content=\"article\" \/>\n<meta property=\"og:title\" content=\"Linea di riconfezionamento lattine variety pack - BBM Packaging\" \/>\n<meta property=\"og:description\" content=\"Linea per il riconfezionamento di lattine da 330 ml in variety pack multigusto, con macchine OCME, SMI e TOSA. Ideale per il mercato beverage e la GDO.\" \/>\n<meta property=\"og:url\" content=\"https:\/\/www.bbmpackaging.com\/it\/macchine\/usato\/linee-imbottigliamento-usato\/linea-di-riconfezionamento-lattine-variety-pack\/\" \/>\n<meta property=\"og:site_name\" content=\"BBM Packaging\" \/>\n<meta property=\"article:modified_time\" content=\"2026-01-26T15:10:09+00:00\" \/>\n<meta property=\"og:image\" content=\"https:\/\/www.bbmpackaging.com\/wp-content\/uploads\/2025\/10\/linea-riconfezionamento-lattine-variety-pack.jpg\" \/>\n\t<meta property=\"og:image:width\" content=\"1440\" \/>\n\t<meta property=\"og:image:height\" content=\"1080\" \/>\n\t<meta property=\"og:image:type\" content=\"image\/jpeg\" \/>\n<meta name=\"twitter:card\" content=\"summary_large_image\" \/>\n<meta name=\"twitter:label1\" content=\"Tempo di lettura stimato\" \/>\n\t<meta name=\"twitter:data1\" content=\"2 minuti\" \/>\n<script type=\"application\/ld+json\" class=\"yoast-schema-graph\">{\"@context\":\"https:\/\/schema.org\",\"@graph\":[{\"@type\":\"WebPage\",\"@id\":\"https:\/\/www.bbmpackaging.com\/it\/macchine\/usato\/linee-imbottigliamento-usato\/linea-di-riconfezionamento-lattine-variety-pack\/\",\"url\":\"https:\/\/www.bbmpackaging.com\/it\/macchine\/usato\/linee-imbottigliamento-usato\/linea-di-riconfezionamento-lattine-variety-pack\/\",\"name\":\"Linea di riconfezionamento lattine variety pack - BBM Packaging\",\"isPartOf\":{\"@id\":\"https:\/\/www.bbmpackaging.com\/it\/#website\"},\"primaryImageOfPage\":{\"@id\":\"https:\/\/www.bbmpackaging.com\/it\/macchine\/usato\/linee-imbottigliamento-usato\/linea-di-riconfezionamento-lattine-variety-pack\/#primaryimage\"},\"image\":{\"@id\":\"https:\/\/www.bbmpackaging.com\/it\/macchine\/usato\/linee-imbottigliamento-usato\/linea-di-riconfezionamento-lattine-variety-pack\/#primaryimage\"},\"thumbnailUrl\":\"https:\/\/www.bbmpackaging.com\/wp-content\/uploads\/2025\/10\/linea-riconfezionamento-lattine-variety-pack.jpg\",\"datePublished\":\"2025-10-10T10:16:16+00:00\",\"dateModified\":\"2026-01-26T15:10:09+00:00\",\"description\":\"Linea per il riconfezionamento di lattine da 330 ml in variety pack multigusto, con macchine OCME, SMI e TOSA. Ideale per il mercato beverage e la GDO.\",\"breadcrumb\":{\"@id\":\"https:\/\/www.bbmpackaging.com\/it\/macchine\/usato\/linee-imbottigliamento-usato\/linea-di-riconfezionamento-lattine-variety-pack\/#breadcrumb\"},\"inLanguage\":\"it-IT\",\"potentialAction\":[{\"@type\":\"ReadAction\",\"target\":[\"https:\/\/www.bbmpackaging.com\/it\/macchine\/usato\/linee-imbottigliamento-usato\/linea-di-riconfezionamento-lattine-variety-pack\/\"]}]},{\"@type\":\"ImageObject\",\"inLanguage\":\"it-IT\",\"@id\":\"https:\/\/www.bbmpackaging.com\/it\/macchine\/usato\/linee-imbottigliamento-usato\/linea-di-riconfezionamento-lattine-variety-pack\/#primaryimage\",\"url\":\"https:\/\/www.bbmpackaging.com\/wp-content\/uploads\/2025\/10\/linea-riconfezionamento-lattine-variety-pack.jpg\",\"contentUrl\":\"https:\/\/www.bbmpackaging.com\/wp-content\/uploads\/2025\/10\/linea-riconfezionamento-lattine-variety-pack.jpg\",\"width\":1440,\"height\":1080,\"caption\":\"Linea completa per il riconfezionamento di lattine da 330 ml in variety pack multigusto, con macchine OCME, SMI e TOSA. In vendita.\"},{\"@type\":\"BreadcrumbList\",\"@id\":\"https:\/\/www.bbmpackaging.com\/it\/macchine\/usato\/linee-imbottigliamento-usato\/linea-di-riconfezionamento-lattine-variety-pack\/#breadcrumb\",\"itemListElement\":[{\"@type\":\"ListItem\",\"position\":1,\"name\":\"Home\",\"item\":\"https:\/\/www.bbmpackaging.com\/it\/\"},{\"@type\":\"ListItem\",\"position\":2,\"name\":\"Prodotti\",\"item\":\"https:\/\/www.bbmpackaging.com\/it\/prodotti\/\"},{\"@type\":\"ListItem\",\"position\":3,\"name\":\"Usato\",\"item\":\"https:\/\/www.bbmpackaging.com\/it\/macchine\/usato\/\"},{\"@type\":\"ListItem\",\"position\":4,\"name\":\"Linee di imbottigliamento\",\"item\":\"https:\/\/www.bbmpackaging.com\/it\/macchine\/linee-imbottigliamento-usato\/\"},{\"@type\":\"ListItem\",\"position\":5,\"name\":\"Linea di riconfezionamento lattine variety pack\"}]},{\"@type\":\"WebSite\",\"@id\":\"https:\/\/www.bbmpackaging.com\/it\/#website\",\"url\":\"https:\/\/www.bbmpackaging.com\/it\/\",\"name\":\"BBM Packaging\",\"description\":\"Imbottigliamento: macchinari manutenzione e much more\",\"potentialAction\":[{\"@type\":\"SearchAction\",\"target\":{\"@type\":\"EntryPoint\",\"urlTemplate\":\"https:\/\/www.bbmpackaging.com\/it\/?s={search_term_string}\"},\"query-input\":{\"@type\":\"PropertyValueSpecification\",\"valueRequired\":true,\"valueName\":\"search_term_string\"}}],\"inLanguage\":\"it-IT\"}]}<\/script>\n<!-- \/ Yoast SEO plugin. -->","yoast_head_json":{"title":"Linea di riconfezionamento lattine variety pack - BBM Packaging","description":"Linea per il riconfezionamento di lattine da 330 ml in variety pack multigusto, con macchine OCME, SMI e TOSA. Ideale per il mercato beverage e la GDO.","robots":{"index":"index","follow":"follow","max-snippet":"max-snippet:-1","max-image-preview":"max-image-preview:large","max-video-preview":"max-video-preview:-1"},"canonical":"https:\/\/www.bbmpackaging.com\/it\/macchine\/usato\/linee-imbottigliamento-usato\/linea-di-riconfezionamento-lattine-variety-pack\/","og_locale":"it_IT","og_type":"article","og_title":"Linea di riconfezionamento lattine variety pack - BBM Packaging","og_description":"Linea per il riconfezionamento di lattine da 330 ml in variety pack multigusto, con macchine OCME, SMI e TOSA. Ideale per il mercato beverage e la GDO.","og_url":"https:\/\/www.bbmpackaging.com\/it\/macchine\/usato\/linee-imbottigliamento-usato\/linea-di-riconfezionamento-lattine-variety-pack\/","og_site_name":"BBM Packaging","article_modified_time":"2026-01-26T15:10:09+00:00","og_image":[{"width":1440,"height":1080,"url":"https:\/\/www.bbmpackaging.com\/wp-content\/uploads\/2025\/10\/linea-riconfezionamento-lattine-variety-pack.jpg","type":"image\/jpeg"}],"twitter_card":"summary_large_image","twitter_misc":{"Tempo di lettura stimato":"2 minuti"},"schema":{"@context":"https:\/\/schema.org","@graph":[{"@type":"WebPage","@id":"https:\/\/www.bbmpackaging.com\/it\/macchine\/usato\/linee-imbottigliamento-usato\/linea-di-riconfezionamento-lattine-variety-pack\/","url":"https:\/\/www.bbmpackaging.com\/it\/macchine\/usato\/linee-imbottigliamento-usato\/linea-di-riconfezionamento-lattine-variety-pack\/","name":"Linea di riconfezionamento lattine variety pack - BBM Packaging","isPartOf":{"@id":"https:\/\/www.bbmpackaging.com\/it\/#website"},"primaryImageOfPage":{"@id":"https:\/\/www.bbmpackaging.com\/it\/macchine\/usato\/linee-imbottigliamento-usato\/linea-di-riconfezionamento-lattine-variety-pack\/#primaryimage"},"image":{"@id":"https:\/\/www.bbmpackaging.com\/it\/macchine\/usato\/linee-imbottigliamento-usato\/linea-di-riconfezionamento-lattine-variety-pack\/#primaryimage"},"thumbnailUrl":"https:\/\/www.bbmpackaging.com\/wp-content\/uploads\/2025\/10\/linea-riconfezionamento-lattine-variety-pack.jpg","datePublished":"2025-10-10T10:16:16+00:00","dateModified":"2026-01-26T15:10:09+00:00","description":"Linea per il riconfezionamento di lattine da 330 ml in variety pack multigusto, con macchine OCME, SMI e TOSA. Ideale per il mercato beverage e la GDO.","breadcrumb":{"@id":"https:\/\/www.bbmpackaging.com\/it\/macchine\/usato\/linee-imbottigliamento-usato\/linea-di-riconfezionamento-lattine-variety-pack\/#breadcrumb"},"inLanguage":"it-IT","potentialAction":[{"@type":"ReadAction","target":["https:\/\/www.bbmpackaging.com\/it\/macchine\/usato\/linee-imbottigliamento-usato\/linea-di-riconfezionamento-lattine-variety-pack\/"]}]},{"@type":"ImageObject","inLanguage":"it-IT","@id":"https:\/\/www.bbmpackaging.com\/it\/macchine\/usato\/linee-imbottigliamento-usato\/linea-di-riconfezionamento-lattine-variety-pack\/#primaryimage","url":"https:\/\/www.bbmpackaging.com\/wp-content\/uploads\/2025\/10\/linea-riconfezionamento-lattine-variety-pack.jpg","contentUrl":"https:\/\/www.bbmpackaging.com\/wp-content\/uploads\/2025\/10\/linea-riconfezionamento-lattine-variety-pack.jpg","width":1440,"height":1080,"caption":"Linea completa per il riconfezionamento di lattine da 330 ml in variety pack multigusto, con macchine OCME, SMI e TOSA. In vendita."},{"@type":"BreadcrumbList","@id":"https:\/\/www.bbmpackaging.com\/it\/macchine\/usato\/linee-imbottigliamento-usato\/linea-di-riconfezionamento-lattine-variety-pack\/#breadcrumb","itemListElement":[{"@type":"ListItem","position":1,"name":"Home","item":"https:\/\/www.bbmpackaging.com\/it\/"},{"@type":"ListItem","position":2,"name":"Prodotti","item":"https:\/\/www.bbmpackaging.com\/it\/prodotti\/"},{"@type":"ListItem","position":3,"name":"Usato","item":"https:\/\/www.bbmpackaging.com\/it\/macchine\/usato\/"},{"@type":"ListItem","position":4,"name":"Linee di imbottigliamento","item":"https:\/\/www.bbmpackaging.com\/it\/macchine\/linee-imbottigliamento-usato\/"},{"@type":"ListItem","position":5,"name":"Linea di riconfezionamento lattine variety pack"}]},{"@type":"WebSite","@id":"https:\/\/www.bbmpackaging.com\/it\/#website","url":"https:\/\/www.bbmpackaging.com\/it\/","name":"BBM Packaging","description":"Imbottigliamento: macchinari manutenzione e much more","potentialAction":[{"@type":"SearchAction","target":{"@type":"EntryPoint","urlTemplate":"https:\/\/www.bbmpackaging.com\/it\/?s={search_term_string}"},"query-input":{"@type":"PropertyValueSpecification","valueRequired":true,"valueName":"search_term_string"}}],"inLanguage":"it-IT"}]}},"_links":{"self":[{"href":"https:\/\/www.bbmpackaging.com\/it\/wp-json\/wp\/v2\/product\/71503","targetHints":{"allow":["GET"]}}],"collection":[{"href":"https:\/\/www.bbmpackaging.com\/it\/wp-json\/wp\/v2\/product"}],"about":[{"href":"https:\/\/www.bbmpackaging.com\/it\/wp-json\/wp\/v2\/types\/product"}],"replies":[{"embeddable":true,"href":"https:\/\/www.bbmpackaging.com\/it\/wp-json\/wp\/v2\/comments?post=71503"}],"wp:featuredmedia":[{"embeddable":true,"href":"https:\/\/www.bbmpackaging.com\/it\/wp-json\/wp\/v2\/media\/72239"}],"wp:attachment":[{"href":"https:\/\/www.bbmpackaging.com\/it\/wp-json\/wp\/v2\/media?parent=71503"}],"wp:term":[{"taxonomy":"brand","embeddable":true,"href":"https:\/\/www.bbmpackaging.com\/it\/wp-json\/wp\/v2\/brand?post=71503"},{"taxonomy":"product_brand","embeddable":true,"href":"https:\/\/www.bbmpackaging.com\/it\/wp-json\/wp\/v2\/product_brand?post=71503"},{"taxonomy":"product_cat","embeddable":true,"href":"https:\/\/www.bbmpackaging.com\/it\/wp-json\/wp\/v2\/product_cat?post=71503"},{"taxonomy":"product_tag","embeddable":true,"href":"https:\/\/www.bbmpackaging.com\/it\/wp-json\/wp\/v2\/product_tag?post=71503"}],"curies":[{"name":"wp","href":"https:\/\/api.w.org\/{rel}","templated":true}]}}