{"id":73300,"date":"2025-12-04T11:50:55","date_gmt":"2025-12-04T10:50:55","guid":{"rendered":"https:\/\/www.bbmpackaging.com\/?post_type=product&#038;p=73300"},"modified":"2026-03-04T12:15:43","modified_gmt":"2026-03-04T11:15:43","slug":"fasciatore-bema-silkworm","status":"publish","type":"product","link":"https:\/\/www.bbmpackaging.com\/it\/macchine\/usato\/fasciatori-usati\/fasciatore-bema-silkworm\/","title":{"rendered":"Fasciatore BEMA Silkworm"},"content":{"rendered":"<p>Il fasciatore Bema 2010 \u00e8 una<strong> macchina avvolgitrice<\/strong> che applica il film estensibile intorno ai pallet di scatole, casse o confezioni di bottiglie, garantendo stabilit\u00e0 del carico e protezione durante il trasporto.<br \/>\nProgettato per linee fino a 25.000 bph, gestisce pallet 800\u00d71200 con alta affidabilit\u00e0. \u00c8 dotato di 2 bobine con cambio automatico per evitare fermi linea e di un PLC Siemens. Disponibile as is o completamente revisionato con 6 mesi di garanzia. Su richiesta sono disponibili anche rulliere per il prelievo dei pallet.<\/p>\n<p><strong><a href=\"https:\/\/www.bbmpackaging.com\/it\/macchine\/fasciatori-usati\/\" target=\"_blank\" rel=\"noopener\">Scopri altri fasciatori disponibili.<\/a><\/strong><\/p>\n","protected":false},"excerpt":{"rendered":"<p>Fasciatore Bema 2010: avvolge pallet fino a 25.000 bph con 2 bobine e cambio automatico, disponibile as it is o revisionato. La velocit\u00e0 indicata in bottiglie per ora fa riferimento al formato standard 1500 ml in confezione 3&#215;2.<\/p>\n","protected":false},"featured_media":73301,"comment_status":"closed","ping_status":"closed","template":"","meta":{"_acf_changed":false},"brand":[7428],"product_brand":[],"product_cat":[37,38,4441],"product_tag":[],"class_list":{"0":"post-73300","1":"product","2":"type-product","3":"status-publish","4":"has-post-thumbnail","6":"brand-bema-automazioni","7":"product_cat-macchine","8":"product_cat-usato","9":"product_cat-fasciatori-usati","11":"first","12":"instock","13":"shipping-taxable","14":"product-type-simple"},"acf":[],"yoast_head":"<!-- This site is optimized with the Yoast SEO plugin v27.2 - https:\/\/yoast.com\/product\/yoast-seo-wordpress\/ -->\n<title>Fasciatore BEMA Silkworm - BBM Packaging<\/title>\n<meta name=\"description\" content=\"Fasciatore Bema 2010: avvolgitore pallet fino a 25.000 bph con 2 bobine e cambio automatico. Disponibile revisionato, con optional e servizi completi.\" \/>\n<meta name=\"robots\" content=\"index, follow, max-snippet:-1, max-image-preview:large, max-video-preview:-1\" \/>\n<link rel=\"canonical\" href=\"https:\/\/www.bbmpackaging.com\/it\/macchine\/usato\/fasciatori-usati\/fasciatore-bema-silkworm\/\" \/>\n<meta property=\"og:locale\" content=\"it_IT\" \/>\n<meta property=\"og:type\" content=\"article\" \/>\n<meta property=\"og:title\" content=\"Fasciatore BEMA Silkworm - BBM Packaging\" \/>\n<meta property=\"og:description\" content=\"Fasciatore Bema 2010: avvolgitore pallet fino a 25.000 bph con 2 bobine e cambio automatico. Disponibile revisionato, con optional e servizi completi.\" \/>\n<meta property=\"og:url\" content=\"https:\/\/www.bbmpackaging.com\/it\/macchine\/usato\/fasciatori-usati\/fasciatore-bema-silkworm\/\" \/>\n<meta property=\"og:site_name\" content=\"BBM Packaging\" \/>\n<meta property=\"article:modified_time\" content=\"2026-03-04T11:15:43+00:00\" \/>\n<meta property=\"og:image\" content=\"https:\/\/www.bbmpackaging.com\/wp-content\/uploads\/2025\/12\/bbm-packaging-fasciatore-bema-silkworm.jpg\" \/>\n\t<meta property=\"og:image:width\" content=\"1000\" \/>\n\t<meta property=\"og:image:height\" content=\"750\" \/>\n\t<meta property=\"og:image:type\" content=\"image\/jpeg\" \/>\n<meta name=\"twitter:card\" content=\"summary_large_image\" \/>\n<meta name=\"twitter:label1\" content=\"Tempo di lettura stimato\" \/>\n\t<meta name=\"twitter:data1\" content=\"1 minuto\" \/>\n<script type=\"application\/ld+json\" class=\"yoast-schema-graph\">{\"@context\":\"https:\/\/schema.org\",\"@graph\":[{\"@type\":\"WebPage\",\"@id\":\"https:\/\/www.bbmpackaging.com\/it\/macchine\/usato\/fasciatori-usati\/fasciatore-bema-silkworm\/\",\"url\":\"https:\/\/www.bbmpackaging.com\/it\/macchine\/usato\/fasciatori-usati\/fasciatore-bema-silkworm\/\",\"name\":\"Fasciatore BEMA Silkworm - BBM Packaging\",\"isPartOf\":{\"@id\":\"https:\/\/www.bbmpackaging.com\/it\/#website\"},\"primaryImageOfPage\":{\"@id\":\"https:\/\/www.bbmpackaging.com\/it\/macchine\/usato\/fasciatori-usati\/fasciatore-bema-silkworm\/#primaryimage\"},\"image\":{\"@id\":\"https:\/\/www.bbmpackaging.com\/it\/macchine\/usato\/fasciatori-usati\/fasciatore-bema-silkworm\/#primaryimage\"},\"thumbnailUrl\":\"https:\/\/www.bbmpackaging.com\/wp-content\/uploads\/2025\/12\/bbm-packaging-fasciatore-bema-silkworm.jpg\",\"datePublished\":\"2025-12-04T10:50:55+00:00\",\"dateModified\":\"2026-03-04T11:15:43+00:00\",\"description\":\"Fasciatore Bema 2010: avvolgitore pallet fino a 25.000 bph con 2 bobine e cambio automatico. Disponibile revisionato, con optional e servizi completi.\",\"breadcrumb\":{\"@id\":\"https:\/\/www.bbmpackaging.com\/it\/macchine\/usato\/fasciatori-usati\/fasciatore-bema-silkworm\/#breadcrumb\"},\"inLanguage\":\"it-IT\",\"potentialAction\":[{\"@type\":\"ReadAction\",\"target\":[\"https:\/\/www.bbmpackaging.com\/it\/macchine\/usato\/fasciatori-usati\/fasciatore-bema-silkworm\/\"]}]},{\"@type\":\"ImageObject\",\"inLanguage\":\"it-IT\",\"@id\":\"https:\/\/www.bbmpackaging.com\/it\/macchine\/usato\/fasciatori-usati\/fasciatore-bema-silkworm\/#primaryimage\",\"url\":\"https:\/\/www.bbmpackaging.com\/wp-content\/uploads\/2025\/12\/bbm-packaging-fasciatore-bema-silkworm.jpg\",\"contentUrl\":\"https:\/\/www.bbmpackaging.com\/wp-content\/uploads\/2025\/12\/bbm-packaging-fasciatore-bema-silkworm.jpg\",\"width\":1000,\"height\":750,\"caption\":\"Fasciatore Bema 2010: avvolgitore pallet fino a 25.000 bph con 2 bobine e cambio automatico. Disponibile as it is o revisionato, con optional e servizi completi\"},{\"@type\":\"BreadcrumbList\",\"@id\":\"https:\/\/www.bbmpackaging.com\/it\/macchine\/usato\/fasciatori-usati\/fasciatore-bema-silkworm\/#breadcrumb\",\"itemListElement\":[{\"@type\":\"ListItem\",\"position\":1,\"name\":\"Home\",\"item\":\"https:\/\/www.bbmpackaging.com\/it\/\"},{\"@type\":\"ListItem\",\"position\":2,\"name\":\"Prodotti\",\"item\":\"https:\/\/www.bbmpackaging.com\/it\/prodotti\/\"},{\"@type\":\"ListItem\",\"position\":3,\"name\":\"Usato\",\"item\":\"https:\/\/www.bbmpackaging.com\/it\/macchine\/usato\/\"},{\"@type\":\"ListItem\",\"position\":4,\"name\":\"Fasciatori\",\"item\":\"https:\/\/www.bbmpackaging.com\/it\/macchine\/fasciatori-usati\/\"},{\"@type\":\"ListItem\",\"position\":5,\"name\":\"Fasciatore BEMA Silkworm\"}]},{\"@type\":\"WebSite\",\"@id\":\"https:\/\/www.bbmpackaging.com\/it\/#website\",\"url\":\"https:\/\/www.bbmpackaging.com\/it\/\",\"name\":\"BBM Packaging\",\"description\":\"Imbottigliamento: macchinari manutenzione e much more\",\"potentialAction\":[{\"@type\":\"SearchAction\",\"target\":{\"@type\":\"EntryPoint\",\"urlTemplate\":\"https:\/\/www.bbmpackaging.com\/it\/?s={search_term_string}\"},\"query-input\":{\"@type\":\"PropertyValueSpecification\",\"valueRequired\":true,\"valueName\":\"search_term_string\"}}],\"inLanguage\":\"it-IT\"}]}<\/script>\n<!-- \/ Yoast SEO plugin. -->","yoast_head_json":{"title":"Fasciatore BEMA Silkworm - BBM Packaging","description":"Fasciatore Bema 2010: avvolgitore pallet fino a 25.000 bph con 2 bobine e cambio automatico. Disponibile revisionato, con optional e servizi completi.","robots":{"index":"index","follow":"follow","max-snippet":"max-snippet:-1","max-image-preview":"max-image-preview:large","max-video-preview":"max-video-preview:-1"},"canonical":"https:\/\/www.bbmpackaging.com\/it\/macchine\/usato\/fasciatori-usati\/fasciatore-bema-silkworm\/","og_locale":"it_IT","og_type":"article","og_title":"Fasciatore BEMA Silkworm - BBM Packaging","og_description":"Fasciatore Bema 2010: avvolgitore pallet fino a 25.000 bph con 2 bobine e cambio automatico. Disponibile revisionato, con optional e servizi completi.","og_url":"https:\/\/www.bbmpackaging.com\/it\/macchine\/usato\/fasciatori-usati\/fasciatore-bema-silkworm\/","og_site_name":"BBM Packaging","article_modified_time":"2026-03-04T11:15:43+00:00","og_image":[{"width":1000,"height":750,"url":"https:\/\/www.bbmpackaging.com\/wp-content\/uploads\/2025\/12\/bbm-packaging-fasciatore-bema-silkworm.jpg","type":"image\/jpeg"}],"twitter_card":"summary_large_image","twitter_misc":{"Tempo di lettura stimato":"1 minuto"},"schema":{"@context":"https:\/\/schema.org","@graph":[{"@type":"WebPage","@id":"https:\/\/www.bbmpackaging.com\/it\/macchine\/usato\/fasciatori-usati\/fasciatore-bema-silkworm\/","url":"https:\/\/www.bbmpackaging.com\/it\/macchine\/usato\/fasciatori-usati\/fasciatore-bema-silkworm\/","name":"Fasciatore BEMA Silkworm - BBM Packaging","isPartOf":{"@id":"https:\/\/www.bbmpackaging.com\/it\/#website"},"primaryImageOfPage":{"@id":"https:\/\/www.bbmpackaging.com\/it\/macchine\/usato\/fasciatori-usati\/fasciatore-bema-silkworm\/#primaryimage"},"image":{"@id":"https:\/\/www.bbmpackaging.com\/it\/macchine\/usato\/fasciatori-usati\/fasciatore-bema-silkworm\/#primaryimage"},"thumbnailUrl":"https:\/\/www.bbmpackaging.com\/wp-content\/uploads\/2025\/12\/bbm-packaging-fasciatore-bema-silkworm.jpg","datePublished":"2025-12-04T10:50:55+00:00","dateModified":"2026-03-04T11:15:43+00:00","description":"Fasciatore Bema 2010: avvolgitore pallet fino a 25.000 bph con 2 bobine e cambio automatico. Disponibile revisionato, con optional e servizi completi.","breadcrumb":{"@id":"https:\/\/www.bbmpackaging.com\/it\/macchine\/usato\/fasciatori-usati\/fasciatore-bema-silkworm\/#breadcrumb"},"inLanguage":"it-IT","potentialAction":[{"@type":"ReadAction","target":["https:\/\/www.bbmpackaging.com\/it\/macchine\/usato\/fasciatori-usati\/fasciatore-bema-silkworm\/"]}]},{"@type":"ImageObject","inLanguage":"it-IT","@id":"https:\/\/www.bbmpackaging.com\/it\/macchine\/usato\/fasciatori-usati\/fasciatore-bema-silkworm\/#primaryimage","url":"https:\/\/www.bbmpackaging.com\/wp-content\/uploads\/2025\/12\/bbm-packaging-fasciatore-bema-silkworm.jpg","contentUrl":"https:\/\/www.bbmpackaging.com\/wp-content\/uploads\/2025\/12\/bbm-packaging-fasciatore-bema-silkworm.jpg","width":1000,"height":750,"caption":"Fasciatore Bema 2010: avvolgitore pallet fino a 25.000 bph con 2 bobine e cambio automatico. Disponibile as it is o revisionato, con optional e servizi completi"},{"@type":"BreadcrumbList","@id":"https:\/\/www.bbmpackaging.com\/it\/macchine\/usato\/fasciatori-usati\/fasciatore-bema-silkworm\/#breadcrumb","itemListElement":[{"@type":"ListItem","position":1,"name":"Home","item":"https:\/\/www.bbmpackaging.com\/it\/"},{"@type":"ListItem","position":2,"name":"Prodotti","item":"https:\/\/www.bbmpackaging.com\/it\/prodotti\/"},{"@type":"ListItem","position":3,"name":"Usato","item":"https:\/\/www.bbmpackaging.com\/it\/macchine\/usato\/"},{"@type":"ListItem","position":4,"name":"Fasciatori","item":"https:\/\/www.bbmpackaging.com\/it\/macchine\/fasciatori-usati\/"},{"@type":"ListItem","position":5,"name":"Fasciatore BEMA Silkworm"}]},{"@type":"WebSite","@id":"https:\/\/www.bbmpackaging.com\/it\/#website","url":"https:\/\/www.bbmpackaging.com\/it\/","name":"BBM Packaging","description":"Imbottigliamento: macchinari manutenzione e much more","potentialAction":[{"@type":"SearchAction","target":{"@type":"EntryPoint","urlTemplate":"https:\/\/www.bbmpackaging.com\/it\/?s={search_term_string}"},"query-input":{"@type":"PropertyValueSpecification","valueRequired":true,"valueName":"search_term_string"}}],"inLanguage":"it-IT"}]}},"_links":{"self":[{"href":"https:\/\/www.bbmpackaging.com\/it\/wp-json\/wp\/v2\/product\/73300","targetHints":{"allow":["GET"]}}],"collection":[{"href":"https:\/\/www.bbmpackaging.com\/it\/wp-json\/wp\/v2\/product"}],"about":[{"href":"https:\/\/www.bbmpackaging.com\/it\/wp-json\/wp\/v2\/types\/product"}],"replies":[{"embeddable":true,"href":"https:\/\/www.bbmpackaging.com\/it\/wp-json\/wp\/v2\/comments?post=73300"}],"wp:featuredmedia":[{"embeddable":true,"href":"https:\/\/www.bbmpackaging.com\/it\/wp-json\/wp\/v2\/media\/73301"}],"wp:attachment":[{"href":"https:\/\/www.bbmpackaging.com\/it\/wp-json\/wp\/v2\/media?parent=73300"}],"wp:term":[{"taxonomy":"brand","embeddable":true,"href":"https:\/\/www.bbmpackaging.com\/it\/wp-json\/wp\/v2\/brand?post=73300"},{"taxonomy":"product_brand","embeddable":true,"href":"https:\/\/www.bbmpackaging.com\/it\/wp-json\/wp\/v2\/product_brand?post=73300"},{"taxonomy":"product_cat","embeddable":true,"href":"https:\/\/www.bbmpackaging.com\/it\/wp-json\/wp\/v2\/product_cat?post=73300"},{"taxonomy":"product_tag","embeddable":true,"href":"https:\/\/www.bbmpackaging.com\/it\/wp-json\/wp\/v2\/product_tag?post=73300"}],"curies":[{"name":"wp","href":"https:\/\/api.w.org\/{rel}","templated":true}]}}