{"id":76011,"date":"2026-02-25T12:37:05","date_gmt":"2026-02-25T11:37:05","guid":{"rendered":"https:\/\/www.bbmpackaging.com\/?post_type=product&#038;p=76011"},"modified":"2026-03-06T09:54:16","modified_gmt":"2026-03-06T08:54:16","slug":"combi-krones-contiform-s8-mecafill","status":"publish","type":"product","link":"https:\/\/www.bbmpackaging.com\/it\/macchine\/usato\/soffiatrici-usate\/combi-krones-contiform-s8-mecafill\/","title":{"rendered":"Combi KRONES Contiform S8 + Mecafill"},"content":{"rendered":"<p>La <strong>COMBI KRONES Contiform S8 + Mecafill,<\/strong> prodotta nel 2004, \u00e8 una soluzione integrata di <strong>soffiatrice, riempitrice e tappatrice<\/strong> progettata per l\u2019imbottigliamento in PET con elevati standard di affidabilit\u00e0 e prestazioni. Questo blocco <strong>COMBI<\/strong> unisce la tecnologia di stiro-soffiaggio Contiform S8 di Krones AG al sistema di riempimento Mecafill e alla <strong>tappatrice KRONES<\/strong>, raggiungendo una velocit\u00e0 massima di 12.800 bph con filetto Alaska.<\/p>\n<p>La macchina \u00e8 dotata di PLC Siemens AG e HMI KRONES, e pu\u00f2 lavorare acqua naturale e&nbsp;frizzante. Attualmente \u00e8 <strong>visionabile in produzione fino a gennaio 2027<\/strong> ed \u00e8 disponibile in conto vendita, rappresentando un\u2019opportunit\u00e0 concreta per chi cerca una soluzione KRONES affidabile e performante nel segmento delle linee PET.<\/p>\n","protected":false},"excerpt":{"rendered":"<p>Combi KRONES Contiform S8 + Mecafill, con capacit\u00e0 produttiva fino a 12.800 bph.<\/p>\n","protected":false},"featured_media":76499,"comment_status":"closed","ping_status":"closed","template":"","meta":{"_acf_changed":false},"brand":[7410],"product_brand":[],"product_cat":[37,40,38,143,4443],"product_tag":[],"class_list":{"0":"post-76011","1":"product","2":"type-product","3":"status-publish","4":"has-post-thumbnail","6":"brand-krones","7":"product_cat-macchine","8":"product_cat-soffiatrici-usate","9":"product_cat-usato","10":"product_cat-riempitrici-usate","11":"product_cat-tappatrici-usate","13":"first","14":"instock","15":"shipping-taxable","16":"product-type-simple"},"acf":[],"yoast_head":"<!-- This site is optimized with the Yoast SEO plugin v27.2 - https:\/\/yoast.com\/product\/yoast-seo-wordpress\/ -->\n<title>Combi KRONES Contiform S8 + Mecafill in vendita - BBM Packaging<\/title>\n<meta name=\"description\" content=\"Combi KRONES del 2004 in vendita. Costituito da Soffiatrice KRONES S8, riempitrice Mecafill e tappatrice KRONES. Guarda il video e scopri le info tecniche\" \/>\n<meta name=\"robots\" content=\"index, follow, max-snippet:-1, max-image-preview:large, max-video-preview:-1\" \/>\n<link rel=\"canonical\" href=\"https:\/\/www.bbmpackaging.com\/it\/macchine\/usato\/soffiatrici-usate\/combi-krones-contiform-s8-mecafill\/\" \/>\n<meta property=\"og:locale\" content=\"it_IT\" \/>\n<meta property=\"og:type\" content=\"article\" \/>\n<meta property=\"og:title\" content=\"Combi KRONES Contiform S8 + Mecafill in vendita - BBM Packaging\" \/>\n<meta property=\"og:description\" content=\"Combi KRONES del 2004 in vendita. Costituito da Soffiatrice KRONES S8, riempitrice Mecafill e tappatrice KRONES. Guarda il video e scopri le info tecniche\" \/>\n<meta property=\"og:url\" content=\"https:\/\/www.bbmpackaging.com\/it\/macchine\/usato\/soffiatrici-usate\/combi-krones-contiform-s8-mecafill\/\" \/>\n<meta property=\"og:site_name\" content=\"BBM Packaging\" \/>\n<meta property=\"article:modified_time\" content=\"2026-03-06T08:54:16+00:00\" \/>\n<meta property=\"og:image\" content=\"https:\/\/www.bbmpackaging.com\/wp-content\/uploads\/2026\/02\/combi-krones-krones-contiform-s8-mecafill-fuori.jpg\" \/>\n\t<meta property=\"og:image:width\" content=\"1024\" \/>\n\t<meta property=\"og:image:height\" content=\"768\" \/>\n\t<meta property=\"og:image:type\" content=\"image\/jpeg\" \/>\n<meta name=\"twitter:card\" content=\"summary_large_image\" \/>\n<meta name=\"twitter:label1\" content=\"Tempo di lettura stimato\" \/>\n\t<meta name=\"twitter:data1\" content=\"1 minuto\" \/>\n<script type=\"application\/ld+json\" class=\"yoast-schema-graph\">{\"@context\":\"https:\/\/schema.org\",\"@graph\":[{\"@type\":\"WebPage\",\"@id\":\"https:\/\/www.bbmpackaging.com\/it\/macchine\/usato\/soffiatrici-usate\/combi-krones-contiform-s8-mecafill\/\",\"url\":\"https:\/\/www.bbmpackaging.com\/it\/macchine\/usato\/soffiatrici-usate\/combi-krones-contiform-s8-mecafill\/\",\"name\":\"Combi KRONES Contiform S8 + Mecafill in vendita - BBM Packaging\",\"isPartOf\":{\"@id\":\"https:\/\/www.bbmpackaging.com\/it\/#website\"},\"primaryImageOfPage\":{\"@id\":\"https:\/\/www.bbmpackaging.com\/it\/macchine\/usato\/soffiatrici-usate\/combi-krones-contiform-s8-mecafill\/#primaryimage\"},\"image\":{\"@id\":\"https:\/\/www.bbmpackaging.com\/it\/macchine\/usato\/soffiatrici-usate\/combi-krones-contiform-s8-mecafill\/#primaryimage\"},\"thumbnailUrl\":\"https:\/\/www.bbmpackaging.com\/wp-content\/uploads\/2026\/02\/combi-krones-krones-contiform-s8-mecafill-fuori.jpg\",\"datePublished\":\"2026-02-25T11:37:05+00:00\",\"dateModified\":\"2026-03-06T08:54:16+00:00\",\"description\":\"Combi KRONES del 2004 in vendita. Costituito da Soffiatrice KRONES S8, riempitrice Mecafill e tappatrice KRONES. Guarda il video e scopri le info tecniche\",\"breadcrumb\":{\"@id\":\"https:\/\/www.bbmpackaging.com\/it\/macchine\/usato\/soffiatrici-usate\/combi-krones-contiform-s8-mecafill\/#breadcrumb\"},\"inLanguage\":\"it-IT\",\"potentialAction\":[{\"@type\":\"ReadAction\",\"target\":[\"https:\/\/www.bbmpackaging.com\/it\/macchine\/usato\/soffiatrici-usate\/combi-krones-contiform-s8-mecafill\/\"]}]},{\"@type\":\"ImageObject\",\"inLanguage\":\"it-IT\",\"@id\":\"https:\/\/www.bbmpackaging.com\/it\/macchine\/usato\/soffiatrici-usate\/combi-krones-contiform-s8-mecafill\/#primaryimage\",\"url\":\"https:\/\/www.bbmpackaging.com\/wp-content\/uploads\/2026\/02\/combi-krones-krones-contiform-s8-mecafill-fuori.jpg\",\"contentUrl\":\"https:\/\/www.bbmpackaging.com\/wp-content\/uploads\/2026\/02\/combi-krones-krones-contiform-s8-mecafill-fuori.jpg\",\"width\":1024,\"height\":768,\"caption\":\"Combi KRONES Contiform S8 Mecafill\"},{\"@type\":\"BreadcrumbList\",\"@id\":\"https:\/\/www.bbmpackaging.com\/it\/macchine\/usato\/soffiatrici-usate\/combi-krones-contiform-s8-mecafill\/#breadcrumb\",\"itemListElement\":[{\"@type\":\"ListItem\",\"position\":1,\"name\":\"Home\",\"item\":\"https:\/\/www.bbmpackaging.com\/it\/\"},{\"@type\":\"ListItem\",\"position\":2,\"name\":\"Prodotti\",\"item\":\"https:\/\/www.bbmpackaging.com\/it\/prodotti\/\"},{\"@type\":\"ListItem\",\"position\":3,\"name\":\"Usato\",\"item\":\"https:\/\/www.bbmpackaging.com\/it\/macchine\/usato\/\"},{\"@type\":\"ListItem\",\"position\":4,\"name\":\"Soffiatrici\",\"item\":\"https:\/\/www.bbmpackaging.com\/it\/macchine\/soffiatrici-usate\/\"},{\"@type\":\"ListItem\",\"position\":5,\"name\":\"Combi KRONES Contiform S8 + Mecafill\"}]},{\"@type\":\"WebSite\",\"@id\":\"https:\/\/www.bbmpackaging.com\/it\/#website\",\"url\":\"https:\/\/www.bbmpackaging.com\/it\/\",\"name\":\"BBM Packaging\",\"description\":\"Imbottigliamento: macchinari manutenzione e much more\",\"potentialAction\":[{\"@type\":\"SearchAction\",\"target\":{\"@type\":\"EntryPoint\",\"urlTemplate\":\"https:\/\/www.bbmpackaging.com\/it\/?s={search_term_string}\"},\"query-input\":{\"@type\":\"PropertyValueSpecification\",\"valueRequired\":true,\"valueName\":\"search_term_string\"}}],\"inLanguage\":\"it-IT\"}]}<\/script>\n<!-- \/ Yoast SEO plugin. -->","yoast_head_json":{"title":"Combi KRONES Contiform S8 + Mecafill in vendita - BBM Packaging","description":"Combi KRONES del 2004 in vendita. Costituito da Soffiatrice KRONES S8, riempitrice Mecafill e tappatrice KRONES. Guarda il video e scopri le info tecniche","robots":{"index":"index","follow":"follow","max-snippet":"max-snippet:-1","max-image-preview":"max-image-preview:large","max-video-preview":"max-video-preview:-1"},"canonical":"https:\/\/www.bbmpackaging.com\/it\/macchine\/usato\/soffiatrici-usate\/combi-krones-contiform-s8-mecafill\/","og_locale":"it_IT","og_type":"article","og_title":"Combi KRONES Contiform S8 + Mecafill in vendita - BBM Packaging","og_description":"Combi KRONES del 2004 in vendita. Costituito da Soffiatrice KRONES S8, riempitrice Mecafill e tappatrice KRONES. Guarda il video e scopri le info tecniche","og_url":"https:\/\/www.bbmpackaging.com\/it\/macchine\/usato\/soffiatrici-usate\/combi-krones-contiform-s8-mecafill\/","og_site_name":"BBM Packaging","article_modified_time":"2026-03-06T08:54:16+00:00","og_image":[{"width":1024,"height":768,"url":"https:\/\/www.bbmpackaging.com\/wp-content\/uploads\/2026\/02\/combi-krones-krones-contiform-s8-mecafill-fuori.jpg","type":"image\/jpeg"}],"twitter_card":"summary_large_image","twitter_misc":{"Tempo di lettura stimato":"1 minuto"},"schema":{"@context":"https:\/\/schema.org","@graph":[{"@type":"WebPage","@id":"https:\/\/www.bbmpackaging.com\/it\/macchine\/usato\/soffiatrici-usate\/combi-krones-contiform-s8-mecafill\/","url":"https:\/\/www.bbmpackaging.com\/it\/macchine\/usato\/soffiatrici-usate\/combi-krones-contiform-s8-mecafill\/","name":"Combi KRONES Contiform S8 + Mecafill in vendita - BBM Packaging","isPartOf":{"@id":"https:\/\/www.bbmpackaging.com\/it\/#website"},"primaryImageOfPage":{"@id":"https:\/\/www.bbmpackaging.com\/it\/macchine\/usato\/soffiatrici-usate\/combi-krones-contiform-s8-mecafill\/#primaryimage"},"image":{"@id":"https:\/\/www.bbmpackaging.com\/it\/macchine\/usato\/soffiatrici-usate\/combi-krones-contiform-s8-mecafill\/#primaryimage"},"thumbnailUrl":"https:\/\/www.bbmpackaging.com\/wp-content\/uploads\/2026\/02\/combi-krones-krones-contiform-s8-mecafill-fuori.jpg","datePublished":"2026-02-25T11:37:05+00:00","dateModified":"2026-03-06T08:54:16+00:00","description":"Combi KRONES del 2004 in vendita. Costituito da Soffiatrice KRONES S8, riempitrice Mecafill e tappatrice KRONES. Guarda il video e scopri le info tecniche","breadcrumb":{"@id":"https:\/\/www.bbmpackaging.com\/it\/macchine\/usato\/soffiatrici-usate\/combi-krones-contiform-s8-mecafill\/#breadcrumb"},"inLanguage":"it-IT","potentialAction":[{"@type":"ReadAction","target":["https:\/\/www.bbmpackaging.com\/it\/macchine\/usato\/soffiatrici-usate\/combi-krones-contiform-s8-mecafill\/"]}]},{"@type":"ImageObject","inLanguage":"it-IT","@id":"https:\/\/www.bbmpackaging.com\/it\/macchine\/usato\/soffiatrici-usate\/combi-krones-contiform-s8-mecafill\/#primaryimage","url":"https:\/\/www.bbmpackaging.com\/wp-content\/uploads\/2026\/02\/combi-krones-krones-contiform-s8-mecafill-fuori.jpg","contentUrl":"https:\/\/www.bbmpackaging.com\/wp-content\/uploads\/2026\/02\/combi-krones-krones-contiform-s8-mecafill-fuori.jpg","width":1024,"height":768,"caption":"Combi KRONES Contiform S8 Mecafill"},{"@type":"BreadcrumbList","@id":"https:\/\/www.bbmpackaging.com\/it\/macchine\/usato\/soffiatrici-usate\/combi-krones-contiform-s8-mecafill\/#breadcrumb","itemListElement":[{"@type":"ListItem","position":1,"name":"Home","item":"https:\/\/www.bbmpackaging.com\/it\/"},{"@type":"ListItem","position":2,"name":"Prodotti","item":"https:\/\/www.bbmpackaging.com\/it\/prodotti\/"},{"@type":"ListItem","position":3,"name":"Usato","item":"https:\/\/www.bbmpackaging.com\/it\/macchine\/usato\/"},{"@type":"ListItem","position":4,"name":"Soffiatrici","item":"https:\/\/www.bbmpackaging.com\/it\/macchine\/soffiatrici-usate\/"},{"@type":"ListItem","position":5,"name":"Combi KRONES Contiform S8 + Mecafill"}]},{"@type":"WebSite","@id":"https:\/\/www.bbmpackaging.com\/it\/#website","url":"https:\/\/www.bbmpackaging.com\/it\/","name":"BBM Packaging","description":"Imbottigliamento: macchinari manutenzione e much more","potentialAction":[{"@type":"SearchAction","target":{"@type":"EntryPoint","urlTemplate":"https:\/\/www.bbmpackaging.com\/it\/?s={search_term_string}"},"query-input":{"@type":"PropertyValueSpecification","valueRequired":true,"valueName":"search_term_string"}}],"inLanguage":"it-IT"}]}},"_links":{"self":[{"href":"https:\/\/www.bbmpackaging.com\/it\/wp-json\/wp\/v2\/product\/76011","targetHints":{"allow":["GET"]}}],"collection":[{"href":"https:\/\/www.bbmpackaging.com\/it\/wp-json\/wp\/v2\/product"}],"about":[{"href":"https:\/\/www.bbmpackaging.com\/it\/wp-json\/wp\/v2\/types\/product"}],"replies":[{"embeddable":true,"href":"https:\/\/www.bbmpackaging.com\/it\/wp-json\/wp\/v2\/comments?post=76011"}],"wp:featuredmedia":[{"embeddable":true,"href":"https:\/\/www.bbmpackaging.com\/it\/wp-json\/wp\/v2\/media\/76499"}],"wp:attachment":[{"href":"https:\/\/www.bbmpackaging.com\/it\/wp-json\/wp\/v2\/media?parent=76011"}],"wp:term":[{"taxonomy":"brand","embeddable":true,"href":"https:\/\/www.bbmpackaging.com\/it\/wp-json\/wp\/v2\/brand?post=76011"},{"taxonomy":"product_brand","embeddable":true,"href":"https:\/\/www.bbmpackaging.com\/it\/wp-json\/wp\/v2\/product_brand?post=76011"},{"taxonomy":"product_cat","embeddable":true,"href":"https:\/\/www.bbmpackaging.com\/it\/wp-json\/wp\/v2\/product_cat?post=76011"},{"taxonomy":"product_tag","embeddable":true,"href":"https:\/\/www.bbmpackaging.com\/it\/wp-json\/wp\/v2\/product_tag?post=76011"}],"curies":[{"name":"wp","href":"https:\/\/api.w.org\/{rel}","templated":true}]}}